{"id":6831,"date":"2023-05-31T14:51:20","date_gmt":"2023-05-31T12:51:20","guid":{"rendered":"https:\/\/isabena.ooptimo.dev\/actividades\/"},"modified":"2024-06-17T11:48:12","modified_gmt":"2024-06-17T09:48:12","slug":"activiteiten","status":"publish","type":"page","link":"https:\/\/www.isabena.eu\/nl\/activiteiten\/","title":{"rendered":"Activiteiten"},"content":{"rendered":"","protected":false},"excerpt":{"rendered":"","protected":false},"author":2,"featured_media":0,"parent":0,"menu_order":0,"comment_status":"closed","ping_status":"closed","template":"tpl-content-with-sidebar.php","meta":{"_acf_changed":false,"_joinchat":[],"footnotes":""},"class_list":["post-6831","page","type-page","status-publish","hentry"],"acf":[],"yoast_head":"<!-- This site is optimized with the Yoast SEO plugin v24.7 - https:\/\/yoast.com\/wordpress\/plugins\/seo\/ -->\n<title>Eindeloze activiteiten in de Pyrenee\u00ebn - Camping Is\u00e1bena<\/title>\n<meta name=\"description\" content=\"Beleef spannende activiteiten in het hart van de Aragonese Pyrenee\u00ebn in Camping Bungalowpark Is\u00e1bena. Boek nu je avontuur en cre\u00eber onvergetelijke herinneringen!\" \/>\n<meta name=\"robots\" content=\"index, follow, max-snippet:-1, max-image-preview:large, max-video-preview:-1\" \/>\n<link rel=\"canonical\" href=\"https:\/\/www.isabena.eu\/nl\/activiteiten\/\" \/>\n<meta property=\"og:locale\" content=\"nl_NL\" \/>\n<meta property=\"og:type\" content=\"article\" \/>\n<meta property=\"og:title\" content=\"Eindeloze activiteiten in de Pyrenee\u00ebn - Camping Is\u00e1bena\" \/>\n<meta property=\"og:description\" content=\"Beleef spannende activiteiten in het hart van de Aragonese Pyrenee\u00ebn in Camping Bungalowpark Is\u00e1bena. Boek nu je avontuur en cre\u00eber onvergetelijke herinneringen!\" \/>\n<meta property=\"og:url\" content=\"https:\/\/www.isabena.eu\/nl\/activiteiten\/\" \/>\n<meta property=\"og:site_name\" content=\"Camping Is\u00e1bena\" \/>\n<meta property=\"article:publisher\" content=\"https:\/\/www.facebook.com\/Campingbungalparkisabena\" \/>\n<meta property=\"article:modified_time\" content=\"2024-06-17T09:48:12+00:00\" \/>\n<meta name=\"twitter:card\" content=\"summary_large_image\" \/>\n<meta name=\"twitter:site\" content=\"@CampingIsbena\" \/>\n<!-- \/ Yoast SEO plugin. -->","yoast_head_json":{"title":"Eindeloze activiteiten in de Pyrenee\u00ebn - Camping Is\u00e1bena","description":"Beleef spannende activiteiten in het hart van de Aragonese Pyrenee\u00ebn in Camping Bungalowpark Is\u00e1bena. Boek nu je avontuur en cre\u00eber onvergetelijke herinneringen!","robots":{"index":"index","follow":"follow","max-snippet":"max-snippet:-1","max-image-preview":"max-image-preview:large","max-video-preview":"max-video-preview:-1"},"canonical":"https:\/\/www.isabena.eu\/nl\/activiteiten\/","og_locale":"nl_NL","og_type":"article","og_title":"Eindeloze activiteiten in de Pyrenee\u00ebn - Camping Is\u00e1bena","og_description":"Beleef spannende activiteiten in het hart van de Aragonese Pyrenee\u00ebn in Camping Bungalowpark Is\u00e1bena. Boek nu je avontuur en cre\u00eber onvergetelijke herinneringen!","og_url":"https:\/\/www.isabena.eu\/nl\/activiteiten\/","og_site_name":"Camping Is\u00e1bena","article_publisher":"https:\/\/www.facebook.com\/Campingbungalparkisabena","article_modified_time":"2024-06-17T09:48:12+00:00","twitter_card":"summary_large_image","twitter_site":"@CampingIsbena","schema":{"@context":"https:\/\/schema.org","@graph":[{"@type":"WebPage","@id":"https:\/\/www.isabena.eu\/nl\/activiteiten\/","url":"https:\/\/www.isabena.eu\/nl\/activiteiten\/","name":"Eindeloze activiteiten in de Pyrenee\u00ebn - Camping Is\u00e1bena","isPartOf":{"@id":"https:\/\/www.isabena.eu\/nl\/#website"},"datePublished":"2023-05-31T12:51:20+00:00","dateModified":"2024-06-17T09:48:12+00:00","description":"Beleef spannende activiteiten in het hart van de Aragonese Pyrenee\u00ebn in Camping Bungalowpark Is\u00e1bena. Boek nu je avontuur en cre\u00eber onvergetelijke herinneringen!","breadcrumb":{"@id":"https:\/\/www.isabena.eu\/nl\/activiteiten\/#breadcrumb"},"inLanguage":"nl-NL","potentialAction":[{"@type":"ReadAction","target":["https:\/\/www.isabena.eu\/nl\/activiteiten\/"]}]},{"@type":"BreadcrumbList","@id":"https:\/\/www.isabena.eu\/nl\/activiteiten\/#breadcrumb","itemListElement":[{"@type":"ListItem","position":1,"name":"Home","item":"https:\/\/www.isabena.eu\/nl\/"},{"@type":"ListItem","position":2,"name":"Activiteiten"}]},{"@type":"WebSite","@id":"https:\/\/www.isabena.eu\/nl\/#website","url":"https:\/\/www.isabena.eu\/nl\/","name":"Camping Is\u00e1bena","description":"Bienvenidos al Camping &amp; Bungalowpark Is\u00e1bena en La Puebla de Roda, en el sur de los Pirineos Centrales. Un camping acogedor con miles de actividades disponibles.","publisher":{"@id":"https:\/\/www.isabena.eu\/nl\/#organization"},"alternateName":"Camping Is\u00e1bena","potentialAction":[{"@type":"SearchAction","target":{"@type":"EntryPoint","urlTemplate":"https:\/\/www.isabena.eu\/nl\/?s={search_term_string}"},"query-input":{"@type":"PropertyValueSpecification","valueRequired":true,"valueName":"search_term_string"}}],"inLanguage":"nl-NL"},{"@type":"Organization","@id":"https:\/\/www.isabena.eu\/nl\/#organization","name":"Camping Is\u00e1bena","alternateName":"Camping Is\u00e1bena","url":"https:\/\/www.isabena.eu\/nl\/","logo":{"@type":"ImageObject","inLanguage":"nl-NL","@id":"https:\/\/www.isabena.eu\/nl\/#\/schema\/logo\/image\/","url":"https:\/\/www.isabena.eu\/wp-content\/uploads\/2023\/06\/Logo-Color-cuadrado.png","contentUrl":"https:\/\/www.isabena.eu\/wp-content\/uploads\/2023\/06\/Logo-Color-cuadrado.png","width":314,"height":314,"caption":"Camping Is\u00e1bena"},"image":{"@id":"https:\/\/www.isabena.eu\/nl\/#\/schema\/logo\/image\/"},"sameAs":["https:\/\/www.facebook.com\/Campingbungalparkisabena","https:\/\/x.com\/CampingIsbena","https:\/\/www.instagram.com\/camping_bungalowpark_isabena\/","https:\/\/www.youtube.com\/user\/CampingIsabena"]}]}},"_links":{"self":[{"href":"https:\/\/www.isabena.eu\/nl\/wp-json\/wp\/v2\/pages\/6831","targetHints":{"allow":["GET"]}}],"collection":[{"href":"https:\/\/www.isabena.eu\/nl\/wp-json\/wp\/v2\/pages"}],"about":[{"href":"https:\/\/www.isabena.eu\/nl\/wp-json\/wp\/v2\/types\/page"}],"author":[{"embeddable":true,"href":"https:\/\/www.isabena.eu\/nl\/wp-json\/wp\/v2\/users\/2"}],"replies":[{"embeddable":true,"href":"https:\/\/www.isabena.eu\/nl\/wp-json\/wp\/v2\/comments?post=6831"}],"version-history":[{"count":1,"href":"https:\/\/www.isabena.eu\/nl\/wp-json\/wp\/v2\/pages\/6831\/revisions"}],"predecessor-version":[{"id":12687,"href":"https:\/\/www.isabena.eu\/nl\/wp-json\/wp\/v2\/pages\/6831\/revisions\/12687"}],"wp:attachment":[{"href":"https:\/\/www.isabena.eu\/nl\/wp-json\/wp\/v2\/media?parent=6831"}],"curies":[{"name":"wp","href":"https:\/\/api.w.org\/{rel}","templated":true}]}}