{"id":12140,"date":"2024-04-10T07:55:47","date_gmt":"2024-04-10T05:55:47","guid":{"rendered":"https:\/\/www.isabena.eu\/bungalow-con-perro\/"},"modified":"2024-05-14T09:43:45","modified_gmt":"2024-05-14T07:43:45","slug":"bungalow-met-hond","status":"publish","type":"page","link":"https:\/\/www.isabena.eu\/nl\/bungalow-met-hond\/","title":{"rendered":"Landing bungalow met hond"},"content":{"rendered":"<section class=\"blq-banner-carousel\">\n\t<div class=\"bg with-overlay\">\n\t\t\t\t\t\t\t\t\t\t\t\t\t\t<figure>\n\t\t\t\t\t\t<img decoding=\"async\" src=\"https:\/\/www.isabena.eu\/wp-content\/uploads\/2024\/01\/Bungalows-Pirineo-Aragones.jpg\" alt=\" \"  \/>\n\t\t\t\t\t<\/figure>\n\t\t\t\t\t\t\t\t\t\t<\/div>\n\t\t\t<div class=\"box-content\">\n\t\t<div class=\"container\">\n\t\t\t\t\t\t\t<h1>Bungalow met hond <\/h1>\n\t\t\t\t\t\t\t\t\t<div class='content'><p><strong>Verblijf met uw hond in \u00e9\u00e9n van de bungalows op Camping Is\u00e1bena<\/strong><\/p>\n<\/div>\n\t\t\t\t\t\t\t\t\t\t\t\t\t<\/div>\n\t<\/div>\n\t<\/section>\n\n\n<section class=\"blq-banner-img-txt   \" >\n\t<div class=\"container\">\n\t\t<div class=\"img gs_reveal gs_reveal_fromRight\">\n\t\t\t\n\t\t\t\t\t\t<img decoding=\"async\" width=\"2560\" height=\"1708\" src=\"https:\/\/www.isabena.eu\/wp-content\/uploads\/2023\/07\/2305.01170-scaled.jpg\" class=\"front\" alt=\"\" srcset=\"https:\/\/www.isabena.eu\/wp-content\/uploads\/2023\/07\/2305.01170-scaled.jpg 2560w, https:\/\/www.isabena.eu\/wp-content\/uploads\/2023\/07\/2305.01170-300x200.jpg 300w, https:\/\/www.isabena.eu\/wp-content\/uploads\/2023\/07\/2305.01170-1024x683.jpg 1024w, https:\/\/www.isabena.eu\/wp-content\/uploads\/2023\/07\/2305.01170-768x512.jpg 768w, https:\/\/www.isabena.eu\/wp-content\/uploads\/2023\/07\/2305.01170-1536x1025.jpg 1536w, https:\/\/www.isabena.eu\/wp-content\/uploads\/2023\/07\/2305.01170-2048x1366.jpg 2048w, https:\/\/www.isabena.eu\/wp-content\/uploads\/2023\/07\/2305.01170-1964x1310.jpg 1964w\" sizes=\"(max-width: 2560px) 100vw, 2560px\" \/>\t\t\t\t\t\t\t<img decoding=\"async\" width=\"2560\" height=\"1708\" src=\"https:\/\/www.isabena.eu\/wp-content\/uploads\/2023\/07\/2305.01224-scaled.jpg\" class=\"back\" alt=\"\" srcset=\"https:\/\/www.isabena.eu\/wp-content\/uploads\/2023\/07\/2305.01224-scaled.jpg 2560w, https:\/\/www.isabena.eu\/wp-content\/uploads\/2023\/07\/2305.01224-300x200.jpg 300w, https:\/\/www.isabena.eu\/wp-content\/uploads\/2023\/07\/2305.01224-1024x683.jpg 1024w, https:\/\/www.isabena.eu\/wp-content\/uploads\/2023\/07\/2305.01224-768x512.jpg 768w, https:\/\/www.isabena.eu\/wp-content\/uploads\/2023\/07\/2305.01224-1536x1025.jpg 1536w, https:\/\/www.isabena.eu\/wp-content\/uploads\/2023\/07\/2305.01224-2048x1366.jpg 2048w, https:\/\/www.isabena.eu\/wp-content\/uploads\/2023\/07\/2305.01224-1964x1310.jpg 1964w\" sizes=\"(max-width: 2560px) 100vw, 2560px\" \/>\t\t\t\t\t<\/div>\n\t\t<div class=\"txt gs_reveal gs_reveal_fromLeft\">\n\t\t\t<div class='bx'>\n\t\t\t\t<h2 class=\"title\">Camping &#038; Bungalowpark Is\u00e1bena<\/h2>\n\t\t\t\t<div class=\"content\"><p>Wij begrijpen dat een vakantie completer is als u deze kunt delen met alle leden van het gezin, inclusief uw trouwe huisdieren.<\/p>\n<p>Daarom zijn we er bij Camping Is\u00e1bena trots op dat we een hondvriendelijke bestemming zijn, die de perfecte bungalowoptie biedt om een \u200b\u200bcomfortabel verblijf voor u en uw hond te garanderen.<\/p>\n<\/div>\n\t\t\t\t\t\t\t\t\t<div class=\"btn-link\">\n\t\t\t\t\t\t\t\t\t\t\t\t<a href=\"https:\/\/bookingpremium.secureholiday.net\/nl\/5221\/search\/product-list?searchType=exact&#038;productType=all&#038;filterStatus=showPeriod\" class=''>Reserveren<\/a>\n\t\t\t\t\t<\/div>\n\t\t\t\t\t\t\t<\/div>\n\t\t<\/div>\n\t<\/div>\n<\/section>\n\n\n<div\n\tclass=\"isabena-ordered-columns wp-block-isabena-ordered-columns\">\n\t<div class=\"container\">\n\t\t<div class=\"isabena-ordered-columns__list\">\n\t\t\t\t\t<div class=\"isabena-ordered-columns__item\">\n\t\t\t\t<h2 class=\"isabena-ordered-columns__item__title\">\n\t\t\t\t\t<strong>01.<\/strong>\n\t\t\t\t\tCapaciteit voor 2 \u2013 6 personen\t\t\t\t<\/h2>\n\t\t\t\t<div class=\"isabena-ordered-columns__item__description\">\n\t\t\t\t\t\t\t\t\t<\/div>\n\t\t\t<\/div>\n\t\t\t\t\t\t<div class=\"isabena-ordered-columns__item\">\n\t\t\t\t<h2 class=\"isabena-ordered-columns__item__title\">\n\t\t\t\t\t<strong>02.<\/strong>\n\t\t\t\t\tKeuken uitgerust met bestek, servies en kookgerei\t\t\t\t<\/h2>\n\t\t\t\t<div class=\"isabena-ordered-columns__item__description\">\n\t\t\t\t\t\t\t\t\t<\/div>\n\t\t\t<\/div>\n\t\t\t\t\t\t<div class=\"isabena-ordered-columns__item\">\n\t\t\t\t<h2 class=\"isabena-ordered-columns__item__title\">\n\t\t\t\t\t<strong>03.<\/strong>\n\t\t\t\t\tOverdekt terras\t\t\t\t<\/h2>\n\t\t\t\t<div class=\"isabena-ordered-columns__item__description\">\n\t\t\t\t\t\t\t\t\t<\/div>\n\t\t\t<\/div>\n\t\t\t\t\t\t<div class=\"isabena-ordered-columns__item\">\n\t\t\t\t<h2 class=\"isabena-ordered-columns__item__title\">\n\t\t\t\t\t<strong>04.<\/strong>\n\t\t\t\t\tWoon-\/eetkamer met slaapbank en televisie\t\t\t\t<\/h2>\n\t\t\t\t<div class=\"isabena-ordered-columns__item__description\">\n\t\t\t\t\t\t\t\t\t<\/div>\n\t\t\t<\/div>\n\t\t\t\t\t\t<div class=\"isabena-ordered-columns__item\">\n\t\t\t\t<h2 class=\"isabena-ordered-columns__item__title\">\n\t\t\t\t\t<strong>05.<\/strong>\n\t\t\t\t\tBeddengoed en dekens\t\t\t\t<\/h2>\n\t\t\t\t<div class=\"isabena-ordered-columns__item__description\">\n\t\t\t\t\t\t\t\t\t<\/div>\n\t\t\t<\/div>\n\t\t\t\t\t<\/div>\n\t<\/div>\n<\/div>\n\t\n\n<section class=\"blq-banner-img-txt   banner-with-container-image60\" >\n\t<div class=\"container\">\n\t\t<div class=\"img gs_reveal gs_reveal_fromRight\">\n\t\t\t\n\t\t\t\t\t\t<img decoding=\"async\" width=\"1024\" height=\"683\" src=\"https:\/\/www.isabena.eu\/wp-content\/uploads\/2023\/06\/2305.00737-XL.jpg\" class=\"\" alt=\"\" srcset=\"https:\/\/www.isabena.eu\/wp-content\/uploads\/2023\/06\/2305.00737-XL.jpg 1024w, https:\/\/www.isabena.eu\/wp-content\/uploads\/2023\/06\/2305.00737-XL-300x200.jpg 300w, https:\/\/www.isabena.eu\/wp-content\/uploads\/2023\/06\/2305.00737-XL-768x512.jpg 768w\" sizes=\"(max-width: 1024px) 100vw, 1024px\" \/>\t\t\t\t\t<\/div>\n\t\t<div class=\"txt gs_reveal gs_reveal_fromLeft\">\n\t\t\t<div class='bx'>\n\t\t\t\t<h2 class=\"title\">Bungalows ontworpen voor u en uw hond<\/h2>\n\t\t\t\t<div class=\"content\"><p>Wij garanderen dat u de ideale ruimte vindt voor al uw behoeften.<\/p>\n<\/div>\n\t\t\t\t\t\t\t\t\t<div class=\"btn-link\">\n\t\t\t\t\t\t\t\t\t\t\t\t<a href=\"https:\/\/www.isabena.eu\/nl\/accommodatie\/\" class=''>Ontdek accommodaties<\/a>\n\t\t\t\t\t<\/div>\n\t\t\t\t\t\t\t<\/div>\n\t\t<\/div>\n\t<\/div>\n<\/section>\n\n\n<div\n\tclass=\"isabena-route-slider wp-block-isabena-route-slider\" id=\"isabena-route-slider-69e5e5e784748\">\n\t<div class=\"container\">\n\t\t<h2 class=\"isabena-route-slider__title\">Entertainment voor ieders plezier<\/h2>\n\t\t<h4 class=\"isabena-route-slider__subtitle\">Wij hebben aan een grote diversiteit aan activiteiten gedacht<\/h4>\n\n\t\t\t\t<div class=\"isabena-route-slider__route__list\">\n\t\t\t\t\t\t<div class=\"isabena-route-slider__route__item\">\n\t\t\t\t<div class=\"isabena-route-slider__route__media\">\n\t\t\t\t\t<img decoding=\"async\" width=\"680\" height=\"454\" src=\"https:\/\/www.isabena.eu\/wp-content\/uploads\/2024\/04\/Camping-con-ninos-2-1024x684.jpg\" class=\"isabena-route-slider__route__image\" alt=\"Camping con ni\u00f1os\" srcset=\"https:\/\/www.isabena.eu\/wp-content\/uploads\/2024\/04\/Camping-con-ninos-2-1024x684.jpg 1024w, https:\/\/www.isabena.eu\/wp-content\/uploads\/2024\/04\/Camping-con-ninos-2-300x200.jpg 300w, https:\/\/www.isabena.eu\/wp-content\/uploads\/2024\/04\/Camping-con-ninos-2-768x513.jpg 768w, https:\/\/www.isabena.eu\/wp-content\/uploads\/2024\/04\/Camping-con-ninos-2.jpg 1279w\" sizes=\"(max-width: 680px) 100vw, 680px\" \/>\t\t\t\t<\/div>\n\t\t\t\t<div class=\"isabena-route-slider__route__content\">\n\t\t\t\t\t<h3 class=\"isabena-route-slider__route__title\">\n\t\t\t\t\t\t Een programma vol activiteiten\t\t\t\t\t<\/h3>\n\t\t\t\t\t<div class=\"isabena-route-slider__route__description\">\n\t\t\t\t\t\t<p>Wij hebben ons er niet alleen op gericht u de beste bungalows aan te bieden om met uw hond naartoe te gaan, maar hebben ook aan een breed scala aan activiteiten gedacht.<\/p>\n<p>Terwijl u ontspant of op ontdekkingstocht gaat, kunnen de jongeren genieten van een programma vol creatieve en veilige activiteiten, speciaal voor hen ontworpen.<\/p>\n<p>Daarnaast biedt de regio eindeloze mogelijkheden om met uw hond op avontuur te gaan. Van rustige wandelingen door de natuur tot spannende wateractiviteiten en motorroutes door indrukwekkende landschappen.<\/p>\n\t\t\t\t\t<\/div>\n\n\t\t\t\t\t\t\t\t\t<\/div>\n\t\t\t<\/div>\n\t\t\t\t\t\t<div class=\"isabena-route-slider__route__item\">\n\t\t\t\t<div class=\"isabena-route-slider__route__media\">\n\t\t\t\t\t<img decoding=\"async\" width=\"680\" height=\"510\" src=\"https:\/\/www.isabena.eu\/wp-content\/uploads\/2024\/01\/Imprescindible-camping-1024x768.jpg\" class=\"isabena-route-slider__route__image\" alt=\"Imprescindible camping\" srcset=\"https:\/\/www.isabena.eu\/wp-content\/uploads\/2024\/01\/Imprescindible-camping-1024x768.jpg 1024w, https:\/\/www.isabena.eu\/wp-content\/uploads\/2024\/01\/Imprescindible-camping-300x225.jpg 300w, https:\/\/www.isabena.eu\/wp-content\/uploads\/2024\/01\/Imprescindible-camping-768x576.jpg 768w, https:\/\/www.isabena.eu\/wp-content\/uploads\/2024\/01\/Imprescindible-camping-1536x1152.jpg 1536w, https:\/\/www.isabena.eu\/wp-content\/uploads\/2024\/01\/Imprescindible-camping-2048x1536.jpg 2048w, https:\/\/www.isabena.eu\/wp-content\/uploads\/2024\/01\/Imprescindible-camping-1747x1310.jpg 1747w\" sizes=\"(max-width: 680px) 100vw, 680px\" \/>\t\t\t\t<\/div>\n\t\t\t\t<div class=\"isabena-route-slider__route__content\">\n\t\t\t\t\t<h3 class=\"isabena-route-slider__route__title\">\n\t\t\t\t\t\tEersteklas service voor u en uw hond\t\t\t\t\t<\/h3>\n\t\t\t\t\t<div class=\"isabena-route-slider__route__description\">\n\t\t\t\t\t\t<p>Naast gezellige accommodatie bieden wij u op Camping Is\u00e1bena een reeks diensten aan die zijn ontworpen om uw comfort en dat van uw huisdier te maximaliseren.<\/p>\n<p>Na een dag vol avontuur kunt u heerlijk ontspannen in onze bar en restaurant, waar u in een gezellige sfeer kunt genieten van heerlijke gerechten.<\/p>\n<p>Terwijl uw hond aan uw zijde uitrust, kunt u genieten van een moment van ontspanning in ons zwembad of u laten verwennen in de spa.<\/p>\n\t\t\t\t\t<\/div>\n\n\t\t\t\t\t\t\t\t\t<\/div>\n\t\t\t<\/div>\n\t\t\t\t\t<\/div>\n\t\t\t<\/div>\n<\/div>\n<script type=\"text\/javascript\">\n\n\tdocument.addEventListener(\"DOMContentLoaded\", function() {\n\t\t$('#isabena-route-slider-69e5e5e784748 .isabena-route-slider__route__list').slick({\n\t\t\tinfinite      : true,\n\t\t\tvariableWidth : false,\n\t\t\tslidesToShow  : 2,\n\t\t\tslidesToScroll: 1,\n\t\t\tresponsive :[\n\t\t\t\t{\n\t\t\t\t\tbreakpoint:768,\n\t\t\t\t\tsettings:{\n\t\t\t\t\t\tslidesToShow  : 1,\n\t\t\t\t\t}\n\t\t\t\t}\n\t\t\t]\n\t\t});\n\t});\n<\/script>\n\n\n<section class=\"blq-banner-img-txt banner-inverse banner-verde \" >\n\t<div class=\"container\">\n\t\t<div class=\"img gs_reveal gs_reveal_fromLeft\">\n\t\t\t\n\t\t\t\t\t\t<img decoding=\"async\" width=\"2560\" height=\"1707\" src=\"https:\/\/www.isabena.eu\/wp-content\/uploads\/2023\/07\/Foto-valle-scaled.jpg\" class=\"front\" alt=\"Imagen de los picos de los pirineos vistos desde el Camping Is\u00e1bena en los pirineos aragoneses. Afbeelding van de toppen van de Pyrenee\u00ebn, gezien vanaf de camping Is\u00e1bena in de Aragonese Pyrenee\u00ebn. Bild der Gipfel der Pyren\u00e4en vom Campingplatz Is\u00e1bena in den aragonesischen Pyren\u00e4en aus gesehen. Image of the peaks of the Pyrenees seen from the Is\u00e1bena Campsite in the Aragonese Pyrenees. Image des sommets des Pyr\u00e9n\u00e9es vus depuis le camping d&#039;Is\u00e1bena dans les Pyr\u00e9n\u00e9es aragonaises.\" srcset=\"https:\/\/www.isabena.eu\/wp-content\/uploads\/2023\/07\/Foto-valle-scaled.jpg 2560w, https:\/\/www.isabena.eu\/wp-content\/uploads\/2023\/07\/Foto-valle-300x200.jpg 300w, https:\/\/www.isabena.eu\/wp-content\/uploads\/2023\/07\/Foto-valle-1024x683.jpg 1024w, https:\/\/www.isabena.eu\/wp-content\/uploads\/2023\/07\/Foto-valle-768x512.jpg 768w, https:\/\/www.isabena.eu\/wp-content\/uploads\/2023\/07\/Foto-valle-1536x1024.jpg 1536w, https:\/\/www.isabena.eu\/wp-content\/uploads\/2023\/07\/Foto-valle-2048x1365.jpg 2048w, https:\/\/www.isabena.eu\/wp-content\/uploads\/2023\/07\/Foto-valle-1965x1310.jpg 1965w\" sizes=\"(max-width: 2560px) 100vw, 2560px\" \/>\t\t\t\t\t\t\t<img decoding=\"async\" width=\"2560\" height=\"1708\" src=\"https:\/\/www.isabena.eu\/wp-content\/uploads\/2023\/07\/2305.01224-scaled.jpg\" class=\"back\" alt=\"\" srcset=\"https:\/\/www.isabena.eu\/wp-content\/uploads\/2023\/07\/2305.01224-scaled.jpg 2560w, https:\/\/www.isabena.eu\/wp-content\/uploads\/2023\/07\/2305.01224-300x200.jpg 300w, https:\/\/www.isabena.eu\/wp-content\/uploads\/2023\/07\/2305.01224-1024x683.jpg 1024w, https:\/\/www.isabena.eu\/wp-content\/uploads\/2023\/07\/2305.01224-768x512.jpg 768w, https:\/\/www.isabena.eu\/wp-content\/uploads\/2023\/07\/2305.01224-1536x1025.jpg 1536w, https:\/\/www.isabena.eu\/wp-content\/uploads\/2023\/07\/2305.01224-2048x1366.jpg 2048w, https:\/\/www.isabena.eu\/wp-content\/uploads\/2023\/07\/2305.01224-1964x1310.jpg 1964w\" sizes=\"(max-width: 2560px) 100vw, 2560px\" \/>\t\t\t\t\t<\/div>\n\t\t<div class=\"txt gs_reveal gs_reveal_fromRight\">\n\t\t\t<div class='bx'>\n\t\t\t\t<h2 class=\"title\">Een ervaring waar comfort, avontuur en gastvrijheid hand in hand gaan<\/h2>\n\t\t\t\t<div class=\"content\"><p>Kiezen voor een verblijf met uw hond in \u00e9\u00e9n van onze bungalows betekent kiezen voor een beleving waar natuur en comfort elkaar ontmoeten.<\/p>\n<p>Ontdek de schoonheid van de Spaanse Pyrenee\u00ebn en geniet van een perfect uitje waar u en uw hond met de grootst mogelijke zorg worden behandeld.<\/p>\n<\/div>\n\t\t\t\t\t\t\t\t\t<div class=\"btn-link\">\n\t\t\t\t\t\t\t\t\t\t\t\t<a href=\"https:\/\/www.isabena.eu\/nl\/accommodatie\/\" class=''>Meer informatie<\/a>\n\t\t\t\t\t<\/div>\n\t\t\t\t\t\t\t<\/div>\n\t\t<\/div>\n\t<\/div>\n<\/section>\n\n\n<div\n\tclass=\"isabena-text-slider wp-block-isabena-text-slider\" id=\"isabena-text-slider-69e5e5e78bb3e\">\n\t<div class=\"container\">\n\t\t<h2 class=\"isabena-text-slider__title\">Waar jouw avonturen beginnen<\/h2>\n\n\t\t\t\t<div class=\"isabena-text-slider__media\">\n\t\t\t<img decoding=\"async\" width=\"680\" height=\"454\" src=\"https:\/\/www.isabena.eu\/wp-content\/uploads\/2023\/07\/2305.00493-1024x683.jpg\" class=\"isabena-text-slider__image\" alt=\"Genie\u00dfen Sie einen unvergesslichen Urlaub in den spanischen Pyren\u00e4en mit einem Bungalow in den Pyren\u00e4en. Ger\u00e4umige Bungalows mit gro\u00dfz\u00fcgigen Gemeinschaftsr\u00e4umen, voll ausgestatteter K\u00fcche, Wohnzimmer und komfortablem Badezimmer. Mit Blick auf die hohen Berge. Perfekt f\u00fcr Familienurlaube in den Pyren\u00e4en. Die ruhige Lage auf dem Campingplatz Is\u00e1bena ist ideal f\u00fcr Urlaube f\u00fcr Erwachsene und Senioren. Haustiere sind erlaubt.\" srcset=\"https:\/\/www.isabena.eu\/wp-content\/uploads\/2023\/07\/2305.00493-1024x683.jpg 1024w, https:\/\/www.isabena.eu\/wp-content\/uploads\/2023\/07\/2305.00493-300x200.jpg 300w, https:\/\/www.isabena.eu\/wp-content\/uploads\/2023\/07\/2305.00493-768x512.jpg 768w, https:\/\/www.isabena.eu\/wp-content\/uploads\/2023\/07\/2305.00493-1536x1025.jpg 1536w, https:\/\/www.isabena.eu\/wp-content\/uploads\/2023\/07\/2305.00493-2048x1366.jpg 2048w, https:\/\/www.isabena.eu\/wp-content\/uploads\/2023\/07\/2305.00493-1964x1310.jpg 1964w\" sizes=\"(max-width: 680px) 100vw, 680px\" \/><img decoding=\"async\" width=\"680\" height=\"1020\" src=\"https:\/\/www.isabena.eu\/wp-content\/uploads\/2023\/07\/2305.00516-683x1024.jpg\" class=\"isabena-text-slider__image\" alt=\"Photo of a full kitchen in the charming bungalows at the spanish pyrenees in Camping &amp; Bungalow Isabena in Spain.\" srcset=\"https:\/\/www.isabena.eu\/wp-content\/uploads\/2023\/07\/2305.00516-683x1024.jpg 683w, https:\/\/www.isabena.eu\/wp-content\/uploads\/2023\/07\/2305.00516-200x300.jpg 200w, https:\/\/www.isabena.eu\/wp-content\/uploads\/2023\/07\/2305.00516-768x1152.jpg 768w, https:\/\/www.isabena.eu\/wp-content\/uploads\/2023\/07\/2305.00516-1024x1536.jpg 1024w, https:\/\/www.isabena.eu\/wp-content\/uploads\/2023\/07\/2305.00516-1366x2048.jpg 1366w, https:\/\/www.isabena.eu\/wp-content\/uploads\/2023\/07\/2305.00516-874x1310.jpg 874w, https:\/\/www.isabena.eu\/wp-content\/uploads\/2023\/07\/2305.00516-scaled.jpg 1707w\" sizes=\"(max-width: 680px) 100vw, 680px\" \/><img decoding=\"async\" width=\"680\" height=\"454\" src=\"https:\/\/www.isabena.eu\/wp-content\/uploads\/2023\/07\/2305.00636-1024x683.jpg\" class=\"isabena-text-slider__image\" alt=\"Imprescindible camping\" srcset=\"https:\/\/www.isabena.eu\/wp-content\/uploads\/2023\/07\/2305.00636-1024x683.jpg 1024w, https:\/\/www.isabena.eu\/wp-content\/uploads\/2023\/07\/2305.00636-300x200.jpg 300w, https:\/\/www.isabena.eu\/wp-content\/uploads\/2023\/07\/2305.00636-768x512.jpg 768w, https:\/\/www.isabena.eu\/wp-content\/uploads\/2023\/07\/2305.00636-1536x1025.jpg 1536w, https:\/\/www.isabena.eu\/wp-content\/uploads\/2023\/07\/2305.00636-2048x1366.jpg 2048w, https:\/\/www.isabena.eu\/wp-content\/uploads\/2023\/07\/2305.00636-1964x1310.jpg 1964w\" sizes=\"(max-width: 680px) 100vw, 680px\" \/><img decoding=\"async\" width=\"680\" height=\"454\" src=\"https:\/\/www.isabena.eu\/wp-content\/uploads\/2023\/07\/2305.00464-1024x683.jpg\" class=\"isabena-text-slider__image\" alt=\"\" srcset=\"https:\/\/www.isabena.eu\/wp-content\/uploads\/2023\/07\/2305.00464-1024x683.jpg 1024w, https:\/\/www.isabena.eu\/wp-content\/uploads\/2023\/07\/2305.00464-300x200.jpg 300w, https:\/\/www.isabena.eu\/wp-content\/uploads\/2023\/07\/2305.00464-768x512.jpg 768w, https:\/\/www.isabena.eu\/wp-content\/uploads\/2023\/07\/2305.00464-1536x1025.jpg 1536w, https:\/\/www.isabena.eu\/wp-content\/uploads\/2023\/07\/2305.00464-2048x1366.jpg 2048w, https:\/\/www.isabena.eu\/wp-content\/uploads\/2023\/07\/2305.00464-1964x1310.jpg 1964w\" sizes=\"(max-width: 680px) 100vw, 680px\" \/><img decoding=\"async\" width=\"680\" height=\"454\" src=\"https:\/\/www.isabena.eu\/wp-content\/uploads\/2023\/07\/2305.00458-1024x683.jpg\" class=\"isabena-text-slider__image\" alt=\"Geniet van een vakantie in de Spaanse Pyrenee\u00ebn zoals nooit tevoren door een bungalow in de Pyrenee\u00ebn in Spanje te boeken. Ruime bungalows met grote gemeenschappelijke ruimtes, een complete keuken, een woonkamer en een comfortabele badkamer. Met uitzicht op de hoge bergen. Perfect voor familievakanties in de Pyrenee\u00ebn. Een rustige locatie op de Is\u00e1bena Camping is ideaal voor vakanties voor volwassenen en senioren. Huisdiervriendelijk.\" srcset=\"https:\/\/www.isabena.eu\/wp-content\/uploads\/2023\/07\/2305.00458-1024x683.jpg 1024w, https:\/\/www.isabena.eu\/wp-content\/uploads\/2023\/07\/2305.00458-300x200.jpg 300w, https:\/\/www.isabena.eu\/wp-content\/uploads\/2023\/07\/2305.00458-768x512.jpg 768w, https:\/\/www.isabena.eu\/wp-content\/uploads\/2023\/07\/2305.00458-1536x1025.jpg 1536w, https:\/\/www.isabena.eu\/wp-content\/uploads\/2023\/07\/2305.00458-2048x1366.jpg 2048w, https:\/\/www.isabena.eu\/wp-content\/uploads\/2023\/07\/2305.00458-1964x1310.jpg 1964w\" sizes=\"(max-width: 680px) 100vw, 680px\" \/><img decoding=\"async\" width=\"680\" height=\"454\" src=\"https:\/\/www.isabena.eu\/wp-content\/uploads\/2023\/07\/i-XSQ5BjM-X3-1024x683.jpg\" class=\"isabena-text-slider__image\" alt=\"\" srcset=\"https:\/\/www.isabena.eu\/wp-content\/uploads\/2023\/07\/i-XSQ5BjM-X3-1024x683.jpg 1024w, https:\/\/www.isabena.eu\/wp-content\/uploads\/2023\/07\/i-XSQ5BjM-X3-300x200.jpg 300w, https:\/\/www.isabena.eu\/wp-content\/uploads\/2023\/07\/i-XSQ5BjM-X3-768x512.jpg 768w, https:\/\/www.isabena.eu\/wp-content\/uploads\/2023\/07\/i-XSQ5BjM-X3-1536x1025.jpg 1536w, https:\/\/www.isabena.eu\/wp-content\/uploads\/2023\/07\/i-XSQ5BjM-X3.jpg 1599w\" sizes=\"(max-width: 680px) 100vw, 680px\" \/>\t\t<\/div>\n\t\t\n\t\t<div class=\"isabena-text-slider__content\">\n\t\t\t<h4 class=\"isabena-text-slider__subtitle\"><\/h4>\n\t\t\t<div class=\"isabena-text-slider__column__list\">\n\t\t\t\t<div class=\"isabena-text-slider__column__item isabena-text-slider__column__item--first\">\n\t\t\t\t\t\t\t\t\t<\/div>\n\t\t\t\t<div class=\"isabena-text-slider__column__item isabena-text-slider__column__item--last\">\n\t\t\t\t\t\t\t\t\t<\/div>\n\t\t\t<\/div>\n\t\t<\/div>\n\t<\/div>\n<\/div>\n<script type=\"text\/javascript\">\n\n\tdocument.addEventListener(\"DOMContentLoaded\", function() {\n\t\t$('#isabena-text-slider-69e5e5e78bb3e .isabena-text-slider__media').slick({\n\t\t\tinfinite      : true,\n\t\t\tvariableWidth : false,\n\t\t\tslidesToShow  : 1,\n\t\t\tslidesToScroll: 1,\n\t\t\tarrows        : true,\n\t\t});\n\t});\n<\/script>\n","protected":false},"excerpt":{"rendered":"","protected":false},"author":2,"featured_media":0,"parent":0,"menu_order":0,"comment_status":"closed","ping_status":"closed","template":"tpl-landing.php","meta":{"_acf_changed":false,"_joinchat":[],"footnotes":""},"class_list":["post-12140","page","type-page","status-publish","hentry"],"acf":[],"yoast_head":"<!-- This site is optimized with the Yoast SEO plugin v24.7 - https:\/\/yoast.com\/wordpress\/plugins\/seo\/ -->\n<title>Bungalow met hond - Camping Is\u00e1bena<\/title>\n<meta name=\"description\" content=\"We er bij Camping Is\u00e1bena trots op dat we een hondvriendelijke bestemming zijn, die de perfecte bungalowoptie biedt om een \u200b\u200bcomfortabel verblijf voor u en uw hond te garanderen.\" \/>\n<meta name=\"robots\" content=\"index, follow, max-snippet:-1, max-image-preview:large, max-video-preview:-1\" \/>\n<link rel=\"canonical\" href=\"https:\/\/www.isabena.eu\/nl\/bungalow-met-hond\/\" \/>\n<meta property=\"og:locale\" content=\"nl_NL\" \/>\n<meta property=\"og:type\" content=\"article\" \/>\n<meta property=\"og:title\" content=\"Bungalow met hond - Camping Is\u00e1bena\" \/>\n<meta property=\"og:description\" content=\"We er bij Camping Is\u00e1bena trots op dat we een hondvriendelijke bestemming zijn, die de perfecte bungalowoptie biedt om een \u200b\u200bcomfortabel verblijf voor u en uw hond te garanderen.\" \/>\n<meta property=\"og:url\" content=\"https:\/\/www.isabena.eu\/nl\/bungalow-met-hond\/\" \/>\n<meta property=\"og:site_name\" content=\"Camping Is\u00e1bena\" \/>\n<meta property=\"article:publisher\" content=\"https:\/\/www.facebook.com\/Campingbungalparkisabena\" \/>\n<meta property=\"article:modified_time\" content=\"2024-05-14T07:43:45+00:00\" \/>\n<meta name=\"twitter:card\" content=\"summary_large_image\" \/>\n<meta name=\"twitter:site\" content=\"@CampingIsbena\" \/>\n<!-- \/ Yoast SEO plugin. -->","yoast_head_json":{"title":"Bungalow met hond - Camping Is\u00e1bena","description":"We er bij Camping Is\u00e1bena trots op dat we een hondvriendelijke bestemming zijn, die de perfecte bungalowoptie biedt om een \u200b\u200bcomfortabel verblijf voor u en uw hond te garanderen.","robots":{"index":"index","follow":"follow","max-snippet":"max-snippet:-1","max-image-preview":"max-image-preview:large","max-video-preview":"max-video-preview:-1"},"canonical":"https:\/\/www.isabena.eu\/nl\/bungalow-met-hond\/","og_locale":"nl_NL","og_type":"article","og_title":"Bungalow met hond - Camping Is\u00e1bena","og_description":"We er bij Camping Is\u00e1bena trots op dat we een hondvriendelijke bestemming zijn, die de perfecte bungalowoptie biedt om een \u200b\u200bcomfortabel verblijf voor u en uw hond te garanderen.","og_url":"https:\/\/www.isabena.eu\/nl\/bungalow-met-hond\/","og_site_name":"Camping Is\u00e1bena","article_publisher":"https:\/\/www.facebook.com\/Campingbungalparkisabena","article_modified_time":"2024-05-14T07:43:45+00:00","twitter_card":"summary_large_image","twitter_site":"@CampingIsbena","schema":{"@context":"https:\/\/schema.org","@graph":[{"@type":"WebPage","@id":"https:\/\/www.isabena.eu\/nl\/bungalow-met-hond\/","url":"https:\/\/www.isabena.eu\/nl\/bungalow-met-hond\/","name":"Bungalow met hond - Camping Is\u00e1bena","isPartOf":{"@id":"https:\/\/www.isabena.eu\/nl\/#website"},"datePublished":"2024-04-10T05:55:47+00:00","dateModified":"2024-05-14T07:43:45+00:00","description":"We er bij Camping Is\u00e1bena trots op dat we een hondvriendelijke bestemming zijn, die de perfecte bungalowoptie biedt om een \u200b\u200bcomfortabel verblijf voor u en uw hond te garanderen.","breadcrumb":{"@id":"https:\/\/www.isabena.eu\/nl\/bungalow-met-hond\/#breadcrumb"},"inLanguage":"nl-NL","potentialAction":[{"@type":"ReadAction","target":["https:\/\/www.isabena.eu\/nl\/bungalow-met-hond\/"]}]},{"@type":"BreadcrumbList","@id":"https:\/\/www.isabena.eu\/nl\/bungalow-met-hond\/#breadcrumb","itemListElement":[{"@type":"ListItem","position":1,"name":"Home","item":"https:\/\/www.isabena.eu\/nl\/"},{"@type":"ListItem","position":2,"name":"Landing bungalow met hond"}]},{"@type":"WebSite","@id":"https:\/\/www.isabena.eu\/nl\/#website","url":"https:\/\/www.isabena.eu\/nl\/","name":"Camping Is\u00e1bena","description":"Bienvenidos al Camping &amp; Bungalowpark Is\u00e1bena en La Puebla de Roda, en el sur de los Pirineos Centrales. Un camping acogedor con miles de actividades disponibles.","publisher":{"@id":"https:\/\/www.isabena.eu\/nl\/#organization"},"alternateName":"Camping Is\u00e1bena","potentialAction":[{"@type":"SearchAction","target":{"@type":"EntryPoint","urlTemplate":"https:\/\/www.isabena.eu\/nl\/?s={search_term_string}"},"query-input":{"@type":"PropertyValueSpecification","valueRequired":true,"valueName":"search_term_string"}}],"inLanguage":"nl-NL"},{"@type":"Organization","@id":"https:\/\/www.isabena.eu\/nl\/#organization","name":"Camping Is\u00e1bena","alternateName":"Camping Is\u00e1bena","url":"https:\/\/www.isabena.eu\/nl\/","logo":{"@type":"ImageObject","inLanguage":"nl-NL","@id":"https:\/\/www.isabena.eu\/nl\/#\/schema\/logo\/image\/","url":"https:\/\/www.isabena.eu\/wp-content\/uploads\/2023\/06\/Logo-Color-cuadrado.png","contentUrl":"https:\/\/www.isabena.eu\/wp-content\/uploads\/2023\/06\/Logo-Color-cuadrado.png","width":314,"height":314,"caption":"Camping Is\u00e1bena"},"image":{"@id":"https:\/\/www.isabena.eu\/nl\/#\/schema\/logo\/image\/"},"sameAs":["https:\/\/www.facebook.com\/Campingbungalparkisabena","https:\/\/x.com\/CampingIsbena","https:\/\/www.instagram.com\/camping_bungalowpark_isabena\/","https:\/\/www.youtube.com\/user\/CampingIsabena"]}]}},"_links":{"self":[{"href":"https:\/\/www.isabena.eu\/nl\/wp-json\/wp\/v2\/pages\/12140","targetHints":{"allow":["GET"]}}],"collection":[{"href":"https:\/\/www.isabena.eu\/nl\/wp-json\/wp\/v2\/pages"}],"about":[{"href":"https:\/\/www.isabena.eu\/nl\/wp-json\/wp\/v2\/types\/page"}],"author":[{"embeddable":true,"href":"https:\/\/www.isabena.eu\/nl\/wp-json\/wp\/v2\/users\/2"}],"replies":[{"embeddable":true,"href":"https:\/\/www.isabena.eu\/nl\/wp-json\/wp\/v2\/comments?post=12140"}],"version-history":[{"count":2,"href":"https:\/\/www.isabena.eu\/nl\/wp-json\/wp\/v2\/pages\/12140\/revisions"}],"predecessor-version":[{"id":12144,"href":"https:\/\/www.isabena.eu\/nl\/wp-json\/wp\/v2\/pages\/12140\/revisions\/12144"}],"wp:attachment":[{"href":"https:\/\/www.isabena.eu\/nl\/wp-json\/wp\/v2\/media?parent=12140"}],"curies":[{"name":"wp","href":"https:\/\/api.w.org\/{rel}","templated":true}]}}