{"id":12085,"date":"2024-04-10T07:03:41","date_gmt":"2024-04-10T05:03:41","guid":{"rendered":"https:\/\/www.isabena.eu\/rutas-en-moto-pirineo-aragones\/"},"modified":"2024-05-28T15:12:27","modified_gmt":"2024-05-28T13:12:27","slug":"motorroutes-spaanse-pyreneeen","status":"publish","type":"page","link":"https:\/\/www.isabena.eu\/nl\/motorroutes-spaanse-pyreneeen\/","title":{"rendered":"Landing motorroutes Spaanse Pyrenee\u00ebn"},"content":{"rendered":"<section class=\"blq-banner-carousel\">\n\t<div class=\"bg with-overlay\">\n\t\t\t\t\t\t\t\t\t\t\t\t\t\t<figure>\n\t\t\t\t\t\t<img decoding=\"async\" src=\"https:\/\/www.isabena.eu\/wp-content\/uploads\/2023\/06\/im-mt1.svg\" alt=\" \"  \/>\n\t\t\t\t\t<\/figure>\n\t\t\t\t\t\t\t\t\t\t<\/div>\n\t\t\t<div class=\"box-content\">\n\t\t<div class=\"container\">\n\t\t\t\t\t\t\t<h1>Motorroutes Spaanse Pyrenee\u00ebn<\/h1>\n\t\t\t\t\t\t\t\t\t<div class='content'><p><strong>Beleef de meest opwindende motorroutes door de Spaanse Pyrenee\u00ebn<\/strong><\/p>\n<\/div>\n\t\t\t\t\t\t\t\t\t\t\t\t\t<\/div>\n\t<\/div>\n\t<\/section>\n\n\n<section class=\"blq-banner-img-txt   \" >\n\t<div class=\"container\">\n\t\t<div class=\"img gs_reveal gs_reveal_fromRight\">\n\t\t\t\n\t\t\t\t\t\t<img decoding=\"async\" width=\"580\" height=\"525\" src=\"https:\/\/www.isabena.eu\/wp-content\/uploads\/2023\/06\/im-mt4.png\" class=\"front\" alt=\"\" srcset=\"https:\/\/www.isabena.eu\/wp-content\/uploads\/2023\/06\/im-mt4.png 580w, https:\/\/www.isabena.eu\/wp-content\/uploads\/2023\/06\/im-mt4-300x272.png 300w\" sizes=\"(max-width: 580px) 100vw, 580px\" \/>\t\t\t\t\t\t\t<img decoding=\"async\" width=\"1632\" height=\"1224\" src=\"https:\/\/www.isabena.eu\/wp-content\/uploads\/2023\/04\/Ruta-Transpirenaica.jpg\" class=\"back\" alt=\"\" srcset=\"https:\/\/www.isabena.eu\/wp-content\/uploads\/2023\/04\/Ruta-Transpirenaica.jpg 1632w, https:\/\/www.isabena.eu\/wp-content\/uploads\/2023\/04\/Ruta-Transpirenaica-300x225.jpg 300w, https:\/\/www.isabena.eu\/wp-content\/uploads\/2023\/04\/Ruta-Transpirenaica-1024x768.jpg 1024w, https:\/\/www.isabena.eu\/wp-content\/uploads\/2023\/04\/Ruta-Transpirenaica-768x576.jpg 768w, https:\/\/www.isabena.eu\/wp-content\/uploads\/2023\/04\/Ruta-Transpirenaica-1536x1152.jpg 1536w\" sizes=\"(max-width: 1632px) 100vw, 1632px\" \/>\t\t\t\t\t<\/div>\n\t\t<div class=\"txt gs_reveal gs_reveal_fromLeft\">\n\t\t\t<div class='bx'>\n\t\t\t\t<h2 class=\"title\">Camping &#038; Bungalowpark Is\u00e1bena<\/h2>\n\t\t\t\t<div class=\"content\"><p>Ontdek de schoonheid en adrenaline van de Pyrenee\u00ebn via motorroutes.<\/p>\n<p>Gelegen in een bevoorrechte plek, is Camping Is\u00e1bena het ideale startpunt om de kronkelende wegen en indrukwekkende landschappen te verkennen die alleen de Spaanse Pyrenee\u00ebn te bieden hebben.<\/p>\n<\/div>\n\t\t\t\t\t\t\t\t\t<div class=\"btn-link\">\n\t\t\t\t\t\t\t\t\t\t\t\t<a href=\"https:\/\/bookingpremium.secureholiday.net\/nl\/5221\/search\/product-list?searchType=exact&#038;productType=all&#038;filterStatus=showPeriod\" class=''>Reserveren<\/a>\n\t\t\t\t\t<\/div>\n\t\t\t\t\t\t\t<\/div>\n\t\t<\/div>\n\t<\/div>\n<\/section>\n\n\n<div\n\tclass=\"isabena-ordered-columns wp-block-isabena-ordered-columns\">\n\t<div class=\"container\">\n\t\t<div class=\"isabena-ordered-columns__list\">\n\t\t\t\t\t<div class=\"isabena-ordered-columns__item\">\n\t\t\t\t<h2 class=\"isabena-ordered-columns__item__title\">\n\t\t\t\t\t<strong>01.<\/strong>\n\t\t\t\t\tBungalows en Mobil-homes\t\t\t\t<\/h2>\n\t\t\t\t<div class=\"isabena-ordered-columns__item__description\">\n\t\t\t\t\tHouten bungalows met een capaciteit van maximaal zes personen. Stacaravans voor vier avonturiers.\t\t\t\t<\/div>\n\t\t\t<\/div>\n\t\t\t\t\t\t<div class=\"isabena-ordered-columns__item\">\n\t\t\t\t<h2 class=\"isabena-ordered-columns__item__title\">\n\t\t\t\t\t<strong>02.<\/strong>\n\t\t\t\t\tHouten huttjes\t\t\t\t<\/h2>\n\t\t\t\t<div class=\"isabena-ordered-columns__item__description\">\n\t\t\t\t\tGelegen in een van de rustigste delen van de camping en met een spectaculair uitzicht op de bergen.\t\t\t\t<\/div>\n\t\t\t<\/div>\n\t\t\t\t\t\t<div class=\"isabena-ordered-columns__item\">\n\t\t\t\t<h2 class=\"isabena-ordered-columns__item__title\">\n\t\t\t\t\t<strong>03.<\/strong>\n\t\t\t\t\tKampeerplaatsen\t\t\t\t<\/h2>\n\t\t\t\t<div class=\"isabena-ordered-columns__item__description\">\n\t\t\t\t\tIn totaal 85 grasplaatsen, vari\u00ebrend tussen de 80 en 100 vierkante meter en voorzien van een elektrisch vermogen van 6 amp\u00e8re.\t\t\t\t<\/div>\n\t\t\t<\/div>\n\t\t\t\t\t<\/div>\n\t<\/div>\n<\/div>\n\t\n\n<section class=\"blq-banner-img-txt   banner-with-container-image60\" >\n\t<div class=\"container\">\n\t\t<div class=\"img gs_reveal gs_reveal_fromRight\">\n\t\t\t\n\t\t\t\t\t\t<img decoding=\"async\" width=\"1920\" height=\"901\" src=\"https:\/\/www.isabena.eu\/wp-content\/uploads\/2023\/06\/parallax_motorradtouren.jpg\" class=\"\" alt=\"Foto de una ruta en moto por el Pirineo aragon\u00e9s con muchas rutas con salida desde el Camping Is\u00e1bena Bungalow en los Pirineos. Foto van een motorroute door de Aragonese Pyrenee\u00ebn, waarvan vele vertrekken vanaf de Is\u00e1bena Bungalow Camping in de Pyrenee\u00ebn.Foto einer Motorradroute durch die aragonesischen Pyren\u00e4en mit vielen Routen, die vom Bungalow-Campingplatz Is\u00e1bena in den Pyren\u00e4en ausgehen. Photo of a motorcycle route through the Aragonese Pyrenees with many routes departing from the Is\u00e1bena Bungalow Campsite in the Pyrenees. Photo d&#039;un itin\u00e9raire \u00e0 moto \u00e0 travers les Pyr\u00e9n\u00e9es aragonaises avec de nombreux itin\u00e9raires au d\u00e9part du camping Bungalow Is\u00e1bena dans les Pyr\u00e9n\u00e9es.\" srcset=\"https:\/\/www.isabena.eu\/wp-content\/uploads\/2023\/06\/parallax_motorradtouren.jpg 1920w, https:\/\/www.isabena.eu\/wp-content\/uploads\/2023\/06\/parallax_motorradtouren-300x141.jpg 300w, https:\/\/www.isabena.eu\/wp-content\/uploads\/2023\/06\/parallax_motorradtouren-1024x481.jpg 1024w, https:\/\/www.isabena.eu\/wp-content\/uploads\/2023\/06\/parallax_motorradtouren-768x360.jpg 768w, https:\/\/www.isabena.eu\/wp-content\/uploads\/2023\/06\/parallax_motorradtouren-1536x721.jpg 1536w\" sizes=\"(max-width: 1920px) 100vw, 1920px\" \/>\t\t\t\t\t<\/div>\n\t\t<div class=\"txt gs_reveal gs_reveal_fromLeft\">\n\t\t\t<div class='bx'>\n\t\t\t\t<h2 class=\"title\">Accommodaties voor een perfecte rust<\/h2>\n\t\t\t\t<div class=\"content\"><p>Na een dag vol ontdekkingen vindt u ontspanning op onze camping.<\/p>\n<\/div>\n\t\t\t\t\t\t\t\t\t<div class=\"btn-link\">\n\t\t\t\t\t\t\t\t\t\t\t\t<a href=\"https:\/\/www.isabena.eu\/nl\/accommodatie\/\" class=''>Ontdek accommodaties<\/a>\n\t\t\t\t\t<\/div>\n\t\t\t\t\t\t\t<\/div>\n\t\t<\/div>\n\t<\/div>\n<\/section>\n\n\n<div\n\tclass=\"isabena-route-slider wp-block-isabena-route-slider\" id=\"isabena-route-slider-69e5f9fa1257d\">\n\t<div class=\"container\">\n\t\t<h2 class=\"isabena-route-slider__title\">Een paradijs voor motorrijders<\/h2>\n\t\t<h4 class=\"isabena-route-slider__subtitle\">Spectaculaire natuurlijke landschappen<\/h4>\n\n\t\t\t\t<div class=\"isabena-route-slider__route__list\">\n\t\t\t\t\t\t<div class=\"isabena-route-slider__route__item\">\n\t\t\t\t<div class=\"isabena-route-slider__route__media\">\n\t\t\t\t\t<img decoding=\"async\" width=\"580\" height=\"525\" src=\"https:\/\/www.isabena.eu\/wp-content\/uploads\/2023\/06\/curso-conduccion.svg\" class=\"isabena-route-slider__route__image\" alt=\"\" \/>\t\t\t\t<\/div>\n\t\t\t\t<div class=\"isabena-route-slider__route__content\">\n\t\t\t\t\t<h3 class=\"isabena-route-slider__route__title\">\n\t\t\t\t\t\tNabijheid van enkele van de meest iconische routes\t\t\t\t\t<\/h3>\n\t\t\t\t\t<div class=\"isabena-route-slider__route__description\">\n\t\t\t\t\t\t<p>Velen van jullie hebben Camping Is\u00e1bena tot een favoriete bestemming gemaakt, dankzij de nabijheid van enkele van de meest iconische en spectaculaire routes; Aneto-route, Canyons-route of de Ordesa-route.<\/p>\n\t\t\t\t\t<\/div>\n\n\t\t\t\t\t\t\t\t\t<\/div>\n\t\t\t<\/div>\n\t\t\t\t\t\t<div class=\"isabena-route-slider__route__item\">\n\t\t\t\t<div class=\"isabena-route-slider__route__media\">\n\t\t\t\t\t<img decoding=\"async\" width=\"680\" height=\"510\" src=\"https:\/\/www.isabena.eu\/wp-content\/uploads\/2022\/01\/IMG_0383.jpg\" class=\"isabena-route-slider__route__image\" alt=\"rafting\" srcset=\"https:\/\/www.isabena.eu\/wp-content\/uploads\/2022\/01\/IMG_0383.jpg 1000w, https:\/\/www.isabena.eu\/wp-content\/uploads\/2022\/01\/IMG_0383-300x225.jpg 300w, https:\/\/www.isabena.eu\/wp-content\/uploads\/2022\/01\/IMG_0383-768x576.jpg 768w\" sizes=\"(max-width: 680px) 100vw, 680px\" \/>\t\t\t\t<\/div>\n\t\t\t\t<div class=\"isabena-route-slider__route__content\">\n\t\t\t\t\t<h3 class=\"isabena-route-slider__route__title\">\n\t\t\t\t\t\tActiviteiten en entertainment voor het hele gezin\t\t\t\t\t<\/h3>\n\t\t\t\t\t<div class=\"isabena-route-slider__route__description\">\n\t\t\t\t\t\t<p>Plezier en entertainment zijn gegarandeerd voor alle leden van het gezin, met een breed scala aan activiteiten.<\/p>\n<p>De kleintjes zullen zich kunnen vermaken terwijl de volwassenen de motorroutes door de Pyrenee\u00ebn verkennen.<\/p>\n<p>En voor de dagen dat je de motor liever aan de kant laat staan \u200b\u200ben je op een andere manier in de natuur verdiept, zijn de wandel- en watersportmogelijkheden eindeloos.<\/p>\n\t\t\t\t\t<\/div>\n\n\t\t\t\t\t\t\t\t\t<\/div>\n\t\t\t<\/div>\n\t\t\t\t\t\t<div class=\"isabena-route-slider__route__item\">\n\t\t\t\t<div class=\"isabena-route-slider__route__media\">\n\t\t\t\t\t<img decoding=\"async\" width=\"680\" height=\"507\" src=\"https:\/\/www.isabena.eu\/wp-content\/uploads\/2023\/12\/Gastronomia-Aragon-1024x764.jpg\" class=\"isabena-route-slider__route__image\" alt=\"Comer ruta moto Huesca\" srcset=\"https:\/\/www.isabena.eu\/wp-content\/uploads\/2023\/12\/Gastronomia-Aragon-1024x764.jpg 1024w, https:\/\/www.isabena.eu\/wp-content\/uploads\/2023\/12\/Gastronomia-Aragon-300x224.jpg 300w, https:\/\/www.isabena.eu\/wp-content\/uploads\/2023\/12\/Gastronomia-Aragon-768x573.jpg 768w, https:\/\/www.isabena.eu\/wp-content\/uploads\/2023\/12\/Gastronomia-Aragon-1536x1146.jpg 1536w, https:\/\/www.isabena.eu\/wp-content\/uploads\/2023\/12\/Gastronomia-Aragon.jpg 1600w\" sizes=\"(max-width: 680px) 100vw, 680px\" \/>\t\t\t\t<\/div>\n\t\t\t\t<div class=\"isabena-route-slider__route__content\">\n\t\t\t\t\t<h3 class=\"isabena-route-slider__route__title\">\n\t\t\t\t\t\tGastronomie en ontspanning in Spanje\t\t\t\t\t<\/h3>\n\t\t\t\t\t<div class=\"isabena-route-slider__route__description\">\n\t\t\t\t\t\t<p>Onze bar en restaurant bieden u lokale en internationale delicatessen, ideaal om nieuwe energie op te doen nadat u de hele dag de motorroutes door de bergen heeft rondgereden.<\/p>\n<p>Daarnaast kunt u ontspannen in ons zwembad of in de spa- en massageruimte, ontworpen om u maximaal welzijn te bieden na een dag vol avontuur.<\/p>\n\t\t\t\t\t<\/div>\n\n\t\t\t\t\t\t\t\t\t<\/div>\n\t\t\t<\/div>\n\t\t\t\t\t<\/div>\n\t\t\t<\/div>\n<\/div>\n<script type=\"text\/javascript\">\n\n\tdocument.addEventListener(\"DOMContentLoaded\", function() {\n\t\t$('#isabena-route-slider-69e5f9fa1257d .isabena-route-slider__route__list').slick({\n\t\t\tinfinite      : true,\n\t\t\tvariableWidth : false,\n\t\t\tslidesToShow  : 2,\n\t\t\tslidesToScroll: 1,\n\t\t\tresponsive :[\n\t\t\t\t{\n\t\t\t\t\tbreakpoint:768,\n\t\t\t\t\tsettings:{\n\t\t\t\t\t\tslidesToShow  : 1,\n\t\t\t\t\t}\n\t\t\t\t}\n\t\t\t]\n\t\t});\n\t});\n<\/script>\n\n\n<section class=\"blq-banner-img-txt banner-inverse banner-verde \" >\n\t<div class=\"container\">\n\t\t<div class=\"img gs_reveal gs_reveal_fromLeft\">\n\t\t\t\n\t\t\t\t\t\t<img decoding=\"async\" width=\"2560\" height=\"1920\" src=\"https:\/\/www.isabena.eu\/wp-content\/uploads\/2023\/03\/DJI_0006-scaled.jpg\" class=\"front\" alt=\"\" srcset=\"https:\/\/www.isabena.eu\/wp-content\/uploads\/2023\/03\/DJI_0006-scaled.jpg 2560w, https:\/\/www.isabena.eu\/wp-content\/uploads\/2023\/03\/DJI_0006-300x225.jpg 300w, https:\/\/www.isabena.eu\/wp-content\/uploads\/2023\/03\/DJI_0006-1024x768.jpg 1024w, https:\/\/www.isabena.eu\/wp-content\/uploads\/2023\/03\/DJI_0006-768x576.jpg 768w, https:\/\/www.isabena.eu\/wp-content\/uploads\/2023\/03\/DJI_0006-1536x1152.jpg 1536w, https:\/\/www.isabena.eu\/wp-content\/uploads\/2023\/03\/DJI_0006-2048x1536.jpg 2048w, https:\/\/www.isabena.eu\/wp-content\/uploads\/2023\/03\/DJI_0006-1747x1310.jpg 1747w\" sizes=\"(max-width: 2560px) 100vw, 2560px\" \/>\t\t\t\t\t\t\t<img decoding=\"async\" width=\"1073\" height=\"510\" src=\"https:\/\/www.isabena.eu\/wp-content\/uploads\/2023\/06\/im-motor.svg\" class=\"back\" alt=\"\" \/>\t\t\t\t\t<\/div>\n\t\t<div class=\"txt gs_reveal gs_reveal_fromRight\">\n\t\t\t<div class='bx'>\n\t\t\t\t<h2 class=\"title\">Motorroutes door de Spaanse Pyrenee\u00ebn<\/h2>\n\t\t\t\t<div class=\"content\"><p>Camping Is\u00e1bena biedt u niet alleen een slaapplaats; biedt u een complete ervaring die avontuur, natuur en comfort combineert.<\/p>\n<p>Of u nu op zoek bent naar spannende motorroutes, ontspannende rustdagen of leuke activiteiten voor het hele gezin, onze camping is uw ideale bestemming.<\/p>\n<p>Maak je klaar om de beste motorroutes door de Spaanse Pyrenee\u00ebn te ervaren en ontdek waarom zoveel reizigers Camping Is\u00e1bena als uitvalsbasis kiezen om deze indrukwekkende regio te verkennen.<\/p>\n<\/div>\n\t\t\t\t\t\t\t\t\t<div class=\"btn-link\">\n\t\t\t\t\t\t\t\t\t\t\t\t<a href=\"https:\/\/www.isabena.eu\/nl\/\" class=''>Meer informatie<\/a>\n\t\t\t\t\t<\/div>\n\t\t\t\t\t\t\t<\/div>\n\t\t<\/div>\n\t<\/div>\n<\/section>\n\n\n<div\n\tclass=\"isabena-text-slider wp-block-isabena-text-slider\" id=\"isabena-text-slider-69e5f9fa1bd3d\">\n\t<div class=\"container\">\n\t\t<h2 class=\"isabena-text-slider__title\">Eindeloze bochten voor motorliefhebbers<\/h2>\n\n\t\t\t\t<div class=\"isabena-text-slider__media\">\n\t\t\t<img decoding=\"async\" width=\"680\" height=\"510\" src=\"https:\/\/www.isabena.eu\/wp-content\/uploads\/2023\/03\/Enduro-Park-Isabena-1024x768.jpg\" class=\"isabena-text-slider__image\" alt=\"\" srcset=\"https:\/\/www.isabena.eu\/wp-content\/uploads\/2023\/03\/Enduro-Park-Isabena-1024x768.jpg 1024w, https:\/\/www.isabena.eu\/wp-content\/uploads\/2023\/03\/Enduro-Park-Isabena-300x225.jpg 300w, https:\/\/www.isabena.eu\/wp-content\/uploads\/2023\/03\/Enduro-Park-Isabena-768x576.jpg 768w, https:\/\/www.isabena.eu\/wp-content\/uploads\/2023\/03\/Enduro-Park-Isabena-1536x1152.jpg 1536w, https:\/\/www.isabena.eu\/wp-content\/uploads\/2023\/03\/Enduro-Park-Isabena-2048x1536.jpg 2048w, https:\/\/www.isabena.eu\/wp-content\/uploads\/2023\/03\/Enduro-Park-Isabena-1747x1310.jpg 1747w\" sizes=\"(max-width: 680px) 100vw, 680px\" \/><img decoding=\"async\" width=\"680\" height=\"454\" src=\"https:\/\/www.isabena.eu\/wp-content\/uploads\/2017\/10\/MG_3237-1-1024x683.jpg\" class=\"isabena-text-slider__image\" alt=\"\" srcset=\"https:\/\/www.isabena.eu\/wp-content\/uploads\/2017\/10\/MG_3237-1-1024x683.jpg 1024w, https:\/\/www.isabena.eu\/wp-content\/uploads\/2017\/10\/MG_3237-1-300x200.jpg 300w, https:\/\/www.isabena.eu\/wp-content\/uploads\/2017\/10\/MG_3237-1-768x512.jpg 768w, https:\/\/www.isabena.eu\/wp-content\/uploads\/2017\/10\/MG_3237-1-1536x1024.jpg 1536w, https:\/\/www.isabena.eu\/wp-content\/uploads\/2017\/10\/MG_3237-1-2048x1365.jpg 2048w, https:\/\/www.isabena.eu\/wp-content\/uploads\/2017\/10\/MG_3237-1-1965x1310.jpg 1965w\" sizes=\"(max-width: 680px) 100vw, 680px\" \/><img decoding=\"async\" width=\"680\" height=\"510\" src=\"https:\/\/www.isabena.eu\/wp-content\/uploads\/2017\/10\/P9101835-1-1024x768.jpg\" class=\"isabena-text-slider__image\" alt=\"\" srcset=\"https:\/\/www.isabena.eu\/wp-content\/uploads\/2017\/10\/P9101835-1-1024x768.jpg 1024w, https:\/\/www.isabena.eu\/wp-content\/uploads\/2017\/10\/P9101835-1-300x225.jpg 300w, https:\/\/www.isabena.eu\/wp-content\/uploads\/2017\/10\/P9101835-1-768x576.jpg 768w, https:\/\/www.isabena.eu\/wp-content\/uploads\/2017\/10\/P9101835-1-1536x1152.jpg 1536w, https:\/\/www.isabena.eu\/wp-content\/uploads\/2017\/10\/P9101835-1-2048x1536.jpg 2048w, https:\/\/www.isabena.eu\/wp-content\/uploads\/2017\/10\/P9101835-1-1747x1310.jpg 1747w\" sizes=\"(max-width: 680px) 100vw, 680px\" \/>\t\t<\/div>\n\t\t\n\t\t<div class=\"isabena-text-slider__content\">\n\t\t\t<h4 class=\"isabena-text-slider__subtitle\"><\/h4>\n\t\t\t<div class=\"isabena-text-slider__column__list\">\n\t\t\t\t<div class=\"isabena-text-slider__column__item isabena-text-slider__column__item--first\">\n\t\t\t\t\t\t\t\t\t<\/div>\n\t\t\t\t<div class=\"isabena-text-slider__column__item isabena-text-slider__column__item--last\">\n\t\t\t\t\t\t\t\t\t<\/div>\n\t\t\t<\/div>\n\t\t<\/div>\n\t<\/div>\n<\/div>\n<script type=\"text\/javascript\">\n\n\tdocument.addEventListener(\"DOMContentLoaded\", function() {\n\t\t$('#isabena-text-slider-69e5f9fa1bd3d .isabena-text-slider__media').slick({\n\t\t\tinfinite      : true,\n\t\t\tvariableWidth : false,\n\t\t\tslidesToShow  : 1,\n\t\t\tslidesToScroll: 1,\n\t\t\tarrows        : true,\n\t\t});\n\t});\n<\/script>\n","protected":false},"excerpt":{"rendered":"","protected":false},"author":2,"featured_media":0,"parent":0,"menu_order":0,"comment_status":"closed","ping_status":"closed","template":"tpl-landing.php","meta":{"_acf_changed":false,"_joinchat":[],"footnotes":""},"class_list":["post-12085","page","type-page","status-publish","hentry"],"acf":[],"yoast_head":"<!-- This site is optimized with the Yoast SEO plugin v24.7 - https:\/\/yoast.com\/wordpress\/plugins\/seo\/ -->\n<title>Motorroutes Spaanse Pyrenee\u00ebn - Camping Is\u00e1bena<\/title>\n<meta name=\"description\" content=\"Camping Is\u00e1bena is het startpunt voor het verkennen van de kronkelige wegen en magische landschappen die alleen de Spaanse Pyrenee\u00ebn kunnen bieden.\" \/>\n<meta name=\"robots\" content=\"index, follow, max-snippet:-1, max-image-preview:large, max-video-preview:-1\" \/>\n<link rel=\"canonical\" href=\"https:\/\/www.isabena.eu\/nl\/motorroutes-spaanse-pyreneeen\/\" \/>\n<meta property=\"og:locale\" content=\"nl_NL\" \/>\n<meta property=\"og:type\" content=\"article\" \/>\n<meta property=\"og:title\" content=\"Motorroutes Spaanse Pyrenee\u00ebn - Camping Is\u00e1bena\" \/>\n<meta property=\"og:description\" content=\"Camping Is\u00e1bena is het startpunt voor het verkennen van de kronkelige wegen en magische landschappen die alleen de Spaanse Pyrenee\u00ebn kunnen bieden.\" \/>\n<meta property=\"og:url\" content=\"https:\/\/www.isabena.eu\/nl\/motorroutes-spaanse-pyreneeen\/\" \/>\n<meta property=\"og:site_name\" content=\"Camping Is\u00e1bena\" \/>\n<meta property=\"article:publisher\" content=\"https:\/\/www.facebook.com\/Campingbungalparkisabena\" \/>\n<meta property=\"article:modified_time\" content=\"2024-05-28T13:12:27+00:00\" \/>\n<meta name=\"twitter:card\" content=\"summary_large_image\" \/>\n<meta name=\"twitter:site\" content=\"@CampingIsbena\" \/>\n<!-- \/ Yoast SEO plugin. -->","yoast_head_json":{"title":"Motorroutes Spaanse Pyrenee\u00ebn - Camping Is\u00e1bena","description":"Camping Is\u00e1bena is het startpunt voor het verkennen van de kronkelige wegen en magische landschappen die alleen de Spaanse Pyrenee\u00ebn kunnen bieden.","robots":{"index":"index","follow":"follow","max-snippet":"max-snippet:-1","max-image-preview":"max-image-preview:large","max-video-preview":"max-video-preview:-1"},"canonical":"https:\/\/www.isabena.eu\/nl\/motorroutes-spaanse-pyreneeen\/","og_locale":"nl_NL","og_type":"article","og_title":"Motorroutes Spaanse Pyrenee\u00ebn - Camping Is\u00e1bena","og_description":"Camping Is\u00e1bena is het startpunt voor het verkennen van de kronkelige wegen en magische landschappen die alleen de Spaanse Pyrenee\u00ebn kunnen bieden.","og_url":"https:\/\/www.isabena.eu\/nl\/motorroutes-spaanse-pyreneeen\/","og_site_name":"Camping Is\u00e1bena","article_publisher":"https:\/\/www.facebook.com\/Campingbungalparkisabena","article_modified_time":"2024-05-28T13:12:27+00:00","twitter_card":"summary_large_image","twitter_site":"@CampingIsbena","schema":{"@context":"https:\/\/schema.org","@graph":[{"@type":"WebPage","@id":"https:\/\/www.isabena.eu\/nl\/motorroutes-spaanse-pyreneeen\/","url":"https:\/\/www.isabena.eu\/nl\/motorroutes-spaanse-pyreneeen\/","name":"Motorroutes Spaanse Pyrenee\u00ebn - Camping Is\u00e1bena","isPartOf":{"@id":"https:\/\/www.isabena.eu\/nl\/#website"},"datePublished":"2024-04-10T05:03:41+00:00","dateModified":"2024-05-28T13:12:27+00:00","description":"Camping Is\u00e1bena is het startpunt voor het verkennen van de kronkelige wegen en magische landschappen die alleen de Spaanse Pyrenee\u00ebn kunnen bieden.","breadcrumb":{"@id":"https:\/\/www.isabena.eu\/nl\/motorroutes-spaanse-pyreneeen\/#breadcrumb"},"inLanguage":"nl-NL","potentialAction":[{"@type":"ReadAction","target":["https:\/\/www.isabena.eu\/nl\/motorroutes-spaanse-pyreneeen\/"]}]},{"@type":"BreadcrumbList","@id":"https:\/\/www.isabena.eu\/nl\/motorroutes-spaanse-pyreneeen\/#breadcrumb","itemListElement":[{"@type":"ListItem","position":1,"name":"Home","item":"https:\/\/www.isabena.eu\/nl\/"},{"@type":"ListItem","position":2,"name":"Landing motorroutes Spaanse Pyrenee\u00ebn"}]},{"@type":"WebSite","@id":"https:\/\/www.isabena.eu\/nl\/#website","url":"https:\/\/www.isabena.eu\/nl\/","name":"Camping Is\u00e1bena","description":"Bienvenidos al Camping &amp; Bungalowpark Is\u00e1bena en La Puebla de Roda, en el sur de los Pirineos Centrales. Un camping acogedor con miles de actividades disponibles.","publisher":{"@id":"https:\/\/www.isabena.eu\/nl\/#organization"},"alternateName":"Camping Is\u00e1bena","potentialAction":[{"@type":"SearchAction","target":{"@type":"EntryPoint","urlTemplate":"https:\/\/www.isabena.eu\/nl\/?s={search_term_string}"},"query-input":{"@type":"PropertyValueSpecification","valueRequired":true,"valueName":"search_term_string"}}],"inLanguage":"nl-NL"},{"@type":"Organization","@id":"https:\/\/www.isabena.eu\/nl\/#organization","name":"Camping Is\u00e1bena","alternateName":"Camping Is\u00e1bena","url":"https:\/\/www.isabena.eu\/nl\/","logo":{"@type":"ImageObject","inLanguage":"nl-NL","@id":"https:\/\/www.isabena.eu\/nl\/#\/schema\/logo\/image\/","url":"https:\/\/www.isabena.eu\/wp-content\/uploads\/2023\/06\/Logo-Color-cuadrado.png","contentUrl":"https:\/\/www.isabena.eu\/wp-content\/uploads\/2023\/06\/Logo-Color-cuadrado.png","width":314,"height":314,"caption":"Camping Is\u00e1bena"},"image":{"@id":"https:\/\/www.isabena.eu\/nl\/#\/schema\/logo\/image\/"},"sameAs":["https:\/\/www.facebook.com\/Campingbungalparkisabena","https:\/\/x.com\/CampingIsbena","https:\/\/www.instagram.com\/camping_bungalowpark_isabena\/","https:\/\/www.youtube.com\/user\/CampingIsabena"]}]}},"_links":{"self":[{"href":"https:\/\/www.isabena.eu\/nl\/wp-json\/wp\/v2\/pages\/12085","targetHints":{"allow":["GET"]}}],"collection":[{"href":"https:\/\/www.isabena.eu\/nl\/wp-json\/wp\/v2\/pages"}],"about":[{"href":"https:\/\/www.isabena.eu\/nl\/wp-json\/wp\/v2\/types\/page"}],"author":[{"embeddable":true,"href":"https:\/\/www.isabena.eu\/nl\/wp-json\/wp\/v2\/users\/2"}],"replies":[{"embeddable":true,"href":"https:\/\/www.isabena.eu\/nl\/wp-json\/wp\/v2\/comments?post=12085"}],"version-history":[{"count":1,"href":"https:\/\/www.isabena.eu\/nl\/wp-json\/wp\/v2\/pages\/12085\/revisions"}],"predecessor-version":[{"id":12087,"href":"https:\/\/www.isabena.eu\/nl\/wp-json\/wp\/v2\/pages\/12085\/revisions\/12087"}],"wp:attachment":[{"href":"https:\/\/www.isabena.eu\/nl\/wp-json\/wp\/v2\/media?parent=12085"}],"curies":[{"name":"wp","href":"https:\/\/api.w.org\/{rel}","templated":true}]}}