{"id":12064,"date":"2024-04-10T06:26:01","date_gmt":"2024-04-10T04:26:01","guid":{"rendered":"https:\/\/www.isabena.eu\/alojamiento-en-roda-de-isabena\/"},"modified":"2024-05-29T08:18:23","modified_gmt":"2024-05-29T06:18:23","slug":"acommodatie-in-roda-de-isabena","status":"publish","type":"page","link":"https:\/\/www.isabena.eu\/nl\/acommodatie-in-roda-de-isabena\/","title":{"rendered":"Landing acommodatie in Roda de Is\u00e1bena"},"content":{"rendered":"<section class=\"blq-banner-carousel\">\n\t<div class=\"bg with-overlay\">\n\t\t\t\t\t\t\t\t\t\t\t\t\t\t<figure>\n\t\t\t\t\t\t<img decoding=\"async\" src=\"https:\/\/www.isabena.eu\/wp-content\/uploads\/2023\/07\/Foto-valle-scaled.jpg\" alt=\" \"  \/>\n\t\t\t\t\t<\/figure>\n\t\t\t\t\t\t\t\t\t\t<\/div>\n\t\t\t<div class=\"box-content\">\n\t\t<div class=\"container\">\n\t\t\t\t\t\t\t<h1>Acommodatie in Roda de Is\u00e1bena<\/h1>\n\t\t\t\t\t\t\t\t\t<div class='content'><p><strong>Uw perfecte accommodatie in het hart van de Spaanse Pyrenee\u00ebn<\/strong><\/p>\n<\/div>\n\t\t\t\t\t\t\t\t\t\t\t\t\t<\/div>\n\t<\/div>\n\t<\/section>\n\n\n<section class=\"blq-banner-img-txt   \" >\n\t<div class=\"container\">\n\t\t<div class=\"img gs_reveal gs_reveal_fromRight\">\n\t\t\t\n\t\t\t\t\t\t<img decoding=\"async\" width=\"2560\" height=\"1920\" src=\"https:\/\/www.isabena.eu\/wp-content\/uploads\/2023\/07\/2305.009361-scaled.jpg\" class=\"front\" alt=\"Vista a\u00e9rea del Camping Is\u00e1bena, con su piscina perfecta para disfrutar de vacaciones en verano en el Pirineo aragon\u00e9s. Aerial view of Camping Is\u00e1bena, with its pool, perfect for enjoying a summer vacation in the Aragonese Pyrenees. Vue a\u00e9rienne du Camping Is\u00e1bena, avec sa piscine, parfaite pour profiter de vacances d&#039;\u00e9t\u00e9 dans les Pyr\u00e9n\u00e9es aragonaises. Luftaufnahme des Campingplatzes Is\u00e1bena mit seinem Pool, perfekt f\u00fcr einen Sommerurlaub in den aragonesischen Pyren\u00e4en. Luchtfoto van Camping Is\u00e1bena, met zwembad, ideaal voor een zomervakantie in de Aragonese Pyrenee\u00ebn.\" srcset=\"https:\/\/www.isabena.eu\/wp-content\/uploads\/2023\/07\/2305.009361-scaled.jpg 2560w, https:\/\/www.isabena.eu\/wp-content\/uploads\/2023\/07\/2305.009361-300x225.jpg 300w, https:\/\/www.isabena.eu\/wp-content\/uploads\/2023\/07\/2305.009361-1024x768.jpg 1024w, https:\/\/www.isabena.eu\/wp-content\/uploads\/2023\/07\/2305.009361-768x576.jpg 768w, https:\/\/www.isabena.eu\/wp-content\/uploads\/2023\/07\/2305.009361-1536x1152.jpg 1536w, https:\/\/www.isabena.eu\/wp-content\/uploads\/2023\/07\/2305.009361-2048x1536.jpg 2048w, https:\/\/www.isabena.eu\/wp-content\/uploads\/2023\/07\/2305.009361-1747x1310.jpg 1747w\" sizes=\"(max-width: 2560px) 100vw, 2560px\" \/>\t\t\t\t\t\t\t<img decoding=\"async\" width=\"2560\" height=\"1708\" src=\"https:\/\/www.isabena.eu\/wp-content\/uploads\/2023\/07\/2305.00708-scaled.jpg\" class=\"back\" alt=\"Boek een bungalow op een camping in de Pyrenee\u00ebn, ideaal voor een gezinsvakantie - Camping Is\u00e1bena\" srcset=\"https:\/\/www.isabena.eu\/wp-content\/uploads\/2023\/07\/2305.00708-scaled.jpg 2560w, https:\/\/www.isabena.eu\/wp-content\/uploads\/2023\/07\/2305.00708-300x200.jpg 300w, https:\/\/www.isabena.eu\/wp-content\/uploads\/2023\/07\/2305.00708-1024x683.jpg 1024w, https:\/\/www.isabena.eu\/wp-content\/uploads\/2023\/07\/2305.00708-768x512.jpg 768w, https:\/\/www.isabena.eu\/wp-content\/uploads\/2023\/07\/2305.00708-1536x1025.jpg 1536w, https:\/\/www.isabena.eu\/wp-content\/uploads\/2023\/07\/2305.00708-2048x1366.jpg 2048w, https:\/\/www.isabena.eu\/wp-content\/uploads\/2023\/07\/2305.00708-1964x1310.jpg 1964w\" sizes=\"(max-width: 2560px) 100vw, 2560px\" \/>\t\t\t\t\t<\/div>\n\t\t<div class=\"txt gs_reveal gs_reveal_fromLeft\">\n\t\t\t<div class='bx'>\n\t\t\t\t<h2 class=\"title\">Camping &#038; Bungalowpark Is\u00e1bena<\/h2>\n\t\t\t\t<div class=\"content\"><p>Bent u op zoek naar een toevluchtsoord in de natuur, zonder het comfort en de warmte op te geven van een accommodatie in Roda de Is\u00e1bena, ontworpen voor gezinsplezier? Wij nodigen u uit voor een onvergetelijke vakantie op Camping Is\u00e1bena!<\/p>\n<p>Elke bezoeker heeft zijn eigen voorkeuren. Daarom bieden wij u een breed scala aan accommodatiemogelijkheden die u een zeer comfortabel verblijf garanderen.<\/p>\n<\/div>\n\t\t\t\t\t\t\t\t\t<div class=\"btn-link\">\n\t\t\t\t\t\t\t\t\t\t\t\t<a href=\"https:\/\/bookingpremium.secureholiday.net\/nl\/5221\/search\/product-list?searchType=exact&#038;productType=all&#038;filterStatus=showPeriod\" class=''>Reserveren<\/a>\n\t\t\t\t\t<\/div>\n\t\t\t\t\t\t\t<\/div>\n\t\t<\/div>\n\t<\/div>\n<\/section>\n\n\n<div\n\tclass=\"isabena-ordered-columns wp-block-isabena-ordered-columns\">\n\t<div class=\"container\">\n\t\t<div class=\"isabena-ordered-columns__list\">\n\t\t\t\t\t<div class=\"isabena-ordered-columns__item\">\n\t\t\t\t<h2 class=\"isabena-ordered-columns__item__title\">\n\t\t\t\t\t<strong>01.<\/strong>\n\t\t\t\t\tBungalows en Mobil-homes\t\t\t\t<\/h2>\n\t\t\t\t<div class=\"isabena-ordered-columns__item__description\">\n\t\t\t\t\tBungalows de madera y con una capacidad de hasta seis personas. Mobile-homes para cuatro aventureros.\t\t\t\t<\/div>\n\t\t\t<\/div>\n\t\t\t\t\t\t<div class=\"isabena-ordered-columns__item\">\n\t\t\t\t<h2 class=\"isabena-ordered-columns__item__title\">\n\t\t\t\t\t<strong>02.<\/strong>\n\t\t\t\t\tHouten huttjes\t\t\t\t<\/h2>\n\t\t\t\t<div class=\"isabena-ordered-columns__item__description\">\n\t\t\t\t\tUbicadas en una de las zonas m\u00e1s tranquilas del camping y cuentan con una espectacular vista a la monta\u00f1a.\t\t\t\t<\/div>\n\t\t\t<\/div>\n\t\t\t\t\t\t<div class=\"isabena-ordered-columns__item\">\n\t\t\t\t<h2 class=\"isabena-ordered-columns__item__title\">\n\t\t\t\t\t<strong>03.<\/strong>\n\t\t\t\t\tKampeerplaatsen\t\t\t\t<\/h2>\n\t\t\t\t<div class=\"isabena-ordered-columns__item__description\">\n\t\t\t\t\tUn total de 85 parcelas cubiertas de c\u00e9sped, que var\u00edan entre los 80 y 100 metros cuadrados y cuentan con una potencia el\u00e9ctrica de 6 amperios.\t\t\t\t<\/div>\n\t\t\t<\/div>\n\t\t\t\t\t<\/div>\n\t<\/div>\n<\/div>\n\t\n\n<section class=\"blq-banner-img-txt   banner-with-container-image60\" >\n\t<div class=\"container\">\n\t\t<div class=\"img gs_reveal gs_reveal_fromRight\">\n\t\t\t\n\t\t\t\t\t\t<img decoding=\"async\" width=\"1280\" height=\"854\" src=\"https:\/\/www.isabena.eu\/wp-content\/uploads\/2023\/06\/Holzhauschen-Aussenansicht.jpg\" class=\"\" alt=\"\" srcset=\"https:\/\/www.isabena.eu\/wp-content\/uploads\/2023\/06\/Holzhauschen-Aussenansicht.jpg 1280w, https:\/\/www.isabena.eu\/wp-content\/uploads\/2023\/06\/Holzhauschen-Aussenansicht-300x200.jpg 300w, https:\/\/www.isabena.eu\/wp-content\/uploads\/2023\/06\/Holzhauschen-Aussenansicht-1024x683.jpg 1024w, https:\/\/www.isabena.eu\/wp-content\/uploads\/2023\/06\/Holzhauschen-Aussenansicht-768x512.jpg 768w\" sizes=\"(max-width: 1280px) 100vw, 1280px\" \/>\t\t\t\t\t<\/div>\n\t\t<div class=\"txt gs_reveal gs_reveal_fromLeft\">\n\t\t\t<div class='bx'>\n\t\t\t\t<h2 class=\"title\">Een accommodatie voor elke stijl reiziger<\/h2>\n\t\t\t\t<div class=\"content\"><p>Met een perfecte combinatie van natuur, comfort en plezier staan \u200b\u200bwij klaar om van uw vakantie een onvergetelijke ervaring te maken.<\/p>\n<\/div>\n\t\t\t\t\t\t\t\t\t<div class=\"btn-link\">\n\t\t\t\t\t\t\t\t\t\t\t\t<a href=\"https:\/\/www.isabena.eu\/nl\/accommodatie\/\" class=''>Ontdek accommodaties<\/a>\n\t\t\t\t\t<\/div>\n\t\t\t\t\t\t\t<\/div>\n\t\t<\/div>\n\t<\/div>\n<\/section>\n\n\n<div\n\tclass=\"isabena-route-slider wp-block-isabena-route-slider\" id=\"isabena-route-slider-69e5fe91369e0\">\n\t<div class=\"container\">\n\t\t<h2 class=\"isabena-route-slider__title\">Familie-entertainment<\/h2>\n\t\t<h4 class=\"isabena-route-slider__subtitle\">Een bestemming vol leven<\/h4>\n\n\t\t\t\t<div class=\"isabena-route-slider__route__list\">\n\t\t\t\t\t\t<div class=\"isabena-route-slider__route__item\">\n\t\t\t\t<div class=\"isabena-route-slider__route__media\">\n\t\t\t\t\t<img decoding=\"async\" width=\"680\" height=\"510\" src=\"https:\/\/www.isabena.eu\/wp-content\/uploads\/2023\/04\/P1011355-2.jpg\" class=\"isabena-route-slider__route__image\" alt=\"\" srcset=\"https:\/\/www.isabena.eu\/wp-content\/uploads\/2023\/04\/P1011355-2.jpg 800w, https:\/\/www.isabena.eu\/wp-content\/uploads\/2023\/04\/P1011355-2-300x225.jpg 300w, https:\/\/www.isabena.eu\/wp-content\/uploads\/2023\/04\/P1011355-2-768x576.jpg 768w\" sizes=\"(max-width: 680px) 100vw, 680px\" \/>\t\t\t\t<\/div>\n\t\t\t\t<div class=\"isabena-route-slider__route__content\">\n\t\t\t\t\t<h3 class=\"isabena-route-slider__route__title\">\n\t\t\t\t\t\tActiviteiten ter vermaak voor het hele gezin\t\t\t\t\t<\/h3>\n\t\t\t\t\t<div class=\"isabena-route-slider__route__description\">\n\t\t\t\t\t\t<p>We hebben het niet alleen over een plek om accommodatie te vinden in Roda de Is\u00e1bena, maar over een bestemming vol leven en activiteiten, ontworpen voor het plezier van het hele gezin.<\/p>\n<p>Jongeren kunnen zich vermaken en leren in een stimulerende en veilige omgeving, terwijl volwassenen de paden verkennen of zich onderdompelen in watersporten in de dichtstbijzijnde meren en rivieren.<\/p>\n<p>En voor motorliefhebbers? Wij bieden spannende routes aan die het unieke landschap van de Spaanse Pyrenee\u00ebn doorkruisen.<\/p>\n\t\t\t\t\t<\/div>\n\n\t\t\t\t\t\t\t\t\t<\/div>\n\t\t\t<\/div>\n\t\t\t\t\t\t<div class=\"isabena-route-slider__route__item\">\n\t\t\t\t<div class=\"isabena-route-slider__route__media\">\n\t\t\t\t\t<img decoding=\"async\" width=\"680\" height=\"454\" src=\"https:\/\/www.isabena.eu\/wp-content\/uploads\/2023\/06\/i-ffBRm6v-X3-1024x683.jpg\" class=\"isabena-route-slider__route__image\" alt=\"\" srcset=\"https:\/\/www.isabena.eu\/wp-content\/uploads\/2023\/06\/i-ffBRm6v-X3-1024x683.jpg 1024w, https:\/\/www.isabena.eu\/wp-content\/uploads\/2023\/06\/i-ffBRm6v-X3-300x200.jpg 300w, https:\/\/www.isabena.eu\/wp-content\/uploads\/2023\/06\/i-ffBRm6v-X3-768x512.jpg 768w, https:\/\/www.isabena.eu\/wp-content\/uploads\/2023\/06\/i-ffBRm6v-X3-1536x1024.jpg 1536w, https:\/\/www.isabena.eu\/wp-content\/uploads\/2023\/06\/i-ffBRm6v-X3.jpg 1600w\" sizes=\"(max-width: 680px) 100vw, 680px\" \/>\t\t\t\t<\/div>\n\t\t\t\t<div class=\"isabena-route-slider__route__content\">\n\t\t\t\t\t<h3 class=\"isabena-route-slider__route__title\">\n\t\t\t\t\t\tGastronomie en ontspanning tijdens uw accommodatie in Roda de Is\u00e1bena\t\t\t\t\t<\/h3>\n\t\t\t\t\t<div class=\"isabena-route-slider__route__description\">\n\t\t\t\t\t\t<p>Na een dag vol sensatie wachten onze bar en restaurant op u om u het beste van de lokale en internationale keuken aan te bieden.<\/p>\n<p>Daarnaast kunt u tijdens uw accommodatie in Roda de Is\u00e1bena genieten van momenten van pure ontspanning, in ons zwembad of spa- en massagecentrum.<\/p>\n\t\t\t\t\t<\/div>\n\n\t\t\t\t\t\t\t\t\t<\/div>\n\t\t\t<\/div>\n\t\t\t\t\t\t<div class=\"isabena-route-slider__route__item\">\n\t\t\t\t<div class=\"isabena-route-slider__route__media\">\n\t\t\t\t\t<img decoding=\"async\" width=\"680\" height=\"510\" src=\"https:\/\/www.isabena.eu\/wp-content\/uploads\/2023\/07\/2305.009471-1024x768.jpg\" class=\"isabena-route-slider__route__image\" alt=\"\" srcset=\"https:\/\/www.isabena.eu\/wp-content\/uploads\/2023\/07\/2305.009471-1024x768.jpg 1024w, https:\/\/www.isabena.eu\/wp-content\/uploads\/2023\/07\/2305.009471-300x225.jpg 300w, https:\/\/www.isabena.eu\/wp-content\/uploads\/2023\/07\/2305.009471-768x576.jpg 768w, https:\/\/www.isabena.eu\/wp-content\/uploads\/2023\/07\/2305.009471-1536x1152.jpg 1536w, https:\/\/www.isabena.eu\/wp-content\/uploads\/2023\/07\/2305.009471-2048x1536.jpg 2048w, https:\/\/www.isabena.eu\/wp-content\/uploads\/2023\/07\/2305.009471-1747x1310.jpg 1747w\" sizes=\"(max-width: 680px) 100vw, 680px\" \/>\t\t\t\t<\/div>\n\t\t\t\t<div class=\"isabena-route-slider__route__content\">\n\t\t\t\t\t<h3 class=\"isabena-route-slider__route__title\">\n\t\t\t\t\t\tRoda de Is\u00e1bena: een schat om te ontdekken\t\t\t\t\t<\/h3>\n\t\t\t\t\t<div class=\"isabena-route-slider__route__description\">\n\t\t\t\t\t\t<p>Onze camping is het ideale startpunt om dit juweel van de Spaanse Pyrenee\u00ebn te ontdekken. Van de indrukwekkende kathedraal tot de geplaveide straten vol geschiedenis: Roda de Is\u00e1bena nodigt je uit om jezelf onder te dompelen in de rijke cultuur en natuurlijke schoonheid.<\/p>\n\t\t\t\t\t<\/div>\n\n\t\t\t\t\t\t\t\t\t<\/div>\n\t\t\t<\/div>\n\t\t\t\t\t<\/div>\n\t\t\t<\/div>\n<\/div>\n<script type=\"text\/javascript\">\n\n\tdocument.addEventListener(\"DOMContentLoaded\", function() {\n\t\t$('#isabena-route-slider-69e5fe91369e0 .isabena-route-slider__route__list').slick({\n\t\t\tinfinite      : true,\n\t\t\tvariableWidth : false,\n\t\t\tslidesToShow  : 2,\n\t\t\tslidesToScroll: 1,\n\t\t\tresponsive :[\n\t\t\t\t{\n\t\t\t\t\tbreakpoint:768,\n\t\t\t\t\tsettings:{\n\t\t\t\t\t\tslidesToShow  : 1,\n\t\t\t\t\t}\n\t\t\t\t}\n\t\t\t]\n\t\t});\n\t});\n<\/script>\n\n\n<section class=\"blq-banner-img-txt banner-inverse banner-verde \" >\n\t<div class=\"container\">\n\t\t<div class=\"img gs_reveal gs_reveal_fromLeft\">\n\t\t\t\n\t\t\t\t\t\t<img decoding=\"async\" width=\"2560\" height=\"1708\" src=\"https:\/\/www.isabena.eu\/wp-content\/uploads\/2023\/07\/2305.01224-scaled.jpg\" class=\"front\" alt=\"\" srcset=\"https:\/\/www.isabena.eu\/wp-content\/uploads\/2023\/07\/2305.01224-scaled.jpg 2560w, https:\/\/www.isabena.eu\/wp-content\/uploads\/2023\/07\/2305.01224-300x200.jpg 300w, https:\/\/www.isabena.eu\/wp-content\/uploads\/2023\/07\/2305.01224-1024x683.jpg 1024w, https:\/\/www.isabena.eu\/wp-content\/uploads\/2023\/07\/2305.01224-768x512.jpg 768w, https:\/\/www.isabena.eu\/wp-content\/uploads\/2023\/07\/2305.01224-1536x1025.jpg 1536w, https:\/\/www.isabena.eu\/wp-content\/uploads\/2023\/07\/2305.01224-2048x1366.jpg 2048w, https:\/\/www.isabena.eu\/wp-content\/uploads\/2023\/07\/2305.01224-1964x1310.jpg 1964w\" sizes=\"(max-width: 2560px) 100vw, 2560px\" \/>\t\t\t\t\t\t\t<img decoding=\"async\" width=\"13967\" height=\"7311\" src=\"https:\/\/www.isabena.eu\/wp-content\/uploads\/2023\/07\/2305.00675-Pano-Editar.jpg\" class=\"back\" alt=\"Descubre qu\u00e9 incluyen los bungalows y caba\u00f1as de madera del Camping Is\u00e1bena en el Pirineo Aragon\u00e9s. \u00a1Naturaleza, confort y aventura te esperan este verano! Discover what&#039;s included in the bungalows and wooden cabins at Camping Is\u00e1bena in the Spanish Pyrenees. Nature, comfort, and adventure await you this summer! D\u00e9couvrez les prestations des bungalows et cabanes en bois du Camping Is\u00e1bena, dans les Pyr\u00e9n\u00e9es espagnoles. Nature, confort et aventure vous attendent cet \u00e9t\u00e9\u00a0! Entdecken Sie, was in den Bungalows und Holzh\u00fctten auf dem Campingplatz Is\u00e1bena in den spanischen Pyren\u00e4en enthalten ist. Natur, Komfort und Abenteuer erwarten Sie diesen Sommer! Ontdek wat er allemaal is inbegrepen in de bungalows en houten hutten op Camping Is\u00e1bena in de Spaanse Pyrenee\u00ebn. Natuur, comfort en avontuur wachten op u deze zomer!\" \/>\t\t\t\t\t<\/div>\n\t\t<div class=\"txt gs_reveal gs_reveal_fromRight\">\n\t\t\t<div class='bx'>\n\t\t\t\t<h2 class=\"title\">Uw ideale accommodatiebestemming in Roda de Is\u00e1bena<\/h2>\n\t\t\t\t<div class=\"content\"><p>Bent u op zoek naar avontuur, ontspanning of gewoon quality time met uw dierbaren? Wij zijn uw ideale accommodatiebestemming in Roda de Is\u00e1bena!<\/p>\n<\/div>\n\t\t\t\t\t\t\t\t\t<div class=\"btn-link\">\n\t\t\t\t\t\t\t\t\t\t\t\t<a href=\"isabena.eu\" class=''>M\u00e1s informaci\u00f3n<\/a>\n\t\t\t\t\t<\/div>\n\t\t\t\t\t\t\t<\/div>\n\t\t<\/div>\n\t<\/div>\n<\/section>\n","protected":false},"excerpt":{"rendered":"","protected":false},"author":2,"featured_media":0,"parent":0,"menu_order":0,"comment_status":"closed","ping_status":"closed","template":"tpl-landing.php","meta":{"_acf_changed":false,"_joinchat":[],"footnotes":""},"class_list":["post-12064","page","type-page","status-publish","hentry"],"acf":[],"yoast_head":"<!-- This site is optimized with the Yoast SEO plugin v24.7 - https:\/\/yoast.com\/wordpress\/plugins\/seo\/ -->\n<title>Acommodatie in Roda de Is\u00e1bena - Camping Is\u00e1bena<\/title>\n<meta name=\"description\" content=\"We nodigen je uit voor een onvergetelijke vakantie op Camping Is\u00e1bena! Een toevluchtsoord in de natuur zonder af te zien van comfort met onze faciliteiten.\" \/>\n<meta name=\"robots\" content=\"index, follow, max-snippet:-1, max-image-preview:large, max-video-preview:-1\" \/>\n<link rel=\"canonical\" href=\"https:\/\/www.isabena.eu\/nl\/acommodatie-in-roda-de-isabena\/\" \/>\n<meta property=\"og:locale\" content=\"nl_NL\" \/>\n<meta property=\"og:type\" content=\"article\" \/>\n<meta property=\"og:title\" content=\"Acommodatie in Roda de Is\u00e1bena - Camping Is\u00e1bena\" \/>\n<meta property=\"og:description\" content=\"We nodigen je uit voor een onvergetelijke vakantie op Camping Is\u00e1bena! Een toevluchtsoord in de natuur zonder af te zien van comfort met onze faciliteiten.\" \/>\n<meta property=\"og:url\" content=\"https:\/\/www.isabena.eu\/nl\/acommodatie-in-roda-de-isabena\/\" \/>\n<meta property=\"og:site_name\" content=\"Camping Is\u00e1bena\" \/>\n<meta property=\"article:publisher\" content=\"https:\/\/www.facebook.com\/Campingbungalparkisabena\" \/>\n<meta property=\"article:modified_time\" content=\"2024-05-29T06:18:23+00:00\" \/>\n<meta name=\"twitter:card\" content=\"summary_large_image\" \/>\n<meta name=\"twitter:site\" content=\"@CampingIsbena\" \/>\n<!-- \/ Yoast SEO plugin. -->","yoast_head_json":{"title":"Acommodatie in Roda de Is\u00e1bena - Camping Is\u00e1bena","description":"We nodigen je uit voor een onvergetelijke vakantie op Camping Is\u00e1bena! Een toevluchtsoord in de natuur zonder af te zien van comfort met onze faciliteiten.","robots":{"index":"index","follow":"follow","max-snippet":"max-snippet:-1","max-image-preview":"max-image-preview:large","max-video-preview":"max-video-preview:-1"},"canonical":"https:\/\/www.isabena.eu\/nl\/acommodatie-in-roda-de-isabena\/","og_locale":"nl_NL","og_type":"article","og_title":"Acommodatie in Roda de Is\u00e1bena - Camping Is\u00e1bena","og_description":"We nodigen je uit voor een onvergetelijke vakantie op Camping Is\u00e1bena! Een toevluchtsoord in de natuur zonder af te zien van comfort met onze faciliteiten.","og_url":"https:\/\/www.isabena.eu\/nl\/acommodatie-in-roda-de-isabena\/","og_site_name":"Camping Is\u00e1bena","article_publisher":"https:\/\/www.facebook.com\/Campingbungalparkisabena","article_modified_time":"2024-05-29T06:18:23+00:00","twitter_card":"summary_large_image","twitter_site":"@CampingIsbena","schema":{"@context":"https:\/\/schema.org","@graph":[{"@type":"WebPage","@id":"https:\/\/www.isabena.eu\/nl\/acommodatie-in-roda-de-isabena\/","url":"https:\/\/www.isabena.eu\/nl\/acommodatie-in-roda-de-isabena\/","name":"Acommodatie in Roda de Is\u00e1bena - Camping Is\u00e1bena","isPartOf":{"@id":"https:\/\/www.isabena.eu\/nl\/#website"},"datePublished":"2024-04-10T04:26:01+00:00","dateModified":"2024-05-29T06:18:23+00:00","description":"We nodigen je uit voor een onvergetelijke vakantie op Camping Is\u00e1bena! Een toevluchtsoord in de natuur zonder af te zien van comfort met onze faciliteiten.","breadcrumb":{"@id":"https:\/\/www.isabena.eu\/nl\/acommodatie-in-roda-de-isabena\/#breadcrumb"},"inLanguage":"nl-NL","potentialAction":[{"@type":"ReadAction","target":["https:\/\/www.isabena.eu\/nl\/acommodatie-in-roda-de-isabena\/"]}]},{"@type":"BreadcrumbList","@id":"https:\/\/www.isabena.eu\/nl\/acommodatie-in-roda-de-isabena\/#breadcrumb","itemListElement":[{"@type":"ListItem","position":1,"name":"Home","item":"https:\/\/www.isabena.eu\/nl\/"},{"@type":"ListItem","position":2,"name":"Landing acommodatie in Roda de Is\u00e1bena"}]},{"@type":"WebSite","@id":"https:\/\/www.isabena.eu\/nl\/#website","url":"https:\/\/www.isabena.eu\/nl\/","name":"Camping Is\u00e1bena","description":"Bienvenidos al Camping &amp; Bungalowpark Is\u00e1bena en La Puebla de Roda, en el sur de los Pirineos Centrales. Un camping acogedor con miles de actividades disponibles.","publisher":{"@id":"https:\/\/www.isabena.eu\/nl\/#organization"},"alternateName":"Camping Is\u00e1bena","potentialAction":[{"@type":"SearchAction","target":{"@type":"EntryPoint","urlTemplate":"https:\/\/www.isabena.eu\/nl\/?s={search_term_string}"},"query-input":{"@type":"PropertyValueSpecification","valueRequired":true,"valueName":"search_term_string"}}],"inLanguage":"nl-NL"},{"@type":"Organization","@id":"https:\/\/www.isabena.eu\/nl\/#organization","name":"Camping Is\u00e1bena","alternateName":"Camping Is\u00e1bena","url":"https:\/\/www.isabena.eu\/nl\/","logo":{"@type":"ImageObject","inLanguage":"nl-NL","@id":"https:\/\/www.isabena.eu\/nl\/#\/schema\/logo\/image\/","url":"https:\/\/www.isabena.eu\/wp-content\/uploads\/2023\/06\/Logo-Color-cuadrado.png","contentUrl":"https:\/\/www.isabena.eu\/wp-content\/uploads\/2023\/06\/Logo-Color-cuadrado.png","width":314,"height":314,"caption":"Camping Is\u00e1bena"},"image":{"@id":"https:\/\/www.isabena.eu\/nl\/#\/schema\/logo\/image\/"},"sameAs":["https:\/\/www.facebook.com\/Campingbungalparkisabena","https:\/\/x.com\/CampingIsbena","https:\/\/www.instagram.com\/camping_bungalowpark_isabena\/","https:\/\/www.youtube.com\/user\/CampingIsabena"]}]}},"_links":{"self":[{"href":"https:\/\/www.isabena.eu\/nl\/wp-json\/wp\/v2\/pages\/12064","targetHints":{"allow":["GET"]}}],"collection":[{"href":"https:\/\/www.isabena.eu\/nl\/wp-json\/wp\/v2\/pages"}],"about":[{"href":"https:\/\/www.isabena.eu\/nl\/wp-json\/wp\/v2\/types\/page"}],"author":[{"embeddable":true,"href":"https:\/\/www.isabena.eu\/nl\/wp-json\/wp\/v2\/users\/2"}],"replies":[{"embeddable":true,"href":"https:\/\/www.isabena.eu\/nl\/wp-json\/wp\/v2\/comments?post=12064"}],"version-history":[{"count":1,"href":"https:\/\/www.isabena.eu\/nl\/wp-json\/wp\/v2\/pages\/12064\/revisions"}],"predecessor-version":[{"id":12066,"href":"https:\/\/www.isabena.eu\/nl\/wp-json\/wp\/v2\/pages\/12064\/revisions\/12066"}],"wp:attachment":[{"href":"https:\/\/www.isabena.eu\/nl\/wp-json\/wp\/v2\/media?parent=12064"}],"curies":[{"name":"wp","href":"https:\/\/api.w.org\/{rel}","templated":true}]}}