{"id":12060,"date":"2024-04-10T06:26:25","date_gmt":"2024-04-10T04:26:25","guid":{"rendered":"https:\/\/www.isabena.eu\/alojamiento-rutas-en-moto\/"},"modified":"2024-05-28T15:19:22","modified_gmt":"2024-05-28T13:19:22","slug":"acommodatie-motorroutes","status":"publish","type":"page","link":"https:\/\/www.isabena.eu\/nl\/acommodatie-motorroutes\/","title":{"rendered":"Landing acommodatie motorroutes"},"content":{"rendered":"<section class=\"blq-banner-carousel\">\n\t<div class=\"bg with-overlay\">\n\t\t\t\t\t\t\t\t\t\t\t\t\t\t<figure>\n\t\t\t\t\t\t<img decoding=\"async\" src=\"https:\/\/www.isabena.eu\/wp-content\/uploads\/2023\/06\/ruta-motoO.png\" alt=\" \"  \/>\n\t\t\t\t\t<\/figure>\n\t\t\t\t\t\t\t\t\t\t<\/div>\n\t\t\t<div class=\"box-content\">\n\t\t<div class=\"container\">\n\t\t\t\t\t\t\t<h1>Acommodatie motorroutes<\/h1>\n\t\t\t\t\t\t\t\t\t<div class='content'><p><strong>Ontdek de Spaanse Pyrenee\u00ebn op twee wielen<\/strong><\/p>\n<\/div>\n\t\t\t\t\t\t\t\t\t\t\t\t\t<\/div>\n\t<\/div>\n\t<\/section>\n\n\n<section class=\"blq-banner-img-txt   \" >\n\t<div class=\"container\">\n\t\t<div class=\"img gs_reveal gs_reveal_fromRight\">\n\t\t\t\n\t\t\t\t\t\t<img decoding=\"async\" width=\"580\" height=\"525\" src=\"https:\/\/www.isabena.eu\/wp-content\/uploads\/2023\/06\/curso-conduccion.svg\" class=\"front\" alt=\"\" \/>\t\t\t\t\t\t\t<img decoding=\"async\" width=\"1073\" height=\"510\" src=\"https:\/\/www.isabena.eu\/wp-content\/uploads\/2023\/06\/im-motor.svg\" class=\"back\" alt=\"\" \/>\t\t\t\t\t<\/div>\n\t\t<div class=\"txt gs_reveal gs_reveal_fromLeft\">\n\t\t\t<div class='bx'>\n\t\t\t\t<h2 class=\"title\">Camping &#038; Bungalowpark Is\u00e1bena<\/h2>\n\t\t\t\t<div class=\"content\"><p>In het hart van de Spaanse Pyrenee\u00ebn is Camping Is\u00e1bena de bestemming bij uitstek voor motorliefhebbers en mensen die op zoek zijn naar accommodatie om van te genieten tijdens hun motorroutes.<\/p>\n<p>Als trots BMW Motorride Testride Hotel bieden wij u een unieke ervaring, waarbij de passie voor motorroutes en de liefde voor de natuur op \u00e9\u00e9n plek samenkomen.<\/p>\n<p>Wij hebben de perfecte accommodatie om optimaal te genieten van jouw motorroutes.<\/p>\n<\/div>\n\t\t\t\t\t\t\t\t\t<div class=\"btn-link\">\n\t\t\t\t\t\t\t\t\t\t\t\t<a href=\"https:\/\/bookingpremium.secureholiday.net\/nl\/5221\/search\/product-list?searchType=exact&#038;productType=all&#038;filterStatus=showPeriod\" class=''>Reserveren<\/a>\n\t\t\t\t\t<\/div>\n\t\t\t\t\t\t\t<\/div>\n\t\t<\/div>\n\t<\/div>\n<\/section>\n\n\n<div\n\tclass=\"isabena-ordered-columns wp-block-isabena-ordered-columns\">\n\t<div class=\"container\">\n\t\t<div class=\"isabena-ordered-columns__list\">\n\t\t\t\t\t<div class=\"isabena-ordered-columns__item\">\n\t\t\t\t<h2 class=\"isabena-ordered-columns__item__title\">\n\t\t\t\t\t<strong>01.<\/strong>\n\t\t\t\t\tBungalows en Mobil-homes\t\t\t\t<\/h2>\n\t\t\t\t<div class=\"isabena-ordered-columns__item__description\">\n\t\t\t\t\tHouten bungalows met een capaciteit van maximaal zes personen. Stacaravans voor vier avonturiers.\t\t\t\t<\/div>\n\t\t\t<\/div>\n\t\t\t\t\t\t<div class=\"isabena-ordered-columns__item\">\n\t\t\t\t<h2 class=\"isabena-ordered-columns__item__title\">\n\t\t\t\t\t<strong>02.<\/strong>\n\t\t\t\t\tHouten huttjes\t\t\t\t<\/h2>\n\t\t\t\t<div class=\"isabena-ordered-columns__item__description\">\n\t\t\t\t\tGelegen in een van de rustigste delen van de camping en met een spectaculair uitzicht op de bergen.\t\t\t\t<\/div>\n\t\t\t<\/div>\n\t\t\t\t\t\t<div class=\"isabena-ordered-columns__item\">\n\t\t\t\t<h2 class=\"isabena-ordered-columns__item__title\">\n\t\t\t\t\t<strong>03.<\/strong>\n\t\t\t\t\tKampeerplaatsen\t\t\t\t<\/h2>\n\t\t\t\t<div class=\"isabena-ordered-columns__item__description\">\n\t\t\t\t\tIn totaal 85 grasplaatsen, vari\u00ebrend tussen de 80 en 100 vierkante meter en voorzien van een elektrisch vermogen van 6 amp\u00e8re.\t\t\t\t<\/div>\n\t\t\t<\/div>\n\t\t\t\t\t<\/div>\n\t<\/div>\n<\/div>\n\t\n\n<section class=\"blq-banner-img-txt   banner-with-container-image60\" >\n\t<div class=\"container\">\n\t\t<div class=\"img gs_reveal gs_reveal_fromRight\">\n\t\t\t\n\t\t\t\t\t\t<img decoding=\"async\" width=\"1920\" height=\"901\" src=\"https:\/\/www.isabena.eu\/wp-content\/uploads\/2023\/06\/parallax_motorradtouren.jpg\" class=\"\" alt=\"Foto de una ruta en moto por el Pirineo aragon\u00e9s con muchas rutas con salida desde el Camping Is\u00e1bena Bungalow en los Pirineos. Foto van een motorroute door de Aragonese Pyrenee\u00ebn, waarvan vele vertrekken vanaf de Is\u00e1bena Bungalow Camping in de Pyrenee\u00ebn.Foto einer Motorradroute durch die aragonesischen Pyren\u00e4en mit vielen Routen, die vom Bungalow-Campingplatz Is\u00e1bena in den Pyren\u00e4en ausgehen. Photo of a motorcycle route through the Aragonese Pyrenees with many routes departing from the Is\u00e1bena Bungalow Campsite in the Pyrenees. Photo d&#039;un itin\u00e9raire \u00e0 moto \u00e0 travers les Pyr\u00e9n\u00e9es aragonaises avec de nombreux itin\u00e9raires au d\u00e9part du camping Bungalow Is\u00e1bena dans les Pyr\u00e9n\u00e9es.\" srcset=\"https:\/\/www.isabena.eu\/wp-content\/uploads\/2023\/06\/parallax_motorradtouren.jpg 1920w, https:\/\/www.isabena.eu\/wp-content\/uploads\/2023\/06\/parallax_motorradtouren-300x141.jpg 300w, https:\/\/www.isabena.eu\/wp-content\/uploads\/2023\/06\/parallax_motorradtouren-1024x481.jpg 1024w, https:\/\/www.isabena.eu\/wp-content\/uploads\/2023\/06\/parallax_motorradtouren-768x360.jpg 768w, https:\/\/www.isabena.eu\/wp-content\/uploads\/2023\/06\/parallax_motorradtouren-1536x721.jpg 1536w\" sizes=\"(max-width: 1920px) 100vw, 1920px\" \/>\t\t\t\t\t<\/div>\n\t\t<div class=\"txt gs_reveal gs_reveal_fromLeft\">\n\t\t\t<div class='bx'>\n\t\t\t\t<h2 class=\"title\">Accommodatie voor alle soorten reizigers<\/h2>\n\t\t\t\t<div class=\"content\"><p>U kunt namelijk kiezen, afhankelijk van of u meer privacy, de ervaring van kamperen onder de sterren of maximaal comfort verkiest.<\/p>\n<\/div>\n\t\t\t\t\t\t\t\t\t<div class=\"btn-link\">\n\t\t\t\t\t\t\t\t\t\t\t\t<a href=\"https:\/\/www.isabena.eu\/nl\/accommodatie\/\" class=''>Ontdek accommodaties<\/a>\n\t\t\t\t\t<\/div>\n\t\t\t\t\t\t\t<\/div>\n\t\t<\/div>\n\t<\/div>\n<\/section>\n\n\n<div\n\tclass=\"isabena-route-slider wp-block-isabena-route-slider\" id=\"isabena-route-slider-69e5e64328a05\">\n\t<div class=\"container\">\n\t\t<h2 class=\"isabena-route-slider__title\"> Buiten motorroutes<\/h2>\n\t\t<h4 class=\"isabena-route-slider__subtitle\">Een plek om van de natuur te genieten<\/h4>\n\n\t\t\t\t<div class=\"isabena-route-slider__route__list\">\n\t\t\t\t\t\t<div class=\"isabena-route-slider__route__item\">\n\t\t\t\t<div class=\"isabena-route-slider__route__media\">\n\t\t\t\t\t<img decoding=\"async\" width=\"580\" height=\"298\" src=\"https:\/\/www.isabena.eu\/wp-content\/uploads\/2023\/06\/im1.png\" class=\"isabena-route-slider__route__image\" alt=\"\" srcset=\"https:\/\/www.isabena.eu\/wp-content\/uploads\/2023\/06\/im1.png 580w, https:\/\/www.isabena.eu\/wp-content\/uploads\/2023\/06\/im1-300x154.png 300w\" sizes=\"(max-width: 580px) 100vw, 580px\" \/>\t\t\t\t<\/div>\n\t\t\t\t<div class=\"isabena-route-slider__route__content\">\n\t\t\t\t\t<h3 class=\"isabena-route-slider__route__title\">\n\t\t\t\t\t\tActiviteiten en animatie in onze accommodaties tijdens u motorroutes\t\t\t\t\t<\/h3>\n\t\t\t\t\t<div class=\"isabena-route-slider__route__description\">\n\t\t\t\t\t\t<p>Naast motorroutes bieden wij u op Camping Is\u00e1bena een verscheidenheid aan activiteiten aan, ontworpen voor het plezier van al onze gasten.<\/p>\n<p>Voor de allerkleinsten staat een programma vol plezier en leerplezier te wachten, zodat ze zich kunnen vermaken.<\/p>\n<p>Ondertussen kunnen volwassenen te voet de landschappen van de Spaanse Pyrenee\u00ebn ontdekken of zich onderdompelen in de adrenaline van watersporten.<\/p>\n<p>Alsof dat nog niet genoeg is, hebben we ook een spa- en massageruimte waar u kunt ontspannen en verjongen na een dag vol avonturen.<\/p>\n\t\t\t\t\t<\/div>\n\n\t\t\t\t\t\t\t\t\t<\/div>\n\t\t\t<\/div>\n\t\t\t\t\t\t<div class=\"isabena-route-slider__route__item\">\n\t\t\t\t<div class=\"isabena-route-slider__route__media\">\n\t\t\t\t\t<img decoding=\"async\" width=\"680\" height=\"272\" src=\"https:\/\/www.isabena.eu\/wp-content\/uploads\/2018\/03\/Motorradtour-Stausee-1200x480-1-1024x410.jpeg\" class=\"isabena-route-slider__route__image\" alt=\"\" srcset=\"https:\/\/www.isabena.eu\/wp-content\/uploads\/2018\/03\/Motorradtour-Stausee-1200x480-1-1024x410.jpeg 1024w, https:\/\/www.isabena.eu\/wp-content\/uploads\/2018\/03\/Motorradtour-Stausee-1200x480-1-300x120.jpeg 300w, https:\/\/www.isabena.eu\/wp-content\/uploads\/2018\/03\/Motorradtour-Stausee-1200x480-1-768x307.jpeg 768w, https:\/\/www.isabena.eu\/wp-content\/uploads\/2018\/03\/Motorradtour-Stausee-1200x480-1.jpeg 1200w\" sizes=\"(max-width: 680px) 100vw, 680px\" \/>\t\t\t\t<\/div>\n\t\t\t\t<div class=\"isabena-route-slider__route__content\">\n\t\t\t\t\t<h3 class=\"isabena-route-slider__route__title\">\n\t\t\t\t\t\tEen ontmoetingsplaats voor motorliefhebbers\t\t\t\t\t<\/h3>\n\t\t\t\t\t<div class=\"isabena-route-slider__route__description\">\n\t\t\t\t\t\t<p>Als BMW Motorride Testride Hotel is onze camping gepositioneerd als de perfecte accommodatie om te verblijven tijdens uw motortochten.<\/p>\n<p>Dankzij onze ervaring in de omgeving bieden wij u zorgvuldig geselecteerde opties die u door enkele van de meest indrukwekkende landschappen in Huesca voeren en bij elke bocht een onvergetelijke ervaring bieden.<\/p>\n\t\t\t\t\t<\/div>\n\n\t\t\t\t\t\t\t\t\t<\/div>\n\t\t\t<\/div>\n\t\t\t\t\t\t<div class=\"isabena-route-slider__route__item\">\n\t\t\t\t<div class=\"isabena-route-slider__route__media\">\n\t\t\t\t\t<img decoding=\"async\" width=\"680\" height=\"507\" src=\"https:\/\/www.isabena.eu\/wp-content\/uploads\/2023\/12\/Gastronomia-Aragon-1024x764.jpg\" class=\"isabena-route-slider__route__image\" alt=\"Comer ruta moto Huesca\" srcset=\"https:\/\/www.isabena.eu\/wp-content\/uploads\/2023\/12\/Gastronomia-Aragon-1024x764.jpg 1024w, https:\/\/www.isabena.eu\/wp-content\/uploads\/2023\/12\/Gastronomia-Aragon-300x224.jpg 300w, https:\/\/www.isabena.eu\/wp-content\/uploads\/2023\/12\/Gastronomia-Aragon-768x573.jpg 768w, https:\/\/www.isabena.eu\/wp-content\/uploads\/2023\/12\/Gastronomia-Aragon-1536x1146.jpg 1536w, https:\/\/www.isabena.eu\/wp-content\/uploads\/2023\/12\/Gastronomia-Aragon.jpg 1600w\" sizes=\"(max-width: 680px) 100vw, 680px\" \/>\t\t\t\t<\/div>\n\t\t\t\t<div class=\"isabena-route-slider__route__content\">\n\t\t\t\t\t<h3 class=\"isabena-route-slider__route__title\">\n\t\t\t\t\t\tGastronomie en gastvrijheid zonder gelijke\t\t\t\t\t<\/h3>\n\t\t\t\t\t<div class=\"isabena-route-slider__route__description\">\n\t\t\t\t\t\t<p>De perfecte plek om verhalen van onderweg te delen en samen met andere reizigers te genieten van unieke momenten? Onze bar en restaurant! Wij wachten op u om u na uw motorroutes te verrassen met het beste van de lokale en internationale keuken in een gezellige en familiale sfeer.<\/p>\n\t\t\t\t\t<\/div>\n\n\t\t\t\t\t\t\t\t\t<\/div>\n\t\t\t<\/div>\n\t\t\t\t\t<\/div>\n\t\t\t<\/div>\n<\/div>\n<script type=\"text\/javascript\">\n\n\tdocument.addEventListener(\"DOMContentLoaded\", function() {\n\t\t$('#isabena-route-slider-69e5e64328a05 .isabena-route-slider__route__list').slick({\n\t\t\tinfinite      : true,\n\t\t\tvariableWidth : false,\n\t\t\tslidesToShow  : 2,\n\t\t\tslidesToScroll: 1,\n\t\t\tresponsive :[\n\t\t\t\t{\n\t\t\t\t\tbreakpoint:768,\n\t\t\t\t\tsettings:{\n\t\t\t\t\t\tslidesToShow  : 1,\n\t\t\t\t\t}\n\t\t\t\t}\n\t\t\t]\n\t\t});\n\t});\n<\/script>\n\n\n<section class=\"blq-banner-img-txt banner-inverse banner-verde \" >\n\t<div class=\"container\">\n\t\t<div class=\"img gs_reveal gs_reveal_fromLeft\">\n\t\t\t\n\t\t\t\t\t\t<img decoding=\"async\" width=\"591\" height=\"525\" src=\"https:\/\/www.isabena.eu\/wp-content\/uploads\/2023\/06\/im-mt2.svg\" class=\"front\" alt=\"\" \/>\t\t\t\t\t\t\t<img decoding=\"async\" width=\"593\" height=\"525\" src=\"https:\/\/www.isabena.eu\/wp-content\/uploads\/2023\/06\/im-mt1.svg\" class=\"back\" alt=\"\" \/>\t\t\t\t\t<\/div>\n\t\t<div class=\"txt gs_reveal gs_reveal_fromRight\">\n\t\t\t<div class='bx'>\n\t\t\t\t<h2 class=\"title\">Kies Camping Is\u00e1bena als uw accommodatie tijdens uw motorroutes<\/h2>\n\t\t\t\t<div class=\"content\"><p>Ontdek de schoonheid van de Spaanse Pyrenee\u00ebn en beleef uw passie voor motorrijden als nooit tevoren op Camping Is\u00e1bena, uw referentieaccommodatie tijdens uw motorroutes.<\/p>\n<\/div>\n\t\t\t\t\t\t\t\t\t<div class=\"btn-link\">\n\t\t\t\t\t\t\t\t\t\t\t\t<a href=\"https:\/\/www.isabena.eu\/nl\/\" class=''>Meer informatie<\/a>\n\t\t\t\t\t<\/div>\n\t\t\t\t\t\t\t<\/div>\n\t\t<\/div>\n\t<\/div>\n<\/section>\n","protected":false},"excerpt":{"rendered":"","protected":false},"author":2,"featured_media":0,"parent":0,"menu_order":0,"comment_status":"closed","ping_status":"closed","template":"tpl-landing.php","meta":{"_acf_changed":false,"_joinchat":[],"footnotes":""},"class_list":["post-12060","page","type-page","status-publish","hentry"],"acf":[],"yoast_head":"<!-- This site is optimized with the Yoast SEO plugin v24.7 - https:\/\/yoast.com\/wordpress\/plugins\/seo\/ -->\n<title>Acommodatie Motorroutes - Camping Is\u00e1bena<\/title>\n<meta name=\"description\" content=\"De Spaanse Pyrenee\u00ebn zijn een favoriete bestemming voor motorliefhebbers en iedereen die op zoek is naar accommodatie voor hun motortochten.\" \/>\n<meta name=\"robots\" content=\"index, follow, max-snippet:-1, max-image-preview:large, max-video-preview:-1\" \/>\n<link rel=\"canonical\" href=\"https:\/\/www.isabena.eu\/nl\/acommodatie-motorroutes\/\" \/>\n<meta property=\"og:locale\" content=\"nl_NL\" \/>\n<meta property=\"og:type\" content=\"article\" \/>\n<meta property=\"og:title\" content=\"Acommodatie Motorroutes - Camping Is\u00e1bena\" \/>\n<meta property=\"og:description\" content=\"De Spaanse Pyrenee\u00ebn zijn een favoriete bestemming voor motorliefhebbers en iedereen die op zoek is naar accommodatie voor hun motortochten.\" \/>\n<meta property=\"og:url\" content=\"https:\/\/www.isabena.eu\/nl\/acommodatie-motorroutes\/\" \/>\n<meta property=\"og:site_name\" content=\"Camping Is\u00e1bena\" \/>\n<meta property=\"article:publisher\" content=\"https:\/\/www.facebook.com\/Campingbungalparkisabena\" \/>\n<meta property=\"article:modified_time\" content=\"2024-05-28T13:19:22+00:00\" \/>\n<meta name=\"twitter:card\" content=\"summary_large_image\" \/>\n<meta name=\"twitter:site\" content=\"@CampingIsbena\" \/>\n<!-- \/ Yoast SEO plugin. -->","yoast_head_json":{"title":"Acommodatie Motorroutes - Camping Is\u00e1bena","description":"De Spaanse Pyrenee\u00ebn zijn een favoriete bestemming voor motorliefhebbers en iedereen die op zoek is naar accommodatie voor hun motortochten.","robots":{"index":"index","follow":"follow","max-snippet":"max-snippet:-1","max-image-preview":"max-image-preview:large","max-video-preview":"max-video-preview:-1"},"canonical":"https:\/\/www.isabena.eu\/nl\/acommodatie-motorroutes\/","og_locale":"nl_NL","og_type":"article","og_title":"Acommodatie Motorroutes - Camping Is\u00e1bena","og_description":"De Spaanse Pyrenee\u00ebn zijn een favoriete bestemming voor motorliefhebbers en iedereen die op zoek is naar accommodatie voor hun motortochten.","og_url":"https:\/\/www.isabena.eu\/nl\/acommodatie-motorroutes\/","og_site_name":"Camping Is\u00e1bena","article_publisher":"https:\/\/www.facebook.com\/Campingbungalparkisabena","article_modified_time":"2024-05-28T13:19:22+00:00","twitter_card":"summary_large_image","twitter_site":"@CampingIsbena","schema":{"@context":"https:\/\/schema.org","@graph":[{"@type":"WebPage","@id":"https:\/\/www.isabena.eu\/nl\/acommodatie-motorroutes\/","url":"https:\/\/www.isabena.eu\/nl\/acommodatie-motorroutes\/","name":"Acommodatie Motorroutes - Camping Is\u00e1bena","isPartOf":{"@id":"https:\/\/www.isabena.eu\/nl\/#website"},"datePublished":"2024-04-10T04:26:25+00:00","dateModified":"2024-05-28T13:19:22+00:00","description":"De Spaanse Pyrenee\u00ebn zijn een favoriete bestemming voor motorliefhebbers en iedereen die op zoek is naar accommodatie voor hun motortochten.","breadcrumb":{"@id":"https:\/\/www.isabena.eu\/nl\/acommodatie-motorroutes\/#breadcrumb"},"inLanguage":"nl-NL","potentialAction":[{"@type":"ReadAction","target":["https:\/\/www.isabena.eu\/nl\/acommodatie-motorroutes\/"]}]},{"@type":"BreadcrumbList","@id":"https:\/\/www.isabena.eu\/nl\/acommodatie-motorroutes\/#breadcrumb","itemListElement":[{"@type":"ListItem","position":1,"name":"Home","item":"https:\/\/www.isabena.eu\/nl\/"},{"@type":"ListItem","position":2,"name":"Landing acommodatie motorroutes"}]},{"@type":"WebSite","@id":"https:\/\/www.isabena.eu\/nl\/#website","url":"https:\/\/www.isabena.eu\/nl\/","name":"Camping Is\u00e1bena","description":"Bienvenidos al Camping &amp; Bungalowpark Is\u00e1bena en La Puebla de Roda, en el sur de los Pirineos Centrales. Un camping acogedor con miles de actividades disponibles.","publisher":{"@id":"https:\/\/www.isabena.eu\/nl\/#organization"},"alternateName":"Camping Is\u00e1bena","potentialAction":[{"@type":"SearchAction","target":{"@type":"EntryPoint","urlTemplate":"https:\/\/www.isabena.eu\/nl\/?s={search_term_string}"},"query-input":{"@type":"PropertyValueSpecification","valueRequired":true,"valueName":"search_term_string"}}],"inLanguage":"nl-NL"},{"@type":"Organization","@id":"https:\/\/www.isabena.eu\/nl\/#organization","name":"Camping Is\u00e1bena","alternateName":"Camping Is\u00e1bena","url":"https:\/\/www.isabena.eu\/nl\/","logo":{"@type":"ImageObject","inLanguage":"nl-NL","@id":"https:\/\/www.isabena.eu\/nl\/#\/schema\/logo\/image\/","url":"https:\/\/www.isabena.eu\/wp-content\/uploads\/2023\/06\/Logo-Color-cuadrado.png","contentUrl":"https:\/\/www.isabena.eu\/wp-content\/uploads\/2023\/06\/Logo-Color-cuadrado.png","width":314,"height":314,"caption":"Camping Is\u00e1bena"},"image":{"@id":"https:\/\/www.isabena.eu\/nl\/#\/schema\/logo\/image\/"},"sameAs":["https:\/\/www.facebook.com\/Campingbungalparkisabena","https:\/\/x.com\/CampingIsbena","https:\/\/www.instagram.com\/camping_bungalowpark_isabena\/","https:\/\/www.youtube.com\/user\/CampingIsabena"]}]}},"_links":{"self":[{"href":"https:\/\/www.isabena.eu\/nl\/wp-json\/wp\/v2\/pages\/12060","targetHints":{"allow":["GET"]}}],"collection":[{"href":"https:\/\/www.isabena.eu\/nl\/wp-json\/wp\/v2\/pages"}],"about":[{"href":"https:\/\/www.isabena.eu\/nl\/wp-json\/wp\/v2\/types\/page"}],"author":[{"embeddable":true,"href":"https:\/\/www.isabena.eu\/nl\/wp-json\/wp\/v2\/users\/2"}],"replies":[{"embeddable":true,"href":"https:\/\/www.isabena.eu\/nl\/wp-json\/wp\/v2\/comments?post=12060"}],"version-history":[{"count":1,"href":"https:\/\/www.isabena.eu\/nl\/wp-json\/wp\/v2\/pages\/12060\/revisions"}],"predecessor-version":[{"id":12062,"href":"https:\/\/www.isabena.eu\/nl\/wp-json\/wp\/v2\/pages\/12060\/revisions\/12062"}],"wp:attachment":[{"href":"https:\/\/www.isabena.eu\/nl\/wp-json\/wp\/v2\/media?parent=12060"}],"curies":[{"name":"wp","href":"https:\/\/api.w.org\/{rel}","templated":true}]}}