{"id":12054,"date":"2024-04-10T06:25:24","date_gmt":"2024-04-10T04:25:24","guid":{"rendered":"https:\/\/www.isabena.eu\/camping-en-el-pirineo-aragones-2\/"},"modified":"2024-05-09T13:19:58","modified_gmt":"2024-05-09T11:19:58","slug":"accommodatie-in-de-spaanse-pyreneeen","status":"publish","type":"page","link":"https:\/\/www.isabena.eu\/nl\/accommodatie-in-de-spaanse-pyreneeen\/","title":{"rendered":"Landing accommodatie in de Spaanse Pyrenee\u00ebn"},"content":{"rendered":"<section class=\"blq-banner-carousel\">\n\t<div class=\"bg with-overlay\">\n\t\t\t\t\t\t\t\t\t\t\t\t\t\t<figure>\n\t\t\t\t\t\t<img decoding=\"async\" src=\"https:\/\/www.isabena.eu\/wp-content\/uploads\/2023\/07\/2305.00699-M.jpg\" alt=\" \"  \/>\n\t\t\t\t\t<\/figure>\n\t\t\t\t\t\t\t\t\t\t<\/div>\n\t\t\t<div class=\"box-content\">\n\t\t<div class=\"container\">\n\t\t\t\t\t\t\t<h1>Accommodatie in de Spaanse Pyrenee\u00ebn<\/h1>\n\t\t\t\t\t\t\t\t\t<div class='content'><p><strong>Welkom op Camping Is\u00e1bena, de beste accommodatie in de Spaanse Pyrenee\u00ebn<\/strong><\/p>\n<\/div>\n\t\t\t\t\t\t\t\t\t\t\t\t\t<\/div>\n\t<\/div>\n\t<\/section>\n\n\n\n<figure class=\"wp-block-image\"><img decoding=\"async\" src=\"https:\/\/www.isabena.eu\/wp-content\/uploads\/2023\/06\/2305.00737-XL.jpg\" alt=\"\"\/><\/figure>\n\n\n<section class=\"blq-banner-img-txt   \" >\n\t<div class=\"container\">\n\t\t<div class=\"img gs_reveal gs_reveal_fromRight\">\n\t\t\t\n\t\t\t\t\t\t<img decoding=\"async\" width=\"1024\" height=\"683\" src=\"https:\/\/www.isabena.eu\/wp-content\/uploads\/2023\/06\/2305.00737-XL.jpg\" class=\"front\" alt=\"\" srcset=\"https:\/\/www.isabena.eu\/wp-content\/uploads\/2023\/06\/2305.00737-XL.jpg 1024w, https:\/\/www.isabena.eu\/wp-content\/uploads\/2023\/06\/2305.00737-XL-300x200.jpg 300w, https:\/\/www.isabena.eu\/wp-content\/uploads\/2023\/06\/2305.00737-XL-768x512.jpg 768w\" sizes=\"(max-width: 1024px) 100vw, 1024px\" \/>\t\t\t\t\t\t\t<img decoding=\"async\" width=\"2560\" height=\"1279\" src=\"https:\/\/www.isabena.eu\/wp-content\/uploads\/2023\/06\/AP1W3549-scaled.jpg\" class=\"back\" alt=\"Bungalows Pirineo Aragon\u00e9s\" srcset=\"https:\/\/www.isabena.eu\/wp-content\/uploads\/2023\/06\/AP1W3549-scaled.jpg 2560w, https:\/\/www.isabena.eu\/wp-content\/uploads\/2023\/06\/AP1W3549-300x150.jpg 300w, https:\/\/www.isabena.eu\/wp-content\/uploads\/2023\/06\/AP1W3549-1024x512.jpg 1024w, https:\/\/www.isabena.eu\/wp-content\/uploads\/2023\/06\/AP1W3549-768x384.jpg 768w, https:\/\/www.isabena.eu\/wp-content\/uploads\/2023\/06\/AP1W3549-1536x768.jpg 1536w, https:\/\/www.isabena.eu\/wp-content\/uploads\/2023\/06\/AP1W3549-2048x1024.jpg 2048w\" sizes=\"(max-width: 2560px) 100vw, 2560px\" \/>\t\t\t\t\t<\/div>\n\t\t<div class=\"txt gs_reveal gs_reveal_fromLeft\">\n\t\t\t<div class='bx'>\n\t\t\t\t<h2 class=\"title\">Camping &#038; Bungalowpark Is\u00e1bena<\/h2>\n\t\t\t\t<div class=\"content\"><p>Wilt u zich onderdompelen in de natuur zonder comfort en gastvrijheid op te geven? Op Camping Is\u00e1bena beloven we u een unieke accommodatie-ervaring.<\/p>\n<p>Onze camping onderscheidt zich als de perfecte bestemming voor gezinnen, koppels en groepen vrienden die de natuurlijke schoonheid van Aragon willen verkennen. En ja, je harige vrienden zijn ook welkom!<\/p>\n<\/div>\n\t\t\t\t\t\t\t\t\t<div class=\"btn-link\">\n\t\t\t\t\t\t\t\t\t\t\t\t<a href=\"https:\/\/bookingpremium.secureholiday.net\/nl\/5221\/search\/product-list?searchType=exact&#038;productType=all&#038;filterStatus=showPeriod\" class=''>Reserveren<\/a>\n\t\t\t\t\t<\/div>\n\t\t\t\t\t\t\t<\/div>\n\t\t<\/div>\n\t<\/div>\n<\/section>\n\n\n<div\n\tclass=\"isabena-ordered-columns wp-block-isabena-ordered-columns\">\n\t<div class=\"container\">\n\t\t<div class=\"isabena-ordered-columns__list\">\n\t\t\t\t\t<div class=\"isabena-ordered-columns__item\">\n\t\t\t\t<h2 class=\"isabena-ordered-columns__item__title\">\n\t\t\t\t\t<strong>01.<\/strong>\n\t\t\t\t\tBungalows en Mobil-homes\t\t\t\t<\/h2>\n\t\t\t\t<div class=\"isabena-ordered-columns__item__description\">\n\t\t\t\t\tHouten bungalows met een capaciteit van maximaal zes personen. Stacaravans voor vier avonturiers.\t\t\t\t<\/div>\n\t\t\t<\/div>\n\t\t\t\t\t\t<div class=\"isabena-ordered-columns__item\">\n\t\t\t\t<h2 class=\"isabena-ordered-columns__item__title\">\n\t\t\t\t\t<strong>02.<\/strong>\n\t\t\t\t\tHouten huttjes\t\t\t\t<\/h2>\n\t\t\t\t<div class=\"isabena-ordered-columns__item__description\">\n\t\t\t\t\tGelegen in een van de rustigste delen van de camping en met een spectaculair uitzicht op de bergen.\t\t\t\t<\/div>\n\t\t\t<\/div>\n\t\t\t\t\t\t<div class=\"isabena-ordered-columns__item\">\n\t\t\t\t<h2 class=\"isabena-ordered-columns__item__title\">\n\t\t\t\t\t<strong>03.<\/strong>\n\t\t\t\t\tKampeerplaatsen\t\t\t\t<\/h2>\n\t\t\t\t<div class=\"isabena-ordered-columns__item__description\">\n\t\t\t\t\tIn totaal 85 grasplaatsen, vari\u00ebrend tussen de 80 en 100 vierkante meter en voorzien van een elektrisch vermogen van 6 amp\u00e8re.\t\t\t\t<\/div>\n\t\t\t<\/div>\n\t\t\t\t\t<\/div>\n\t<\/div>\n<\/div>\n\t\n\n<section class=\"blq-banner-img-txt   banner-with-container-image60\" >\n\t<div class=\"container\">\n\t\t<div class=\"img gs_reveal gs_reveal_fromRight\">\n\t\t\t\n\t\t\t\t\t\t<img decoding=\"async\" width=\"13967\" height=\"7311\" src=\"https:\/\/www.isabena.eu\/wp-content\/uploads\/2023\/07\/2305.00675-Pano-Editar.jpg\" class=\"\" alt=\"Descubre qu\u00e9 incluyen los bungalows y caba\u00f1as de madera del Camping Is\u00e1bena en el Pirineo Aragon\u00e9s. \u00a1Naturaleza, confort y aventura te esperan este verano! Discover what&#039;s included in the bungalows and wooden cabins at Camping Is\u00e1bena in the Spanish Pyrenees. Nature, comfort, and adventure await you this summer! D\u00e9couvrez les prestations des bungalows et cabanes en bois du Camping Is\u00e1bena, dans les Pyr\u00e9n\u00e9es espagnoles. Nature, confort et aventure vous attendent cet \u00e9t\u00e9\u00a0! Entdecken Sie, was in den Bungalows und Holzh\u00fctten auf dem Campingplatz Is\u00e1bena in den spanischen Pyren\u00e4en enthalten ist. Natur, Komfort und Abenteuer erwarten Sie diesen Sommer! Ontdek wat er allemaal is inbegrepen in de bungalows en houten hutten op Camping Is\u00e1bena in de Spaanse Pyrenee\u00ebn. Natuur, comfort en avontuur wachten op u deze zomer!\" \/>\t\t\t\t\t<\/div>\n\t\t<div class=\"txt gs_reveal gs_reveal_fromLeft\">\n\t\t\t<div class='bx'>\n\t\t\t\t<h2 class=\"title\">Accommodatie in de Spaanse Pyrenee\u00ebn voor elk wat wils<\/h2>\n\t\t\t\t<div class=\"content\"><p>Wij begrijpen dat elke bezoeker zijn eigen behoeften en voorkeuren heeft. Daarom bieden wij u verschillende accommodatiemogelijkheden.<\/p>\n<p>Ze garanderen allemaal maximaal comfort in een onvergelijkbare natuurlijke omgeving.<\/p>\n<\/div>\n\t\t\t\t\t\t\t\t\t<div class=\"btn-link\">\n\t\t\t\t\t\t\t\t\t\t\t\t<a href=\"https:\/\/www.isabena.eu\/nl\/accommodatie\/\" class=''>Ontdek accommodaties<\/a>\n\t\t\t\t\t<\/div>\n\t\t\t\t\t\t\t<\/div>\n\t\t<\/div>\n\t<\/div>\n<\/section>\n\n\n<div\n\tclass=\"isabena-route-slider wp-block-isabena-route-slider\" id=\"isabena-route-slider-69e5e5b94e3c8\">\n\t<div class=\"container\">\n\t\t<h2 class=\"isabena-route-slider__title\"> Een wereld vol avontuur en plezier<\/h2>\n\t\t<h4 class=\"isabena-route-slider__subtitle\">Activiteiten ontworpen voor alle gezinsleden<\/h4>\n\n\t\t\t\t<div class=\"isabena-route-slider__route__list\">\n\t\t\t\t\t\t<div class=\"isabena-route-slider__route__item\">\n\t\t\t\t<div class=\"isabena-route-slider__route__media\">\n\t\t\t\t\t<img decoding=\"async\" width=\"680\" height=\"454\" src=\"https:\/\/www.isabena.eu\/wp-content\/uploads\/2024\/04\/camping-con-ninos-5-1024x683.jpg\" class=\"isabena-route-slider__route__image\" alt=\"camping con ni\u00f1os\" srcset=\"https:\/\/www.isabena.eu\/wp-content\/uploads\/2024\/04\/camping-con-ninos-5-1024x683.jpg 1024w, https:\/\/www.isabena.eu\/wp-content\/uploads\/2024\/04\/camping-con-ninos-5-300x200.jpg 300w, https:\/\/www.isabena.eu\/wp-content\/uploads\/2024\/04\/camping-con-ninos-5-768x512.jpg 768w, https:\/\/www.isabena.eu\/wp-content\/uploads\/2024\/04\/camping-con-ninos-5-1536x1024.jpg 1536w, https:\/\/www.isabena.eu\/wp-content\/uploads\/2024\/04\/camping-con-ninos-5.jpg 1920w\" sizes=\"(max-width: 680px) 100vw, 680px\" \/>\t\t\t\t<\/div>\n\t\t\t\t<div class=\"isabena-route-slider__route__content\">\n\t\t\t\t\t<h3 class=\"isabena-route-slider__route__title\">\n\t\t\t\t\t\tActiviteiten om uw verblijf te verrijken\t\t\t\t\t<\/h3>\n\t\t\t\t\t<div class=\"isabena-route-slider__route__description\">\n\t\t\t\t\t\t<p>Op Camping Is\u00e1bena hebben we niet alleen rekening gehouden met accommodatie, maar stellen we een wereld van avontuur en plezier voor u ter beschikking. Wij organiseren een breed scala aan activiteiten voor alle leden van het gezin.<\/p>\n<p>De kleintjes kunnen spelen, leren en socialiseren in een veilige en stimulerende omgeving, terwijl de volwassenen de paden verkennen die door de Spaanse Pyrenee\u00ebn slingeren.<\/p>\n<p>Watersporten zoals kajakken zijn ook een optie voor de meer avontuurlijke mensen.<\/p>\n<p>Als u gepassioneerd bent door motorrijden, bieden wij u motorroutes aan die u meenemen naar de meest indrukwekkende landschappen van de regio.<\/p>\n\t\t\t\t\t<\/div>\n\n\t\t\t\t\t\t\t\t\t<\/div>\n\t\t\t<\/div>\n\t\t\t\t\t\t<div class=\"isabena-route-slider__route__item\">\n\t\t\t\t<div class=\"isabena-route-slider__route__media\">\n\t\t\t\t\t<img decoding=\"async\" width=\"680\" height=\"507\" src=\"https:\/\/www.isabena.eu\/wp-content\/uploads\/2023\/12\/Gastronomia-Aragon-1024x764.jpg\" class=\"isabena-route-slider__route__image\" alt=\"Comer ruta moto Huesca\" srcset=\"https:\/\/www.isabena.eu\/wp-content\/uploads\/2023\/12\/Gastronomia-Aragon-1024x764.jpg 1024w, https:\/\/www.isabena.eu\/wp-content\/uploads\/2023\/12\/Gastronomia-Aragon-300x224.jpg 300w, https:\/\/www.isabena.eu\/wp-content\/uploads\/2023\/12\/Gastronomia-Aragon-768x573.jpg 768w, https:\/\/www.isabena.eu\/wp-content\/uploads\/2023\/12\/Gastronomia-Aragon-1536x1146.jpg 1536w, https:\/\/www.isabena.eu\/wp-content\/uploads\/2023\/12\/Gastronomia-Aragon.jpg 1600w\" sizes=\"(max-width: 680px) 100vw, 680px\" \/>\t\t\t\t<\/div>\n\t\t\t\t<div class=\"isabena-route-slider__route__content\">\n\t\t\t\t\t<h3 class=\"isabena-route-slider__route__title\">\n\t\t\t\t\t\tGastronomie en ontspanning tijdens uw verblijf in de Spaanse Pyrenee\u00ebn\t\t\t\t\t<\/h3>\n\t\t\t\t\t<div class=\"isabena-route-slider__route__description\">\n\t\t\t\t\t\t<p>Onze bar en restaurant wachten op u na een dag vol emoties. Wij bieden u een selectie lokale en internationale gerechten die uw smaakpapillen zullen verrassen.<\/p>\n<p>Daarnaast kunt u genieten van momenten van pure ontspanning tijdens uw accommodatie, in ons zwembad of in de spa- en massageruimte. Ideaal om uw batterijen op te laden en uzelf een beetje te verwennen.<\/p>\n\t\t\t\t\t<\/div>\n\n\t\t\t\t\t\t\t\t\t<\/div>\n\t\t\t<\/div>\n\t\t\t\t\t\t<div class=\"isabena-route-slider__route__item\">\n\t\t\t\t<div class=\"isabena-route-slider__route__media\">\n\t\t\t\t\t<img decoding=\"async\" width=\"680\" height=\"452\" src=\"https:\/\/www.isabena.eu\/wp-content\/uploads\/2024\/01\/Bungalows-Pirineo-Aragones-1024x681.jpg\" class=\"isabena-route-slider__route__image\" alt=\"Bungalows Pirineo Aragon\u00e9s\" srcset=\"https:\/\/www.isabena.eu\/wp-content\/uploads\/2024\/01\/Bungalows-Pirineo-Aragones-1024x681.jpg 1024w, https:\/\/www.isabena.eu\/wp-content\/uploads\/2024\/01\/Bungalows-Pirineo-Aragones-300x200.jpg 300w, https:\/\/www.isabena.eu\/wp-content\/uploads\/2024\/01\/Bungalows-Pirineo-Aragones-768x511.jpg 768w, https:\/\/www.isabena.eu\/wp-content\/uploads\/2024\/01\/Bungalows-Pirineo-Aragones-1536x1022.jpg 1536w, https:\/\/www.isabena.eu\/wp-content\/uploads\/2024\/01\/Bungalows-Pirineo-Aragones.jpg 1920w\" sizes=\"(max-width: 680px) 100vw, 680px\" \/>\t\t\t\t<\/div>\n\t\t\t\t<div class=\"isabena-route-slider__route__content\">\n\t\t\t\t\t<h3 class=\"isabena-route-slider__route__title\">\n\t\t\t\t\t\tEen welkome plek voor huisdieren\t\t\t\t\t<\/h3>\n\t\t\t\t\t<div class=\"isabena-route-slider__route__description\">\n\t\t\t\t\t\t<p>Wij begrijpen dat honden deel uitmaken van het gezin en op Camping Is\u00e1bena worden ze hartelijk ontvangen.<\/p>\n<p>Met faciliteiten ontworpen voor het welzijn van uw viervoeters, zorgen wij er in onze accommodatie in de Spaanse Pyrenee\u00ebn voor dat uw ervaring ook voor hen perfect is.<\/p>\n\t\t\t\t\t<\/div>\n\n\t\t\t\t\t\t\t\t\t<\/div>\n\t\t\t<\/div>\n\t\t\t\t\t<\/div>\n\t\t\t<\/div>\n<\/div>\n<script type=\"text\/javascript\">\n\n\tdocument.addEventListener(\"DOMContentLoaded\", function() {\n\t\t$('#isabena-route-slider-69e5e5b94e3c8 .isabena-route-slider__route__list').slick({\n\t\t\tinfinite      : true,\n\t\t\tvariableWidth : false,\n\t\t\tslidesToShow  : 2,\n\t\t\tslidesToScroll: 1,\n\t\t\tresponsive :[\n\t\t\t\t{\n\t\t\t\t\tbreakpoint:768,\n\t\t\t\t\tsettings:{\n\t\t\t\t\t\tslidesToShow  : 1,\n\t\t\t\t\t}\n\t\t\t\t}\n\t\t\t]\n\t\t});\n\t});\n<\/script>\n\n\n<section class=\"blq-banner-img-txt banner-inverse banner-verde \" >\n\t<div class=\"container\">\n\t\t<div class=\"img gs_reveal gs_reveal_fromLeft\">\n\t\t\t\n\t\t\t\t\t\t<img decoding=\"async\" width=\"2560\" height=\"1707\" src=\"https:\/\/www.isabena.eu\/wp-content\/uploads\/2023\/07\/Foto-valle-scaled.jpg\" class=\"front\" alt=\"Imagen de los picos de los pirineos vistos desde el Camping Is\u00e1bena en los pirineos aragoneses. Afbeelding van de toppen van de Pyrenee\u00ebn, gezien vanaf de camping Is\u00e1bena in de Aragonese Pyrenee\u00ebn. Bild der Gipfel der Pyren\u00e4en vom Campingplatz Is\u00e1bena in den aragonesischen Pyren\u00e4en aus gesehen. Image of the peaks of the Pyrenees seen from the Is\u00e1bena Campsite in the Aragonese Pyrenees. Image des sommets des Pyr\u00e9n\u00e9es vus depuis le camping d&#039;Is\u00e1bena dans les Pyr\u00e9n\u00e9es aragonaises.\" srcset=\"https:\/\/www.isabena.eu\/wp-content\/uploads\/2023\/07\/Foto-valle-scaled.jpg 2560w, https:\/\/www.isabena.eu\/wp-content\/uploads\/2023\/07\/Foto-valle-300x200.jpg 300w, https:\/\/www.isabena.eu\/wp-content\/uploads\/2023\/07\/Foto-valle-1024x683.jpg 1024w, https:\/\/www.isabena.eu\/wp-content\/uploads\/2023\/07\/Foto-valle-768x512.jpg 768w, https:\/\/www.isabena.eu\/wp-content\/uploads\/2023\/07\/Foto-valle-1536x1024.jpg 1536w, https:\/\/www.isabena.eu\/wp-content\/uploads\/2023\/07\/Foto-valle-2048x1365.jpg 2048w, https:\/\/www.isabena.eu\/wp-content\/uploads\/2023\/07\/Foto-valle-1965x1310.jpg 1965w\" sizes=\"(max-width: 2560px) 100vw, 2560px\" \/>\t\t\t\t\t\t\t<img decoding=\"async\" width=\"2560\" height=\"1708\" src=\"https:\/\/www.isabena.eu\/wp-content\/uploads\/2023\/07\/2305.007591-scaled.jpg\" class=\"back\" alt=\"Foto de bungalows acogedores y r\u00fasticos de Camping Is\u00e1bena en el Pirineo aragon\u00e9s. Perfectos para escapadas en familia en plena naturaleza.\" srcset=\"https:\/\/www.isabena.eu\/wp-content\/uploads\/2023\/07\/2305.007591-scaled.jpg 2560w, https:\/\/www.isabena.eu\/wp-content\/uploads\/2023\/07\/2305.007591-300x200.jpg 300w, https:\/\/www.isabena.eu\/wp-content\/uploads\/2023\/07\/2305.007591-1024x683.jpg 1024w, https:\/\/www.isabena.eu\/wp-content\/uploads\/2023\/07\/2305.007591-768x512.jpg 768w, https:\/\/www.isabena.eu\/wp-content\/uploads\/2023\/07\/2305.007591-1536x1025.jpg 1536w, https:\/\/www.isabena.eu\/wp-content\/uploads\/2023\/07\/2305.007591-2048x1366.jpg 2048w, https:\/\/www.isabena.eu\/wp-content\/uploads\/2023\/07\/2305.007591-1964x1310.jpg 1964w\" sizes=\"(max-width: 2560px) 100vw, 2560px\" \/>\t\t\t\t\t<\/div>\n\t\t<div class=\"txt gs_reveal gs_reveal_fromRight\">\n\t\t\t<div class='bx'>\n\t\t\t\t<h2 class=\"title\">Kies Camping Is\u00e1bena voor uw volgende avontuur<\/h2>\n\t\t\t\t<div class=\"content\"><p>Onze camping is niet alleen een accommodatie in de Spaanse Pyrenee\u00ebn, het is een bestemming waar natuur, comfort en plezier samenkomen om u een onge\u00ebvenaarde ervaring te bieden.<\/p>\n<p>Kom en ervaar de magie van de Spaanse Pyrenee\u00ebn op Camping Is\u00e1bena, waar elk detail is ontworpen voor uw gemak en comfort!<\/p>\n<\/div>\n\t\t\t\t\t\t\t\t\t<div class=\"btn-link\">\n\t\t\t\t\t\t\t\t\t\t\t\t<a href=\"https:\/\/www.isabena.eu\/nl\/\" class=''>Meer informatie<\/a>\n\t\t\t\t\t<\/div>\n\t\t\t\t\t\t\t<\/div>\n\t\t<\/div>\n\t<\/div>\n<\/section>\n","protected":false},"excerpt":{"rendered":"","protected":false},"author":2,"featured_media":0,"parent":0,"menu_order":0,"comment_status":"closed","ping_status":"closed","template":"tpl-landing.php","meta":{"_acf_changed":false,"_joinchat":[],"footnotes":""},"class_list":["post-12054","page","type-page","status-publish","hentry"],"acf":[],"yoast_head":"<!-- This site is optimized with the Yoast SEO plugin v24.7 - https:\/\/yoast.com\/wordpress\/plugins\/seo\/ -->\n<title>Accommodatie in de Spaanse Pyrenee\u00ebn - Camping Is\u00e1bena<\/title>\n<meta name=\"description\" content=\"Welkom op Camping Is\u00e1bena: uw toegangspoort tot de Spaanse Pyrenee\u00ebn. De perfecte plek om los te koppelen, te ontspannen en indrukwekkende landschappen te verkennen.\" \/>\n<meta name=\"robots\" content=\"index, follow, max-snippet:-1, max-image-preview:large, max-video-preview:-1\" \/>\n<link rel=\"canonical\" href=\"https:\/\/www.isabena.eu\/nl\/accommodatie-in-de-spaanse-pyreneeen\/\" \/>\n<meta property=\"og:locale\" content=\"nl_NL\" \/>\n<meta property=\"og:type\" content=\"article\" \/>\n<meta property=\"og:title\" content=\"Accommodatie in de Spaanse Pyrenee\u00ebn - Camping Is\u00e1bena\" \/>\n<meta property=\"og:description\" content=\"Welkom op Camping Is\u00e1bena: uw toegangspoort tot de Spaanse Pyrenee\u00ebn. De perfecte plek om los te koppelen, te ontspannen en indrukwekkende landschappen te verkennen.\" \/>\n<meta property=\"og:url\" content=\"https:\/\/www.isabena.eu\/nl\/accommodatie-in-de-spaanse-pyreneeen\/\" \/>\n<meta property=\"og:site_name\" content=\"Camping Is\u00e1bena\" \/>\n<meta property=\"article:publisher\" content=\"https:\/\/www.facebook.com\/Campingbungalparkisabena\" \/>\n<meta property=\"article:modified_time\" content=\"2024-05-09T11:19:58+00:00\" \/>\n<meta property=\"og:image\" content=\"https:\/\/www.isabena.eu\/wp-content\/uploads\/2023\/06\/2305.00737-XL.jpg\" \/>\n<meta name=\"twitter:card\" content=\"summary_large_image\" \/>\n<meta name=\"twitter:site\" content=\"@CampingIsbena\" \/>\n<meta name=\"twitter:label1\" content=\"Geschatte leestijd\" \/>\n\t<meta name=\"twitter:data1\" content=\"1 minuut\" \/>\n<!-- \/ Yoast SEO plugin. -->","yoast_head_json":{"title":"Accommodatie in de Spaanse Pyrenee\u00ebn - Camping Is\u00e1bena","description":"Welkom op Camping Is\u00e1bena: uw toegangspoort tot de Spaanse Pyrenee\u00ebn. De perfecte plek om los te koppelen, te ontspannen en indrukwekkende landschappen te verkennen.","robots":{"index":"index","follow":"follow","max-snippet":"max-snippet:-1","max-image-preview":"max-image-preview:large","max-video-preview":"max-video-preview:-1"},"canonical":"https:\/\/www.isabena.eu\/nl\/accommodatie-in-de-spaanse-pyreneeen\/","og_locale":"nl_NL","og_type":"article","og_title":"Accommodatie in de Spaanse Pyrenee\u00ebn - Camping Is\u00e1bena","og_description":"Welkom op Camping Is\u00e1bena: uw toegangspoort tot de Spaanse Pyrenee\u00ebn. De perfecte plek om los te koppelen, te ontspannen en indrukwekkende landschappen te verkennen.","og_url":"https:\/\/www.isabena.eu\/nl\/accommodatie-in-de-spaanse-pyreneeen\/","og_site_name":"Camping Is\u00e1bena","article_publisher":"https:\/\/www.facebook.com\/Campingbungalparkisabena","article_modified_time":"2024-05-09T11:19:58+00:00","og_image":[{"url":"https:\/\/www.isabena.eu\/wp-content\/uploads\/2023\/06\/2305.00737-XL.jpg","type":"","width":"","height":""}],"twitter_card":"summary_large_image","twitter_site":"@CampingIsbena","twitter_misc":{"Geschatte leestijd":"1 minuut"},"schema":{"@context":"https:\/\/schema.org","@graph":[{"@type":"WebPage","@id":"https:\/\/www.isabena.eu\/nl\/accommodatie-in-de-spaanse-pyreneeen\/","url":"https:\/\/www.isabena.eu\/nl\/accommodatie-in-de-spaanse-pyreneeen\/","name":"Accommodatie in de Spaanse Pyrenee\u00ebn - Camping Is\u00e1bena","isPartOf":{"@id":"https:\/\/www.isabena.eu\/nl\/#website"},"primaryImageOfPage":{"@id":"https:\/\/www.isabena.eu\/nl\/accommodatie-in-de-spaanse-pyreneeen\/#primaryimage"},"image":{"@id":"https:\/\/www.isabena.eu\/nl\/accommodatie-in-de-spaanse-pyreneeen\/#primaryimage"},"thumbnailUrl":"https:\/\/www.isabena.eu\/wp-content\/uploads\/2023\/06\/2305.00737-XL.jpg","datePublished":"2024-04-10T04:25:24+00:00","dateModified":"2024-05-09T11:19:58+00:00","description":"Welkom op Camping Is\u00e1bena: uw toegangspoort tot de Spaanse Pyrenee\u00ebn. De perfecte plek om los te koppelen, te ontspannen en indrukwekkende landschappen te verkennen.","breadcrumb":{"@id":"https:\/\/www.isabena.eu\/nl\/accommodatie-in-de-spaanse-pyreneeen\/#breadcrumb"},"inLanguage":"nl-NL","potentialAction":[{"@type":"ReadAction","target":["https:\/\/www.isabena.eu\/nl\/accommodatie-in-de-spaanse-pyreneeen\/"]}]},{"@type":"ImageObject","inLanguage":"nl-NL","@id":"https:\/\/www.isabena.eu\/nl\/accommodatie-in-de-spaanse-pyreneeen\/#primaryimage","url":"https:\/\/www.isabena.eu\/wp-content\/uploads\/2023\/06\/2305.00737-XL.jpg","contentUrl":"https:\/\/www.isabena.eu\/wp-content\/uploads\/2023\/06\/2305.00737-XL.jpg"},{"@type":"BreadcrumbList","@id":"https:\/\/www.isabena.eu\/nl\/accommodatie-in-de-spaanse-pyreneeen\/#breadcrumb","itemListElement":[{"@type":"ListItem","position":1,"name":"Home","item":"https:\/\/www.isabena.eu\/nl\/"},{"@type":"ListItem","position":2,"name":"Landing accommodatie in de Spaanse Pyrenee\u00ebn"}]},{"@type":"WebSite","@id":"https:\/\/www.isabena.eu\/nl\/#website","url":"https:\/\/www.isabena.eu\/nl\/","name":"Camping Is\u00e1bena","description":"Bienvenidos al Camping &amp; Bungalowpark Is\u00e1bena en La Puebla de Roda, en el sur de los Pirineos Centrales. Un camping acogedor con miles de actividades disponibles.","publisher":{"@id":"https:\/\/www.isabena.eu\/nl\/#organization"},"alternateName":"Camping Is\u00e1bena","potentialAction":[{"@type":"SearchAction","target":{"@type":"EntryPoint","urlTemplate":"https:\/\/www.isabena.eu\/nl\/?s={search_term_string}"},"query-input":{"@type":"PropertyValueSpecification","valueRequired":true,"valueName":"search_term_string"}}],"inLanguage":"nl-NL"},{"@type":"Organization","@id":"https:\/\/www.isabena.eu\/nl\/#organization","name":"Camping Is\u00e1bena","alternateName":"Camping Is\u00e1bena","url":"https:\/\/www.isabena.eu\/nl\/","logo":{"@type":"ImageObject","inLanguage":"nl-NL","@id":"https:\/\/www.isabena.eu\/nl\/#\/schema\/logo\/image\/","url":"https:\/\/www.isabena.eu\/wp-content\/uploads\/2023\/06\/Logo-Color-cuadrado.png","contentUrl":"https:\/\/www.isabena.eu\/wp-content\/uploads\/2023\/06\/Logo-Color-cuadrado.png","width":314,"height":314,"caption":"Camping Is\u00e1bena"},"image":{"@id":"https:\/\/www.isabena.eu\/nl\/#\/schema\/logo\/image\/"},"sameAs":["https:\/\/www.facebook.com\/Campingbungalparkisabena","https:\/\/x.com\/CampingIsbena","https:\/\/www.instagram.com\/camping_bungalowpark_isabena\/","https:\/\/www.youtube.com\/user\/CampingIsabena"]}]}},"_links":{"self":[{"href":"https:\/\/www.isabena.eu\/nl\/wp-json\/wp\/v2\/pages\/12054","targetHints":{"allow":["GET"]}}],"collection":[{"href":"https:\/\/www.isabena.eu\/nl\/wp-json\/wp\/v2\/pages"}],"about":[{"href":"https:\/\/www.isabena.eu\/nl\/wp-json\/wp\/v2\/types\/page"}],"author":[{"embeddable":true,"href":"https:\/\/www.isabena.eu\/nl\/wp-json\/wp\/v2\/users\/2"}],"replies":[{"embeddable":true,"href":"https:\/\/www.isabena.eu\/nl\/wp-json\/wp\/v2\/comments?post=12054"}],"version-history":[{"count":1,"href":"https:\/\/www.isabena.eu\/nl\/wp-json\/wp\/v2\/pages\/12054\/revisions"}],"predecessor-version":[{"id":12056,"href":"https:\/\/www.isabena.eu\/nl\/wp-json\/wp\/v2\/pages\/12054\/revisions\/12056"}],"wp:attachment":[{"href":"https:\/\/www.isabena.eu\/nl\/wp-json\/wp\/v2\/media?parent=12054"}],"curies":[{"name":"wp","href":"https:\/\/api.w.org\/{rel}","templated":true}]}}