{"id":6821,"date":"2023-05-31T14:51:35","date_gmt":"2023-05-31T12:51:35","guid":{"rendered":"https:\/\/isabena.ooptimo.dev\/rutas-en-motos\/"},"modified":"2023-07-27T16:46:49","modified_gmt":"2023-07-27T14:46:49","slug":"itineraires-moto","status":"publish","type":"page","link":"https:\/\/www.isabena.eu\/fr\/itineraires-moto\/","title":{"rendered":"Itin\u00e9raires moto"},"content":{"rendered":"","protected":false},"excerpt":{"rendered":"","protected":false},"author":2,"featured_media":0,"parent":0,"menu_order":0,"comment_status":"closed","ping_status":"closed","template":"tpl-content-with-sidebar.php","meta":{"_acf_changed":false,"_joinchat":[],"footnotes":""},"class_list":["post-6821","page","type-page","status-publish","hentry"],"acf":[],"yoast_head":"<!-- This site is optimized with the Yoast SEO plugin v24.7 - https:\/\/yoast.com\/wordpress\/plugins\/seo\/ -->\n<title>Itin\u00e9raires moto dans les Pyr\u00e9n\u00e9es espagnoles - Camping Is\u00e1bena<\/title>\n<meta name=\"description\" content=\"D\u00e9couvrez les itin\u00e9raires de moto offerts par les Pyr\u00e9n\u00e9es espagnoles en campant Bungalowpark Is\u00e1bena, un paradis pour les motocyclistes.\" \/>\n<meta name=\"robots\" content=\"index, follow, max-snippet:-1, max-image-preview:large, max-video-preview:-1\" \/>\n<link rel=\"canonical\" href=\"https:\/\/www.isabena.eu\/fr\/itineraires-moto\/\" \/>\n<meta property=\"og:locale\" content=\"fr_FR\" \/>\n<meta property=\"og:type\" content=\"article\" \/>\n<meta property=\"og:title\" content=\"Itin\u00e9raires moto dans les Pyr\u00e9n\u00e9es espagnoles - Camping Is\u00e1bena\" \/>\n<meta property=\"og:description\" content=\"D\u00e9couvrez les itin\u00e9raires de moto offerts par les Pyr\u00e9n\u00e9es espagnoles en campant Bungalowpark Is\u00e1bena, un paradis pour les motocyclistes.\" \/>\n<meta property=\"og:url\" content=\"https:\/\/www.isabena.eu\/fr\/itineraires-moto\/\" \/>\n<meta property=\"og:site_name\" content=\"Camping Is\u00e1bena\" \/>\n<meta property=\"article:publisher\" content=\"https:\/\/www.facebook.com\/Campingbungalparkisabena\" \/>\n<meta property=\"article:modified_time\" content=\"2023-07-27T14:46:49+00:00\" \/>\n<meta name=\"twitter:card\" content=\"summary_large_image\" \/>\n<meta name=\"twitter:site\" content=\"@CampingIsbena\" \/>\n<!-- \/ Yoast SEO plugin. -->","yoast_head_json":{"title":"Itin\u00e9raires moto dans les Pyr\u00e9n\u00e9es espagnoles - Camping Is\u00e1bena","description":"D\u00e9couvrez les itin\u00e9raires de moto offerts par les Pyr\u00e9n\u00e9es espagnoles en campant Bungalowpark Is\u00e1bena, un paradis pour les motocyclistes.","robots":{"index":"index","follow":"follow","max-snippet":"max-snippet:-1","max-image-preview":"max-image-preview:large","max-video-preview":"max-video-preview:-1"},"canonical":"https:\/\/www.isabena.eu\/fr\/itineraires-moto\/","og_locale":"fr_FR","og_type":"article","og_title":"Itin\u00e9raires moto dans les Pyr\u00e9n\u00e9es espagnoles - Camping Is\u00e1bena","og_description":"D\u00e9couvrez les itin\u00e9raires de moto offerts par les Pyr\u00e9n\u00e9es espagnoles en campant Bungalowpark Is\u00e1bena, un paradis pour les motocyclistes.","og_url":"https:\/\/www.isabena.eu\/fr\/itineraires-moto\/","og_site_name":"Camping Is\u00e1bena","article_publisher":"https:\/\/www.facebook.com\/Campingbungalparkisabena","article_modified_time":"2023-07-27T14:46:49+00:00","twitter_card":"summary_large_image","twitter_site":"@CampingIsbena","schema":{"@context":"https:\/\/schema.org","@graph":[{"@type":"WebPage","@id":"https:\/\/www.isabena.eu\/fr\/itineraires-moto\/","url":"https:\/\/www.isabena.eu\/fr\/itineraires-moto\/","name":"Itin\u00e9raires moto dans les Pyr\u00e9n\u00e9es espagnoles - Camping Is\u00e1bena","isPartOf":{"@id":"https:\/\/www.isabena.eu\/fr\/#website"},"datePublished":"2023-05-31T12:51:35+00:00","dateModified":"2023-07-27T14:46:49+00:00","description":"D\u00e9couvrez les itin\u00e9raires de moto offerts par les Pyr\u00e9n\u00e9es espagnoles en campant Bungalowpark Is\u00e1bena, un paradis pour les motocyclistes.","breadcrumb":{"@id":"https:\/\/www.isabena.eu\/fr\/itineraires-moto\/#breadcrumb"},"inLanguage":"fr-FR","potentialAction":[{"@type":"ReadAction","target":["https:\/\/www.isabena.eu\/fr\/itineraires-moto\/"]}]},{"@type":"BreadcrumbList","@id":"https:\/\/www.isabena.eu\/fr\/itineraires-moto\/#breadcrumb","itemListElement":[{"@type":"ListItem","position":1,"name":"Home","item":"https:\/\/www.isabena.eu\/fr\/"},{"@type":"ListItem","position":2,"name":"Itin\u00e9raires moto"}]},{"@type":"WebSite","@id":"https:\/\/www.isabena.eu\/fr\/#website","url":"https:\/\/www.isabena.eu\/fr\/","name":"Camping Is\u00e1bena","description":"Bienvenidos al Camping &amp; Bungalowpark Is\u00e1bena en La Puebla de Roda, en el sur de los Pirineos Centrales. Un camping acogedor con miles de actividades disponibles.","publisher":{"@id":"https:\/\/www.isabena.eu\/fr\/#organization"},"alternateName":"Camping Is\u00e1bena","potentialAction":[{"@type":"SearchAction","target":{"@type":"EntryPoint","urlTemplate":"https:\/\/www.isabena.eu\/fr\/?s={search_term_string}"},"query-input":{"@type":"PropertyValueSpecification","valueRequired":true,"valueName":"search_term_string"}}],"inLanguage":"fr-FR"},{"@type":"Organization","@id":"https:\/\/www.isabena.eu\/fr\/#organization","name":"Camping Is\u00e1bena","alternateName":"Camping Is\u00e1bena","url":"https:\/\/www.isabena.eu\/fr\/","logo":{"@type":"ImageObject","inLanguage":"fr-FR","@id":"https:\/\/www.isabena.eu\/fr\/#\/schema\/logo\/image\/","url":"https:\/\/www.isabena.eu\/wp-content\/uploads\/2023\/06\/Logo-Color-cuadrado.png","contentUrl":"https:\/\/www.isabena.eu\/wp-content\/uploads\/2023\/06\/Logo-Color-cuadrado.png","width":314,"height":314,"caption":"Camping Is\u00e1bena"},"image":{"@id":"https:\/\/www.isabena.eu\/fr\/#\/schema\/logo\/image\/"},"sameAs":["https:\/\/www.facebook.com\/Campingbungalparkisabena","https:\/\/x.com\/CampingIsbena","https:\/\/www.instagram.com\/camping_bungalowpark_isabena\/","https:\/\/www.youtube.com\/user\/CampingIsabena"]}]}},"_links":{"self":[{"href":"https:\/\/www.isabena.eu\/fr\/wp-json\/wp\/v2\/pages\/6821","targetHints":{"allow":["GET"]}}],"collection":[{"href":"https:\/\/www.isabena.eu\/fr\/wp-json\/wp\/v2\/pages"}],"about":[{"href":"https:\/\/www.isabena.eu\/fr\/wp-json\/wp\/v2\/types\/page"}],"author":[{"embeddable":true,"href":"https:\/\/www.isabena.eu\/fr\/wp-json\/wp\/v2\/users\/2"}],"replies":[{"embeddable":true,"href":"https:\/\/www.isabena.eu\/fr\/wp-json\/wp\/v2\/comments?post=6821"}],"version-history":[{"count":0,"href":"https:\/\/www.isabena.eu\/fr\/wp-json\/wp\/v2\/pages\/6821\/revisions"}],"wp:attachment":[{"href":"https:\/\/www.isabena.eu\/fr\/wp-json\/wp\/v2\/media?parent=6821"}],"curies":[{"name":"wp","href":"https:\/\/api.w.org\/{rel}","templated":true}]}}