{"id":6865,"date":"2023-06-07T08:27:45","date_gmt":"2023-06-07T06:27:45","guid":{"rendered":"https:\/\/isabena.ooptimo.dev\/entorno-y-servicios\/"},"modified":"2023-10-31T07:46:15","modified_gmt":"2023-10-31T06:46:15","slug":"surroundings-and-services","status":"publish","type":"page","link":"https:\/\/www.isabena.eu\/en\/surroundings-and-services\/","title":{"rendered":"Surroundings and services"},"content":{"rendered":"","protected":false},"excerpt":{"rendered":"","protected":false},"author":2,"featured_media":0,"parent":0,"menu_order":0,"comment_status":"closed","ping_status":"closed","template":"tpl-content-with-sidebar.php","meta":{"_acf_changed":false,"_joinchat":[],"footnotes":""},"class_list":["post-6865","page","type-page","status-publish","hentry"],"acf":[],"yoast_head":"<!-- This site is optimized with the Yoast SEO plugin v24.7 - https:\/\/yoast.com\/wordpress\/plugins\/seo\/ -->\n<title>Camping Arag\u00f3n - Services and surroundings of the Is\u00e1bena Camping<\/title>\n<meta name=\"description\" content=\"Discover the services and surroundings of the Bungalowpark Camping Is\u00e1bena, located in the Spanish Pyrenees.\" \/>\n<meta name=\"robots\" content=\"index, follow, max-snippet:-1, max-image-preview:large, max-video-preview:-1\" \/>\n<link rel=\"canonical\" href=\"https:\/\/www.isabena.eu\/en\/surroundings-and-services\/\" \/>\n<meta property=\"og:locale\" content=\"en_US\" \/>\n<meta property=\"og:type\" content=\"article\" \/>\n<meta property=\"og:title\" content=\"Camping Arag\u00f3n - Services and surroundings of the Is\u00e1bena Camping\" \/>\n<meta property=\"og:description\" content=\"Discover the services and surroundings of the Bungalowpark Camping Is\u00e1bena, located in the Spanish Pyrenees.\" \/>\n<meta property=\"og:url\" content=\"https:\/\/www.isabena.eu\/en\/surroundings-and-services\/\" \/>\n<meta property=\"og:site_name\" content=\"Camping Is\u00e1bena\" \/>\n<meta property=\"article:publisher\" content=\"https:\/\/www.facebook.com\/Campingbungalparkisabena\" \/>\n<meta property=\"article:modified_time\" content=\"2023-10-31T06:46:15+00:00\" \/>\n<meta name=\"twitter:card\" content=\"summary_large_image\" \/>\n<meta name=\"twitter:site\" content=\"@CampingIsbena\" \/>\n<!-- \/ Yoast SEO plugin. -->","yoast_head_json":{"title":"Camping Arag\u00f3n - Services and surroundings of the Is\u00e1bena Camping","description":"Discover the services and surroundings of the Bungalowpark Camping Is\u00e1bena, located in the Spanish Pyrenees.","robots":{"index":"index","follow":"follow","max-snippet":"max-snippet:-1","max-image-preview":"max-image-preview:large","max-video-preview":"max-video-preview:-1"},"canonical":"https:\/\/www.isabena.eu\/en\/surroundings-and-services\/","og_locale":"en_US","og_type":"article","og_title":"Camping Arag\u00f3n - Services and surroundings of the Is\u00e1bena Camping","og_description":"Discover the services and surroundings of the Bungalowpark Camping Is\u00e1bena, located in the Spanish Pyrenees.","og_url":"https:\/\/www.isabena.eu\/en\/surroundings-and-services\/","og_site_name":"Camping Is\u00e1bena","article_publisher":"https:\/\/www.facebook.com\/Campingbungalparkisabena","article_modified_time":"2023-10-31T06:46:15+00:00","twitter_card":"summary_large_image","twitter_site":"@CampingIsbena","schema":{"@context":"https:\/\/schema.org","@graph":[{"@type":"WebPage","@id":"https:\/\/www.isabena.eu\/en\/surroundings-and-services\/","url":"https:\/\/www.isabena.eu\/en\/surroundings-and-services\/","name":"Camping Arag\u00f3n - Services and surroundings of the Is\u00e1bena Camping","isPartOf":{"@id":"https:\/\/www.isabena.eu\/en\/#website"},"datePublished":"2023-06-07T06:27:45+00:00","dateModified":"2023-10-31T06:46:15+00:00","description":"Discover the services and surroundings of the Bungalowpark Camping Is\u00e1bena, located in the Spanish Pyrenees.","breadcrumb":{"@id":"https:\/\/www.isabena.eu\/en\/surroundings-and-services\/#breadcrumb"},"inLanguage":"en-US","potentialAction":[{"@type":"ReadAction","target":["https:\/\/www.isabena.eu\/en\/surroundings-and-services\/"]}]},{"@type":"BreadcrumbList","@id":"https:\/\/www.isabena.eu\/en\/surroundings-and-services\/#breadcrumb","itemListElement":[{"@type":"ListItem","position":1,"name":"Home","item":"https:\/\/www.isabena.eu\/en\/"},{"@type":"ListItem","position":2,"name":"Surroundings and services"}]},{"@type":"WebSite","@id":"https:\/\/www.isabena.eu\/en\/#website","url":"https:\/\/www.isabena.eu\/en\/","name":"Camping Is\u00e1bena","description":"Bienvenidos al Camping &amp; Bungalowpark Is\u00e1bena en La Puebla de Roda, en el sur de los Pirineos Centrales. Un camping acogedor con miles de actividades disponibles.","publisher":{"@id":"https:\/\/www.isabena.eu\/en\/#organization"},"alternateName":"Camping Is\u00e1bena","potentialAction":[{"@type":"SearchAction","target":{"@type":"EntryPoint","urlTemplate":"https:\/\/www.isabena.eu\/en\/?s={search_term_string}"},"query-input":{"@type":"PropertyValueSpecification","valueRequired":true,"valueName":"search_term_string"}}],"inLanguage":"en-US"},{"@type":"Organization","@id":"https:\/\/www.isabena.eu\/en\/#organization","name":"Camping Is\u00e1bena","alternateName":"Camping Is\u00e1bena","url":"https:\/\/www.isabena.eu\/en\/","logo":{"@type":"ImageObject","inLanguage":"en-US","@id":"https:\/\/www.isabena.eu\/en\/#\/schema\/logo\/image\/","url":"https:\/\/www.isabena.eu\/wp-content\/uploads\/2023\/06\/Logo-Color-cuadrado.png","contentUrl":"https:\/\/www.isabena.eu\/wp-content\/uploads\/2023\/06\/Logo-Color-cuadrado.png","width":314,"height":314,"caption":"Camping Is\u00e1bena"},"image":{"@id":"https:\/\/www.isabena.eu\/en\/#\/schema\/logo\/image\/"},"sameAs":["https:\/\/www.facebook.com\/Campingbungalparkisabena","https:\/\/x.com\/CampingIsbena","https:\/\/www.instagram.com\/camping_bungalowpark_isabena\/","https:\/\/www.youtube.com\/user\/CampingIsabena"]}]}},"_links":{"self":[{"href":"https:\/\/www.isabena.eu\/en\/wp-json\/wp\/v2\/pages\/6865","targetHints":{"allow":["GET"]}}],"collection":[{"href":"https:\/\/www.isabena.eu\/en\/wp-json\/wp\/v2\/pages"}],"about":[{"href":"https:\/\/www.isabena.eu\/en\/wp-json\/wp\/v2\/types\/page"}],"author":[{"embeddable":true,"href":"https:\/\/www.isabena.eu\/en\/wp-json\/wp\/v2\/users\/2"}],"replies":[{"embeddable":true,"href":"https:\/\/www.isabena.eu\/en\/wp-json\/wp\/v2\/comments?post=6865"}],"version-history":[{"count":2,"href":"https:\/\/www.isabena.eu\/en\/wp-json\/wp\/v2\/pages\/6865\/revisions"}],"predecessor-version":[{"id":9225,"href":"https:\/\/www.isabena.eu\/en\/wp-json\/wp\/v2\/pages\/6865\/revisions\/9225"}],"wp:attachment":[{"href":"https:\/\/www.isabena.eu\/en\/wp-json\/wp\/v2\/media?parent=6865"}],"curies":[{"name":"wp","href":"https:\/\/api.w.org\/{rel}","templated":true}]}}