{"id":22756,"date":"2025-12-03T20:31:43","date_gmt":"2025-12-03T19:31:43","guid":{"rendered":"https:\/\/www.isabena.eu\/?page_id=22756"},"modified":"2025-12-09T12:18:46","modified_gmt":"2025-12-09T11:18:46","slug":"tour-360","status":"publish","type":"page","link":"https:\/\/www.isabena.eu\/en\/tour-360\/","title":{"rendered":"Tour 360"},"content":{"rendered":"<style>\r\n\tp:empty     { display: none; }\r\n\t.iframeTour { width: 100%; height: 700px; border: 0px; }\r\n<\/style>\r\n<iframe class=\"iframeTour\" src=\"https:\/\/www.movimientotecnologicorural.org\/tour360campingisabena\/index.htm\" allowfullscreen=\"\" loading=\"lazy\" referrerpolicy=\"no-referrer-when-downgrade\"><\/iframe>\n","protected":false},"excerpt":{"rendered":"","protected":false},"author":4,"featured_media":0,"parent":0,"menu_order":0,"comment_status":"closed","ping_status":"closed","template":"page-full-width.php","meta":{"_acf_changed":false,"_joinchat":[],"footnotes":""},"class_list":["post-22756","page","type-page","status-publish","hentry"],"acf":[],"yoast_head":"<!-- This site is optimized with the Yoast SEO plugin v24.7 - https:\/\/yoast.com\/wordpress\/plugins\/seo\/ -->\n<title>Tour 360of the Bungalow Camp Is\u00e1bena in the Spanish Pyrenees - Camping Is\u00e1bena<\/title>\n<meta name=\"description\" content=\"Discover all the spaces and views of the Is\u00e1bena campsite with a 360\u00b0 virtual tour that will surprise you.\" \/>\n<meta name=\"robots\" content=\"index, follow, max-snippet:-1, max-image-preview:large, max-video-preview:-1\" \/>\n<link rel=\"canonical\" href=\"https:\/\/www.isabena.eu\/en\/tour-360\/\" \/>\n<meta property=\"og:locale\" content=\"en_US\" \/>\n<meta property=\"og:type\" content=\"article\" \/>\n<meta property=\"og:title\" content=\"Tour 360of the Bungalow Camp Is\u00e1bena in the Spanish Pyrenees - Camping Is\u00e1bena\" \/>\n<meta property=\"og:description\" content=\"Discover all the spaces and views of the Is\u00e1bena campsite with a 360\u00b0 virtual tour that will surprise you.\" \/>\n<meta property=\"og:url\" content=\"https:\/\/www.isabena.eu\/en\/tour-360\/\" \/>\n<meta property=\"og:site_name\" content=\"Camping Is\u00e1bena\" \/>\n<meta property=\"article:publisher\" content=\"https:\/\/www.facebook.com\/Campingbungalparkisabena\" \/>\n<meta property=\"article:modified_time\" content=\"2025-12-09T11:18:46+00:00\" \/>\n<meta name=\"twitter:card\" content=\"summary_large_image\" \/>\n<meta name=\"twitter:site\" content=\"@CampingIsbena\" \/>\n<meta name=\"twitter:label1\" content=\"Est. reading time\" \/>\n\t<meta name=\"twitter:data1\" content=\"1 minute\" \/>\n<!-- \/ Yoast SEO plugin. -->","yoast_head_json":{"title":"Tour 360of the Bungalow Camp Is\u00e1bena in the Spanish Pyrenees - Camping Is\u00e1bena","description":"Discover all the spaces and views of the Is\u00e1bena campsite with a 360\u00b0 virtual tour that will surprise you.","robots":{"index":"index","follow":"follow","max-snippet":"max-snippet:-1","max-image-preview":"max-image-preview:large","max-video-preview":"max-video-preview:-1"},"canonical":"https:\/\/www.isabena.eu\/en\/tour-360\/","og_locale":"en_US","og_type":"article","og_title":"Tour 360of the Bungalow Camp Is\u00e1bena in the Spanish Pyrenees - Camping Is\u00e1bena","og_description":"Discover all the spaces and views of the Is\u00e1bena campsite with a 360\u00b0 virtual tour that will surprise you.","og_url":"https:\/\/www.isabena.eu\/en\/tour-360\/","og_site_name":"Camping Is\u00e1bena","article_publisher":"https:\/\/www.facebook.com\/Campingbungalparkisabena","article_modified_time":"2025-12-09T11:18:46+00:00","twitter_card":"summary_large_image","twitter_site":"@CampingIsbena","twitter_misc":{"Est. reading time":"1 minute"},"schema":{"@context":"https:\/\/schema.org","@graph":[{"@type":"WebPage","@id":"https:\/\/www.isabena.eu\/en\/tour-360\/","url":"https:\/\/www.isabena.eu\/en\/tour-360\/","name":"Tour 360of the Bungalow Camp Is\u00e1bena in the Spanish Pyrenees - Camping Is\u00e1bena","isPartOf":{"@id":"https:\/\/www.isabena.eu\/en\/#website"},"datePublished":"2025-12-03T19:31:43+00:00","dateModified":"2025-12-09T11:18:46+00:00","description":"Discover all the spaces and views of the Is\u00e1bena campsite with a 360\u00b0 virtual tour that will surprise you.","breadcrumb":{"@id":"https:\/\/www.isabena.eu\/en\/tour-360\/#breadcrumb"},"inLanguage":"en-US","potentialAction":[{"@type":"ReadAction","target":["https:\/\/www.isabena.eu\/en\/tour-360\/"]}]},{"@type":"BreadcrumbList","@id":"https:\/\/www.isabena.eu\/en\/tour-360\/#breadcrumb","itemListElement":[{"@type":"ListItem","position":1,"name":"Home","item":"https:\/\/www.isabena.eu\/en\/"},{"@type":"ListItem","position":2,"name":"Tour 360"}]},{"@type":"WebSite","@id":"https:\/\/www.isabena.eu\/en\/#website","url":"https:\/\/www.isabena.eu\/en\/","name":"Camping Is\u00e1bena","description":"Bienvenidos al Camping &amp; Bungalowpark Is\u00e1bena en La Puebla de Roda, en el sur de los Pirineos Centrales. Un camping acogedor con miles de actividades disponibles.","publisher":{"@id":"https:\/\/www.isabena.eu\/en\/#organization"},"alternateName":"Camping Is\u00e1bena","potentialAction":[{"@type":"SearchAction","target":{"@type":"EntryPoint","urlTemplate":"https:\/\/www.isabena.eu\/en\/?s={search_term_string}"},"query-input":{"@type":"PropertyValueSpecification","valueRequired":true,"valueName":"search_term_string"}}],"inLanguage":"en-US"},{"@type":"Organization","@id":"https:\/\/www.isabena.eu\/en\/#organization","name":"Camping Is\u00e1bena","alternateName":"Camping Is\u00e1bena","url":"https:\/\/www.isabena.eu\/en\/","logo":{"@type":"ImageObject","inLanguage":"en-US","@id":"https:\/\/www.isabena.eu\/en\/#\/schema\/logo\/image\/","url":"https:\/\/www.isabena.eu\/wp-content\/uploads\/2023\/06\/Logo-Color-cuadrado.png","contentUrl":"https:\/\/www.isabena.eu\/wp-content\/uploads\/2023\/06\/Logo-Color-cuadrado.png","width":314,"height":314,"caption":"Camping Is\u00e1bena"},"image":{"@id":"https:\/\/www.isabena.eu\/en\/#\/schema\/logo\/image\/"},"sameAs":["https:\/\/www.facebook.com\/Campingbungalparkisabena","https:\/\/x.com\/CampingIsbena","https:\/\/www.instagram.com\/camping_bungalowpark_isabena\/","https:\/\/www.youtube.com\/user\/CampingIsabena"]}]}},"_links":{"self":[{"href":"https:\/\/www.isabena.eu\/en\/wp-json\/wp\/v2\/pages\/22756","targetHints":{"allow":["GET"]}}],"collection":[{"href":"https:\/\/www.isabena.eu\/en\/wp-json\/wp\/v2\/pages"}],"about":[{"href":"https:\/\/www.isabena.eu\/en\/wp-json\/wp\/v2\/types\/page"}],"author":[{"embeddable":true,"href":"https:\/\/www.isabena.eu\/en\/wp-json\/wp\/v2\/users\/4"}],"replies":[{"embeddable":true,"href":"https:\/\/www.isabena.eu\/en\/wp-json\/wp\/v2\/comments?post=22756"}],"version-history":[{"count":1,"href":"https:\/\/www.isabena.eu\/en\/wp-json\/wp\/v2\/pages\/22756\/revisions"}],"predecessor-version":[{"id":22757,"href":"https:\/\/www.isabena.eu\/en\/wp-json\/wp\/v2\/pages\/22756\/revisions\/22757"}],"wp:attachment":[{"href":"https:\/\/www.isabena.eu\/en\/wp-json\/wp\/v2\/media?parent=22756"}],"curies":[{"name":"wp","href":"https:\/\/api.w.org\/{rel}","templated":true}]}}