{"id":6858,"date":"2023-05-31T14:51:54","date_gmt":"2023-05-31T12:51:54","guid":{"rendered":"https:\/\/isabena.ooptimo.dev\/contacto\/"},"modified":"2024-06-17T11:19:37","modified_gmt":"2024-06-17T09:19:37","slug":"kontakt","status":"publish","type":"page","link":"https:\/\/www.isabena.eu\/de\/kontakt\/","title":{"rendered":"Kontakt"},"content":{"rendered":"<section class=\"blq-banner-contact-form-map\">\n\t<div class=\"container\">\n\t\t<div class=\"txt\">\n\t\t\t<div class='bx'>\n\t\t\t\t<h2 class=\"title\">Kontaktieren Sie uns <\/h2>\n\t\t\t\t<div class=\"content\"><p>Wir beantworten gerne Ihre Fragen<\/p>\n<\/div>\n\t\t\t\t<div class=\"form\">\n<div class=\"wpcf7 no-js\" id=\"wpcf7-f6830-o1\" lang=\"de-DE\" dir=\"ltr\" data-wpcf7-id=\"6830\">\n<div class=\"screen-reader-response\"><p role=\"status\" aria-live=\"polite\" aria-atomic=\"true\"><\/p> <ul><\/ul><\/div>\n<form action=\"\/de\/wp-json\/wp\/v2\/pages\/6858#wpcf7-f6830-o1\" method=\"post\" class=\"wpcf7-form init\" aria-label=\"Kontaktformular\" novalidate=\"novalidate\" data-status=\"init\">\n<div style=\"display: none;\">\n<input type=\"hidden\" name=\"_wpcf7\" value=\"6830\" \/>\n<input type=\"hidden\" name=\"_wpcf7_version\" value=\"6.0.5\" \/>\n<input type=\"hidden\" name=\"_wpcf7_locale\" value=\"de_DE\" \/>\n<input type=\"hidden\" name=\"_wpcf7_unit_tag\" value=\"wpcf7-f6830-o1\" \/>\n<input type=\"hidden\" name=\"_wpcf7_container_post\" value=\"0\" \/>\n<input type=\"hidden\" name=\"_wpcf7_posted_data_hash\" value=\"\" \/>\n<input type=\"hidden\" name=\"_wpcf7_recaptcha_response\" value=\"\" \/>\n<\/div>\n<p><label><span class=\"wpcf7-form-control-wrap\" data-name=\"your-name\"><input size=\"40\" maxlength=\"400\" class=\"wpcf7-form-control wpcf7-text wpcf7-validates-as-required\" autocomplete=\"name\" aria-required=\"true\" aria-invalid=\"false\" placeholder=\"*Name\" value=\"\" type=\"text\" name=\"your-name\" \/><\/span> <\/label><br \/>\n<label><span class=\"wpcf7-form-control-wrap\" data-name=\"your-lastname\"><input size=\"40\" maxlength=\"400\" class=\"wpcf7-form-control wpcf7-text wpcf7-validates-as-required\" autocomplete=\"lastname\" aria-required=\"true\" aria-invalid=\"false\" placeholder=\"*Nachname\" value=\"\" type=\"text\" name=\"your-lastname\" \/><\/span> <\/label><br \/>\n<label><span class=\"wpcf7-form-control-wrap\" data-name=\"your-email\"><input size=\"40\" maxlength=\"400\" class=\"wpcf7-form-control wpcf7-email wpcf7-validates-as-required wpcf7-text wpcf7-validates-as-email\" autocomplete=\"email\" aria-required=\"true\" aria-invalid=\"false\" placeholder=\"*Email\" value=\"\" type=\"email\" name=\"your-email\" \/><\/span> <\/label><br \/>\n<label><span class=\"wpcf7-form-control-wrap\" data-name=\"your-phone\"><input size=\"40\" maxlength=\"400\" class=\"wpcf7-form-control wpcf7-text wpcf7-validates-as-required\" autocomplete=\"phone\" aria-required=\"true\" aria-invalid=\"false\" placeholder=\"*Telefon\" value=\"\" type=\"text\" name=\"your-phone\" \/><\/span> <\/label><br \/>\n<label><span class=\"wpcf7-form-control-wrap\" data-name=\"your-message\"><textarea cols=\"40\" rows=\"10\" maxlength=\"2000\" class=\"wpcf7-form-control wpcf7-textarea\" aria-invalid=\"false\" placeholder=\"Nachricht\" name=\"your-message\"><\/textarea><\/span> <\/label><br \/>\n<label><span class=\"wpcf7-form-control-wrap\" data-name=\"acceptance-490\"><span class=\"wpcf7-form-control wpcf7-acceptance\"><span class=\"wpcf7-list-item\"><input type=\"checkbox\" name=\"acceptance-490\" value=\"1\" aria-invalid=\"false\" \/><\/span><\/span><\/span> Ich akzeptiere die Datenschutzbestimmungen<\/label>\n<\/p>\n<p>Gem\u00e4\u00df der Verordnung (EU) 2016\/679 des Europ\u00e4ischen Parlaments und des Rates vom 27. April 2016 habe ich die Datenschutzrichtlinie von isabena.eu gelesen, verstanden und akzeptiere sie.\n<\/p>\n<p><label><input class=\"wpcf7-form-control wpcf7-submit has-spinner\" type=\"submit\" value=\"Kontakt\" \/><\/label>\n<\/p>\n<div class=\"bx-utms\">\n\t<p><input type=\"hidden\" name=\"utm_source\" value=\"\" \/><input type=\"hidden\" name=\"utm_medium\" value=\"\" \/><input type=\"hidden\" name=\"utm_term\" value=\"\" \/><input type=\"hidden\" name=\"utm_content\" value=\"\" \/><input type=\"hidden\" name=\"utm_campaign\" value=\"\" \/><input type=\"hidden\" name=\"utmurl\" value=\"\" \/><input type=\"hidden\" name=\"referrer\" value=\"\" \/>\n\t<\/p>\n<\/div><div class=\"wpcf7-response-output\" aria-hidden=\"true\"><\/div>\n<\/form>\n<\/div>\n<\/div>\n\t\t\t\t<div class='content-extra'><h3>Sie k\u00f6nnen uns auch hier finden:<\/h3>\n<div>\n<span class=\"phone\"><a href=\"tel:(+34) 974 54 45 30\" onclick=\"gtag(\\\"event\\\", \\\"Telefono\\\", {\\\"event_category\\\": \\\"Llamar\\\"});\" >(+34) 974 54 45 30<\/a><\/span>\n<div><span class=\"email\"><a href=\"mailto:info@isabena.eu\">info@isabena.eu<\/a><\/span><\/div>\n<\/div>\n<\/div>\n\t\t\t<\/div>\n\t\t<\/div>\n\t\t<div class=\"map\">\n\t\t\t<iframe src=\"https:\/\/www.google.com\/maps\/embed?pb=!1m18!1m12!1m3!1d916758.25595123!2d0.5078763764551827!3d42.479957029454624!2m3!1f0!2f0!3f0!3m2!1i1024!2i768!4f13.1!3m3!1m2!1s0x12a7cb8cd3ee27f1%3A0x32418e6e37f073ef!2sCamping%20Bungalowpark%20Is%C3%A1bena!5e0!3m2!1ses!2ses!4v1685684699128!5m2!1ses!2ses\" width=\"600\" height=\"450\" style=\"border:0;\" allowfullscreen=\"\" loading=\"lazy\" referrerpolicy=\"no-referrer-when-downgrade\"><\/iframe>\t\t<\/div>\n\t<\/div>\n<\/section>\n","protected":false},"excerpt":{"rendered":"","protected":false},"author":2,"featured_media":0,"parent":0,"menu_order":0,"comment_status":"closed","ping_status":"closed","template":"page-full-width.php","meta":{"_acf_changed":false,"_joinchat":[],"footnotes":""},"class_list":["post-6858","page","type-page","status-publish","hentry"],"acf":[],"yoast_head":"<!-- This site is optimized with the Yoast SEO plugin v24.7 - https:\/\/yoast.com\/wordpress\/plugins\/seo\/ -->\n<title>Auf dem Campingplatz Isabena helfen wir dir, bei der Planung deines Urlaubs in den spanischen Pyren\u00e4en<\/title>\n<meta name=\"description\" content=\"Hast du eine Frage oder m\u00f6chtest du deinen Aufenthalt im Camping-Bungalowpark Isabena reservieren, z\u00f6gere nicht, uns zu kontaktieren um deine Ferien in Aragonesischen Pyren\u00e4en zu planen.\" \/>\n<meta name=\"robots\" content=\"index, follow, max-snippet:-1, max-image-preview:large, max-video-preview:-1\" \/>\n<link rel=\"canonical\" href=\"https:\/\/www.isabena.eu\/de\/kontakt\/\" \/>\n<meta property=\"og:locale\" content=\"de_DE\" \/>\n<meta property=\"og:type\" content=\"article\" \/>\n<meta property=\"og:title\" content=\"Auf dem Campingplatz Isabena helfen wir dir, bei der Planung deines Urlaubs in den spanischen Pyren\u00e4en\" \/>\n<meta property=\"og:description\" content=\"Hast du eine Frage oder m\u00f6chtest du deinen Aufenthalt im Camping-Bungalowpark Isabena reservieren, z\u00f6gere nicht, uns zu kontaktieren um deine Ferien in Aragonesischen Pyren\u00e4en zu planen.\" \/>\n<meta property=\"og:url\" content=\"https:\/\/www.isabena.eu\/de\/kontakt\/\" \/>\n<meta property=\"og:site_name\" content=\"Camping Is\u00e1bena\" \/>\n<meta property=\"article:publisher\" content=\"https:\/\/www.facebook.com\/Campingbungalparkisabena\" \/>\n<meta property=\"article:modified_time\" content=\"2024-06-17T09:19:37+00:00\" \/>\n<meta name=\"twitter:card\" content=\"summary_large_image\" \/>\n<meta name=\"twitter:site\" content=\"@CampingIsbena\" \/>\n<!-- \/ Yoast SEO plugin. -->","yoast_head_json":{"title":"Auf dem Campingplatz Isabena helfen wir dir, bei der Planung deines Urlaubs in den spanischen Pyren\u00e4en","description":"Hast du eine Frage oder m\u00f6chtest du deinen Aufenthalt im Camping-Bungalowpark Isabena reservieren, z\u00f6gere nicht, uns zu kontaktieren um deine Ferien in Aragonesischen Pyren\u00e4en zu planen.","robots":{"index":"index","follow":"follow","max-snippet":"max-snippet:-1","max-image-preview":"max-image-preview:large","max-video-preview":"max-video-preview:-1"},"canonical":"https:\/\/www.isabena.eu\/de\/kontakt\/","og_locale":"de_DE","og_type":"article","og_title":"Auf dem Campingplatz Isabena helfen wir dir, bei der Planung deines Urlaubs in den spanischen Pyren\u00e4en","og_description":"Hast du eine Frage oder m\u00f6chtest du deinen Aufenthalt im Camping-Bungalowpark Isabena reservieren, z\u00f6gere nicht, uns zu kontaktieren um deine Ferien in Aragonesischen Pyren\u00e4en zu planen.","og_url":"https:\/\/www.isabena.eu\/de\/kontakt\/","og_site_name":"Camping Is\u00e1bena","article_publisher":"https:\/\/www.facebook.com\/Campingbungalparkisabena","article_modified_time":"2024-06-17T09:19:37+00:00","twitter_card":"summary_large_image","twitter_site":"@CampingIsbena","schema":{"@context":"https:\/\/schema.org","@graph":[{"@type":"WebPage","@id":"https:\/\/www.isabena.eu\/de\/kontakt\/","url":"https:\/\/www.isabena.eu\/de\/kontakt\/","name":"Auf dem Campingplatz Isabena helfen wir dir, bei der Planung deines Urlaubs in den spanischen Pyren\u00e4en","isPartOf":{"@id":"https:\/\/www.isabena.eu\/de\/#website"},"datePublished":"2023-05-31T12:51:54+00:00","dateModified":"2024-06-17T09:19:37+00:00","description":"Hast du eine Frage oder m\u00f6chtest du deinen Aufenthalt im Camping-Bungalowpark Isabena reservieren, z\u00f6gere nicht, uns zu kontaktieren um deine Ferien in Aragonesischen Pyren\u00e4en zu planen.","breadcrumb":{"@id":"https:\/\/www.isabena.eu\/de\/kontakt\/#breadcrumb"},"inLanguage":"de","potentialAction":[{"@type":"ReadAction","target":["https:\/\/www.isabena.eu\/de\/kontakt\/"]}]},{"@type":"BreadcrumbList","@id":"https:\/\/www.isabena.eu\/de\/kontakt\/#breadcrumb","itemListElement":[{"@type":"ListItem","position":1,"name":"Home","item":"https:\/\/www.isabena.eu\/de\/"},{"@type":"ListItem","position":2,"name":"Kontakt"}]},{"@type":"WebSite","@id":"https:\/\/www.isabena.eu\/de\/#website","url":"https:\/\/www.isabena.eu\/de\/","name":"Camping Is\u00e1bena","description":"Bienvenidos al Camping &amp; Bungalowpark Is\u00e1bena en La Puebla de Roda, en el sur de los Pirineos Centrales. Un camping acogedor con miles de actividades disponibles.","publisher":{"@id":"https:\/\/www.isabena.eu\/de\/#organization"},"alternateName":"Camping Is\u00e1bena","potentialAction":[{"@type":"SearchAction","target":{"@type":"EntryPoint","urlTemplate":"https:\/\/www.isabena.eu\/de\/?s={search_term_string}"},"query-input":{"@type":"PropertyValueSpecification","valueRequired":true,"valueName":"search_term_string"}}],"inLanguage":"de"},{"@type":"Organization","@id":"https:\/\/www.isabena.eu\/de\/#organization","name":"Camping Is\u00e1bena","alternateName":"Camping Is\u00e1bena","url":"https:\/\/www.isabena.eu\/de\/","logo":{"@type":"ImageObject","inLanguage":"de","@id":"https:\/\/www.isabena.eu\/de\/#\/schema\/logo\/image\/","url":"https:\/\/www.isabena.eu\/wp-content\/uploads\/2023\/06\/Logo-Color-cuadrado.png","contentUrl":"https:\/\/www.isabena.eu\/wp-content\/uploads\/2023\/06\/Logo-Color-cuadrado.png","width":314,"height":314,"caption":"Camping Is\u00e1bena"},"image":{"@id":"https:\/\/www.isabena.eu\/de\/#\/schema\/logo\/image\/"},"sameAs":["https:\/\/www.facebook.com\/Campingbungalparkisabena","https:\/\/x.com\/CampingIsbena","https:\/\/www.instagram.com\/camping_bungalowpark_isabena\/","https:\/\/www.youtube.com\/user\/CampingIsabena"]}]}},"_links":{"self":[{"href":"https:\/\/www.isabena.eu\/de\/wp-json\/wp\/v2\/pages\/6858","targetHints":{"allow":["GET"]}}],"collection":[{"href":"https:\/\/www.isabena.eu\/de\/wp-json\/wp\/v2\/pages"}],"about":[{"href":"https:\/\/www.isabena.eu\/de\/wp-json\/wp\/v2\/types\/page"}],"author":[{"embeddable":true,"href":"https:\/\/www.isabena.eu\/de\/wp-json\/wp\/v2\/users\/2"}],"replies":[{"embeddable":true,"href":"https:\/\/www.isabena.eu\/de\/wp-json\/wp\/v2\/comments?post=6858"}],"version-history":[{"count":1,"href":"https:\/\/www.isabena.eu\/de\/wp-json\/wp\/v2\/pages\/6858\/revisions"}],"predecessor-version":[{"id":9133,"href":"https:\/\/www.isabena.eu\/de\/wp-json\/wp\/v2\/pages\/6858\/revisions\/9133"}],"wp:attachment":[{"href":"https:\/\/www.isabena.eu\/de\/wp-json\/wp\/v2\/media?parent=6858"}],"curies":[{"name":"wp","href":"https:\/\/api.w.org\/{rel}","templated":true}]}}