{"id":12229,"date":"2024-04-10T07:28:44","date_gmt":"2024-04-10T05:28:44","guid":{"rendered":"https:\/\/www.isabena.eu\/moto-bmw-motorrad-testride-hotel\/"},"modified":"2024-05-29T08:45:19","modified_gmt":"2024-05-29T06:45:19","slug":"bmw-motorrad-testride-hotel","status":"publish","type":"page","link":"https:\/\/www.isabena.eu\/de\/bmw-motorrad-testride-hotel\/","title":{"rendered":"Landing moto BMW Motorrad Testride Hotel"},"content":{"rendered":"<section class=\"blq-banner-carousel\">\n\t<div class=\"bg with-overlay\">\n\t\t\t\t\t\t\t\t\t\t\t\t\t\t<figure>\n\t\t\t\t\t\t<img decoding=\"async\" src=\"https:\/\/www.isabena.eu\/wp-content\/uploads\/2017\/10\/Rallye-Karte.jpeg\" alt=\" \"  \/>\n\t\t\t\t\t<\/figure>\n\t\t\t\t\t\t\t\t\t\t<\/div>\n\t\t\t<div class=\"box-content\">\n\t\t<div class=\"container\">\n\t\t\t\t\t\t\t<h1>BMW Motorrad Testride Hotel im Herzen der spanischen Pyren\u00e4en<\/h1>\n\t\t\t\t\t\t\t\t\t<div class='content'><p><strong>Willkommen in Ihrem BMW Motorrad Testride Hotel\u00a0<\/strong><\/p>\n<\/div>\n\t\t\t\t\t\t\t\t\t\t\t\t\t<\/div>\n\t<\/div>\n\t<\/section>\n\n\n<section class=\"blq-banner-img-txt   \" >\n\t<div class=\"container\">\n\t\t<div class=\"img gs_reveal gs_reveal_fromRight\">\n\t\t\t\n\t\t\t\t\t\t<img decoding=\"async\" width=\"2560\" height=\"1920\" src=\"https:\/\/www.isabena.eu\/wp-content\/uploads\/2023\/07\/2305.009361-scaled.jpg\" class=\"front\" alt=\"Vista a\u00e9rea del Camping Is\u00e1bena, con su piscina perfecta para disfrutar de vacaciones en verano en el Pirineo aragon\u00e9s. Aerial view of Camping Is\u00e1bena, with its pool, perfect for enjoying a summer vacation in the Aragonese Pyrenees. Vue a\u00e9rienne du Camping Is\u00e1bena, avec sa piscine, parfaite pour profiter de vacances d&#039;\u00e9t\u00e9 dans les Pyr\u00e9n\u00e9es aragonaises. Luftaufnahme des Campingplatzes Is\u00e1bena mit seinem Pool, perfekt f\u00fcr einen Sommerurlaub in den aragonesischen Pyren\u00e4en. Luchtfoto van Camping Is\u00e1bena, met zwembad, ideaal voor een zomervakantie in de Aragonese Pyrenee\u00ebn.\" srcset=\"https:\/\/www.isabena.eu\/wp-content\/uploads\/2023\/07\/2305.009361-scaled.jpg 2560w, https:\/\/www.isabena.eu\/wp-content\/uploads\/2023\/07\/2305.009361-300x225.jpg 300w, https:\/\/www.isabena.eu\/wp-content\/uploads\/2023\/07\/2305.009361-1024x768.jpg 1024w, https:\/\/www.isabena.eu\/wp-content\/uploads\/2023\/07\/2305.009361-768x576.jpg 768w, https:\/\/www.isabena.eu\/wp-content\/uploads\/2023\/07\/2305.009361-1536x1152.jpg 1536w, https:\/\/www.isabena.eu\/wp-content\/uploads\/2023\/07\/2305.009361-2048x1536.jpg 2048w, https:\/\/www.isabena.eu\/wp-content\/uploads\/2023\/07\/2305.009361-1747x1310.jpg 1747w\" sizes=\"(max-width: 2560px) 100vw, 2560px\" \/>\t\t\t\t\t\t\t<img decoding=\"async\" width=\"2560\" height=\"1708\" src=\"https:\/\/www.isabena.eu\/wp-content\/uploads\/2023\/07\/2305.007591-scaled.jpg\" class=\"back\" alt=\"Foto de bungalows acogedores y r\u00fasticos de Camping Is\u00e1bena en el Pirineo aragon\u00e9s. Perfectos para escapadas en familia en plena naturaleza.\" srcset=\"https:\/\/www.isabena.eu\/wp-content\/uploads\/2023\/07\/2305.007591-scaled.jpg 2560w, https:\/\/www.isabena.eu\/wp-content\/uploads\/2023\/07\/2305.007591-300x200.jpg 300w, https:\/\/www.isabena.eu\/wp-content\/uploads\/2023\/07\/2305.007591-1024x683.jpg 1024w, https:\/\/www.isabena.eu\/wp-content\/uploads\/2023\/07\/2305.007591-768x512.jpg 768w, https:\/\/www.isabena.eu\/wp-content\/uploads\/2023\/07\/2305.007591-1536x1025.jpg 1536w, https:\/\/www.isabena.eu\/wp-content\/uploads\/2023\/07\/2305.007591-2048x1366.jpg 2048w, https:\/\/www.isabena.eu\/wp-content\/uploads\/2023\/07\/2305.007591-1964x1310.jpg 1964w\" sizes=\"(max-width: 2560px) 100vw, 2560px\" \/>\t\t\t\t\t<\/div>\n\t\t<div class=\"txt gs_reveal gs_reveal_fromLeft\">\n\t\t\t<div class='bx'>\n\t\t\t\t<h2 class=\"title\">Camping &#038; Bungalowpark Is\u00e1bena<\/h2>\n\t\t\t\t<div class=\"content\"><p>Wussten Sie, dass Camping &amp; Bungalowpark Is\u00e1bena als BMW Motorrad Testride Hotel anerkannt ist? Dieser Titel macht uns zu einem der beliebtesten Reiseziele mit dem Motorrad.<\/p>\n<p>Wir bieten Ihnen das einzigartige Erlebnis, die sch\u00f6nsten Routen durch die Pyren\u00e4en mit den neuesten BMW Modellen zu erkunden. Zur Verf\u00fcgung stehen zum Beispiel die neue BMW R1300GS oder F900GS.<\/p>\n<\/div>\n\t\t\t\t\t\t\t\t\t<div class=\"btn-link\">\n\t\t\t\t\t\t\t\t\t\t\t\t<a href=\"https:\/\/bookingpremium.secureholiday.net\/de\/5221\/search\/product-list?searchType=exact&#038;productType=all&#038;filterStatus=showPeriod\" class=''>Reservante<\/a>\n\t\t\t\t\t<\/div>\n\t\t\t\t\t\t\t<\/div>\n\t\t<\/div>\n\t<\/div>\n<\/section>\n\n\n<div\n\tclass=\"isabena-ordered-columns wp-block-isabena-ordered-columns\">\n\t<div class=\"container\">\n\t\t<div class=\"isabena-ordered-columns__list\">\n\t\t\t\t\t<div class=\"isabena-ordered-columns__item\">\n\t\t\t\t<h2 class=\"isabena-ordered-columns__item__title\">\n\t\t\t\t\t<strong>01.<\/strong>\n\t\t\t\t\tBungalows und Mobilheime\t\t\t\t<\/h2>\n\t\t\t\t<div class=\"isabena-ordered-columns__item__description\">\n\t\t\t\t\tHolzbungalows mit einer Kapazit\u00e4t f\u00fcr bis zu sechs Personen. Mobilheime f\u00fcr vier Abenteurer.\t\t\t\t<\/div>\n\t\t\t<\/div>\n\t\t\t\t\t\t<div class=\"isabena-ordered-columns__item\">\n\t\t\t\t<h2 class=\"isabena-ordered-columns__item__title\">\n\t\t\t\t\t<strong>02.<\/strong>\n\t\t\t\t\tHolzh\u00fctten\t\t\t\t<\/h2>\n\t\t\t\t<div class=\"isabena-ordered-columns__item__description\">\n\t\t\t\t\tLiegt in einer der ruhigsten Gegenden des Campingplatzes und bietet einen spektakul\u00e4ren Blick auf die Berge.\t\t\t\t<\/div>\n\t\t\t<\/div>\n\t\t\t\t\t\t<div class=\"isabena-ordered-columns__item\">\n\t\t\t\t<h2 class=\"isabena-ordered-columns__item__title\">\n\t\t\t\t\t<strong>03.<\/strong>\n\t\t\t\t\tCampingpl\u00e4tze\t\t\t\t<\/h2>\n\t\t\t\t<div class=\"isabena-ordered-columns__item__description\">\n\t\t\t\t\tInsgesamt 85 grasbewachsene Parzellen, die zwischen 80 und 100 Quadratmeter gro\u00df sind und \u00fcber eine elektrische Leistung von 6 Ampere verf\u00fcgen.\t\t\t\t<\/div>\n\t\t\t<\/div>\n\t\t\t\t\t<\/div>\n\t<\/div>\n<\/div>\n\t\n\n<section class=\"blq-banner-img-txt   banner-with-container-image60\" >\n\t<div class=\"container\">\n\t\t<div class=\"img gs_reveal gs_reveal_fromRight\">\n\t\t\t\n\t\t\t\t\t\t<img decoding=\"async\" width=\"600\" height=\"400\" src=\"https:\/\/www.isabena.eu\/wp-content\/uploads\/2023\/07\/2305.00634-M.jpg\" class=\"\" alt=\"Rutas senderismo ni\u00f1os\" srcset=\"https:\/\/www.isabena.eu\/wp-content\/uploads\/2023\/07\/2305.00634-M.jpg 600w, https:\/\/www.isabena.eu\/wp-content\/uploads\/2023\/07\/2305.00634-M-300x200.jpg 300w\" sizes=\"(max-width: 600px) 100vw, 600px\" \/>\t\t\t\t\t<\/div>\n\t\t<div class=\"txt gs_reveal gs_reveal_fromLeft\">\n\t\t\t<div class='bx'>\n\t\t\t\t<h2 class=\"title\">Unterk\u00fcnfte f\u00fcr alle Arten von Abenteurern<\/h2>\n\t\t\t\t<div class=\"content\"><p>Wir glauben, dass eine gute Erholung nach einem Tag voller Motorradabenteuer unerl\u00e4sslich ist. Daher bieten wir Ihnen vielf\u00e4ltige Unterkunftsm\u00f6glichkeiten an.<\/p>\n<\/div>\n\t\t\t\t\t\t\t\t\t<div class=\"btn-link\">\n\t\t\t\t\t\t\t\t\t\t\t\t<a href=\"https:\/\/www.isabena.eu\/de\/unterkunft\/\" class=''>Entdecken Sie Unterk\u00fcnfte<\/a>\n\t\t\t\t\t<\/div>\n\t\t\t\t\t\t\t<\/div>\n\t\t<\/div>\n\t<\/div>\n<\/section>\n\n\n<div\n\tclass=\"isabena-route-slider wp-block-isabena-route-slider\" id=\"isabena-route-slider-69d9306c6cf9c\">\n\t<div class=\"container\">\n\t\t<h2 class=\"isabena-route-slider__title\">Ein Urlaubsziel mit Ihrem Motorrad<\/h2>\n\t\t<h4 class=\"isabena-route-slider__subtitle\"> F\u00fcr Langeweile ist kein Platz<\/h4>\n\n\t\t\t\t<div class=\"isabena-route-slider__route__list\">\n\t\t\t\t\t\t<div class=\"isabena-route-slider__route__item\">\n\t\t\t\t<div class=\"isabena-route-slider__route__media\">\n\t\t\t\t\t<img decoding=\"async\" width=\"680\" height=\"452\" src=\"https:\/\/www.isabena.eu\/wp-content\/uploads\/2024\/04\/camping-con-ninos-4-1-1024x681.jpg\" class=\"isabena-route-slider__route__image\" alt=\"camping con ni\u00f1os\" srcset=\"https:\/\/www.isabena.eu\/wp-content\/uploads\/2024\/04\/camping-con-ninos-4-1-1024x681.jpg 1024w, https:\/\/www.isabena.eu\/wp-content\/uploads\/2024\/04\/camping-con-ninos-4-1-300x199.jpg 300w, https:\/\/www.isabena.eu\/wp-content\/uploads\/2024\/04\/camping-con-ninos-4-1-768x510.jpg 768w, https:\/\/www.isabena.eu\/wp-content\/uploads\/2024\/04\/camping-con-ninos-4-1-1536x1021.jpg 1536w, https:\/\/www.isabena.eu\/wp-content\/uploads\/2024\/04\/camping-con-ninos-4-1.jpg 1920w\" sizes=\"(max-width: 680px) 100vw, 680px\" \/>\t\t\t\t<\/div>\n\t\t\t\t<div class=\"isabena-route-slider__route__content\">\n\t\t\t\t\t<h3 class=\"isabena-route-slider__route__title\">\n\t\t\t\t\t\tGro\u00dfe Auswahl an Aktivit\u00e4ten\t\t\t\t\t<\/h3>\n\t\t\t\t\t<div class=\"isabena-route-slider__route__description\">\n\t\t\t\t\t\t<p>Mit einer breiten Palette an Aktivit\u00e4ten, die f\u00fcr jedermanns Vergn\u00fcgen konzipiert sind, kommt in unseren Einrichtungen keine Langeweile auf.<\/p>\n<p>W\u00e4hrend Sie sich auf ein Motorradabenteuer begeben, k\u00f6nnen die Kleinen verschiedene, speziell f\u00fcr sie konzipierte Aktivit\u00e4ten genie\u00dfen.<\/p>\n<p>F\u00fcr die Tage, an denen Sie Ihr Motorrad lieber abstellen m\u00f6chten, empfehlen wir Ihnen, tolle Wanderrungen mit speziel f\u00fcr unsere Region erstellten Pyren\u00e4en Karten oder E-bike Touren von unserer Anlage aus zu erkunden, oder in eine der aufregenden Wassersportarten einzutauchen oder auch einfach nur Natur zu genie\u00dfen, die uns umgibt.<\/p>\n\t\t\t\t\t<\/div>\n\n\t\t\t\t\t\t\t\t\t<\/div>\n\t\t\t<\/div>\n\t\t\t\t\t\t<div class=\"isabena-route-slider__route__item\">\n\t\t\t\t<div class=\"isabena-route-slider__route__media\">\n\t\t\t\t\t<img decoding=\"async\" width=\"680\" height=\"272\" src=\"https:\/\/www.isabena.eu\/wp-content\/uploads\/2023\/06\/BMW-Motorrad-Days-1200x480-1-1024x410.jpg\" class=\"isabena-route-slider__route__image\" alt=\"Camping Huesca\" srcset=\"https:\/\/www.isabena.eu\/wp-content\/uploads\/2023\/06\/BMW-Motorrad-Days-1200x480-1-1024x410.jpg 1024w, https:\/\/www.isabena.eu\/wp-content\/uploads\/2023\/06\/BMW-Motorrad-Days-1200x480-1-300x120.jpg 300w, https:\/\/www.isabena.eu\/wp-content\/uploads\/2023\/06\/BMW-Motorrad-Days-1200x480-1-768x307.jpg 768w, https:\/\/www.isabena.eu\/wp-content\/uploads\/2023\/06\/BMW-Motorrad-Days-1200x480-1.jpg 1200w\" sizes=\"(max-width: 680px) 100vw, 680px\" \/>\t\t\t\t<\/div>\n\t\t\t\t<div class=\"isabena-route-slider__route__content\">\n\t\t\t\t\t<h3 class=\"isabena-route-slider__route__title\">\n\t\t\t\t\t\tWir sind das BMW Motorrad Testride Hotel\t\t\t\t\t<\/h3>\n\t\t\t\t\t<div class=\"isabena-route-slider__route__description\">\n\t\t\t\t\t\t<p>Motorrad mieten in Spanien, ganz einfach im Bungalowpark Isabena.<\/p>\n<p>Als BMW Motorrad Testride Hotel bieten wir Ihnen auf Bungalowanalge Is\u00e1bena die einmalige Gelegenheit, die neuesten BMW Motorr\u00e4der auf einigen der spektakul\u00e4rsten Strecken Europas zu testen.<\/p>\n<p>Erleben Sie auf kurvigen Bergstra\u00dfen durch friedliche l\u00e4ndliche Landschaften zu fahren. Unsere Motorradrouten sind so konzipiert, dass sie auf Schritt und Tritt f\u00fcr unvergessliche Emotionen sorgen.<\/p>\n\t\t\t\t\t<\/div>\n\n\t\t\t\t\t\t\t\t\t<\/div>\n\t\t\t<\/div>\n\t\t\t\t\t\t<div class=\"isabena-route-slider__route__item\">\n\t\t\t\t<div class=\"isabena-route-slider__route__media\">\n\t\t\t\t\t<img decoding=\"async\" width=\"680\" height=\"454\" src=\"https:\/\/www.isabena.eu\/wp-content\/uploads\/2021\/11\/BarRestaurant-1-1024x683.jpg\" class=\"isabena-route-slider__route__image\" alt=\"\" srcset=\"https:\/\/www.isabena.eu\/wp-content\/uploads\/2021\/11\/BarRestaurant-1-1024x683.jpg 1024w, https:\/\/www.isabena.eu\/wp-content\/uploads\/2021\/11\/BarRestaurant-1-300x200.jpg 300w, https:\/\/www.isabena.eu\/wp-content\/uploads\/2021\/11\/BarRestaurant-1-768x512.jpg 768w, https:\/\/www.isabena.eu\/wp-content\/uploads\/2021\/11\/BarRestaurant-1-1536x1024.jpg 1536w, https:\/\/www.isabena.eu\/wp-content\/uploads\/2021\/11\/BarRestaurant-1.jpg 1600w\" sizes=\"(max-width: 680px) 100vw, 680px\" \/>\t\t\t\t<\/div>\n\t\t\t\t<div class=\"isabena-route-slider__route__content\">\n\t\t\t\t\t<h3 class=\"isabena-route-slider__route__title\">\n\t\t\t\t\t\tGastronomie, Entspannung und Komfort\t\t\t\t\t<\/h3>\n\t\t\t\t\t<div class=\"isabena-route-slider__route__description\">\n\t\t\t\t\t\t<p>Nach einem Tag auf dem Motorrad erwarten Sie in unserer Bar und unserem Restaurant die besten Gerichte der regionalen und internationalen K\u00fcche in entspannter und famili\u00e4rer Atmosph\u00e4re, perfekt zum Auftanken neuer Energie.<\/p>\n<p>Dar\u00fcber hinaus k\u00f6nnen Sie Momente purer Entspannung in unserem Pool genie\u00dfen oder sich im Spa- und Massagebereich verw\u00f6hnen lassen.<\/p>\n\t\t\t\t\t<\/div>\n\n\t\t\t\t\t\t\t\t\t<\/div>\n\t\t\t<\/div>\n\t\t\t\t\t<\/div>\n\t\t\t<\/div>\n<\/div>\n<script type=\"text\/javascript\">\n\n\tdocument.addEventListener(\"DOMContentLoaded\", function() {\n\t\t$('#isabena-route-slider-69d9306c6cf9c .isabena-route-slider__route__list').slick({\n\t\t\tinfinite      : true,\n\t\t\tvariableWidth : false,\n\t\t\tslidesToShow  : 2,\n\t\t\tslidesToScroll: 1,\n\t\t\tresponsive :[\n\t\t\t\t{\n\t\t\t\t\tbreakpoint:768,\n\t\t\t\t\tsettings:{\n\t\t\t\t\t\tslidesToShow  : 1,\n\t\t\t\t\t}\n\t\t\t\t}\n\t\t\t]\n\t\t});\n\t});\n<\/script>\n\n\n<section class=\"blq-banner-img-txt banner-inverse banner-verde \" >\n\t<div class=\"container\">\n\t\t<div class=\"img gs_reveal gs_reveal_fromLeft\">\n\t\t\t\n\t\t\t\t\t\t<img decoding=\"async\" width=\"2560\" height=\"1920\" src=\"https:\/\/www.isabena.eu\/wp-content\/uploads\/2023\/03\/Enduro-Park-Isabena-scaled.jpg\" class=\"front\" alt=\"Enduro Park Is\u00e1bena\" srcset=\"https:\/\/www.isabena.eu\/wp-content\/uploads\/2023\/03\/Enduro-Park-Isabena-scaled.jpg 2560w, https:\/\/www.isabena.eu\/wp-content\/uploads\/2023\/03\/Enduro-Park-Isabena-300x225.jpg 300w, https:\/\/www.isabena.eu\/wp-content\/uploads\/2023\/03\/Enduro-Park-Isabena-1024x768.jpg 1024w, https:\/\/www.isabena.eu\/wp-content\/uploads\/2023\/03\/Enduro-Park-Isabena-768x576.jpg 768w, https:\/\/www.isabena.eu\/wp-content\/uploads\/2023\/03\/Enduro-Park-Isabena-1536x1152.jpg 1536w, https:\/\/www.isabena.eu\/wp-content\/uploads\/2023\/03\/Enduro-Park-Isabena-2048x1536.jpg 2048w, https:\/\/www.isabena.eu\/wp-content\/uploads\/2023\/03\/Enduro-Park-Isabena-1747x1310.jpg 1747w\" sizes=\"(max-width: 2560px) 100vw, 2560px\" \/>\t\t\t\t\t\t\t<img decoding=\"async\" width=\"2560\" height=\"1920\" src=\"https:\/\/www.isabena.eu\/wp-content\/uploads\/2023\/04\/camping-motero-scaled.jpg\" class=\"back\" alt=\"\" srcset=\"https:\/\/www.isabena.eu\/wp-content\/uploads\/2023\/04\/camping-motero-scaled.jpg 2560w, https:\/\/www.isabena.eu\/wp-content\/uploads\/2023\/04\/camping-motero-300x225.jpg 300w, https:\/\/www.isabena.eu\/wp-content\/uploads\/2023\/04\/camping-motero-1024x768.jpg 1024w, https:\/\/www.isabena.eu\/wp-content\/uploads\/2023\/04\/camping-motero-768x576.jpg 768w, https:\/\/www.isabena.eu\/wp-content\/uploads\/2023\/04\/camping-motero-1536x1152.jpg 1536w, https:\/\/www.isabena.eu\/wp-content\/uploads\/2023\/04\/camping-motero-2048x1536.jpg 2048w, https:\/\/www.isabena.eu\/wp-content\/uploads\/2023\/04\/camping-motero-1747x1310.jpg 1747w\" sizes=\"(max-width: 2560px) 100vw, 2560px\" \/>\t\t\t\t\t<\/div>\n\t\t<div class=\"txt gs_reveal gs_reveal_fromRight\">\n\t\t\t<div class='bx'>\n\t\t\t\t<h2 class=\"title\">W\u00e4hlen Sie Bungalowpark Is\u00e1bena f\u00fcr Ihr n\u00e4chsten Motorrad Urlaub in den Pyren\u00e4en<\/h2>\n\t\t\t\t<div class=\"content\"><p>Entdecken Sie die spanischen Pyren\u00e4en mit Ihrem Motorrad aus einer einzigartigen Perspektive. Unser Campingplatz ist Ihr ideales Reiseziel.<\/p>\n<\/div>\n\t\t\t\t\t\t\t\t\t<div class=\"btn-link\">\n\t\t\t\t\t\t\t\t\t\t\t\t<a href=\"https:\/\/www.isabena.eu\/de\/\" class=''>Mehr Informationen<\/a>\n\t\t\t\t\t<\/div>\n\t\t\t\t\t\t\t<\/div>\n\t\t<\/div>\n\t<\/div>\n<\/section>\n\n\n\n<figure class=\"wp-block-image\"><img decoding=\"async\" src=\"https:\/\/www.isabena.eu\/wp-content\/uploads\/2023\/04\/camping-motero-scaled.jpg\" alt=\"\"\/><\/figure>\n\n\n<div\n\tclass=\"isabena-text-slider wp-block-isabena-text-slider\" id=\"isabena-text-slider-69d9306c75acb\">\n\t<div class=\"container\">\n\t\t<h2 class=\"isabena-text-slider__title\">Endlose Kurven f\u00fcr Motorliebhaber<\/h2>\n\n\t\t\t\t<div class=\"isabena-text-slider__media\">\n\t\t\t<img decoding=\"async\" width=\"680\" height=\"453\" src=\"https:\/\/www.isabena.eu\/wp-content\/uploads\/2023\/06\/P90520375_lowRes_the-new-bmw-f-800-gs.jpg\" class=\"isabena-text-slider__image\" alt=\"\" srcset=\"https:\/\/www.isabena.eu\/wp-content\/uploads\/2023\/06\/P90520375_lowRes_the-new-bmw-f-800-gs.jpg 800w, https:\/\/www.isabena.eu\/wp-content\/uploads\/2023\/06\/P90520375_lowRes_the-new-bmw-f-800-gs-300x200.jpg 300w, https:\/\/www.isabena.eu\/wp-content\/uploads\/2023\/06\/P90520375_lowRes_the-new-bmw-f-800-gs-768x512.jpg 768w\" sizes=\"(max-width: 680px) 100vw, 680px\" \/><img decoding=\"async\" width=\"591\" height=\"525\" src=\"https:\/\/www.isabena.eu\/wp-content\/uploads\/2023\/06\/im-mt2.svg\" class=\"isabena-text-slider__image\" alt=\"\" \/><img decoding=\"async\" width=\"593\" height=\"525\" src=\"https:\/\/www.isabena.eu\/wp-content\/uploads\/2023\/06\/im-mt1.svg\" class=\"isabena-text-slider__image\" alt=\"\" \/><img decoding=\"async\" width=\"680\" height=\"454\" src=\"https:\/\/www.isabena.eu\/wp-content\/uploads\/2018\/10\/Enduropark-Slide03-1024x683.jpg\" class=\"isabena-text-slider__image\" alt=\"\" srcset=\"https:\/\/www.isabena.eu\/wp-content\/uploads\/2018\/10\/Enduropark-Slide03-1024x683.jpg 1024w, https:\/\/www.isabena.eu\/wp-content\/uploads\/2018\/10\/Enduropark-Slide03-300x200.jpg 300w, https:\/\/www.isabena.eu\/wp-content\/uploads\/2018\/10\/Enduropark-Slide03-768x512.jpg 768w, https:\/\/www.isabena.eu\/wp-content\/uploads\/2018\/10\/Enduropark-Slide03-1536x1024.jpg 1536w, https:\/\/www.isabena.eu\/wp-content\/uploads\/2018\/10\/Enduropark-Slide03.jpg 1920w\" sizes=\"(max-width: 680px) 100vw, 680px\" \/>\t\t<\/div>\n\t\t\n\t\t<div class=\"isabena-text-slider__content\">\n\t\t\t<h4 class=\"isabena-text-slider__subtitle\"><\/h4>\n\t\t\t<div class=\"isabena-text-slider__column__list\">\n\t\t\t\t<div class=\"isabena-text-slider__column__item isabena-text-slider__column__item--first\">\n\t\t\t\t\t\t\t\t\t<\/div>\n\t\t\t\t<div class=\"isabena-text-slider__column__item isabena-text-slider__column__item--last\">\n\t\t\t\t\t\t\t\t\t<\/div>\n\t\t\t<\/div>\n\t\t<\/div>\n\t<\/div>\n<\/div>\n<script type=\"text\/javascript\">\n\n\tdocument.addEventListener(\"DOMContentLoaded\", function() {\n\t\t$('#isabena-text-slider-69d9306c75acb .isabena-text-slider__media').slick({\n\t\t\tinfinite      : true,\n\t\t\tvariableWidth : false,\n\t\t\tslidesToShow  : 1,\n\t\t\tslidesToScroll: 1,\n\t\t\tarrows        : true,\n\t\t});\n\t});\n<\/script>\n","protected":false},"excerpt":{"rendered":"","protected":false},"author":2,"featured_media":0,"parent":0,"menu_order":0,"comment_status":"closed","ping_status":"closed","template":"tpl-landing.php","meta":{"_acf_changed":false,"_joinchat":[],"footnotes":""},"class_list":["post-12229","page","type-page","status-publish","hentry"],"acf":[],"yoast_head":"<!-- This site is optimized with the Yoast SEO plugin v24.7 - https:\/\/yoast.com\/wordpress\/plugins\/seo\/ -->\n<title>BMW Motorrad Testride Hotel - Camping Is\u00e1bena<\/title>\n<meta name=\"description\" content=\"Wir sind zum BMW Motorrad Testride Hotel ernannt worden. Sie werden die neuen Motorr\u00e4der der deutschen Marke nutzen k\u00f6nnen, die zur Miete zur Verf\u00fcgung stehen.\" \/>\n<meta name=\"robots\" content=\"index, follow, max-snippet:-1, max-image-preview:large, max-video-preview:-1\" \/>\n<link rel=\"canonical\" href=\"https:\/\/www.isabena.eu\/de\/bmw-motorrad-testride-hotel\/\" \/>\n<meta property=\"og:locale\" content=\"de_DE\" \/>\n<meta property=\"og:type\" content=\"article\" \/>\n<meta property=\"og:title\" content=\"BMW Motorrad Testride Hotel - Camping Is\u00e1bena\" \/>\n<meta property=\"og:description\" content=\"Wir sind zum BMW Motorrad Testride Hotel ernannt worden. Sie werden die neuen Motorr\u00e4der der deutschen Marke nutzen k\u00f6nnen, die zur Miete zur Verf\u00fcgung stehen.\" \/>\n<meta property=\"og:url\" content=\"https:\/\/www.isabena.eu\/de\/bmw-motorrad-testride-hotel\/\" \/>\n<meta property=\"og:site_name\" content=\"Camping Is\u00e1bena\" \/>\n<meta property=\"article:publisher\" content=\"https:\/\/www.facebook.com\/Campingbungalparkisabena\" \/>\n<meta property=\"article:modified_time\" content=\"2024-05-29T06:45:19+00:00\" \/>\n<meta property=\"og:image\" content=\"https:\/\/www.isabena.eu\/wp-content\/uploads\/2023\/04\/camping-motero-scaled.jpg\" \/>\n<meta name=\"twitter:card\" content=\"summary_large_image\" \/>\n<meta name=\"twitter:site\" content=\"@CampingIsbena\" \/>\n<meta name=\"twitter:label1\" content=\"Gesch\u00e4tzte Lesezeit\" \/>\n\t<meta name=\"twitter:data1\" content=\"1\u00a0Minute\" \/>\n<!-- \/ Yoast SEO plugin. -->","yoast_head_json":{"title":"BMW Motorrad Testride Hotel - Camping Is\u00e1bena","description":"Wir sind zum BMW Motorrad Testride Hotel ernannt worden. Sie werden die neuen Motorr\u00e4der der deutschen Marke nutzen k\u00f6nnen, die zur Miete zur Verf\u00fcgung stehen.","robots":{"index":"index","follow":"follow","max-snippet":"max-snippet:-1","max-image-preview":"max-image-preview:large","max-video-preview":"max-video-preview:-1"},"canonical":"https:\/\/www.isabena.eu\/de\/bmw-motorrad-testride-hotel\/","og_locale":"de_DE","og_type":"article","og_title":"BMW Motorrad Testride Hotel - Camping Is\u00e1bena","og_description":"Wir sind zum BMW Motorrad Testride Hotel ernannt worden. Sie werden die neuen Motorr\u00e4der der deutschen Marke nutzen k\u00f6nnen, die zur Miete zur Verf\u00fcgung stehen.","og_url":"https:\/\/www.isabena.eu\/de\/bmw-motorrad-testride-hotel\/","og_site_name":"Camping Is\u00e1bena","article_publisher":"https:\/\/www.facebook.com\/Campingbungalparkisabena","article_modified_time":"2024-05-29T06:45:19+00:00","og_image":[{"url":"https:\/\/www.isabena.eu\/wp-content\/uploads\/2023\/04\/camping-motero-scaled.jpg","type":"","width":"","height":""}],"twitter_card":"summary_large_image","twitter_site":"@CampingIsbena","twitter_misc":{"Gesch\u00e4tzte Lesezeit":"1\u00a0Minute"},"schema":{"@context":"https:\/\/schema.org","@graph":[{"@type":"WebPage","@id":"https:\/\/www.isabena.eu\/de\/bmw-motorrad-testride-hotel\/","url":"https:\/\/www.isabena.eu\/de\/bmw-motorrad-testride-hotel\/","name":"BMW Motorrad Testride Hotel - Camping Is\u00e1bena","isPartOf":{"@id":"https:\/\/www.isabena.eu\/de\/#website"},"primaryImageOfPage":{"@id":"https:\/\/www.isabena.eu\/de\/bmw-motorrad-testride-hotel\/#primaryimage"},"image":{"@id":"https:\/\/www.isabena.eu\/de\/bmw-motorrad-testride-hotel\/#primaryimage"},"thumbnailUrl":"https:\/\/www.isabena.eu\/wp-content\/uploads\/2023\/04\/camping-motero-scaled.jpg","datePublished":"2024-04-10T05:28:44+00:00","dateModified":"2024-05-29T06:45:19+00:00","description":"Wir sind zum BMW Motorrad Testride Hotel ernannt worden. Sie werden die neuen Motorr\u00e4der der deutschen Marke nutzen k\u00f6nnen, die zur Miete zur Verf\u00fcgung stehen.","breadcrumb":{"@id":"https:\/\/www.isabena.eu\/de\/bmw-motorrad-testride-hotel\/#breadcrumb"},"inLanguage":"de","potentialAction":[{"@type":"ReadAction","target":["https:\/\/www.isabena.eu\/de\/bmw-motorrad-testride-hotel\/"]}]},{"@type":"ImageObject","inLanguage":"de","@id":"https:\/\/www.isabena.eu\/de\/bmw-motorrad-testride-hotel\/#primaryimage","url":"https:\/\/www.isabena.eu\/wp-content\/uploads\/2023\/04\/camping-motero-scaled.jpg","contentUrl":"https:\/\/www.isabena.eu\/wp-content\/uploads\/2023\/04\/camping-motero-scaled.jpg"},{"@type":"BreadcrumbList","@id":"https:\/\/www.isabena.eu\/de\/bmw-motorrad-testride-hotel\/#breadcrumb","itemListElement":[{"@type":"ListItem","position":1,"name":"Home","item":"https:\/\/www.isabena.eu\/de\/"},{"@type":"ListItem","position":2,"name":"Landing moto BMW Motorrad Testride Hotel"}]},{"@type":"WebSite","@id":"https:\/\/www.isabena.eu\/de\/#website","url":"https:\/\/www.isabena.eu\/de\/","name":"Camping Is\u00e1bena","description":"Bienvenidos al Camping &amp; Bungalowpark Is\u00e1bena en La Puebla de Roda, en el sur de los Pirineos Centrales. Un camping acogedor con miles de actividades disponibles.","publisher":{"@id":"https:\/\/www.isabena.eu\/de\/#organization"},"alternateName":"Camping Is\u00e1bena","potentialAction":[{"@type":"SearchAction","target":{"@type":"EntryPoint","urlTemplate":"https:\/\/www.isabena.eu\/de\/?s={search_term_string}"},"query-input":{"@type":"PropertyValueSpecification","valueRequired":true,"valueName":"search_term_string"}}],"inLanguage":"de"},{"@type":"Organization","@id":"https:\/\/www.isabena.eu\/de\/#organization","name":"Camping Is\u00e1bena","alternateName":"Camping Is\u00e1bena","url":"https:\/\/www.isabena.eu\/de\/","logo":{"@type":"ImageObject","inLanguage":"de","@id":"https:\/\/www.isabena.eu\/de\/#\/schema\/logo\/image\/","url":"https:\/\/www.isabena.eu\/wp-content\/uploads\/2023\/06\/Logo-Color-cuadrado.png","contentUrl":"https:\/\/www.isabena.eu\/wp-content\/uploads\/2023\/06\/Logo-Color-cuadrado.png","width":314,"height":314,"caption":"Camping Is\u00e1bena"},"image":{"@id":"https:\/\/www.isabena.eu\/de\/#\/schema\/logo\/image\/"},"sameAs":["https:\/\/www.facebook.com\/Campingbungalparkisabena","https:\/\/x.com\/CampingIsbena","https:\/\/www.instagram.com\/camping_bungalowpark_isabena\/","https:\/\/www.youtube.com\/user\/CampingIsabena"]}]}},"_links":{"self":[{"href":"https:\/\/www.isabena.eu\/de\/wp-json\/wp\/v2\/pages\/12229","targetHints":{"allow":["GET"]}}],"collection":[{"href":"https:\/\/www.isabena.eu\/de\/wp-json\/wp\/v2\/pages"}],"about":[{"href":"https:\/\/www.isabena.eu\/de\/wp-json\/wp\/v2\/types\/page"}],"author":[{"embeddable":true,"href":"https:\/\/www.isabena.eu\/de\/wp-json\/wp\/v2\/users\/2"}],"replies":[{"embeddable":true,"href":"https:\/\/www.isabena.eu\/de\/wp-json\/wp\/v2\/comments?post=12229"}],"version-history":[{"count":2,"href":"https:\/\/www.isabena.eu\/de\/wp-json\/wp\/v2\/pages\/12229\/revisions"}],"predecessor-version":[{"id":12411,"href":"https:\/\/www.isabena.eu\/de\/wp-json\/wp\/v2\/pages\/12229\/revisions\/12411"}],"wp:attachment":[{"href":"https:\/\/www.isabena.eu\/de\/wp-json\/wp\/v2\/media?parent=12229"}],"curies":[{"name":"wp","href":"https:\/\/api.w.org\/{rel}","templated":true}]}}