{"id":12224,"date":"2024-04-10T07:16:30","date_gmt":"2024-04-10T05:16:30","guid":{"rendered":"https:\/\/www.isabena.eu\/rutas-en-moto-huesca\/"},"modified":"2024-05-15T15:40:39","modified_gmt":"2024-05-15T13:40:39","slug":"gefuhrte-motorradtouren","status":"publish","type":"page","link":"https:\/\/www.isabena.eu\/de\/gefuhrte-motorradtouren\/","title":{"rendered":"Landing Gef\u00fchrte Motorradtouren"},"content":{"rendered":"<section class=\"blq-banner-carousel\">\n\t<div class=\"bg with-overlay\">\n\t\t\t\t\t\t\t\t\t\t\t\t\t\t<figure>\n\t\t\t\t\t\t<img decoding=\"async\" src=\"https:\/\/www.isabena.eu\/wp-content\/uploads\/2023\/06\/parallax_motorradtouren-1.jpg\" alt=\" \"  \/>\n\t\t\t\t\t<\/figure>\n\t\t\t\t\t\t\t\t\t\t<\/div>\n\t\t\t<div class=\"box-content\">\n\t\t<div class=\"container\">\n\t\t\t\t\t\t\t<h1>Gef\u00fchrte Motorradtouren<\/h1>\n\t\t\t\t\t\t\t\t\t<div class='content'><p><strong>Descubre las mejores rutas en moto por Huesca desde el Camping Is\u00e1bena<\/strong><\/p>\n<\/div>\n\t\t\t\t\t\t\t\t\t\t\t\t\t<\/div>\n\t<\/div>\n\t<\/section>\n\n\n<section class=\"blq-banner-img-txt   \" >\n\t<div class=\"container\">\n\t\t<div class=\"img gs_reveal gs_reveal_fromRight\">\n\t\t\t\n\t\t\t\t\t\t<img decoding=\"async\" width=\"2560\" height=\"1920\" src=\"https:\/\/www.isabena.eu\/wp-content\/uploads\/2023\/04\/camping-motero-scaled.jpg\" class=\"front\" alt=\"camping motero\" srcset=\"https:\/\/www.isabena.eu\/wp-content\/uploads\/2023\/04\/camping-motero-scaled.jpg 2560w, https:\/\/www.isabena.eu\/wp-content\/uploads\/2023\/04\/camping-motero-300x225.jpg 300w, https:\/\/www.isabena.eu\/wp-content\/uploads\/2023\/04\/camping-motero-1024x768.jpg 1024w, https:\/\/www.isabena.eu\/wp-content\/uploads\/2023\/04\/camping-motero-768x576.jpg 768w, https:\/\/www.isabena.eu\/wp-content\/uploads\/2023\/04\/camping-motero-1536x1152.jpg 1536w, https:\/\/www.isabena.eu\/wp-content\/uploads\/2023\/04\/camping-motero-2048x1536.jpg 2048w, https:\/\/www.isabena.eu\/wp-content\/uploads\/2023\/04\/camping-motero-1747x1310.jpg 1747w\" sizes=\"(max-width: 2560px) 100vw, 2560px\" \/>\t\t\t\t\t\t\t<img decoding=\"async\" width=\"1182\" height=\"690\" src=\"https:\/\/www.isabena.eu\/wp-content\/uploads\/2023\/06\/ruta-motoO.png\" class=\"back\" alt=\"\" srcset=\"https:\/\/www.isabena.eu\/wp-content\/uploads\/2023\/06\/ruta-motoO.png 1182w, https:\/\/www.isabena.eu\/wp-content\/uploads\/2023\/06\/ruta-motoO-300x175.png 300w, https:\/\/www.isabena.eu\/wp-content\/uploads\/2023\/06\/ruta-motoO-1024x598.png 1024w, https:\/\/www.isabena.eu\/wp-content\/uploads\/2023\/06\/ruta-motoO-768x448.png 768w\" sizes=\"(max-width: 1182px) 100vw, 1182px\" \/>\t\t\t\t\t<\/div>\n\t\t<div class=\"txt gs_reveal gs_reveal_fromLeft\">\n\t\t\t<div class='bx'>\n\t\t\t\t<h2 class=\"title\">Camping &#038; Bungalowpark Is\u00e1bena<\/h2>\n\t\t\t\t<div class=\"content\"><p>Leidenschaft f\u00fcr Motorradrouten durch die Provinz Huesca? Unser Campingplatz bietet Ihnen die perfekte Balance zwischen Abenteuer und Erholung!<\/p>\n<\/div>\n\t\t\t\t\t\t\t\t\t<div class=\"btn-link\">\n\t\t\t\t\t\t\t\t\t\t\t\t<a href=\"https:\/\/bookingpremium.secureholiday.net\/de\/5221\/search\/product-list?searchType=exact&#038;productType=all&#038;filterStatus=showPeriod\" class=''>Reservante<\/a>\n\t\t\t\t\t<\/div>\n\t\t\t\t\t\t\t<\/div>\n\t\t<\/div>\n\t<\/div>\n<\/section>\n\n\n<div\n\tclass=\"isabena-ordered-columns wp-block-isabena-ordered-columns\">\n\t<div class=\"container\">\n\t\t<div class=\"isabena-ordered-columns__list\">\n\t\t\t\t\t<div class=\"isabena-ordered-columns__item\">\n\t\t\t\t<h2 class=\"isabena-ordered-columns__item__title\">\n\t\t\t\t\t<strong>01.<\/strong>\n\t\t\t\t\tBungalows und Mobilheime\t\t\t\t<\/h2>\n\t\t\t\t<div class=\"isabena-ordered-columns__item__description\">\n\t\t\t\t\tHolzbungalows mit einer Kapazit\u00e4t f\u00fcr bis zu sechs Personen. Mobilheime f\u00fcr vier Abenteurer.\t\t\t\t<\/div>\n\t\t\t<\/div>\n\t\t\t\t\t\t<div class=\"isabena-ordered-columns__item\">\n\t\t\t\t<h2 class=\"isabena-ordered-columns__item__title\">\n\t\t\t\t\t<strong>02.<\/strong>\n\t\t\t\t\tHolzh\u00fctten\t\t\t\t<\/h2>\n\t\t\t\t<div class=\"isabena-ordered-columns__item__description\">\n\t\t\t\t\tLiegt in einer der ruhigsten Gegenden des Campingplatzes und bietet einen spektakul\u00e4ren Blick auf die Berge.\t\t\t\t<\/div>\n\t\t\t<\/div>\n\t\t\t\t\t\t<div class=\"isabena-ordered-columns__item\">\n\t\t\t\t<h2 class=\"isabena-ordered-columns__item__title\">\n\t\t\t\t\t<strong>03.<\/strong>\n\t\t\t\t\tCampingpl\u00e4tze\t\t\t\t<\/h2>\n\t\t\t\t<div class=\"isabena-ordered-columns__item__description\">\n\t\t\t\t\tInsgesamt 85 grasbewachsene Parzellen, die zwischen 80 und 100 Quadratmeter gro\u00df sind und \u00fcber eine elektrische Leistung von 6 Ampere verf\u00fcgen.\t\t\t\t<\/div>\n\t\t\t<\/div>\n\t\t\t\t\t<\/div>\n\t<\/div>\n<\/div>\n\t\n\n<section class=\"blq-banner-img-txt   banner-with-container-image60\" >\n\t<div class=\"container\">\n\t\t<div class=\"img gs_reveal gs_reveal_fromRight\">\n\t\t\t\n\t\t\t\t\t\t<img decoding=\"async\" width=\"1182\" height=\"617\" src=\"https:\/\/www.isabena.eu\/wp-content\/uploads\/2023\/06\/cabania-madera.png\" class=\"\" alt=\"\" srcset=\"https:\/\/www.isabena.eu\/wp-content\/uploads\/2023\/06\/cabania-madera.png 1182w, https:\/\/www.isabena.eu\/wp-content\/uploads\/2023\/06\/cabania-madera-300x157.png 300w, https:\/\/www.isabena.eu\/wp-content\/uploads\/2023\/06\/cabania-madera-1024x535.png 1024w, https:\/\/www.isabena.eu\/wp-content\/uploads\/2023\/06\/cabania-madera-768x401.png 768w\" sizes=\"(max-width: 1182px) 100vw, 1182px\" \/>\t\t\t\t\t<\/div>\n\t\t<div class=\"txt gs_reveal gs_reveal_fromLeft\">\n\t\t\t<div class='bx'>\n\t\t\t\t<h2 class=\"title\">Unterk\u00fcnfte f\u00fcr jeden Reisestil<\/h2>\n\t\t\t\t<div class=\"content\"><p>Ohne Zweifel ist der Bungalowpark Is\u00e1bena das perfekte Basislager, um einige der aufregendsten Routen in Spanien zu erkunden; Route der Pyren\u00e4en, Route des Klosters San Juan de la Pe\u00f1a oder die Route durch den Nationalpark Ordesa y Monte Perdido.<\/p>\n<p>Wir bieten Ihnen eine gro\u00dfe Auswahl an Unterkunftsm\u00f6glichkeiten, um maximalen Komfort nach einem erlebnisreichen Tag auf den Motorradtouren durch Nordspanien zu gew\u00e4hrleisten.<\/p>\n<\/div>\n\t\t\t\t\t\t\t\t\t<div class=\"btn-link\">\n\t\t\t\t\t\t\t\t\t\t\t\t<a href=\"https:\/\/www.isabena.eu\/de\/unterkunft\/\" class=''>Entdecken Sie Unterk\u00fcnfte<\/a>\n\t\t\t\t\t<\/div>\n\t\t\t\t\t\t\t<\/div>\n\t\t<\/div>\n\t<\/div>\n<\/section>\n\n\n<div\n\tclass=\"isabena-route-slider wp-block-isabena-route-slider\" id=\"isabena-route-slider-69e5072cce7a4\">\n\t<div class=\"container\">\n\t\t<h2 class=\"isabena-route-slider__title\">Motorradtouren durch Spanien<\/h2>\n\t\t<h4 class=\"isabena-route-slider__subtitle\">Die ideale Erg\u00e4nzung f\u00fcr Ihre Motorradabenteuer<\/h4>\n\n\t\t\t\t<div class=\"isabena-route-slider__route__list\">\n\t\t\t\t\t\t<div class=\"isabena-route-slider__route__item\">\n\t\t\t\t<div class=\"isabena-route-slider__route__media\">\n\t\t\t\t\t<img decoding=\"async\" width=\"680\" height=\"408\" src=\"https:\/\/www.isabena.eu\/wp-content\/uploads\/2018\/03\/Banane-Boot-fahren-800x480-1.jpg\" class=\"isabena-route-slider__route__image\" alt=\"\" srcset=\"https:\/\/www.isabena.eu\/wp-content\/uploads\/2018\/03\/Banane-Boot-fahren-800x480-1.jpg 800w, https:\/\/www.isabena.eu\/wp-content\/uploads\/2018\/03\/Banane-Boot-fahren-800x480-1-300x180.jpg 300w, https:\/\/www.isabena.eu\/wp-content\/uploads\/2018\/03\/Banane-Boot-fahren-800x480-1-768x461.jpg 768w\" sizes=\"(max-width: 680px) 100vw, 680px\" \/>\t\t\t\t<\/div>\n\t\t\t\t<div class=\"isabena-route-slider__route__content\">\n\t\t\t\t\t<h3 class=\"isabena-route-slider__route__title\">\n\t\t\t\t\t\tAktivit\u00e4ten zur Unterhaltung f\u00fcr die ganze Familie\t\t\t\t\t<\/h3>\n\t\t\t\t\t<div class=\"isabena-route-slider__route__description\">\n\t\t\t\t\t\t<p>Nutzen Sie unser Angebot des BMW Motorrad Testride Centers und mieten Sie ein Motorrad f\u00fcr Ihre Motorradtouren in Spanien. Zur Verf\u00fcgung stehen Ihnen die neusten Modelle wie zum Beispiel die neue BMW R1300GS f\u00fcr die sch\u00f6nsten Routen in den Pyren\u00e4en.<\/p>\n<p>Wenn Sie mal einen Tag ohne Motorrad verbringen m\u00f6chten, bietet Ihnen unsere Gegend tolle M\u00f6glichkeiten an Aktivurlaub. Nutzen Sie unseren Verleihservice der E-Bikes oder unsere informativen Pyren\u00e4en-Karten f\u00fcr Wanderungen.<\/p>\n<p>Suchen Sie einen Bereich zum Entspannen? Wir haben sie! Wir verf\u00fcgen \u00fcber ein Schwimmbad, Spa und Massageanwendungen, die ideale Erg\u00e4nzung f\u00fcr Ihre Motorradrouten durch die Provinz Huesca.<\/p>\n\t\t\t\t\t<\/div>\n\n\t\t\t\t\t\t\t\t\t<\/div>\n\t\t\t<\/div>\n\t\t\t\t\t\t<div class=\"isabena-route-slider__route__item\">\n\t\t\t\t<div class=\"isabena-route-slider__route__media\">\n\t\t\t\t\t<img decoding=\"async\" width=\"680\" height=\"454\" src=\"https:\/\/www.isabena.eu\/wp-content\/uploads\/2023\/06\/i-ffBRm6v-X3-1024x683.jpg\" class=\"isabena-route-slider__route__image\" alt=\"\" srcset=\"https:\/\/www.isabena.eu\/wp-content\/uploads\/2023\/06\/i-ffBRm6v-X3-1024x683.jpg 1024w, https:\/\/www.isabena.eu\/wp-content\/uploads\/2023\/06\/i-ffBRm6v-X3-300x200.jpg 300w, https:\/\/www.isabena.eu\/wp-content\/uploads\/2023\/06\/i-ffBRm6v-X3-768x512.jpg 768w, https:\/\/www.isabena.eu\/wp-content\/uploads\/2023\/06\/i-ffBRm6v-X3-1536x1024.jpg 1536w, https:\/\/www.isabena.eu\/wp-content\/uploads\/2023\/06\/i-ffBRm6v-X3.jpg 1600w\" sizes=\"(max-width: 680px) 100vw, 680px\" \/>\t\t\t\t<\/div>\n\t\t\t\t<div class=\"isabena-route-slider__route__content\">\n\t\t\t\t\t<h3 class=\"isabena-route-slider__route__title\">\n\t\t\t\t\t\tGastronomie und Komfort im Herzen der Pyren\u00e4en\t\t\t\t\t<\/h3>\n\t\t\t\t\t<div class=\"isabena-route-slider__route__description\">\n\t\t\t\t\t\t<p>Unsere Bar und unser Restaurant erwarten Sie, um Sie in einer warmen und einladenden Atmosph\u00e4re mit der besten regionalen und internationalen K\u00fcche zu verw\u00f6hnen.<\/p>\n<p>Genie\u00dfen Sie eine wohlverdiente Pause, w\u00e4hrend Sie k\u00f6stliche Gerichte genie\u00dfen, in der perfekten Umgebung, um Geschichten \u00fcber die Routen des Tages zu erz\u00e4hlen.<\/p>\n\t\t\t\t\t<\/div>\n\n\t\t\t\t\t\t\t\t\t<\/div>\n\t\t\t<\/div>\n\t\t\t\t\t<\/div>\n\t\t\t<\/div>\n<\/div>\n<script type=\"text\/javascript\">\n\n\tdocument.addEventListener(\"DOMContentLoaded\", function() {\n\t\t$('#isabena-route-slider-69e5072cce7a4 .isabena-route-slider__route__list').slick({\n\t\t\tinfinite      : true,\n\t\t\tvariableWidth : false,\n\t\t\tslidesToShow  : 2,\n\t\t\tslidesToScroll: 1,\n\t\t\tresponsive :[\n\t\t\t\t{\n\t\t\t\t\tbreakpoint:768,\n\t\t\t\t\tsettings:{\n\t\t\t\t\t\tslidesToShow  : 1,\n\t\t\t\t\t}\n\t\t\t\t}\n\t\t\t]\n\t\t});\n\t});\n<\/script>\n\n\n<section class=\"blq-banner-img-txt banner-inverse banner-verde \" >\n\t<div class=\"container\">\n\t\t<div class=\"img gs_reveal gs_reveal_fromLeft\">\n\t\t\t\n\t\t\t\t\t\t<img decoding=\"async\" width=\"1280\" height=\"853\" src=\"https:\/\/www.isabena.eu\/wp-content\/uploads\/2024\/04\/Moto-pueblos-bonitos-Huesca-2.jpg\" class=\"front\" alt=\"Moto pueblos bonitos Huesca\" srcset=\"https:\/\/www.isabena.eu\/wp-content\/uploads\/2024\/04\/Moto-pueblos-bonitos-Huesca-2.jpg 1280w, https:\/\/www.isabena.eu\/wp-content\/uploads\/2024\/04\/Moto-pueblos-bonitos-Huesca-2-300x200.jpg 300w, https:\/\/www.isabena.eu\/wp-content\/uploads\/2024\/04\/Moto-pueblos-bonitos-Huesca-2-1024x682.jpg 1024w, https:\/\/www.isabena.eu\/wp-content\/uploads\/2024\/04\/Moto-pueblos-bonitos-Huesca-2-768x512.jpg 768w\" sizes=\"(max-width: 1280px) 100vw, 1280px\" \/>\t\t\t\t\t\t\t<img decoding=\"async\" width=\"2560\" height=\"1920\" src=\"https:\/\/www.isabena.eu\/wp-content\/uploads\/2017\/10\/P9101835-scaled.jpg\" class=\"back\" alt=\"\" srcset=\"https:\/\/www.isabena.eu\/wp-content\/uploads\/2017\/10\/P9101835-scaled.jpg 2560w, https:\/\/www.isabena.eu\/wp-content\/uploads\/2017\/10\/P9101835-300x225.jpg 300w, https:\/\/www.isabena.eu\/wp-content\/uploads\/2017\/10\/P9101835-1024x768.jpg 1024w, https:\/\/www.isabena.eu\/wp-content\/uploads\/2017\/10\/P9101835-768x576.jpg 768w, https:\/\/www.isabena.eu\/wp-content\/uploads\/2017\/10\/P9101835-1536x1152.jpg 1536w, https:\/\/www.isabena.eu\/wp-content\/uploads\/2017\/10\/P9101835-2048x1536.jpg 2048w, https:\/\/www.isabena.eu\/wp-content\/uploads\/2017\/10\/P9101835-1747x1310.jpg 1747w\" sizes=\"(max-width: 2560px) 100vw, 2560px\" \/>\t\t\t\t\t<\/div>\n\t\t<div class=\"txt gs_reveal gs_reveal_fromRight\">\n\t\t\t<div class='bx'>\n\t\t\t\t<h2 class=\"title\">Ihre Motorradurlaub in Nordspanien beginnt im Tourenfahrer Hotel Is\u00e1bena<\/h2>\n\t\t\t\t<div class=\"content\"><p>Unsere Anlage ist ein Ziel f\u00fcr Motorradliebhaber, die die Wunder der Provinz Huesca auf zwei R\u00e4dern erkunden m\u00f6chten.<\/p>\n<p>Mit unseren Einrichtungen und Dienstleistungen wird jeder Besuch zu einer Gelegenheit, neue Abenteuer zu erleben, beeindruckende Landschaften zu entdecken und unvergessliche Momente zu genie\u00dfen.<\/p>\n<\/div>\n\t\t\t\t\t\t\t\t\t<div class=\"btn-link\">\n\t\t\t\t\t\t\t\t\t\t\t\t<a href=\"https:\/\/www.isabena.eu\/de\/\" class=''>Mehr Informationen<\/a>\n\t\t\t\t\t<\/div>\n\t\t\t\t\t\t\t<\/div>\n\t\t<\/div>\n\t<\/div>\n<\/section>\n\n\n\n<figure class=\"wp-block-image\"><img decoding=\"async\" src=\"https:\/\/www.isabena.eu\/wp-content\/uploads\/2017\/10\/P9101835-scaled.jpg\" alt=\"\"\/><\/figure>\n\n\n<div\n\tclass=\"isabena-text-slider wp-block-isabena-text-slider\" id=\"isabena-text-slider-69e5072cd7c07\">\n\t<div class=\"container\">\n\t\t<h2 class=\"isabena-text-slider__title\">Endlose Kurven f\u00fcr Motorliebhaber<\/h2>\n\n\t\t\t\t<div class=\"isabena-text-slider__media\">\n\t\t\t<img decoding=\"async\" width=\"680\" height=\"319\" src=\"https:\/\/www.isabena.eu\/wp-content\/uploads\/2017\/05\/parallax_bmw-testride-1024x481.jpg\" class=\"isabena-text-slider__image\" alt=\"\" srcset=\"https:\/\/www.isabena.eu\/wp-content\/uploads\/2017\/05\/parallax_bmw-testride-1024x481.jpg 1024w, https:\/\/www.isabena.eu\/wp-content\/uploads\/2017\/05\/parallax_bmw-testride-300x141.jpg 300w, https:\/\/www.isabena.eu\/wp-content\/uploads\/2017\/05\/parallax_bmw-testride-768x360.jpg 768w, https:\/\/www.isabena.eu\/wp-content\/uploads\/2017\/05\/parallax_bmw-testride-1536x721.jpg 1536w, https:\/\/www.isabena.eu\/wp-content\/uploads\/2017\/05\/parallax_bmw-testride.jpg 1920w\" sizes=\"(max-width: 680px) 100vw, 680px\" \/><img decoding=\"async\" width=\"680\" height=\"510\" src=\"https:\/\/www.isabena.eu\/wp-content\/uploads\/2017\/05\/motorrad-strassentour2.jpg\" class=\"isabena-text-slider__image\" alt=\"\" srcset=\"https:\/\/www.isabena.eu\/wp-content\/uploads\/2017\/05\/motorrad-strassentour2.jpg 1000w, https:\/\/www.isabena.eu\/wp-content\/uploads\/2017\/05\/motorrad-strassentour2-300x225.jpg 300w, https:\/\/www.isabena.eu\/wp-content\/uploads\/2017\/05\/motorrad-strassentour2-768x576.jpg 768w\" sizes=\"(max-width: 680px) 100vw, 680px\" \/><img decoding=\"async\" width=\"680\" height=\"319\" src=\"https:\/\/www.isabena.eu\/wp-content\/uploads\/2017\/05\/parallax_isabena-rallye-1024x481.jpg\" class=\"isabena-text-slider__image\" alt=\"\" srcset=\"https:\/\/www.isabena.eu\/wp-content\/uploads\/2017\/05\/parallax_isabena-rallye-1024x481.jpg 1024w, https:\/\/www.isabena.eu\/wp-content\/uploads\/2017\/05\/parallax_isabena-rallye-300x141.jpg 300w, https:\/\/www.isabena.eu\/wp-content\/uploads\/2017\/05\/parallax_isabena-rallye-768x360.jpg 768w, https:\/\/www.isabena.eu\/wp-content\/uploads\/2017\/05\/parallax_isabena-rallye-1536x721.jpg 1536w, https:\/\/www.isabena.eu\/wp-content\/uploads\/2017\/05\/parallax_isabena-rallye.jpg 1920w\" sizes=\"(max-width: 680px) 100vw, 680px\" \/>\t\t<\/div>\n\t\t\n\t\t<div class=\"isabena-text-slider__content\">\n\t\t\t<h4 class=\"isabena-text-slider__subtitle\"><\/h4>\n\t\t\t<div class=\"isabena-text-slider__column__list\">\n\t\t\t\t<div class=\"isabena-text-slider__column__item isabena-text-slider__column__item--first\">\n\t\t\t\t\t\t\t\t\t<\/div>\n\t\t\t\t<div class=\"isabena-text-slider__column__item isabena-text-slider__column__item--last\">\n\t\t\t\t\t\t\t\t\t<\/div>\n\t\t\t<\/div>\n\t\t<\/div>\n\t<\/div>\n<\/div>\n<script type=\"text\/javascript\">\n\n\tdocument.addEventListener(\"DOMContentLoaded\", function() {\n\t\t$('#isabena-text-slider-69e5072cd7c07 .isabena-text-slider__media').slick({\n\t\t\tinfinite      : true,\n\t\t\tvariableWidth : false,\n\t\t\tslidesToShow  : 1,\n\t\t\tslidesToScroll: 1,\n\t\t\tarrows        : true,\n\t\t});\n\t});\n<\/script>\n","protected":false},"excerpt":{"rendered":"","protected":false},"author":2,"featured_media":0,"parent":0,"menu_order":0,"comment_status":"closed","ping_status":"closed","template":"tpl-landing.php","meta":{"_acf_changed":false,"_joinchat":[],"footnotes":""},"class_list":["post-12224","page","type-page","status-publish","hentry"],"acf":[],"yoast_head":"<!-- This site is optimized with the Yoast SEO plugin v24.7 - https:\/\/yoast.com\/wordpress\/plugins\/seo\/ -->\n<title>Gef\u00fchrte Motorradtouren - Camping Is\u00e1bena<\/title>\n<meta name=\"description\" content=\"Leidenschaft f\u00fcr Motorradrouten durch Huesca? Unser Campingplatz bietet Ihnen die perfekte Balance zwischen Abenteuer und Erholung!\" \/>\n<meta name=\"robots\" content=\"index, follow, max-snippet:-1, max-image-preview:large, max-video-preview:-1\" \/>\n<link rel=\"canonical\" href=\"https:\/\/www.isabena.eu\/de\/gefuhrte-motorradtouren\/\" \/>\n<meta property=\"og:locale\" content=\"de_DE\" \/>\n<meta property=\"og:type\" content=\"article\" \/>\n<meta property=\"og:title\" content=\"Gef\u00fchrte Motorradtouren - Camping Is\u00e1bena\" \/>\n<meta property=\"og:description\" content=\"Leidenschaft f\u00fcr Motorradrouten durch Huesca? Unser Campingplatz bietet Ihnen die perfekte Balance zwischen Abenteuer und Erholung!\" \/>\n<meta property=\"og:url\" content=\"https:\/\/www.isabena.eu\/de\/gefuhrte-motorradtouren\/\" \/>\n<meta property=\"og:site_name\" content=\"Camping Is\u00e1bena\" \/>\n<meta property=\"article:publisher\" content=\"https:\/\/www.facebook.com\/Campingbungalparkisabena\" \/>\n<meta property=\"article:modified_time\" content=\"2024-05-15T13:40:39+00:00\" \/>\n<meta property=\"og:image\" content=\"https:\/\/www.isabena.eu\/wp-content\/uploads\/2017\/10\/P9101835-scaled.jpg\" \/>\n<meta name=\"twitter:card\" content=\"summary_large_image\" \/>\n<meta name=\"twitter:site\" content=\"@CampingIsbena\" \/>\n<meta name=\"twitter:label1\" content=\"Gesch\u00e4tzte Lesezeit\" \/>\n\t<meta name=\"twitter:data1\" content=\"1\u00a0Minute\" \/>\n<!-- \/ Yoast SEO plugin. -->","yoast_head_json":{"title":"Gef\u00fchrte Motorradtouren - Camping Is\u00e1bena","description":"Leidenschaft f\u00fcr Motorradrouten durch Huesca? Unser Campingplatz bietet Ihnen die perfekte Balance zwischen Abenteuer und Erholung!","robots":{"index":"index","follow":"follow","max-snippet":"max-snippet:-1","max-image-preview":"max-image-preview:large","max-video-preview":"max-video-preview:-1"},"canonical":"https:\/\/www.isabena.eu\/de\/gefuhrte-motorradtouren\/","og_locale":"de_DE","og_type":"article","og_title":"Gef\u00fchrte Motorradtouren - Camping Is\u00e1bena","og_description":"Leidenschaft f\u00fcr Motorradrouten durch Huesca? Unser Campingplatz bietet Ihnen die perfekte Balance zwischen Abenteuer und Erholung!","og_url":"https:\/\/www.isabena.eu\/de\/gefuhrte-motorradtouren\/","og_site_name":"Camping Is\u00e1bena","article_publisher":"https:\/\/www.facebook.com\/Campingbungalparkisabena","article_modified_time":"2024-05-15T13:40:39+00:00","og_image":[{"url":"https:\/\/www.isabena.eu\/wp-content\/uploads\/2017\/10\/P9101835-scaled.jpg","type":"","width":"","height":""}],"twitter_card":"summary_large_image","twitter_site":"@CampingIsbena","twitter_misc":{"Gesch\u00e4tzte Lesezeit":"1\u00a0Minute"},"schema":{"@context":"https:\/\/schema.org","@graph":[{"@type":"WebPage","@id":"https:\/\/www.isabena.eu\/de\/gefuhrte-motorradtouren\/","url":"https:\/\/www.isabena.eu\/de\/gefuhrte-motorradtouren\/","name":"Gef\u00fchrte Motorradtouren - Camping Is\u00e1bena","isPartOf":{"@id":"https:\/\/www.isabena.eu\/de\/#website"},"primaryImageOfPage":{"@id":"https:\/\/www.isabena.eu\/de\/gefuhrte-motorradtouren\/#primaryimage"},"image":{"@id":"https:\/\/www.isabena.eu\/de\/gefuhrte-motorradtouren\/#primaryimage"},"thumbnailUrl":"https:\/\/www.isabena.eu\/wp-content\/uploads\/2017\/10\/P9101835-scaled.jpg","datePublished":"2024-04-10T05:16:30+00:00","dateModified":"2024-05-15T13:40:39+00:00","description":"Leidenschaft f\u00fcr Motorradrouten durch Huesca? Unser Campingplatz bietet Ihnen die perfekte Balance zwischen Abenteuer und Erholung!","breadcrumb":{"@id":"https:\/\/www.isabena.eu\/de\/gefuhrte-motorradtouren\/#breadcrumb"},"inLanguage":"de","potentialAction":[{"@type":"ReadAction","target":["https:\/\/www.isabena.eu\/de\/gefuhrte-motorradtouren\/"]}]},{"@type":"ImageObject","inLanguage":"de","@id":"https:\/\/www.isabena.eu\/de\/gefuhrte-motorradtouren\/#primaryimage","url":"https:\/\/www.isabena.eu\/wp-content\/uploads\/2017\/10\/P9101835-scaled.jpg","contentUrl":"https:\/\/www.isabena.eu\/wp-content\/uploads\/2017\/10\/P9101835-scaled.jpg"},{"@type":"BreadcrumbList","@id":"https:\/\/www.isabena.eu\/de\/gefuhrte-motorradtouren\/#breadcrumb","itemListElement":[{"@type":"ListItem","position":1,"name":"Home","item":"https:\/\/www.isabena.eu\/de\/"},{"@type":"ListItem","position":2,"name":"Landing Gef\u00fchrte Motorradtouren"}]},{"@type":"WebSite","@id":"https:\/\/www.isabena.eu\/de\/#website","url":"https:\/\/www.isabena.eu\/de\/","name":"Camping Is\u00e1bena","description":"Bienvenidos al Camping &amp; Bungalowpark Is\u00e1bena en La Puebla de Roda, en el sur de los Pirineos Centrales. Un camping acogedor con miles de actividades disponibles.","publisher":{"@id":"https:\/\/www.isabena.eu\/de\/#organization"},"alternateName":"Camping Is\u00e1bena","potentialAction":[{"@type":"SearchAction","target":{"@type":"EntryPoint","urlTemplate":"https:\/\/www.isabena.eu\/de\/?s={search_term_string}"},"query-input":{"@type":"PropertyValueSpecification","valueRequired":true,"valueName":"search_term_string"}}],"inLanguage":"de"},{"@type":"Organization","@id":"https:\/\/www.isabena.eu\/de\/#organization","name":"Camping Is\u00e1bena","alternateName":"Camping Is\u00e1bena","url":"https:\/\/www.isabena.eu\/de\/","logo":{"@type":"ImageObject","inLanguage":"de","@id":"https:\/\/www.isabena.eu\/de\/#\/schema\/logo\/image\/","url":"https:\/\/www.isabena.eu\/wp-content\/uploads\/2023\/06\/Logo-Color-cuadrado.png","contentUrl":"https:\/\/www.isabena.eu\/wp-content\/uploads\/2023\/06\/Logo-Color-cuadrado.png","width":314,"height":314,"caption":"Camping Is\u00e1bena"},"image":{"@id":"https:\/\/www.isabena.eu\/de\/#\/schema\/logo\/image\/"},"sameAs":["https:\/\/www.facebook.com\/Campingbungalparkisabena","https:\/\/x.com\/CampingIsbena","https:\/\/www.instagram.com\/camping_bungalowpark_isabena\/","https:\/\/www.youtube.com\/user\/CampingIsabena"]}]}},"_links":{"self":[{"href":"https:\/\/www.isabena.eu\/de\/wp-json\/wp\/v2\/pages\/12224","targetHints":{"allow":["GET"]}}],"collection":[{"href":"https:\/\/www.isabena.eu\/de\/wp-json\/wp\/v2\/pages"}],"about":[{"href":"https:\/\/www.isabena.eu\/de\/wp-json\/wp\/v2\/types\/page"}],"author":[{"embeddable":true,"href":"https:\/\/www.isabena.eu\/de\/wp-json\/wp\/v2\/users\/2"}],"replies":[{"embeddable":true,"href":"https:\/\/www.isabena.eu\/de\/wp-json\/wp\/v2\/comments?post=12224"}],"version-history":[{"count":2,"href":"https:\/\/www.isabena.eu\/de\/wp-json\/wp\/v2\/pages\/12224\/revisions"}],"predecessor-version":[{"id":12228,"href":"https:\/\/www.isabena.eu\/de\/wp-json\/wp\/v2\/pages\/12224\/revisions\/12228"}],"wp:attachment":[{"href":"https:\/\/www.isabena.eu\/de\/wp-json\/wp\/v2\/media?parent=12224"}],"curies":[{"name":"wp","href":"https:\/\/api.w.org\/{rel}","templated":true}]}}