{"id":12221,"date":"2024-04-10T07:03:41","date_gmt":"2024-04-10T05:03:41","guid":{"rendered":"https:\/\/www.isabena.eu\/rutas-en-moto-pirineo-aragones\/"},"modified":"2024-05-29T08:11:27","modified_gmt":"2024-05-29T06:11:27","slug":"pyrenaen-mit-motorrad","status":"publish","type":"page","link":"https:\/\/www.isabena.eu\/de\/pyrenaen-mit-motorrad\/","title":{"rendered":"Landing Pyren\u00e4en mit Motorrad"},"content":{"rendered":"<section class=\"blq-banner-carousel\">\n\t<div class=\"bg with-overlay\">\n\t\t\t\t\t\t\t\t\t\t\t\t\t\t<figure>\n\t\t\t\t\t\t<img decoding=\"async\" src=\"https:\/\/www.isabena.eu\/wp-content\/uploads\/2023\/06\/im-mt1.svg\" alt=\" \"  \/>\n\t\t\t\t\t<\/figure>\n\t\t\t\t\t\t\t\t\t\t<\/div>\n\t\t\t<div class=\"box-content\">\n\t\t<div class=\"container\">\n\t\t\t\t\t\t\t<h1>Pyren\u00e4en mit Motorrad<\/h1>\n\t\t\t\t\t\t\t\t\t<div class='content'><p><strong>Begeben Sie sich auf die aufregendsten und sch\u00f6nsten Routen durch die Pyren\u00e4en<\/strong><\/p>\n<\/div>\n\t\t\t\t\t\t\t\t\t\t\t\t\t<\/div>\n\t<\/div>\n\t<\/section>\n\n\n<section class=\"blq-banner-img-txt   \" >\n\t<div class=\"container\">\n\t\t<div class=\"img gs_reveal gs_reveal_fromRight\">\n\t\t\t\n\t\t\t\t\t\t<img decoding=\"async\" width=\"580\" height=\"525\" src=\"https:\/\/www.isabena.eu\/wp-content\/uploads\/2023\/06\/im-mt4.png\" class=\"front\" alt=\"\" srcset=\"https:\/\/www.isabena.eu\/wp-content\/uploads\/2023\/06\/im-mt4.png 580w, https:\/\/www.isabena.eu\/wp-content\/uploads\/2023\/06\/im-mt4-300x272.png 300w\" sizes=\"(max-width: 580px) 100vw, 580px\" \/>\t\t\t\t\t\t\t<img decoding=\"async\" width=\"1632\" height=\"1224\" src=\"https:\/\/www.isabena.eu\/wp-content\/uploads\/2023\/04\/Ruta-Transpirenaica.jpg\" class=\"back\" alt=\"\" srcset=\"https:\/\/www.isabena.eu\/wp-content\/uploads\/2023\/04\/Ruta-Transpirenaica.jpg 1632w, https:\/\/www.isabena.eu\/wp-content\/uploads\/2023\/04\/Ruta-Transpirenaica-300x225.jpg 300w, https:\/\/www.isabena.eu\/wp-content\/uploads\/2023\/04\/Ruta-Transpirenaica-1024x768.jpg 1024w, https:\/\/www.isabena.eu\/wp-content\/uploads\/2023\/04\/Ruta-Transpirenaica-768x576.jpg 768w, https:\/\/www.isabena.eu\/wp-content\/uploads\/2023\/04\/Ruta-Transpirenaica-1536x1152.jpg 1536w\" sizes=\"(max-width: 1632px) 100vw, 1632px\" \/>\t\t\t\t\t<\/div>\n\t\t<div class=\"txt gs_reveal gs_reveal_fromLeft\">\n\t\t\t<div class='bx'>\n\t\t\t\t<h2 class=\"title\">Camping &#038; Bungalowpark Is\u00e1bena<\/h2>\n\t\t\t\t<div class=\"content\"><p>Entdecken Sie die Sch\u00f6nheit und den Zauber der spanischen Pyren\u00e4en auf dem Motorrad.<\/p>\n<p>Camping Is\u00e1bena liegt in einem malerischen Tal und ist der ideale Ausgangspunkt, um die kurvenreichen Stra\u00dfen und beeindruckenden Landschaften zu erkunden, die nur die spanischen Pyren\u00e4en zu bieten haben.<\/p>\n<\/div>\n\t\t\t\t\t\t\t\t\t<div class=\"btn-link\">\n\t\t\t\t\t\t\t\t\t\t\t\t<a href=\"https:\/\/bookingpremium.secureholiday.net\/de\/5221\/search\/product-list?searchType=exact&#038;productType=all&#038;filterStatus=showPeriod\" class=''>Reservante<\/a>\n\t\t\t\t\t<\/div>\n\t\t\t\t\t\t\t<\/div>\n\t\t<\/div>\n\t<\/div>\n<\/section>\n\n\n<div\n\tclass=\"isabena-ordered-columns wp-block-isabena-ordered-columns\">\n\t<div class=\"container\">\n\t\t<div class=\"isabena-ordered-columns__list\">\n\t\t\t\t\t<div class=\"isabena-ordered-columns__item\">\n\t\t\t\t<h2 class=\"isabena-ordered-columns__item__title\">\n\t\t\t\t\t<strong>01.<\/strong>\n\t\t\t\t\tBungalows und Mobilheime\t\t\t\t<\/h2>\n\t\t\t\t<div class=\"isabena-ordered-columns__item__description\">\n\t\t\t\t\tHolzbungalows mit einer Kapazit\u00e4t f\u00fcr bis zu sechs Personen. Mobilheime f\u00fcr vier Abenteurer.\t\t\t\t<\/div>\n\t\t\t<\/div>\n\t\t\t\t\t\t<div class=\"isabena-ordered-columns__item\">\n\t\t\t\t<h2 class=\"isabena-ordered-columns__item__title\">\n\t\t\t\t\t<strong>02.<\/strong>\n\t\t\t\t\tHolzh\u00fctten\t\t\t\t<\/h2>\n\t\t\t\t<div class=\"isabena-ordered-columns__item__description\">\n\t\t\t\t\tLiegt in einer der ruhigsten Gegenden des Campingplatzes und bietet einen spektakul\u00e4ren Blick auf die Berge.\t\t\t\t<\/div>\n\t\t\t<\/div>\n\t\t\t\t\t\t<div class=\"isabena-ordered-columns__item\">\n\t\t\t\t<h2 class=\"isabena-ordered-columns__item__title\">\n\t\t\t\t\t<strong>03.<\/strong>\n\t\t\t\t\tCampingpl\u00e4tze\t\t\t\t<\/h2>\n\t\t\t\t<div class=\"isabena-ordered-columns__item__description\">\n\t\t\t\t\tInsgesamt 85 grasbewachsene Parzellen, die zwischen 80 und 100 Quadratmeter gro\u00df sind und \u00fcber eine elektrische Leistung von 6 Ampere verf\u00fcgen.\t\t\t\t<\/div>\n\t\t\t<\/div>\n\t\t\t\t\t<\/div>\n\t<\/div>\n<\/div>\n\t\n\n<section class=\"blq-banner-img-txt   banner-with-container-image60\" >\n\t<div class=\"container\">\n\t\t<div class=\"img gs_reveal gs_reveal_fromRight\">\n\t\t\t\n\t\t\t\t\t\t<img decoding=\"async\" width=\"1920\" height=\"901\" src=\"https:\/\/www.isabena.eu\/wp-content\/uploads\/2023\/06\/parallax_motorradtouren.jpg\" class=\"\" alt=\"Foto de una ruta en moto por el Pirineo aragon\u00e9s con muchas rutas con salida desde el Camping Is\u00e1bena Bungalow en los Pirineos. Foto van een motorroute door de Aragonese Pyrenee\u00ebn, waarvan vele vertrekken vanaf de Is\u00e1bena Bungalow Camping in de Pyrenee\u00ebn.Foto einer Motorradroute durch die aragonesischen Pyren\u00e4en mit vielen Routen, die vom Bungalow-Campingplatz Is\u00e1bena in den Pyren\u00e4en ausgehen. Photo of a motorcycle route through the Aragonese Pyrenees with many routes departing from the Is\u00e1bena Bungalow Campsite in the Pyrenees. Photo d&#039;un itin\u00e9raire \u00e0 moto \u00e0 travers les Pyr\u00e9n\u00e9es aragonaises avec de nombreux itin\u00e9raires au d\u00e9part du camping Bungalow Is\u00e1bena dans les Pyr\u00e9n\u00e9es.\" srcset=\"https:\/\/www.isabena.eu\/wp-content\/uploads\/2023\/06\/parallax_motorradtouren.jpg 1920w, https:\/\/www.isabena.eu\/wp-content\/uploads\/2023\/06\/parallax_motorradtouren-300x141.jpg 300w, https:\/\/www.isabena.eu\/wp-content\/uploads\/2023\/06\/parallax_motorradtouren-1024x481.jpg 1024w, https:\/\/www.isabena.eu\/wp-content\/uploads\/2023\/06\/parallax_motorradtouren-768x360.jpg 768w, https:\/\/www.isabena.eu\/wp-content\/uploads\/2023\/06\/parallax_motorradtouren-1536x721.jpg 1536w\" sizes=\"(max-width: 1920px) 100vw, 1920px\" \/>\t\t\t\t\t<\/div>\n\t\t<div class=\"txt gs_reveal gs_reveal_fromLeft\">\n\t\t\t<div class='bx'>\n\t\t\t\t<h2 class=\"title\">Unterk\u00fcnfte f\u00fcr eine perfekte Erholung<\/h2>\n\t\t\t\t<div class=\"content\"><p>Nach einem erlebnisreichen Tag auf dem Motorrad finden Sie Entspannung auf unserem Campingplatz.<\/p>\n<\/div>\n\t\t\t\t\t\t\t\t\t<div class=\"btn-link\">\n\t\t\t\t\t\t\t\t\t\t\t\t<a href=\"https:\/\/www.isabena.eu\/de\/unterkunft\/\" class=''>Entdecken Sie Unterk\u00fcnfte<\/a>\n\t\t\t\t\t<\/div>\n\t\t\t\t\t\t\t<\/div>\n\t\t<\/div>\n\t<\/div>\n<\/section>\n\n\n<div\n\tclass=\"isabena-route-slider wp-block-isabena-route-slider\" id=\"isabena-route-slider-69e899d19b8e8\">\n\t<div class=\"container\">\n\t\t<h2 class=\"isabena-route-slider__title\">Ein Paradies f\u00fcr Motorradfahrer<\/h2>\n\t\t<h4 class=\"isabena-route-slider__subtitle\"> Adrenalin auf zwei R\u00e4dern<\/h4>\n\n\t\t\t\t<div class=\"isabena-route-slider__route__list\">\n\t\t\t\t\t\t<div class=\"isabena-route-slider__route__item\">\n\t\t\t\t<div class=\"isabena-route-slider__route__media\">\n\t\t\t\t\t<img decoding=\"async\" width=\"580\" height=\"525\" src=\"https:\/\/www.isabena.eu\/wp-content\/uploads\/2023\/06\/curso-conduccion.svg\" class=\"isabena-route-slider__route__image\" alt=\"\" \/>\t\t\t\t<\/div>\n\t\t\t\t<div class=\"isabena-route-slider__route__content\">\n\t\t\t\t\t<h3 class=\"isabena-route-slider__route__title\">\n\t\t\t\t\t\tN\u00e4he zu einigen der ber\u00fchmtesten Routen\t\t\t\t\t<\/h3>\n\t\t\t\t\t<div class=\"isabena-route-slider__route__description\">\n\t\t\t\t\t\t<p>Viele von Ihnen haben den Bungalowpark Is\u00e1bena dank seiner N\u00e4he zu einigen der ber\u00fchmtesten und spektakul\u00e4rsten Routen zu einem beliebten Reiseziel gemacht. Aneto-Tour, Canyons-Route oder Ordesa-Tour.<\/p>\n<p>Steige mit uns auf das Motorrad auf und lass dich verbl\u00fcffen! Lass dich verbl\u00fcffen von der Einzigartigkeit, der Sch\u00f6nheit und der Kraft der spanischen Pyren\u00e4en.<br \/>\nErkunden Sie die sch\u00f6nsten Motorradtouren Spaniens von unserer Ferienanlage aus<\/p>\n\t\t\t\t\t<\/div>\n\n\t\t\t\t\t\t\t\t\t<\/div>\n\t\t\t<\/div>\n\t\t\t\t\t\t<div class=\"isabena-route-slider__route__item\">\n\t\t\t\t<div class=\"isabena-route-slider__route__media\">\n\t\t\t\t\t<img decoding=\"async\" width=\"680\" height=\"510\" src=\"https:\/\/www.isabena.eu\/wp-content\/uploads\/2022\/01\/IMG_0383.jpg\" class=\"isabena-route-slider__route__image\" alt=\"rafting\" srcset=\"https:\/\/www.isabena.eu\/wp-content\/uploads\/2022\/01\/IMG_0383.jpg 1000w, https:\/\/www.isabena.eu\/wp-content\/uploads\/2022\/01\/IMG_0383-300x225.jpg 300w, https:\/\/www.isabena.eu\/wp-content\/uploads\/2022\/01\/IMG_0383-768x576.jpg 768w\" sizes=\"(max-width: 680px) 100vw, 680px\" \/>\t\t\t\t<\/div>\n\t\t\t\t<div class=\"isabena-route-slider__route__content\">\n\t\t\t\t\t<h3 class=\"isabena-route-slider__route__title\">\n\t\t\t\t\t\tAktivit\u00e4ten und Unterhaltung f\u00fcr die ganze Familie\t\t\t\t\t<\/h3>\n\t\t\t\t\t<div class=\"isabena-route-slider__route__description\">\n\t\t\t\t\t\t<p>Spa\u00df und Unterhaltung sind f\u00fcr die ganze Familie mit einem breiten Angebot an Aktivit\u00e4ten garantiert.<\/p>\n<p>Die Kleinen k\u00f6nnen ihre Zeit genie\u00dfen, w\u00e4hrend die Erwachsenen die Motorradrouten durch die aragonesischen Pyren\u00e4en erkunden.<\/p>\n<p>Und f\u00fcr die Tage, an denen Sie das Motorrad lieber beiseitelassen und auf andere Weise in die Natur eintauchen m\u00f6chten, stehen Ihnen unz\u00e4hlige Wander- und Wassersportm\u00f6glichkeiten zur Verf\u00fcgung.<\/p>\n\t\t\t\t\t<\/div>\n\n\t\t\t\t\t\t\t\t\t<\/div>\n\t\t\t<\/div>\n\t\t\t\t\t\t<div class=\"isabena-route-slider__route__item\">\n\t\t\t\t<div class=\"isabena-route-slider__route__media\">\n\t\t\t\t\t<img decoding=\"async\" width=\"680\" height=\"507\" src=\"https:\/\/www.isabena.eu\/wp-content\/uploads\/2023\/12\/Gastronomia-Aragon-1024x764.jpg\" class=\"isabena-route-slider__route__image\" alt=\"Comer ruta moto Huesca\" srcset=\"https:\/\/www.isabena.eu\/wp-content\/uploads\/2023\/12\/Gastronomia-Aragon-1024x764.jpg 1024w, https:\/\/www.isabena.eu\/wp-content\/uploads\/2023\/12\/Gastronomia-Aragon-300x224.jpg 300w, https:\/\/www.isabena.eu\/wp-content\/uploads\/2023\/12\/Gastronomia-Aragon-768x573.jpg 768w, https:\/\/www.isabena.eu\/wp-content\/uploads\/2023\/12\/Gastronomia-Aragon-1536x1146.jpg 1536w, https:\/\/www.isabena.eu\/wp-content\/uploads\/2023\/12\/Gastronomia-Aragon.jpg 1600w\" sizes=\"(max-width: 680px) 100vw, 680px\" \/>\t\t\t\t<\/div>\n\t\t\t\t<div class=\"isabena-route-slider__route__content\">\n\t\t\t\t\t<h3 class=\"isabena-route-slider__route__title\">\n\t\t\t\t\t\tGastronomie und Entspannung in den spanischen Pyren\u00e4en\t\t\t\t\t<\/h3>\n\t\t\t\t\t<div class=\"isabena-route-slider__route__description\">\n\t\t\t\t\t\t<p>Unsere Bar und unser Restaurant bieten Ihnen regionale und internationale K\u00f6stlichkeiten, ideal, um neue Energie zu tanken, nachdem Sie den ganzen Tag damit verbracht haben, die sch\u00f6nsten Routen durch die Pyren\u00e4en zu erkunden.<\/p>\n<p>Dar\u00fcber hinaus k\u00f6nnen Sie in unserem Pool oder Spa- und Massagebereich entspannen, der Ihnen nach einem erlebnisreichen Tag maximales Wohlbefinden bietet.<\/p>\n\t\t\t\t\t<\/div>\n\n\t\t\t\t\t\t\t\t\t<\/div>\n\t\t\t<\/div>\n\t\t\t\t\t<\/div>\n\t\t\t<\/div>\n<\/div>\n<script type=\"text\/javascript\">\n\n\tdocument.addEventListener(\"DOMContentLoaded\", function() {\n\t\t$('#isabena-route-slider-69e899d19b8e8 .isabena-route-slider__route__list').slick({\n\t\t\tinfinite      : true,\n\t\t\tvariableWidth : false,\n\t\t\tslidesToShow  : 2,\n\t\t\tslidesToScroll: 1,\n\t\t\tresponsive :[\n\t\t\t\t{\n\t\t\t\t\tbreakpoint:768,\n\t\t\t\t\tsettings:{\n\t\t\t\t\t\tslidesToShow  : 1,\n\t\t\t\t\t}\n\t\t\t\t}\n\t\t\t]\n\t\t});\n\t});\n<\/script>\n\n\n<section class=\"blq-banner-img-txt banner-inverse banner-verde \" >\n\t<div class=\"container\">\n\t\t<div class=\"img gs_reveal gs_reveal_fromLeft\">\n\t\t\t\n\t\t\t\t\t\t<img decoding=\"async\" width=\"2560\" height=\"1920\" src=\"https:\/\/www.isabena.eu\/wp-content\/uploads\/2023\/03\/DJI_0006-scaled.jpg\" class=\"front\" alt=\"\" srcset=\"https:\/\/www.isabena.eu\/wp-content\/uploads\/2023\/03\/DJI_0006-scaled.jpg 2560w, https:\/\/www.isabena.eu\/wp-content\/uploads\/2023\/03\/DJI_0006-300x225.jpg 300w, https:\/\/www.isabena.eu\/wp-content\/uploads\/2023\/03\/DJI_0006-1024x768.jpg 1024w, https:\/\/www.isabena.eu\/wp-content\/uploads\/2023\/03\/DJI_0006-768x576.jpg 768w, https:\/\/www.isabena.eu\/wp-content\/uploads\/2023\/03\/DJI_0006-1536x1152.jpg 1536w, https:\/\/www.isabena.eu\/wp-content\/uploads\/2023\/03\/DJI_0006-2048x1536.jpg 2048w, https:\/\/www.isabena.eu\/wp-content\/uploads\/2023\/03\/DJI_0006-1747x1310.jpg 1747w\" sizes=\"(max-width: 2560px) 100vw, 2560px\" \/>\t\t\t\t\t\t\t<img decoding=\"async\" width=\"1073\" height=\"510\" src=\"https:\/\/www.isabena.eu\/wp-content\/uploads\/2023\/06\/im-motor.svg\" class=\"back\" alt=\"\" \/>\t\t\t\t\t<\/div>\n\t\t<div class=\"txt gs_reveal gs_reveal_fromRight\">\n\t\t\t<div class='bx'>\n\t\t\t\t<h2 class=\"title\">Pyren\u00e4en mit dem Motorrad<\/h2>\n\t\t\t\t<div class=\"content\"><p>Das Tourenfahrer Hotel Is\u00e1bena bietet Ihnen nicht nur einen Platz zum Schlafen; es bietet Ihnen ein umfassendes Erlebnis, das Abenteuer, Natur und Komfort vereint.<\/p>\n<p>Egal, ob Sie auf der Suche nach aufregenden Motorradrouten, erholsamen Ruhetagen oder unterhaltsamen Aktivit\u00e4ten f\u00fcr die ganze Familie sind, unser Campingplatz ist Ihr ideales Reiseziel.<\/p>\n<p>Machen Sie sich bereit, die besten Motorradtouren durch die Pyren\u00e4en zu erleben und entdecken Sie, warum so viele Reisende den Bungalowpark Is\u00e1bena als Ausgangspunkt f\u00fcr die Erkundung dieser beeindruckenden Region w\u00e4hlen.<\/p>\n<\/div>\n\t\t\t\t\t\t\t\t\t<div class=\"btn-link\">\n\t\t\t\t\t\t\t\t\t\t\t\t<a href=\"https:\/\/www.isabena.eu\/de\/\" class=''>Mehr Informationen<\/a>\n\t\t\t\t\t<\/div>\n\t\t\t\t\t\t\t<\/div>\n\t\t<\/div>\n\t<\/div>\n<\/section>\n\n\n<div\n\tclass=\"isabena-text-slider wp-block-isabena-text-slider\" id=\"isabena-text-slider-69e899d1a57be\">\n\t<div class=\"container\">\n\t\t<h2 class=\"isabena-text-slider__title\">Endlose Kurven f\u00fcr Motorliebhaber<\/h2>\n\n\t\t\t\t<div class=\"isabena-text-slider__media\">\n\t\t\t<img decoding=\"async\" width=\"680\" height=\"510\" src=\"https:\/\/www.isabena.eu\/wp-content\/uploads\/2023\/03\/Enduro-Park-Isabena-1024x768.jpg\" class=\"isabena-text-slider__image\" alt=\"\" srcset=\"https:\/\/www.isabena.eu\/wp-content\/uploads\/2023\/03\/Enduro-Park-Isabena-1024x768.jpg 1024w, https:\/\/www.isabena.eu\/wp-content\/uploads\/2023\/03\/Enduro-Park-Isabena-300x225.jpg 300w, https:\/\/www.isabena.eu\/wp-content\/uploads\/2023\/03\/Enduro-Park-Isabena-768x576.jpg 768w, https:\/\/www.isabena.eu\/wp-content\/uploads\/2023\/03\/Enduro-Park-Isabena-1536x1152.jpg 1536w, https:\/\/www.isabena.eu\/wp-content\/uploads\/2023\/03\/Enduro-Park-Isabena-2048x1536.jpg 2048w, https:\/\/www.isabena.eu\/wp-content\/uploads\/2023\/03\/Enduro-Park-Isabena-1747x1310.jpg 1747w\" sizes=\"(max-width: 680px) 100vw, 680px\" \/><img decoding=\"async\" width=\"680\" height=\"454\" src=\"https:\/\/www.isabena.eu\/wp-content\/uploads\/2017\/10\/MG_3237-1-1024x683.jpg\" class=\"isabena-text-slider__image\" alt=\"\" srcset=\"https:\/\/www.isabena.eu\/wp-content\/uploads\/2017\/10\/MG_3237-1-1024x683.jpg 1024w, https:\/\/www.isabena.eu\/wp-content\/uploads\/2017\/10\/MG_3237-1-300x200.jpg 300w, https:\/\/www.isabena.eu\/wp-content\/uploads\/2017\/10\/MG_3237-1-768x512.jpg 768w, https:\/\/www.isabena.eu\/wp-content\/uploads\/2017\/10\/MG_3237-1-1536x1024.jpg 1536w, https:\/\/www.isabena.eu\/wp-content\/uploads\/2017\/10\/MG_3237-1-2048x1365.jpg 2048w, https:\/\/www.isabena.eu\/wp-content\/uploads\/2017\/10\/MG_3237-1-1965x1310.jpg 1965w\" sizes=\"(max-width: 680px) 100vw, 680px\" \/><img decoding=\"async\" width=\"680\" height=\"510\" src=\"https:\/\/www.isabena.eu\/wp-content\/uploads\/2017\/10\/P9101835-1-1024x768.jpg\" class=\"isabena-text-slider__image\" alt=\"\" srcset=\"https:\/\/www.isabena.eu\/wp-content\/uploads\/2017\/10\/P9101835-1-1024x768.jpg 1024w, https:\/\/www.isabena.eu\/wp-content\/uploads\/2017\/10\/P9101835-1-300x225.jpg 300w, https:\/\/www.isabena.eu\/wp-content\/uploads\/2017\/10\/P9101835-1-768x576.jpg 768w, https:\/\/www.isabena.eu\/wp-content\/uploads\/2017\/10\/P9101835-1-1536x1152.jpg 1536w, https:\/\/www.isabena.eu\/wp-content\/uploads\/2017\/10\/P9101835-1-2048x1536.jpg 2048w, https:\/\/www.isabena.eu\/wp-content\/uploads\/2017\/10\/P9101835-1-1747x1310.jpg 1747w\" sizes=\"(max-width: 680px) 100vw, 680px\" \/>\t\t<\/div>\n\t\t\n\t\t<div class=\"isabena-text-slider__content\">\n\t\t\t<h4 class=\"isabena-text-slider__subtitle\"><\/h4>\n\t\t\t<div class=\"isabena-text-slider__column__list\">\n\t\t\t\t<div class=\"isabena-text-slider__column__item isabena-text-slider__column__item--first\">\n\t\t\t\t\t\t\t\t\t<\/div>\n\t\t\t\t<div class=\"isabena-text-slider__column__item isabena-text-slider__column__item--last\">\n\t\t\t\t\t\t\t\t\t<\/div>\n\t\t\t<\/div>\n\t\t<\/div>\n\t<\/div>\n<\/div>\n<script type=\"text\/javascript\">\n\n\tdocument.addEventListener(\"DOMContentLoaded\", function() {\n\t\t$('#isabena-text-slider-69e899d1a57be .isabena-text-slider__media').slick({\n\t\t\tinfinite      : true,\n\t\t\tvariableWidth : false,\n\t\t\tslidesToShow  : 1,\n\t\t\tslidesToScroll: 1,\n\t\t\tarrows        : true,\n\t\t});\n\t});\n<\/script>\n","protected":false},"excerpt":{"rendered":"","protected":false},"author":2,"featured_media":0,"parent":0,"menu_order":0,"comment_status":"closed","ping_status":"closed","template":"tpl-landing.php","meta":{"_acf_changed":false,"_joinchat":[],"footnotes":""},"class_list":["post-12221","page","type-page","status-publish","hentry"],"acf":[],"yoast_head":"<!-- This site is optimized with the Yoast SEO plugin v24.7 - https:\/\/yoast.com\/wordpress\/plugins\/seo\/ -->\n<title>Pyren\u00e4en mit Motorrad - Camping Is\u00e1bena<\/title>\n<meta name=\"description\" content=\"Der Campingplatz Is\u00e1bena befindet sich in einer privilegierten Enklave und ist der ideale Ausgangspunkt, um die Kurven der aragonesischen Pyren\u00e4en zu erkunden.\" \/>\n<meta name=\"robots\" content=\"index, follow, max-snippet:-1, max-image-preview:large, max-video-preview:-1\" \/>\n<link rel=\"canonical\" href=\"https:\/\/www.isabena.eu\/de\/pyrenaen-mit-motorrad\/\" \/>\n<meta property=\"og:locale\" content=\"de_DE\" \/>\n<meta property=\"og:type\" content=\"article\" \/>\n<meta property=\"og:title\" content=\"Pyren\u00e4en mit Motorrad - Camping Is\u00e1bena\" \/>\n<meta property=\"og:description\" content=\"Der Campingplatz Is\u00e1bena befindet sich in einer privilegierten Enklave und ist der ideale Ausgangspunkt, um die Kurven der aragonesischen Pyren\u00e4en zu erkunden.\" \/>\n<meta property=\"og:url\" content=\"https:\/\/www.isabena.eu\/de\/pyrenaen-mit-motorrad\/\" \/>\n<meta property=\"og:site_name\" content=\"Camping Is\u00e1bena\" \/>\n<meta property=\"article:publisher\" content=\"https:\/\/www.facebook.com\/Campingbungalparkisabena\" \/>\n<meta property=\"article:modified_time\" content=\"2024-05-29T06:11:27+00:00\" \/>\n<meta name=\"twitter:card\" content=\"summary_large_image\" \/>\n<meta name=\"twitter:site\" content=\"@CampingIsbena\" \/>\n<!-- \/ Yoast SEO plugin. -->","yoast_head_json":{"title":"Pyren\u00e4en mit Motorrad - Camping Is\u00e1bena","description":"Der Campingplatz Is\u00e1bena befindet sich in einer privilegierten Enklave und ist der ideale Ausgangspunkt, um die Kurven der aragonesischen Pyren\u00e4en zu erkunden.","robots":{"index":"index","follow":"follow","max-snippet":"max-snippet:-1","max-image-preview":"max-image-preview:large","max-video-preview":"max-video-preview:-1"},"canonical":"https:\/\/www.isabena.eu\/de\/pyrenaen-mit-motorrad\/","og_locale":"de_DE","og_type":"article","og_title":"Pyren\u00e4en mit Motorrad - Camping Is\u00e1bena","og_description":"Der Campingplatz Is\u00e1bena befindet sich in einer privilegierten Enklave und ist der ideale Ausgangspunkt, um die Kurven der aragonesischen Pyren\u00e4en zu erkunden.","og_url":"https:\/\/www.isabena.eu\/de\/pyrenaen-mit-motorrad\/","og_site_name":"Camping Is\u00e1bena","article_publisher":"https:\/\/www.facebook.com\/Campingbungalparkisabena","article_modified_time":"2024-05-29T06:11:27+00:00","twitter_card":"summary_large_image","twitter_site":"@CampingIsbena","schema":{"@context":"https:\/\/schema.org","@graph":[{"@type":"WebPage","@id":"https:\/\/www.isabena.eu\/de\/pyrenaen-mit-motorrad\/","url":"https:\/\/www.isabena.eu\/de\/pyrenaen-mit-motorrad\/","name":"Pyren\u00e4en mit Motorrad - Camping Is\u00e1bena","isPartOf":{"@id":"https:\/\/www.isabena.eu\/de\/#website"},"datePublished":"2024-04-10T05:03:41+00:00","dateModified":"2024-05-29T06:11:27+00:00","description":"Der Campingplatz Is\u00e1bena befindet sich in einer privilegierten Enklave und ist der ideale Ausgangspunkt, um die Kurven der aragonesischen Pyren\u00e4en zu erkunden.","breadcrumb":{"@id":"https:\/\/www.isabena.eu\/de\/pyrenaen-mit-motorrad\/#breadcrumb"},"inLanguage":"de","potentialAction":[{"@type":"ReadAction","target":["https:\/\/www.isabena.eu\/de\/pyrenaen-mit-motorrad\/"]}]},{"@type":"BreadcrumbList","@id":"https:\/\/www.isabena.eu\/de\/pyrenaen-mit-motorrad\/#breadcrumb","itemListElement":[{"@type":"ListItem","position":1,"name":"Home","item":"https:\/\/www.isabena.eu\/de\/"},{"@type":"ListItem","position":2,"name":"Landing Pyren\u00e4en mit Motorrad"}]},{"@type":"WebSite","@id":"https:\/\/www.isabena.eu\/de\/#website","url":"https:\/\/www.isabena.eu\/de\/","name":"Camping Is\u00e1bena","description":"Bienvenidos al Camping &amp; Bungalowpark Is\u00e1bena en La Puebla de Roda, en el sur de los Pirineos Centrales. Un camping acogedor con miles de actividades disponibles.","publisher":{"@id":"https:\/\/www.isabena.eu\/de\/#organization"},"alternateName":"Camping Is\u00e1bena","potentialAction":[{"@type":"SearchAction","target":{"@type":"EntryPoint","urlTemplate":"https:\/\/www.isabena.eu\/de\/?s={search_term_string}"},"query-input":{"@type":"PropertyValueSpecification","valueRequired":true,"valueName":"search_term_string"}}],"inLanguage":"de"},{"@type":"Organization","@id":"https:\/\/www.isabena.eu\/de\/#organization","name":"Camping Is\u00e1bena","alternateName":"Camping Is\u00e1bena","url":"https:\/\/www.isabena.eu\/de\/","logo":{"@type":"ImageObject","inLanguage":"de","@id":"https:\/\/www.isabena.eu\/de\/#\/schema\/logo\/image\/","url":"https:\/\/www.isabena.eu\/wp-content\/uploads\/2023\/06\/Logo-Color-cuadrado.png","contentUrl":"https:\/\/www.isabena.eu\/wp-content\/uploads\/2023\/06\/Logo-Color-cuadrado.png","width":314,"height":314,"caption":"Camping Is\u00e1bena"},"image":{"@id":"https:\/\/www.isabena.eu\/de\/#\/schema\/logo\/image\/"},"sameAs":["https:\/\/www.facebook.com\/Campingbungalparkisabena","https:\/\/x.com\/CampingIsbena","https:\/\/www.instagram.com\/camping_bungalowpark_isabena\/","https:\/\/www.youtube.com\/user\/CampingIsabena"]}]}},"_links":{"self":[{"href":"https:\/\/www.isabena.eu\/de\/wp-json\/wp\/v2\/pages\/12221","targetHints":{"allow":["GET"]}}],"collection":[{"href":"https:\/\/www.isabena.eu\/de\/wp-json\/wp\/v2\/pages"}],"about":[{"href":"https:\/\/www.isabena.eu\/de\/wp-json\/wp\/v2\/types\/page"}],"author":[{"embeddable":true,"href":"https:\/\/www.isabena.eu\/de\/wp-json\/wp\/v2\/users\/2"}],"replies":[{"embeddable":true,"href":"https:\/\/www.isabena.eu\/de\/wp-json\/wp\/v2\/comments?post=12221"}],"version-history":[{"count":1,"href":"https:\/\/www.isabena.eu\/de\/wp-json\/wp\/v2\/pages\/12221\/revisions"}],"predecessor-version":[{"id":12223,"href":"https:\/\/www.isabena.eu\/de\/wp-json\/wp\/v2\/pages\/12221\/revisions\/12223"}],"wp:attachment":[{"href":"https:\/\/www.isabena.eu\/de\/wp-json\/wp\/v2\/media?parent=12221"}],"curies":[{"name":"wp","href":"https:\/\/api.w.org\/{rel}","templated":true}]}}