{"id":12213,"date":"2024-04-10T06:39:40","date_gmt":"2024-04-10T04:39:40","guid":{"rendered":"https:\/\/www.isabena.eu\/rutas-autocaravana-pirineo-aragones\/"},"modified":"2024-05-28T14:48:05","modified_gmt":"2024-05-28T12:48:05","slug":"die-schonsten-routen-der-pyrenaen","status":"publish","type":"page","link":"https:\/\/www.isabena.eu\/de\/die-schonsten-routen-der-pyrenaen\/","title":{"rendered":"Landing die sch\u00f6nsten Routen der Pyren\u00e4en"},"content":{"rendered":"<section class=\"blq-banner-carousel\">\n\t<div class=\"bg with-overlay\">\n\t\t\t\t\t\t\t\t\t\t\t\t\t\t<figure>\n\t\t\t\t\t\t<img decoding=\"async\" src=\"https:\/\/www.isabena.eu\/wp-content\/uploads\/2023\/06\/parcela.png\" alt=\" \"  \/>\n\t\t\t\t\t<\/figure>\n\t\t\t\t\t\t\t\t\t\t<\/div>\n\t\t\t<div class=\"box-content\">\n\t\t<div class=\"container\">\n\t\t\t\t\t\t\t<h1>Die sch\u00f6nsten Routen der Pyren\u00e4en<\/h1>\n\t\t\t\t\t\t\t\t\t<div class='content'><p><strong>Wohnmobilrouten durch die Pyren\u00e4en vom Camping Is\u00e1bena<\/strong><\/p>\n<\/div>\n\t\t\t\t\t\t\t\t\t\t\t\t\t<\/div>\n\t<\/div>\n\t<\/section>\n\n\n<section class=\"blq-banner-img-txt   \" >\n\t<div class=\"container\">\n\t\t<div class=\"img gs_reveal gs_reveal_fromRight\">\n\t\t\t\n\t\t\t\t\t\t<img decoding=\"async\" width=\"580\" height=\"298\" src=\"https:\/\/www.isabena.eu\/wp-content\/uploads\/2023\/06\/senderismo5.svg\" class=\"front\" alt=\"\" \/>\t\t\t\t\t\t\t<img decoding=\"async\" width=\"580\" height=\"298\" src=\"https:\/\/www.isabena.eu\/wp-content\/uploads\/2023\/06\/senderismo8.svg\" class=\"back\" alt=\"\" \/>\t\t\t\t\t<\/div>\n\t\t<div class=\"txt gs_reveal gs_reveal_fromLeft\">\n\t\t\t<div class='bx'>\n\t\t\t\t<h2 class=\"title\">Camping &#038; Bungalowpark Is\u00e1bena<\/h2>\n\t\t\t\t<div class=\"content\"><p>Entdecken Sie unsere Gegend, indem Sie sich auf ein Abenteuer auf R\u00e4dern begeben, das die Freiheit der Stra\u00dfe mit dem Komfort und der Gastfreundschaft unseres einladenden Campingplatzes der Region verbindet.<\/p>\n<p>Camping Is\u00e1bena, im Herzen dieser majest\u00e4tischen Bergkette gelegen, ist der ideale Ausgangspunkt, um die beeindruckendsten Wohnmobilrouten in den Pyren\u00e4en zu erkunden.<\/p>\n<\/div>\n\t\t\t\t\t\t\t\t\t<div class=\"btn-link\">\n\t\t\t\t\t\t\t\t\t\t\t\t<a href=\"hthttps:\/\/bookingpremium.secureholiday.net\/de\/5221\/search\/product-list?searchType=exact&#038;productType=all&#038;filterStatus=showPeriod\" class=''>Reservante<\/a>\n\t\t\t\t\t<\/div>\n\t\t\t\t\t\t\t<\/div>\n\t\t<\/div>\n\t<\/div>\n<\/section>\n\n\n<div\n\tclass=\"isabena-ordered-columns wp-block-isabena-ordered-columns\">\n\t<div class=\"container\">\n\t\t<div class=\"isabena-ordered-columns__list\">\n\t\t\t\t\t<div class=\"isabena-ordered-columns__item\">\n\t\t\t\t<h2 class=\"isabena-ordered-columns__item__title\">\n\t\t\t\t\t<strong>01.<\/strong>\n\t\t\t\t\t85 Grundst\u00fccke verf\u00fcgbar\t\t\t\t<\/h2>\n\t\t\t\t<div class=\"isabena-ordered-columns__item__description\">\n\t\t\t\t\t\t\t\t\t<\/div>\n\t\t\t<\/div>\n\t\t\t\t\t\t<div class=\"isabena-ordered-columns__item\">\n\t\t\t\t<h2 class=\"isabena-ordered-columns__item__title\">\n\t\t\t\t\t<strong>02.<\/strong>\n\t\t\t\t\t80 \u2013 100 m2\t\t\t\t<\/h2>\n\t\t\t\t<div class=\"isabena-ordered-columns__item__description\">\n\t\t\t\t\t\t\t\t\t<\/div>\n\t\t\t<\/div>\n\t\t\t\t\t\t<div class=\"isabena-ordered-columns__item\">\n\t\t\t\t<h2 class=\"isabena-ordered-columns__item__title\">\n\t\t\t\t\t<strong>03.<\/strong>\n\t\t\t\t\t6A Licht\t\t\t\t<\/h2>\n\t\t\t\t<div class=\"isabena-ordered-columns__item__description\">\n\t\t\t\t\t\t\t\t\t<\/div>\n\t\t\t<\/div>\n\t\t\t\t\t<\/div>\n\t<\/div>\n<\/div>\n\t\n\n<section class=\"blq-banner-img-txt   banner-with-container-image60\" >\n\t<div class=\"container\">\n\t\t<div class=\"img gs_reveal gs_reveal_fromRight\">\n\t\t\t\n\t\t\t\t\t\t<img decoding=\"async\" width=\"1920\" height=\"1280\" src=\"https:\/\/www.isabena.eu\/wp-content\/uploads\/2023\/04\/Vacaciones-Valle-del-Isabena.jpg\" class=\"\" alt=\"Vacaciones Valle del Is\u00e1bena\" srcset=\"https:\/\/www.isabena.eu\/wp-content\/uploads\/2023\/04\/Vacaciones-Valle-del-Isabena.jpg 1920w, https:\/\/www.isabena.eu\/wp-content\/uploads\/2023\/04\/Vacaciones-Valle-del-Isabena-300x200.jpg 300w, https:\/\/www.isabena.eu\/wp-content\/uploads\/2023\/04\/Vacaciones-Valle-del-Isabena-1024x683.jpg 1024w, https:\/\/www.isabena.eu\/wp-content\/uploads\/2023\/04\/Vacaciones-Valle-del-Isabena-768x512.jpg 768w, https:\/\/www.isabena.eu\/wp-content\/uploads\/2023\/04\/Vacaciones-Valle-del-Isabena-1536x1024.jpg 1536w\" sizes=\"(max-width: 1920px) 100vw, 1920px\" \/>\t\t\t\t\t<\/div>\n\t\t<div class=\"txt gs_reveal gs_reveal_fromLeft\">\n\t\t\t<div class='bx'>\n\t\t\t\t<h2 class=\"title\">Stellpl\u00e4tze f\u00fcr Wohnmobile<\/h2>\n\t\t\t\t<div class=\"content\"><p>Wir verstehen, dass Komfort der Schl\u00fcssel zu einem unvergesslichen Aufenthalt ist.<\/p>\n<\/div>\n\t\t\t\t\t\t\t\t\t<div class=\"btn-link\">\n\t\t\t\t\t\t\t\t\t\t\t\t<a href=\"https:\/\/www.isabena.eu\/de\/unterkunft\/\" class=''>Entdecken Sie Unterk\u00fcnfte<\/a>\n\t\t\t\t\t<\/div>\n\t\t\t\t\t\t\t<\/div>\n\t\t<\/div>\n\t<\/div>\n<\/section>\n\n\n<div\n\tclass=\"isabena-route-slider wp-block-isabena-route-slider\" id=\"isabena-route-slider-69e3e631b2393\">\n\t<div class=\"container\">\n\t\t<h2 class=\"isabena-route-slider__title\">Mehr als nur eine Unterkunft<\/h2>\n\t\t<h4 class=\"isabena-route-slider__subtitle\">Pyren\u00e4en-Urlaub<\/h4>\n\n\t\t\t\t<div class=\"isabena-route-slider__route__list\">\n\t\t\t\t\t\t<div class=\"isabena-route-slider__route__item\">\n\t\t\t\t<div class=\"isabena-route-slider__route__media\">\n\t\t\t\t\t<img decoding=\"async\" width=\"680\" height=\"340\" src=\"https:\/\/www.isabena.eu\/wp-content\/uploads\/2023\/06\/AP1W3733.jpg\" class=\"isabena-route-slider__route__image\" alt=\"\" srcset=\"https:\/\/www.isabena.eu\/wp-content\/uploads\/2023\/06\/AP1W3733.jpg 1024w, https:\/\/www.isabena.eu\/wp-content\/uploads\/2023\/06\/AP1W3733-300x150.jpg 300w, https:\/\/www.isabena.eu\/wp-content\/uploads\/2023\/06\/AP1W3733-768x384.jpg 768w\" sizes=\"(max-width: 680px) 100vw, 680px\" \/>\t\t\t\t<\/div>\n\t\t\t\t<div class=\"isabena-route-slider__route__content\">\n\t\t\t\t\t<h3 class=\"isabena-route-slider__route__title\">\n\t\t\t\t\t\t Aktivit\u00e4ten f\u00fcr alle Altersgruppen\t\t\t\t\t<\/h3>\n\t\t\t\t\t<div class=\"isabena-route-slider__route__description\">\n\t\t\t\t\t\t<p>Unser Campingplatz ist ein Reiseziel voller Leben und Aktivit\u00e4ten f\u00fcr alle Altersgruppen. Wir garantieren Spa\u00df und Unterhaltung f\u00fcr die Kleinen mit einem breiten Angebot an Aktivit\u00e4ten, die speziell auf sie zugeschnitten sind.<\/p>\n<p>In der Zwischenzeit k\u00f6nnen Sie die erstklassige Lage des Campingplatzes nutzen, um Bergpfade zu erkunden oder sich aufregenden Wassersportarten zu widmen.<\/p>\n<p>Wenn Sie sich neben dem Wohnmobil auch das Abenteuer lieben, bieten wir Ihnen Motorradrouten an, die Sie durch einige der beeindruckendsten Landschaften der spanischen Pyren\u00e4en f\u00fchren.<\/p>\n\t\t\t\t\t<\/div>\n\n\t\t\t\t\t\t\t\t\t<\/div>\n\t\t\t<\/div>\n\t\t\t\t\t\t<div class=\"isabena-route-slider__route__item\">\n\t\t\t\t<div class=\"isabena-route-slider__route__media\">\n\t\t\t\t\t<img decoding=\"async\" width=\"680\" height=\"454\" src=\"https:\/\/www.isabena.eu\/wp-content\/uploads\/2023\/06\/2305.00627-1024x683.jpg\" class=\"isabena-route-slider__route__image\" alt=\"\" srcset=\"https:\/\/www.isabena.eu\/wp-content\/uploads\/2023\/06\/2305.00627-1024x683.jpg 1024w, https:\/\/www.isabena.eu\/wp-content\/uploads\/2023\/06\/2305.00627-300x200.jpg 300w, https:\/\/www.isabena.eu\/wp-content\/uploads\/2023\/06\/2305.00627-768x512.jpg 768w, https:\/\/www.isabena.eu\/wp-content\/uploads\/2023\/06\/2305.00627-1536x1025.jpg 1536w, https:\/\/www.isabena.eu\/wp-content\/uploads\/2023\/06\/2305.00627-2048x1366.jpg 2048w, https:\/\/www.isabena.eu\/wp-content\/uploads\/2023\/06\/2305.00627-1964x1310.jpg 1964w\" sizes=\"(max-width: 680px) 100vw, 680px\" \/>\t\t\t\t<\/div>\n\t\t\t\t<div class=\"isabena-route-slider__route__content\">\n\t\t\t\t\t<h3 class=\"isabena-route-slider__route__title\">\n\t\t\t\t\t\tGastronomie und Entspannung\t\t\t\t\t<\/h3>\n\t\t\t\t\t<div class=\"isabena-route-slider__route__description\">\n\t\t\t\t\t\t<p>Nach einem erlebnisreichen Tag laden wir Sie auf Camping Is\u00e1bena in unsere Bar und unser Restaurant ein, wo Sie in entspannter und famili\u00e4rer Atmosph\u00e4re k\u00f6stliche regionale und internationale Gerichte probieren k\u00f6nnen.<\/p>\n<p>Unser Pool-, Spa- und Massagebereich ist ohne Zweifel der perfekte Ort zum Entspannen.<br \/>\nWir bieten Ihnen ein v\u00f6lliges Entspannungserlebnis nach einem erlebnisreichen Tag auf den Wohnmoilrouten durch die spanischen Pyren\u00e4en an.<\/p>\n\t\t\t\t\t<\/div>\n\n\t\t\t\t\t\t\t\t\t<\/div>\n\t\t\t<\/div>\n\t\t\t\t\t\t<div class=\"isabena-route-slider__route__item\">\n\t\t\t\t<div class=\"isabena-route-slider__route__media\">\n\t\t\t\t\t<img decoding=\"async\" width=\"680\" height=\"319\" src=\"https:\/\/www.isabena.eu\/wp-content\/uploads\/2018\/01\/DSCF0867-1024x480-1.jpg\" class=\"isabena-route-slider__route__image\" alt=\"\" srcset=\"https:\/\/www.isabena.eu\/wp-content\/uploads\/2018\/01\/DSCF0867-1024x480-1.jpg 1024w, https:\/\/www.isabena.eu\/wp-content\/uploads\/2018\/01\/DSCF0867-1024x480-1-300x141.jpg 300w, https:\/\/www.isabena.eu\/wp-content\/uploads\/2018\/01\/DSCF0867-1024x480-1-768x360.jpg 768w\" sizes=\"(max-width: 680px) 100vw, 680px\" \/>\t\t\t\t<\/div>\n\t\t\t\t<div class=\"isabena-route-slider__route__content\">\n\t\t\t\t\t<h3 class=\"isabena-route-slider__route__title\">\n\t\t\t\t\t\tWohnmobilrouten durch die Pyren\u00e4en: ein einzigartiges Erlebnis\t\t\t\t\t<\/h3>\n\t\t\t\t\t<div class=\"isabena-route-slider__route__description\">\n\t\t\t\t\t\t<p>Wenn Sie unseren Campingplatz als Ausgangspunkt f\u00fcr die Erkundung der spanischen Pyren\u00e4en mit dem Wohnmobil w\u00e4hlen, k\u00f6nnen Sie die Freiheit genie\u00dfen, in Ihrem eigenen Tempo zu reisen, mit der Sicherheit, am Ende des Tages ein gem\u00fctliches Refugium auf Sie zu warten.<\/p>\n<p>Von bergigen Landschaften bis hin zu versteckten T\u00e4lern bieten Ihnen Wohnmobilrouten durch die aragonesischen Pyren\u00e4en ein unvergleichliches Reiseerlebnis voller Entdeckungen und Abenteuer.<\/p>\n\t\t\t\t\t<\/div>\n\n\t\t\t\t\t\t\t\t\t<\/div>\n\t\t\t<\/div>\n\t\t\t\t\t<\/div>\n\t\t\t<\/div>\n<\/div>\n<script type=\"text\/javascript\">\n\n\tdocument.addEventListener(\"DOMContentLoaded\", function() {\n\t\t$('#isabena-route-slider-69e3e631b2393 .isabena-route-slider__route__list').slick({\n\t\t\tinfinite      : true,\n\t\t\tvariableWidth : false,\n\t\t\tslidesToShow  : 2,\n\t\t\tslidesToScroll: 1,\n\t\t\tresponsive :[\n\t\t\t\t{\n\t\t\t\t\tbreakpoint:768,\n\t\t\t\t\tsettings:{\n\t\t\t\t\t\tslidesToShow  : 1,\n\t\t\t\t\t}\n\t\t\t\t}\n\t\t\t]\n\t\t});\n\t});\n<\/script>\n\n\n<section class=\"blq-banner-img-txt banner-inverse banner-verde \" >\n\t<div class=\"container\">\n\t\t<div class=\"img gs_reveal gs_reveal_fromLeft\">\n\t\t\t\n\t\t\t\t\t\t<img decoding=\"async\" width=\"2560\" height=\"1920\" src=\"https:\/\/www.isabena.eu\/wp-content\/uploads\/2023\/07\/2305.009471-scaled.jpg\" class=\"front\" alt=\"\" srcset=\"https:\/\/www.isabena.eu\/wp-content\/uploads\/2023\/07\/2305.009471-scaled.jpg 2560w, https:\/\/www.isabena.eu\/wp-content\/uploads\/2023\/07\/2305.009471-300x225.jpg 300w, https:\/\/www.isabena.eu\/wp-content\/uploads\/2023\/07\/2305.009471-1024x768.jpg 1024w, https:\/\/www.isabena.eu\/wp-content\/uploads\/2023\/07\/2305.009471-768x576.jpg 768w, https:\/\/www.isabena.eu\/wp-content\/uploads\/2023\/07\/2305.009471-1536x1152.jpg 1536w, https:\/\/www.isabena.eu\/wp-content\/uploads\/2023\/07\/2305.009471-2048x1536.jpg 2048w, https:\/\/www.isabena.eu\/wp-content\/uploads\/2023\/07\/2305.009471-1747x1310.jpg 1747w\" sizes=\"(max-width: 2560px) 100vw, 2560px\" \/>\t\t\t\t\t\t\t<img decoding=\"async\" width=\"2560\" height=\"1707\" src=\"https:\/\/www.isabena.eu\/wp-content\/uploads\/2023\/07\/Foto-valle-scaled.jpg\" class=\"back\" alt=\"Camping Is\u00e1bena extranjero\" srcset=\"https:\/\/www.isabena.eu\/wp-content\/uploads\/2023\/07\/Foto-valle-scaled.jpg 2560w, https:\/\/www.isabena.eu\/wp-content\/uploads\/2023\/07\/Foto-valle-300x200.jpg 300w, https:\/\/www.isabena.eu\/wp-content\/uploads\/2023\/07\/Foto-valle-1024x683.jpg 1024w, https:\/\/www.isabena.eu\/wp-content\/uploads\/2023\/07\/Foto-valle-768x512.jpg 768w, https:\/\/www.isabena.eu\/wp-content\/uploads\/2023\/07\/Foto-valle-1536x1024.jpg 1536w, https:\/\/www.isabena.eu\/wp-content\/uploads\/2023\/07\/Foto-valle-2048x1365.jpg 2048w, https:\/\/www.isabena.eu\/wp-content\/uploads\/2023\/07\/Foto-valle-1965x1310.jpg 1965w\" sizes=\"(max-width: 2560px) 100vw, 2560px\" \/>\t\t\t\t\t<\/div>\n\t\t<div class=\"txt gs_reveal gs_reveal_fromRight\">\n\t\t\t<div class='bx'>\n\t\t\t\t<h2 class=\"title\">Jeder zur\u00fcckgelegte Kilometer ist eine Geschichte, die es zu erz\u00e4hlen gilt<\/h2>\n\t\t\t\t<div class=\"content\"><p>Machen Sie sich bereit, die besten Routen mit dem Wohnmobil durch die Pyren\u00e4en zu erleben und machen Sie Camping Is\u00e1bena zu Ihrem zweiten Zuhause.<\/p>\n<\/div>\n\t\t\t\t\t\t\t\t\t<div class=\"btn-link\">\n\t\t\t\t\t\t\t\t\t\t\t\t<a href=\"https:\/\/www.isabena.eu\/de\/unterkunft\/\" class=''>Mehr Informationen<\/a>\n\t\t\t\t\t<\/div>\n\t\t\t\t\t\t\t<\/div>\n\t\t<\/div>\n\t<\/div>\n<\/section>\n\n\n<div\n\tclass=\"isabena-text-slider wp-block-isabena-text-slider\" id=\"isabena-text-slider-69e3e631bc07e\">\n\t<div class=\"container\">\n\t\t<h2 class=\"isabena-text-slider__title\"><\/h2>\n\n\t\t\t\t<div class=\"isabena-text-slider__media\">\n\t\t\t<img decoding=\"async\" width=\"680\" height=\"454\" src=\"https:\/\/www.isabena.eu\/wp-content\/uploads\/2023\/06\/2305.00627-1024x683.jpg\" class=\"isabena-text-slider__image\" alt=\"\" srcset=\"https:\/\/www.isabena.eu\/wp-content\/uploads\/2023\/06\/2305.00627-1024x683.jpg 1024w, https:\/\/www.isabena.eu\/wp-content\/uploads\/2023\/06\/2305.00627-300x200.jpg 300w, https:\/\/www.isabena.eu\/wp-content\/uploads\/2023\/06\/2305.00627-768x512.jpg 768w, https:\/\/www.isabena.eu\/wp-content\/uploads\/2023\/06\/2305.00627-1536x1025.jpg 1536w, https:\/\/www.isabena.eu\/wp-content\/uploads\/2023\/06\/2305.00627-2048x1366.jpg 2048w, https:\/\/www.isabena.eu\/wp-content\/uploads\/2023\/06\/2305.00627-1964x1310.jpg 1964w\" sizes=\"(max-width: 680px) 100vw, 680px\" \/><img decoding=\"async\" width=\"680\" height=\"454\" src=\"https:\/\/www.isabena.eu\/wp-content\/uploads\/2023\/06\/2305.00554-1024x683.jpg\" class=\"isabena-text-slider__image\" alt=\"\" srcset=\"https:\/\/www.isabena.eu\/wp-content\/uploads\/2023\/06\/2305.00554-1024x683.jpg 1024w, https:\/\/www.isabena.eu\/wp-content\/uploads\/2023\/06\/2305.00554-300x200.jpg 300w, https:\/\/www.isabena.eu\/wp-content\/uploads\/2023\/06\/2305.00554-768x512.jpg 768w, https:\/\/www.isabena.eu\/wp-content\/uploads\/2023\/06\/2305.00554-1536x1025.jpg 1536w, https:\/\/www.isabena.eu\/wp-content\/uploads\/2023\/06\/2305.00554-2048x1366.jpg 2048w, https:\/\/www.isabena.eu\/wp-content\/uploads\/2023\/06\/2305.00554-1964x1310.jpg 1964w\" sizes=\"(max-width: 680px) 100vw, 680px\" \/><img decoding=\"async\" width=\"680\" height=\"454\" src=\"https:\/\/www.isabena.eu\/wp-content\/uploads\/2023\/07\/2305.00777-1024x683.jpg\" class=\"isabena-text-slider__image\" alt=\"\" srcset=\"https:\/\/www.isabena.eu\/wp-content\/uploads\/2023\/07\/2305.00777-1024x683.jpg 1024w, https:\/\/www.isabena.eu\/wp-content\/uploads\/2023\/07\/2305.00777-300x200.jpg 300w, https:\/\/www.isabena.eu\/wp-content\/uploads\/2023\/07\/2305.00777-768x512.jpg 768w, https:\/\/www.isabena.eu\/wp-content\/uploads\/2023\/07\/2305.00777-1536x1025.jpg 1536w, https:\/\/www.isabena.eu\/wp-content\/uploads\/2023\/07\/2305.00777-2048x1366.jpg 2048w, https:\/\/www.isabena.eu\/wp-content\/uploads\/2023\/07\/2305.00777-1964x1310.jpg 1964w\" sizes=\"(max-width: 680px) 100vw, 680px\" \/><img decoding=\"async\" width=\"680\" height=\"454\" src=\"https:\/\/www.isabena.eu\/wp-content\/uploads\/2023\/07\/2305.00636-1024x683.jpg\" class=\"isabena-text-slider__image\" alt=\"Imprescindible camping\" srcset=\"https:\/\/www.isabena.eu\/wp-content\/uploads\/2023\/07\/2305.00636-1024x683.jpg 1024w, https:\/\/www.isabena.eu\/wp-content\/uploads\/2023\/07\/2305.00636-300x200.jpg 300w, https:\/\/www.isabena.eu\/wp-content\/uploads\/2023\/07\/2305.00636-768x512.jpg 768w, https:\/\/www.isabena.eu\/wp-content\/uploads\/2023\/07\/2305.00636-1536x1025.jpg 1536w, https:\/\/www.isabena.eu\/wp-content\/uploads\/2023\/07\/2305.00636-2048x1366.jpg 2048w, https:\/\/www.isabena.eu\/wp-content\/uploads\/2023\/07\/2305.00636-1964x1310.jpg 1964w\" sizes=\"(max-width: 680px) 100vw, 680px\" \/><img decoding=\"async\" width=\"680\" height=\"454\" src=\"https:\/\/www.isabena.eu\/wp-content\/uploads\/2023\/07\/2305.00708-1024x683.jpg\" class=\"isabena-text-slider__image\" alt=\"Boek een bungalow op een camping in de Pyrenee\u00ebn, ideaal voor een gezinsvakantie - Camping Is\u00e1bena\" srcset=\"https:\/\/www.isabena.eu\/wp-content\/uploads\/2023\/07\/2305.00708-1024x683.jpg 1024w, https:\/\/www.isabena.eu\/wp-content\/uploads\/2023\/07\/2305.00708-300x200.jpg 300w, https:\/\/www.isabena.eu\/wp-content\/uploads\/2023\/07\/2305.00708-768x512.jpg 768w, https:\/\/www.isabena.eu\/wp-content\/uploads\/2023\/07\/2305.00708-1536x1025.jpg 1536w, https:\/\/www.isabena.eu\/wp-content\/uploads\/2023\/07\/2305.00708-2048x1366.jpg 2048w, https:\/\/www.isabena.eu\/wp-content\/uploads\/2023\/07\/2305.00708-1964x1310.jpg 1964w\" sizes=\"(max-width: 680px) 100vw, 680px\" \/><img decoding=\"async\" width=\"680\" height=\"454\" src=\"https:\/\/www.isabena.eu\/wp-content\/uploads\/2023\/07\/i-XSQ5BjM-X3-1024x683.jpg\" class=\"isabena-text-slider__image\" alt=\"\" srcset=\"https:\/\/www.isabena.eu\/wp-content\/uploads\/2023\/07\/i-XSQ5BjM-X3-1024x683.jpg 1024w, https:\/\/www.isabena.eu\/wp-content\/uploads\/2023\/07\/i-XSQ5BjM-X3-300x200.jpg 300w, https:\/\/www.isabena.eu\/wp-content\/uploads\/2023\/07\/i-XSQ5BjM-X3-768x512.jpg 768w, https:\/\/www.isabena.eu\/wp-content\/uploads\/2023\/07\/i-XSQ5BjM-X3-1536x1025.jpg 1536w, https:\/\/www.isabena.eu\/wp-content\/uploads\/2023\/07\/i-XSQ5BjM-X3.jpg 1599w\" sizes=\"(max-width: 680px) 100vw, 680px\" \/>\t\t<\/div>\n\t\t\n\t\t<div class=\"isabena-text-slider__content\">\n\t\t\t<h4 class=\"isabena-text-slider__subtitle\"><\/h4>\n\t\t\t<div class=\"isabena-text-slider__column__list\">\n\t\t\t\t<div class=\"isabena-text-slider__column__item isabena-text-slider__column__item--first\">\n\t\t\t\t\t\t\t\t\t<\/div>\n\t\t\t\t<div class=\"isabena-text-slider__column__item isabena-text-slider__column__item--last\">\n\t\t\t\t\t\t\t\t\t<\/div>\n\t\t\t<\/div>\n\t\t<\/div>\n\t<\/div>\n<\/div>\n<script type=\"text\/javascript\">\n\n\tdocument.addEventListener(\"DOMContentLoaded\", function() {\n\t\t$('#isabena-text-slider-69e3e631bc07e .isabena-text-slider__media').slick({\n\t\t\tinfinite      : true,\n\t\t\tvariableWidth : false,\n\t\t\tslidesToShow  : 1,\n\t\t\tslidesToScroll: 1,\n\t\t\tarrows        : true,\n\t\t});\n\t});\n<\/script>\n","protected":false},"excerpt":{"rendered":"","protected":false},"author":2,"featured_media":0,"parent":0,"menu_order":0,"comment_status":"closed","ping_status":"closed","template":"tpl-landing.php","meta":{"_acf_changed":false,"_joinchat":[],"footnotes":""},"class_list":["post-12213","page","type-page","status-publish","hentry"],"acf":[],"yoast_head":"<!-- This site is optimized with the Yoast SEO plugin v24.7 - https:\/\/yoast.com\/wordpress\/plugins\/seo\/ -->\n<title>Die sch\u00f6nsten Routen der Pyren\u00e4en - Camping Is\u00e1bena<\/title>\n<meta name=\"description\" content=\"Der Campingplatz Is\u00e1bena liegt im Herzen dieses majest\u00e4tischen Gebirgszuges und ist der ideale Ausgangspunkt f\u00fcr die Erkundung der Routen mit dem Wohnmobil.\" \/>\n<meta name=\"robots\" content=\"index, follow, max-snippet:-1, max-image-preview:large, max-video-preview:-1\" \/>\n<link rel=\"canonical\" href=\"https:\/\/www.isabena.eu\/de\/die-schonsten-routen-der-pyrenaen\/\" \/>\n<meta property=\"og:locale\" content=\"de_DE\" \/>\n<meta property=\"og:type\" content=\"article\" \/>\n<meta property=\"og:title\" content=\"Die sch\u00f6nsten Routen der Pyren\u00e4en - Camping Is\u00e1bena\" \/>\n<meta property=\"og:description\" content=\"Der Campingplatz Is\u00e1bena liegt im Herzen dieses majest\u00e4tischen Gebirgszuges und ist der ideale Ausgangspunkt f\u00fcr die Erkundung der Routen mit dem Wohnmobil.\" \/>\n<meta property=\"og:url\" content=\"https:\/\/www.isabena.eu\/de\/die-schonsten-routen-der-pyrenaen\/\" \/>\n<meta property=\"og:site_name\" content=\"Camping Is\u00e1bena\" \/>\n<meta property=\"article:publisher\" content=\"https:\/\/www.facebook.com\/Campingbungalparkisabena\" \/>\n<meta property=\"article:modified_time\" content=\"2024-05-28T12:48:05+00:00\" \/>\n<meta name=\"twitter:card\" content=\"summary_large_image\" \/>\n<meta name=\"twitter:site\" content=\"@CampingIsbena\" \/>\n<!-- \/ Yoast SEO plugin. -->","yoast_head_json":{"title":"Die sch\u00f6nsten Routen der Pyren\u00e4en - Camping Is\u00e1bena","description":"Der Campingplatz Is\u00e1bena liegt im Herzen dieses majest\u00e4tischen Gebirgszuges und ist der ideale Ausgangspunkt f\u00fcr die Erkundung der Routen mit dem Wohnmobil.","robots":{"index":"index","follow":"follow","max-snippet":"max-snippet:-1","max-image-preview":"max-image-preview:large","max-video-preview":"max-video-preview:-1"},"canonical":"https:\/\/www.isabena.eu\/de\/die-schonsten-routen-der-pyrenaen\/","og_locale":"de_DE","og_type":"article","og_title":"Die sch\u00f6nsten Routen der Pyren\u00e4en - Camping Is\u00e1bena","og_description":"Der Campingplatz Is\u00e1bena liegt im Herzen dieses majest\u00e4tischen Gebirgszuges und ist der ideale Ausgangspunkt f\u00fcr die Erkundung der Routen mit dem Wohnmobil.","og_url":"https:\/\/www.isabena.eu\/de\/die-schonsten-routen-der-pyrenaen\/","og_site_name":"Camping Is\u00e1bena","article_publisher":"https:\/\/www.facebook.com\/Campingbungalparkisabena","article_modified_time":"2024-05-28T12:48:05+00:00","twitter_card":"summary_large_image","twitter_site":"@CampingIsbena","schema":{"@context":"https:\/\/schema.org","@graph":[{"@type":"WebPage","@id":"https:\/\/www.isabena.eu\/de\/die-schonsten-routen-der-pyrenaen\/","url":"https:\/\/www.isabena.eu\/de\/die-schonsten-routen-der-pyrenaen\/","name":"Die sch\u00f6nsten Routen der Pyren\u00e4en - Camping Is\u00e1bena","isPartOf":{"@id":"https:\/\/www.isabena.eu\/de\/#website"},"datePublished":"2024-04-10T04:39:40+00:00","dateModified":"2024-05-28T12:48:05+00:00","description":"Der Campingplatz Is\u00e1bena liegt im Herzen dieses majest\u00e4tischen Gebirgszuges und ist der ideale Ausgangspunkt f\u00fcr die Erkundung der Routen mit dem Wohnmobil.","breadcrumb":{"@id":"https:\/\/www.isabena.eu\/de\/die-schonsten-routen-der-pyrenaen\/#breadcrumb"},"inLanguage":"de","potentialAction":[{"@type":"ReadAction","target":["https:\/\/www.isabena.eu\/de\/die-schonsten-routen-der-pyrenaen\/"]}]},{"@type":"BreadcrumbList","@id":"https:\/\/www.isabena.eu\/de\/die-schonsten-routen-der-pyrenaen\/#breadcrumb","itemListElement":[{"@type":"ListItem","position":1,"name":"Home","item":"https:\/\/www.isabena.eu\/de\/"},{"@type":"ListItem","position":2,"name":"Landing die sch\u00f6nsten Routen der Pyren\u00e4en"}]},{"@type":"WebSite","@id":"https:\/\/www.isabena.eu\/de\/#website","url":"https:\/\/www.isabena.eu\/de\/","name":"Camping Is\u00e1bena","description":"Bienvenidos al Camping &amp; Bungalowpark Is\u00e1bena en La Puebla de Roda, en el sur de los Pirineos Centrales. Un camping acogedor con miles de actividades disponibles.","publisher":{"@id":"https:\/\/www.isabena.eu\/de\/#organization"},"alternateName":"Camping Is\u00e1bena","potentialAction":[{"@type":"SearchAction","target":{"@type":"EntryPoint","urlTemplate":"https:\/\/www.isabena.eu\/de\/?s={search_term_string}"},"query-input":{"@type":"PropertyValueSpecification","valueRequired":true,"valueName":"search_term_string"}}],"inLanguage":"de"},{"@type":"Organization","@id":"https:\/\/www.isabena.eu\/de\/#organization","name":"Camping Is\u00e1bena","alternateName":"Camping Is\u00e1bena","url":"https:\/\/www.isabena.eu\/de\/","logo":{"@type":"ImageObject","inLanguage":"de","@id":"https:\/\/www.isabena.eu\/de\/#\/schema\/logo\/image\/","url":"https:\/\/www.isabena.eu\/wp-content\/uploads\/2023\/06\/Logo-Color-cuadrado.png","contentUrl":"https:\/\/www.isabena.eu\/wp-content\/uploads\/2023\/06\/Logo-Color-cuadrado.png","width":314,"height":314,"caption":"Camping Is\u00e1bena"},"image":{"@id":"https:\/\/www.isabena.eu\/de\/#\/schema\/logo\/image\/"},"sameAs":["https:\/\/www.facebook.com\/Campingbungalparkisabena","https:\/\/x.com\/CampingIsbena","https:\/\/www.instagram.com\/camping_bungalowpark_isabena\/","https:\/\/www.youtube.com\/user\/CampingIsabena"]}]}},"_links":{"self":[{"href":"https:\/\/www.isabena.eu\/de\/wp-json\/wp\/v2\/pages\/12213","targetHints":{"allow":["GET"]}}],"collection":[{"href":"https:\/\/www.isabena.eu\/de\/wp-json\/wp\/v2\/pages"}],"about":[{"href":"https:\/\/www.isabena.eu\/de\/wp-json\/wp\/v2\/types\/page"}],"author":[{"embeddable":true,"href":"https:\/\/www.isabena.eu\/de\/wp-json\/wp\/v2\/users\/2"}],"replies":[{"embeddable":true,"href":"https:\/\/www.isabena.eu\/de\/wp-json\/wp\/v2\/comments?post=12213"}],"version-history":[{"count":1,"href":"https:\/\/www.isabena.eu\/de\/wp-json\/wp\/v2\/pages\/12213\/revisions"}],"predecessor-version":[{"id":12215,"href":"https:\/\/www.isabena.eu\/de\/wp-json\/wp\/v2\/pages\/12213\/revisions\/12215"}],"wp:attachment":[{"href":"https:\/\/www.isabena.eu\/de\/wp-json\/wp\/v2\/media?parent=12213"}],"curies":[{"name":"wp","href":"https:\/\/api.w.org\/{rel}","templated":true}]}}