{"id":12210,"date":"2024-04-10T06:24:56","date_gmt":"2024-04-10T04:24:56","guid":{"rendered":"https:\/\/www.isabena.eu\/pirineo-aragones-en-autocaravana\/"},"modified":"2024-05-29T08:26:39","modified_gmt":"2024-05-29T06:26:39","slug":"wohnmobil-camping-pyrenaen","status":"publish","type":"page","link":"https:\/\/www.isabena.eu\/de\/wohnmobil-camping-pyrenaen\/","title":{"rendered":"Landing Wohnmobil Camping Pyren\u00e4en"},"content":{"rendered":"<section class=\"blq-banner-carousel\">\n\t<div class=\"bg with-overlay\">\n\t\t\t\t\t\t\t\t\t\t\t\t\t\t<figure>\n\t\t\t\t\t\t<img decoding=\"async\" src=\"https:\/\/www.isabena.eu\/wp-content\/uploads\/2023\/06\/parcela.png\" alt=\" \"  \/>\n\t\t\t\t\t<\/figure>\n\t\t\t\t\t\t\t\t\t\t<\/div>\n\t\t\t<div class=\"box-content\">\n\t\t<div class=\"container\">\n\t\t\t\t\t\t\t<h1>Wohnmobil Camping Pyren\u00e4en<\/h1>\n\t\t\t\t\t\t\t\t\t<div class='content'><p><strong>Erkunden Sie die spanischen Pyren\u00e4en mit dem Wohnmobil<\/strong><\/p>\n<\/div>\n\t\t\t\t\t\t\t\t\t\t\t\t\t<\/div>\n\t<\/div>\n\t<\/section>\n\n\n<section class=\"blq-banner-img-txt   \" >\n\t<div class=\"container\">\n\t\t<div class=\"img gs_reveal gs_reveal_fromRight\">\n\t\t\t\n\t\t\t\t\t\t<img decoding=\"async\" width=\"580\" height=\"299\" src=\"https:\/\/www.isabena.eu\/wp-content\/uploads\/2023\/06\/trad1.svg\" class=\"front\" alt=\"\" \/>\t\t\t\t\t\t\t<img decoding=\"async\" width=\"2560\" height=\"1920\" src=\"https:\/\/www.isabena.eu\/wp-content\/uploads\/2023\/07\/2305.009471-scaled.jpg\" class=\"back\" alt=\"\" srcset=\"https:\/\/www.isabena.eu\/wp-content\/uploads\/2023\/07\/2305.009471-scaled.jpg 2560w, https:\/\/www.isabena.eu\/wp-content\/uploads\/2023\/07\/2305.009471-300x225.jpg 300w, https:\/\/www.isabena.eu\/wp-content\/uploads\/2023\/07\/2305.009471-1024x768.jpg 1024w, https:\/\/www.isabena.eu\/wp-content\/uploads\/2023\/07\/2305.009471-768x576.jpg 768w, https:\/\/www.isabena.eu\/wp-content\/uploads\/2023\/07\/2305.009471-1536x1152.jpg 1536w, https:\/\/www.isabena.eu\/wp-content\/uploads\/2023\/07\/2305.009471-2048x1536.jpg 2048w, https:\/\/www.isabena.eu\/wp-content\/uploads\/2023\/07\/2305.009471-1747x1310.jpg 1747w\" sizes=\"(max-width: 2560px) 100vw, 2560px\" \/>\t\t\t\t\t<\/div>\n\t\t<div class=\"txt gs_reveal gs_reveal_fromLeft\">\n\t\t\t<div class='bx'>\n\t\t\t\t<h2 class=\"title\">Camping &#038; Bungalowpark Is\u00e1bena<\/h2>\n\t\t\t\t<div class=\"content\"><p>M\u00f6chten Sie die Pyren\u00e4en mit dem Wohnmobil erkunden? Auf Camping Is\u00e1bena bieten wir Ihnen die ideale Unterkunft, um dieses Erlebnis zu erleben, indem wir die Freiheit der Stra\u00dfe mit dem Komfort und der W\u00e4rme eines zweiten Zuhauses verbinden.<\/p>\n<\/div>\n\t\t\t\t\t\t\t\t\t<div class=\"btn-link\">\n\t\t\t\t\t\t\t\t\t\t\t\t<a href=\"https:\/\/bookingpremium.secureholiday.net\/de\/5221\/search\/product-list?searchType=exact&#038;productType=all&#038;filterStatus=showPeriod\" class=''>Reservante<\/a>\n\t\t\t\t\t<\/div>\n\t\t\t\t\t\t\t<\/div>\n\t\t<\/div>\n\t<\/div>\n<\/section>\n\n\n<div\n\tclass=\"isabena-ordered-columns wp-block-isabena-ordered-columns\">\n\t<div class=\"container\">\n\t\t<div class=\"isabena-ordered-columns__list\">\n\t\t\t\t\t<div class=\"isabena-ordered-columns__item\">\n\t\t\t\t<h2 class=\"isabena-ordered-columns__item__title\">\n\t\t\t\t\t<strong>01.<\/strong>\n\t\t\t\t\t85 Grundst\u00fccke verf\u00fcgbar\t\t\t\t<\/h2>\n\t\t\t\t<div class=\"isabena-ordered-columns__item__description\">\n\t\t\t\t\t\t\t\t\t<\/div>\n\t\t\t<\/div>\n\t\t\t\t\t\t<div class=\"isabena-ordered-columns__item\">\n\t\t\t\t<h2 class=\"isabena-ordered-columns__item__title\">\n\t\t\t\t\t<strong>02.<\/strong>\n\t\t\t\t\t80 \u2013 100 m2\t\t\t\t<\/h2>\n\t\t\t\t<div class=\"isabena-ordered-columns__item__description\">\n\t\t\t\t\t\t\t\t\t<\/div>\n\t\t\t<\/div>\n\t\t\t\t\t\t<div class=\"isabena-ordered-columns__item\">\n\t\t\t\t<h2 class=\"isabena-ordered-columns__item__title\">\n\t\t\t\t\t<strong>03.<\/strong>\n\t\t\t\t\t6A Licht\t\t\t\t<\/h2>\n\t\t\t\t<div class=\"isabena-ordered-columns__item__description\">\n\t\t\t\t\t\t\t\t\t<\/div>\n\t\t\t<\/div>\n\t\t\t\t\t<\/div>\n\t<\/div>\n<\/div>\n\t\n\n<section class=\"blq-banner-img-txt   banner-with-container-image60\" >\n\t<div class=\"container\">\n\t\t<div class=\"img gs_reveal gs_reveal_fromRight\">\n\t\t\t\n\t\t\t\t\t\t<img decoding=\"async\" width=\"1182\" height=\"617\" src=\"https:\/\/www.isabena.eu\/wp-content\/uploads\/2023\/06\/cabania-madera.png\" class=\"\" alt=\"\" srcset=\"https:\/\/www.isabena.eu\/wp-content\/uploads\/2023\/06\/cabania-madera.png 1182w, https:\/\/www.isabena.eu\/wp-content\/uploads\/2023\/06\/cabania-madera-300x157.png 300w, https:\/\/www.isabena.eu\/wp-content\/uploads\/2023\/06\/cabania-madera-1024x535.png 1024w, https:\/\/www.isabena.eu\/wp-content\/uploads\/2023\/06\/cabania-madera-768x401.png 768w\" sizes=\"(max-width: 1182px) 100vw, 1182px\" \/>\t\t\t\t\t<\/div>\n\t\t<div class=\"txt gs_reveal gs_reveal_fromLeft\">\n\t\t\t<div class='bx'>\n\t\t\t\t<h2 class=\"title\">Unterk\u00fcnfte f\u00fcr jeden Reisenden<\/h2>\n\t\t\t\t<div class=\"content\"><p>Die W\u00e4rme eines zweiten Zuhauses.<\/p>\n<\/div>\n\t\t\t\t\t\t\t\t\t<div class=\"btn-link\">\n\t\t\t\t\t\t\t\t\t\t\t\t<a href=\"https:\/\/www.isabena.eu\/de\/unterkunft\/\" class=''>Entdecken Sie Unterk\u00fcnfte<\/a>\n\t\t\t\t\t<\/div>\n\t\t\t\t\t\t\t<\/div>\n\t\t<\/div>\n\t<\/div>\n<\/section>\n\n\n<div\n\tclass=\"isabena-route-slider wp-block-isabena-route-slider\" id=\"isabena-route-slider-69e51c04bd277\">\n\t<div class=\"container\">\n\t\t<h2 class=\"isabena-route-slider__title\">Aktivit\u00e4ten und Spa\u00df f\u00fcr die ganze Familie<\/h2>\n\t\t<h4 class=\"isabena-route-slider__subtitle\">Nehmen Sie neue Abenteuer auf<\/h4>\n\n\t\t\t\t<div class=\"isabena-route-slider__route__list\">\n\t\t\t\t\t\t<div class=\"isabena-route-slider__route__item\">\n\t\t\t\t<div class=\"isabena-route-slider__route__media\">\n\t\t\t\t\t<img decoding=\"async\" width=\"680\" height=\"454\" src=\"https:\/\/www.isabena.eu\/wp-content\/uploads\/2024\/04\/Camping-con-ninos-2-1024x684.jpg\" class=\"isabena-route-slider__route__image\" alt=\"Camping con ni\u00f1os\" srcset=\"https:\/\/www.isabena.eu\/wp-content\/uploads\/2024\/04\/Camping-con-ninos-2-1024x684.jpg 1024w, https:\/\/www.isabena.eu\/wp-content\/uploads\/2024\/04\/Camping-con-ninos-2-300x200.jpg 300w, https:\/\/www.isabena.eu\/wp-content\/uploads\/2024\/04\/Camping-con-ninos-2-768x513.jpg 768w, https:\/\/www.isabena.eu\/wp-content\/uploads\/2024\/04\/Camping-con-ninos-2.jpg 1279w\" sizes=\"(max-width: 680px) 100vw, 680px\" \/>\t\t\t\t<\/div>\n\t\t\t\t<div class=\"isabena-route-slider__route__content\">\n\t\t\t\t\t<h3 class=\"isabena-route-slider__route__title\">\n\t\t\t\t\t\tGarantierter Spa\u00df\t\t\t\t\t<\/h3>\n\t\t\t\t\t<div class=\"isabena-route-slider__route__description\">\n\t\t\t\t\t\t<p>Wenn Sie mit dem Wohnmobil durch die spanischen Pyren\u00e4en reisen, werden Sie nicht nur die Unterkunft genie\u00dfen, sondern auch die Vielfalt der von uns organisierten Aktivit\u00e4ten, die sowohl f\u00fcr Kinder als auch f\u00fcr Erwachsene gedacht sind.<\/p>\n<p>Auf die Kleinsten wartet ein unterhaltsames Programm, das Spa\u00df und Lernen in sicherer Umgebung garantiert.<\/p>\n<p>Wenn Sie sich als bedingungsloser Liebhaber von Wanderungen, Wassersport oder Motorradrouten bezeichnen, k\u00f6nnen Sie die beeindruckenden Landschaften der Pyren\u00e4en durch unsere organisierten Aktivit\u00e4ten erkunden, von ruhigen Bergwanderungen bis hin zu aufregenden Wassersport- und Motorradabenteuern.<\/p>\n\t\t\t\t\t<\/div>\n\n\t\t\t\t\t\t\t\t\t<\/div>\n\t\t\t<\/div>\n\t\t\t\t\t\t<div class=\"isabena-route-slider__route__item\">\n\t\t\t\t<div class=\"isabena-route-slider__route__media\">\n\t\t\t\t\t<img decoding=\"async\" width=\"680\" height=\"454\" src=\"https:\/\/www.isabena.eu\/wp-content\/uploads\/2023\/06\/2305.00627-1024x683.jpg\" class=\"isabena-route-slider__route__image\" alt=\"\" srcset=\"https:\/\/www.isabena.eu\/wp-content\/uploads\/2023\/06\/2305.00627-1024x683.jpg 1024w, https:\/\/www.isabena.eu\/wp-content\/uploads\/2023\/06\/2305.00627-300x200.jpg 300w, https:\/\/www.isabena.eu\/wp-content\/uploads\/2023\/06\/2305.00627-768x512.jpg 768w, https:\/\/www.isabena.eu\/wp-content\/uploads\/2023\/06\/2305.00627-1536x1025.jpg 1536w, https:\/\/www.isabena.eu\/wp-content\/uploads\/2023\/06\/2305.00627-2048x1366.jpg 2048w, https:\/\/www.isabena.eu\/wp-content\/uploads\/2023\/06\/2305.00627-1964x1310.jpg 1964w\" sizes=\"(max-width: 680px) 100vw, 680px\" \/>\t\t\t\t<\/div>\n\t\t\t\t<div class=\"isabena-route-slider__route__content\">\n\t\t\t\t\t<h3 class=\"isabena-route-slider__route__title\">\n\t\t\t\t\t\tGastronomie, Entspannung und Komfort\t\t\t\t\t<\/h3>\n\t\t\t\t\t<div class=\"isabena-route-slider__route__description\">\n\t\t\t\t\t\t<p>Nach einem Tag voller Abenteuer laden wir Sie ein, sich in unseren Einrichtungen zu entspannen und neue Energie zu tanken.<\/p>\n<p>Entdecken Sie die Spezialit\u00e4ten der spanischen Pyren\u00e4en in unserer Bar und unserem Restaurant, wo wir Ihnen in gem\u00fctlicher Atmosph\u00e4re eine Auswahl an regionalen und internationalen Gerichten anbieten.<\/p>\n<p>Sie m\u00f6chten sich gerne entspannen, dann empfehlen wir Ihnen ein Bad in unserem Pool oder die Buchung einer Behandlung im Spa \u2013 die perfekte Erg\u00e4nzung zu Ihren Erkundungstagen.<\/p>\n\t\t\t\t\t<\/div>\n\n\t\t\t\t\t\t\t\t\t<\/div>\n\t\t\t<\/div>\n\t\t\t\t\t<\/div>\n\t\t\t<\/div>\n<\/div>\n<script type=\"text\/javascript\">\n\n\tdocument.addEventListener(\"DOMContentLoaded\", function() {\n\t\t$('#isabena-route-slider-69e51c04bd277 .isabena-route-slider__route__list').slick({\n\t\t\tinfinite      : true,\n\t\t\tvariableWidth : false,\n\t\t\tslidesToShow  : 2,\n\t\t\tslidesToScroll: 1,\n\t\t\tresponsive :[\n\t\t\t\t{\n\t\t\t\t\tbreakpoint:768,\n\t\t\t\t\tsettings:{\n\t\t\t\t\t\tslidesToShow  : 1,\n\t\t\t\t\t}\n\t\t\t\t}\n\t\t\t]\n\t\t});\n\t});\n<\/script>\n\n\n<section class=\"blq-banner-img-txt banner-inverse banner-verde \" >\n\t<div class=\"container\">\n\t\t<div class=\"img gs_reveal gs_reveal_fromLeft\">\n\t\t\t\n\t\t\t\t\t\t<img decoding=\"async\" width=\"2560\" height=\"1707\" src=\"https:\/\/www.isabena.eu\/wp-content\/uploads\/2023\/07\/Foto-valle-scaled.jpg\" class=\"front\" alt=\"Imagen de los picos de los pirineos vistos desde el Camping Is\u00e1bena en los pirineos aragoneses. Afbeelding van de toppen van de Pyrenee\u00ebn, gezien vanaf de camping Is\u00e1bena in de Aragonese Pyrenee\u00ebn. Bild der Gipfel der Pyren\u00e4en vom Campingplatz Is\u00e1bena in den aragonesischen Pyren\u00e4en aus gesehen. Image of the peaks of the Pyrenees seen from the Is\u00e1bena Campsite in the Aragonese Pyrenees. Image des sommets des Pyr\u00e9n\u00e9es vus depuis le camping d&#039;Is\u00e1bena dans les Pyr\u00e9n\u00e9es aragonaises.\" srcset=\"https:\/\/www.isabena.eu\/wp-content\/uploads\/2023\/07\/Foto-valle-scaled.jpg 2560w, https:\/\/www.isabena.eu\/wp-content\/uploads\/2023\/07\/Foto-valle-300x200.jpg 300w, https:\/\/www.isabena.eu\/wp-content\/uploads\/2023\/07\/Foto-valle-1024x683.jpg 1024w, https:\/\/www.isabena.eu\/wp-content\/uploads\/2023\/07\/Foto-valle-768x512.jpg 768w, https:\/\/www.isabena.eu\/wp-content\/uploads\/2023\/07\/Foto-valle-1536x1024.jpg 1536w, https:\/\/www.isabena.eu\/wp-content\/uploads\/2023\/07\/Foto-valle-2048x1365.jpg 2048w, https:\/\/www.isabena.eu\/wp-content\/uploads\/2023\/07\/Foto-valle-1965x1310.jpg 1965w\" sizes=\"(max-width: 2560px) 100vw, 2560px\" \/>\t\t\t\t\t\t\t<img decoding=\"async\" width=\"864\" height=\"875\" src=\"https:\/\/www.isabena.eu\/wp-content\/uploads\/2023\/06\/im-hover-home2.png\" class=\"back\" alt=\"Foto del bar-restaurante del Camping Is\u00e1bena Bungalow en los Pirineos aragoneses donde te recibiremos con un trato cercano y amigable, te asistiremos con cualquier pregunta que tengas, y te apoyaremos en la organizaci\u00f3n de sus excursiones.\" srcset=\"https:\/\/www.isabena.eu\/wp-content\/uploads\/2023\/06\/im-hover-home2.png 864w, https:\/\/www.isabena.eu\/wp-content\/uploads\/2023\/06\/im-hover-home2-296x300.png 296w, https:\/\/www.isabena.eu\/wp-content\/uploads\/2023\/06\/im-hover-home2-768x778.png 768w\" sizes=\"(max-width: 864px) 100vw, 864px\" \/>\t\t\t\t\t<\/div>\n\t\t<div class=\"txt gs_reveal gs_reveal_fromRight\">\n\t\t\t<div class='bx'>\n\t\t\t\t<h2 class=\"title\">Erleben Sie Camping in den Pyren\u00e4en in einem Wohnmobil<\/h2>\n\t\t\t\t<div class=\"content\"><p>Egal, ob Sie die Ruhe der Natur, die Spannung von Outdoor-Sportarten oder einfach nur einen gem\u00fctlichen Ort zum Ausruhen suchen, unser Campingplatz ist das ideale Ziel, um die Pyren\u00e4en mit dem Wohnmobil zu erleben.<\/p>\n<p>Entdecken Sie die Sch\u00f6nheit und Magie der spanischen Pyren\u00e4en mit dem Komfort und der Freiheit, die Ihnen nur ein Wohnmobil bieten kann, mit Camping Is\u00e1bena als Basis. Wir werden warten auf dich!<\/p>\n<\/div>\n\t\t\t\t\t\t\t\t\t<div class=\"btn-link\">\n\t\t\t\t\t\t\t\t\t\t\t\t<a href=\"https:\/\/www.isabena.eu\/de\/\" class=''>Mehr Informationen<\/a>\n\t\t\t\t\t<\/div>\n\t\t\t\t\t\t\t<\/div>\n\t\t<\/div>\n\t<\/div>\n<\/section>\n","protected":false},"excerpt":{"rendered":"","protected":false},"author":2,"featured_media":0,"parent":0,"menu_order":0,"comment_status":"closed","ping_status":"closed","template":"tpl-landing.php","meta":{"_acf_changed":false,"_joinchat":[],"footnotes":""},"class_list":["post-12210","page","type-page","status-publish","hentry"],"acf":[],"yoast_head":"<!-- This site is optimized with the Yoast SEO plugin v24.7 - https:\/\/yoast.com\/wordpress\/plugins\/seo\/ -->\n<title>Wohnmobil Camping Pyren\u00e4en - Camping Is\u00e1bena<\/title>\n<meta name=\"description\" content=\"Wenn Sie die aragonesischen Pyren\u00e4en mit dem Wohnmobil erkunden m\u00f6chten, k\u00f6nnen Sie dies auf dem Campingplatz Is\u00e1bena tun! Die ideale Unterkunft.\" \/>\n<meta name=\"robots\" content=\"index, follow, max-snippet:-1, max-image-preview:large, max-video-preview:-1\" \/>\n<link rel=\"canonical\" href=\"https:\/\/www.isabena.eu\/de\/wohnmobil-camping-pyrenaen\/\" \/>\n<meta property=\"og:locale\" content=\"de_DE\" \/>\n<meta property=\"og:type\" content=\"article\" \/>\n<meta property=\"og:title\" content=\"Wohnmobil Camping Pyren\u00e4en - Camping Is\u00e1bena\" \/>\n<meta property=\"og:description\" content=\"Wenn Sie die aragonesischen Pyren\u00e4en mit dem Wohnmobil erkunden m\u00f6chten, k\u00f6nnen Sie dies auf dem Campingplatz Is\u00e1bena tun! Die ideale Unterkunft.\" \/>\n<meta property=\"og:url\" content=\"https:\/\/www.isabena.eu\/de\/wohnmobil-camping-pyrenaen\/\" \/>\n<meta property=\"og:site_name\" content=\"Camping Is\u00e1bena\" \/>\n<meta property=\"article:publisher\" content=\"https:\/\/www.facebook.com\/Campingbungalparkisabena\" \/>\n<meta property=\"article:modified_time\" content=\"2024-05-29T06:26:39+00:00\" \/>\n<meta name=\"twitter:card\" content=\"summary_large_image\" \/>\n<meta name=\"twitter:site\" content=\"@CampingIsbena\" \/>\n<!-- \/ Yoast SEO plugin. -->","yoast_head_json":{"title":"Wohnmobil Camping Pyren\u00e4en - Camping Is\u00e1bena","description":"Wenn Sie die aragonesischen Pyren\u00e4en mit dem Wohnmobil erkunden m\u00f6chten, k\u00f6nnen Sie dies auf dem Campingplatz Is\u00e1bena tun! Die ideale Unterkunft.","robots":{"index":"index","follow":"follow","max-snippet":"max-snippet:-1","max-image-preview":"max-image-preview:large","max-video-preview":"max-video-preview:-1"},"canonical":"https:\/\/www.isabena.eu\/de\/wohnmobil-camping-pyrenaen\/","og_locale":"de_DE","og_type":"article","og_title":"Wohnmobil Camping Pyren\u00e4en - Camping Is\u00e1bena","og_description":"Wenn Sie die aragonesischen Pyren\u00e4en mit dem Wohnmobil erkunden m\u00f6chten, k\u00f6nnen Sie dies auf dem Campingplatz Is\u00e1bena tun! Die ideale Unterkunft.","og_url":"https:\/\/www.isabena.eu\/de\/wohnmobil-camping-pyrenaen\/","og_site_name":"Camping Is\u00e1bena","article_publisher":"https:\/\/www.facebook.com\/Campingbungalparkisabena","article_modified_time":"2024-05-29T06:26:39+00:00","twitter_card":"summary_large_image","twitter_site":"@CampingIsbena","schema":{"@context":"https:\/\/schema.org","@graph":[{"@type":"WebPage","@id":"https:\/\/www.isabena.eu\/de\/wohnmobil-camping-pyrenaen\/","url":"https:\/\/www.isabena.eu\/de\/wohnmobil-camping-pyrenaen\/","name":"Wohnmobil Camping Pyren\u00e4en - Camping Is\u00e1bena","isPartOf":{"@id":"https:\/\/www.isabena.eu\/de\/#website"},"datePublished":"2024-04-10T04:24:56+00:00","dateModified":"2024-05-29T06:26:39+00:00","description":"Wenn Sie die aragonesischen Pyren\u00e4en mit dem Wohnmobil erkunden m\u00f6chten, k\u00f6nnen Sie dies auf dem Campingplatz Is\u00e1bena tun! Die ideale Unterkunft.","breadcrumb":{"@id":"https:\/\/www.isabena.eu\/de\/wohnmobil-camping-pyrenaen\/#breadcrumb"},"inLanguage":"de","potentialAction":[{"@type":"ReadAction","target":["https:\/\/www.isabena.eu\/de\/wohnmobil-camping-pyrenaen\/"]}]},{"@type":"BreadcrumbList","@id":"https:\/\/www.isabena.eu\/de\/wohnmobil-camping-pyrenaen\/#breadcrumb","itemListElement":[{"@type":"ListItem","position":1,"name":"Home","item":"https:\/\/www.isabena.eu\/de\/"},{"@type":"ListItem","position":2,"name":"Landing Wohnmobil Camping Pyren\u00e4en"}]},{"@type":"WebSite","@id":"https:\/\/www.isabena.eu\/de\/#website","url":"https:\/\/www.isabena.eu\/de\/","name":"Camping Is\u00e1bena","description":"Bienvenidos al Camping &amp; Bungalowpark Is\u00e1bena en La Puebla de Roda, en el sur de los Pirineos Centrales. Un camping acogedor con miles de actividades disponibles.","publisher":{"@id":"https:\/\/www.isabena.eu\/de\/#organization"},"alternateName":"Camping Is\u00e1bena","potentialAction":[{"@type":"SearchAction","target":{"@type":"EntryPoint","urlTemplate":"https:\/\/www.isabena.eu\/de\/?s={search_term_string}"},"query-input":{"@type":"PropertyValueSpecification","valueRequired":true,"valueName":"search_term_string"}}],"inLanguage":"de"},{"@type":"Organization","@id":"https:\/\/www.isabena.eu\/de\/#organization","name":"Camping Is\u00e1bena","alternateName":"Camping Is\u00e1bena","url":"https:\/\/www.isabena.eu\/de\/","logo":{"@type":"ImageObject","inLanguage":"de","@id":"https:\/\/www.isabena.eu\/de\/#\/schema\/logo\/image\/","url":"https:\/\/www.isabena.eu\/wp-content\/uploads\/2023\/06\/Logo-Color-cuadrado.png","contentUrl":"https:\/\/www.isabena.eu\/wp-content\/uploads\/2023\/06\/Logo-Color-cuadrado.png","width":314,"height":314,"caption":"Camping Is\u00e1bena"},"image":{"@id":"https:\/\/www.isabena.eu\/de\/#\/schema\/logo\/image\/"},"sameAs":["https:\/\/www.facebook.com\/Campingbungalparkisabena","https:\/\/x.com\/CampingIsbena","https:\/\/www.instagram.com\/camping_bungalowpark_isabena\/","https:\/\/www.youtube.com\/user\/CampingIsabena"]}]}},"_links":{"self":[{"href":"https:\/\/www.isabena.eu\/de\/wp-json\/wp\/v2\/pages\/12210","targetHints":{"allow":["GET"]}}],"collection":[{"href":"https:\/\/www.isabena.eu\/de\/wp-json\/wp\/v2\/pages"}],"about":[{"href":"https:\/\/www.isabena.eu\/de\/wp-json\/wp\/v2\/types\/page"}],"author":[{"embeddable":true,"href":"https:\/\/www.isabena.eu\/de\/wp-json\/wp\/v2\/users\/2"}],"replies":[{"embeddable":true,"href":"https:\/\/www.isabena.eu\/de\/wp-json\/wp\/v2\/comments?post=12210"}],"version-history":[{"count":1,"href":"https:\/\/www.isabena.eu\/de\/wp-json\/wp\/v2\/pages\/12210\/revisions"}],"predecessor-version":[{"id":12212,"href":"https:\/\/www.isabena.eu\/de\/wp-json\/wp\/v2\/pages\/12210\/revisions\/12212"}],"wp:attachment":[{"href":"https:\/\/www.isabena.eu\/de\/wp-json\/wp\/v2\/media?parent=12210"}],"curies":[{"name":"wp","href":"https:\/\/api.w.org\/{rel}","templated":true}]}}