{"id":12207,"date":"2024-04-10T06:26:53","date_gmt":"2024-04-10T04:26:53","guid":{"rendered":"https:\/\/www.isabena.eu\/huesca-en-autocaravana\/"},"modified":"2024-05-29T08:09:38","modified_gmt":"2024-05-29T06:09:38","slug":"pyrenaen-mit-wohnmobil","status":"publish","type":"page","link":"https:\/\/www.isabena.eu\/de\/pyrenaen-mit-wohnmobil\/","title":{"rendered":"Landing Pyren\u00e4en mit Wohnmobil"},"content":{"rendered":"<section class=\"blq-banner-carousel\">\n\t<div class=\"bg with-overlay\">\n\t\t\t\t\t\t\t\t\t\t\t\t\t\t<figure>\n\t\t\t\t\t\t<img decoding=\"async\" src=\"https:\/\/www.isabena.eu\/wp-content\/uploads\/2023\/06\/parcela.png\" alt=\" \"  \/>\n\t\t\t\t\t<\/figure>\n\t\t\t\t\t\t\t\t\t\t<\/div>\n\t\t\t<div class=\"box-content\">\n\t\t<div class=\"container\">\n\t\t\t\t\t\t\t<h1>Pyren\u00e4en mit Wohnmobil<\/h1>\n\t\t\t\t\t\t\t\t\t<div class='content'><p><strong>Erleben Sie das Abenteuer der Pyren\u00e4en in einem Wohnmobil vom Camping Is\u00e1bena aus<\/strong><\/p>\n<\/div>\n\t\t\t\t\t\t\t\t\t\t\t\t\t<\/div>\n\t<\/div>\n\t<\/section>\n\n\n<section class=\"blq-banner-img-txt   \" >\n\t<div class=\"container\">\n\t\t<div class=\"img gs_reveal gs_reveal_fromRight\">\n\t\t\t\n\t\t\t\t\t\t<img decoding=\"async\" width=\"580\" height=\"298\" src=\"https:\/\/www.isabena.eu\/wp-content\/uploads\/2023\/06\/ruta-carretera2.svg\" class=\"front\" alt=\"\" \/>\t\t\t\t\t\t\t<img decoding=\"async\" width=\"580\" height=\"298\" src=\"https:\/\/www.isabena.eu\/wp-content\/uploads\/2023\/06\/ruta-carretera4.svg\" class=\"back\" alt=\"\" \/>\t\t\t\t\t<\/div>\n\t\t<div class=\"txt gs_reveal gs_reveal_fromLeft\">\n\t\t\t<div class='bx'>\n\t\t\t\t<h2 class=\"title\">Camping &#038; Bungalowpark Is\u00e1bena<\/h2>\n\t\t\t\t<div class=\"content\"><p>Entdecken Sie die Freiheit, die Pyren\u00e4en mit dem Wohnmobil zu erkunden. Im Herzen der spanischen Pyren\u00e4en gelegen, ist Camping Is\u00e1bena das perfekte Reiseziel, wenn Sie beeindruckende Landschaften erleben m\u00f6chten.<\/p>\n<\/div>\n\t\t\t\t\t\t\t\t\t<div class=\"btn-link\">\n\t\t\t\t\t\t\t\t\t\t\t\t<a href=\"https:\/\/bookingpremium.secureholiday.net\/de\/5221\/search\/product-list?searchType=exact&#038;productType=all&#038;filterStatus=showPeriod\" class=''>Reservante<\/a>\n\t\t\t\t\t<\/div>\n\t\t\t\t\t\t\t<\/div>\n\t\t<\/div>\n\t<\/div>\n<\/section>\n\n\n<div\n\tclass=\"isabena-ordered-columns wp-block-isabena-ordered-columns\">\n\t<div class=\"container\">\n\t\t<div class=\"isabena-ordered-columns__list\">\n\t\t\t\t\t<div class=\"isabena-ordered-columns__item\">\n\t\t\t\t<h2 class=\"isabena-ordered-columns__item__title\">\n\t\t\t\t\t<strong>01.<\/strong>\n\t\t\t\t\t85 Grundst\u00fccke verf\u00fcgbar\t\t\t\t<\/h2>\n\t\t\t\t<div class=\"isabena-ordered-columns__item__description\">\n\t\t\t\t\t\t\t\t\t<\/div>\n\t\t\t<\/div>\n\t\t\t\t\t\t<div class=\"isabena-ordered-columns__item\">\n\t\t\t\t<h2 class=\"isabena-ordered-columns__item__title\">\n\t\t\t\t\t<strong>02.<\/strong>\n\t\t\t\t\t80 \u2013 100 m2\t\t\t\t<\/h2>\n\t\t\t\t<div class=\"isabena-ordered-columns__item__description\">\n\t\t\t\t\t\t\t\t\t<\/div>\n\t\t\t<\/div>\n\t\t\t\t\t\t<div class=\"isabena-ordered-columns__item\">\n\t\t\t\t<h2 class=\"isabena-ordered-columns__item__title\">\n\t\t\t\t\t<strong>03.<\/strong>\n\t\t\t\t\t6A Licht\t\t\t\t<\/h2>\n\t\t\t\t<div class=\"isabena-ordered-columns__item__description\">\n\t\t\t\t\t\t\t\t\t<\/div>\n\t\t\t<\/div>\n\t\t\t\t\t<\/div>\n\t<\/div>\n<\/div>\n\t\n\n<section class=\"blq-banner-img-txt   banner-with-container-image60\" >\n\t<div class=\"container\">\n\t\t<div class=\"img gs_reveal gs_reveal_fromRight\">\n\t\t\t\n\t\t\t\t\t\t<img decoding=\"async\" width=\"580\" height=\"298\" src=\"https:\/\/www.isabena.eu\/wp-content\/uploads\/2023\/06\/senderismo7.svg\" class=\"\" alt=\"\" \/>\t\t\t\t\t<\/div>\n\t\t<div class=\"txt gs_reveal gs_reveal_fromLeft\">\n\t\t\t<div class='bx'>\n\t\t\t\t<h2 class=\"title\">Unterk\u00fcnfte f\u00fcr jeden Geschmack<\/h2>\n\t\t\t\t<div class=\"content\"><p>Jeder Reisende ist einzigartig. Aus diesem Grund bieten wir Ihnen Campingpl\u00e4tze an, auf denen Sie Ihr Wohnmobil inmitten des jahrhundertealten Eichenwaldes abstellen k\u00f6nnen.<\/p>\n<\/div>\n\t\t\t\t\t\t\t\t\t<div class=\"btn-link\">\n\t\t\t\t\t\t\t\t\t\t\t\t<a href=\"https:\/\/www.isabena.eu\/de\/unterkunft\/\" class=''>Entdecken Sie Unterk\u00fcnfte<\/a>\n\t\t\t\t\t<\/div>\n\t\t\t\t\t\t\t<\/div>\n\t\t<\/div>\n\t<\/div>\n<\/section>\n\n\n<div\n\tclass=\"isabena-route-slider wp-block-isabena-route-slider\" id=\"isabena-route-slider-69e5fb073acc0\">\n\t<div class=\"container\">\n\t\t<h2 class=\"isabena-route-slider__title\">Bereisen Sie Huesca im Wohnmobil<\/h2>\n\t\t<h4 class=\"isabena-route-slider__subtitle\">Ein Paradies voller Spa\u00df und Unterhaltung<\/h4>\n\n\t\t\t\t<div class=\"isabena-route-slider__route__list\">\n\t\t\t\t\t\t<div class=\"isabena-route-slider__route__item\">\n\t\t\t\t<div class=\"isabena-route-slider__route__media\">\n\t\t\t\t\t<img decoding=\"async\" width=\"680\" height=\"438\" src=\"https:\/\/www.isabena.eu\/wp-content\/uploads\/2023\/02\/Pirineo-en-familia-1024x660.jpg\" class=\"isabena-route-slider__route__image\" alt=\"\" srcset=\"https:\/\/www.isabena.eu\/wp-content\/uploads\/2023\/02\/Pirineo-en-familia-1024x660.jpg 1024w, https:\/\/www.isabena.eu\/wp-content\/uploads\/2023\/02\/Pirineo-en-familia-300x193.jpg 300w, https:\/\/www.isabena.eu\/wp-content\/uploads\/2023\/02\/Pirineo-en-familia-768x495.jpg 768w, https:\/\/www.isabena.eu\/wp-content\/uploads\/2023\/02\/Pirineo-en-familia-1536x990.jpg 1536w, https:\/\/www.isabena.eu\/wp-content\/uploads\/2023\/02\/Pirineo-en-familia.jpg 1920w\" sizes=\"(max-width: 680px) 100vw, 680px\" \/>\t\t\t\t<\/div>\n\t\t\t\t<div class=\"isabena-route-slider__route__content\">\n\t\t\t\t\t<h3 class=\"isabena-route-slider__route__title\">\n\t\t\t\t\t\tAktivit\u00e4ten und Unterhaltung f\u00fcr die ganze Familie\t\t\t\t\t<\/h3>\n\t\t\t\t\t<div class=\"isabena-route-slider__route__description\">\n\t\t\t\t\t\t<p>Bei einer Reise durch die Provinz Huesca mit dem Wohnmobil ist es sehr wichtig, ein Paradies voller Spa\u00df und Unterhaltung zu finden. Auf Camping Is\u00e1bena organisieren wir Aktivit\u00e4ten f\u00fcr jeden Geschmack und jedes Alter.<\/p>\n\t\t\t\t\t<\/div>\n\n\t\t\t\t\t\t\t\t\t<\/div>\n\t\t\t<\/div>\n\t\t\t\t\t\t<div class=\"isabena-route-slider__route__item\">\n\t\t\t\t<div class=\"isabena-route-slider__route__media\">\n\t\t\t\t\t<img decoding=\"async\" width=\"591\" height=\"525\" src=\"https:\/\/www.isabena.eu\/wp-content\/uploads\/2023\/06\/bar-restaurante.svg\" class=\"isabena-route-slider__route__image\" alt=\"\" \/>\t\t\t\t<\/div>\n\t\t\t\t<div class=\"isabena-route-slider__route__content\">\n\t\t\t\t\t<h3 class=\"isabena-route-slider__route__title\">\n\t\t\t\t\t\tGastronom\u00eda y relax en el coraz\u00f3n de Huesca \t\t\t\t\t<\/h3>\n\t\t\t\t\t<div class=\"isabena-route-slider__route__description\">\n\t\t\t\t\t\t<p>Nachdem Sie die Pyren\u00e4en mit dem Wohnmobil erkundet oder an unseren Aktivit\u00e4ten teilgenommen haben, k\u00f6nnen Sie sich entspannen und die Dienstleistungen genie\u00dfen, die Ihnen unser Campingplatz zu bieten hat.<\/p>\n<p>Genie\u00dfen Sie die typischen Gerichte der Region in unserer Bar und unserem Restaurant, wo sich bei jedem Bissen Qualit\u00e4t und guter Geschmack vereinen.<\/p>\n<p>Wenn Sie m\u00f6chten, k\u00f6nnen Sie auch in unserem Spa-Bereich neue Energie tanken und sich verw\u00f6hnen lassen oder ein erfrischendes Bad im Pool genie\u00dfen.<\/p>\n\t\t\t\t\t<\/div>\n\n\t\t\t\t\t\t\t\t\t<\/div>\n\t\t\t<\/div>\n\t\t\t\t\t<\/div>\n\t\t\t<\/div>\n<\/div>\n<script type=\"text\/javascript\">\n\n\tdocument.addEventListener(\"DOMContentLoaded\", function() {\n\t\t$('#isabena-route-slider-69e5fb073acc0 .isabena-route-slider__route__list').slick({\n\t\t\tinfinite      : true,\n\t\t\tvariableWidth : false,\n\t\t\tslidesToShow  : 2,\n\t\t\tslidesToScroll: 1,\n\t\t\tresponsive :[\n\t\t\t\t{\n\t\t\t\t\tbreakpoint:768,\n\t\t\t\t\tsettings:{\n\t\t\t\t\t\tslidesToShow  : 1,\n\t\t\t\t\t}\n\t\t\t\t}\n\t\t\t]\n\t\t});\n\t});\n<\/script>\n\n\n<section class=\"blq-banner-img-txt banner-inverse banner-verde \" >\n\t<div class=\"container\">\n\t\t<div class=\"img gs_reveal gs_reveal_fromLeft\">\n\t\t\t\n\t\t\t\t\t\t<img decoding=\"async\" width=\"2560\" height=\"1920\" src=\"https:\/\/www.isabena.eu\/wp-content\/uploads\/2023\/07\/2305.009471-scaled.jpg\" class=\"front\" alt=\"\" srcset=\"https:\/\/www.isabena.eu\/wp-content\/uploads\/2023\/07\/2305.009471-scaled.jpg 2560w, https:\/\/www.isabena.eu\/wp-content\/uploads\/2023\/07\/2305.009471-300x225.jpg 300w, https:\/\/www.isabena.eu\/wp-content\/uploads\/2023\/07\/2305.009471-1024x768.jpg 1024w, https:\/\/www.isabena.eu\/wp-content\/uploads\/2023\/07\/2305.009471-768x576.jpg 768w, https:\/\/www.isabena.eu\/wp-content\/uploads\/2023\/07\/2305.009471-1536x1152.jpg 1536w, https:\/\/www.isabena.eu\/wp-content\/uploads\/2023\/07\/2305.009471-2048x1536.jpg 2048w, https:\/\/www.isabena.eu\/wp-content\/uploads\/2023\/07\/2305.009471-1747x1310.jpg 1747w\" sizes=\"(max-width: 2560px) 100vw, 2560px\" \/>\t\t\t\t\t\t\t<img decoding=\"async\" width=\"600\" height=\"400\" src=\"https:\/\/www.isabena.eu\/wp-content\/uploads\/2023\/07\/2305.00699-M.jpg\" class=\"back\" alt=\"\" srcset=\"https:\/\/www.isabena.eu\/wp-content\/uploads\/2023\/07\/2305.00699-M.jpg 600w, https:\/\/www.isabena.eu\/wp-content\/uploads\/2023\/07\/2305.00699-M-300x200.jpg 300w\" sizes=\"(max-width: 600px) 100vw, 600px\" \/>\t\t\t\t\t<\/div>\n\t\t<div class=\"txt gs_reveal gs_reveal_fromRight\">\n\t\t\t<div class='bx'>\n\t\t\t\t<h2 class=\"title\">Pyren\u00e4en mit dem Wohnmobil: ein einzigartiges Erlebnis<\/h2>\n\t\t\t\t<div class=\"content\"><p>Wenn Sie Huesca mit dem Wohnmobil erkunden, k\u00f6nnen Sie die Freiheit und Flexibilit\u00e4t genie\u00dfen, in Ihrem eigenen Tempo zu reisen, mit der Gewissheit, einen gem\u00fctlichen Zufluchtsort voller Komfort zu haben.<\/p>\n<p>Auf dem Campingplatz Is\u00e1bena, wo Natur auf Komfort und Gastfreundschaft trifft, erwarten wir Sie, um Ihr Wohnmobil-Abenteuer zu einem unvergesslichen Erlebnis zu machen.<\/p>\n<p>Die Reise Ihrer Tr\u00e4ume durch die Provinz Huesca mit Ihrem Wohnmobil beginnt hier!<\/p>\n<\/div>\n\t\t\t\t\t\t\t\t\t<div class=\"btn-link\">\n\t\t\t\t\t\t\t\t\t\t\t\t<a href=\"https:\/\/www.isabena.eu\/de\/\" class=''>Mehr Informationen<\/a>\n\t\t\t\t\t<\/div>\n\t\t\t\t\t\t\t<\/div>\n\t\t<\/div>\n\t<\/div>\n<\/section>\n","protected":false},"excerpt":{"rendered":"","protected":false},"author":2,"featured_media":0,"parent":0,"menu_order":0,"comment_status":"closed","ping_status":"closed","template":"tpl-landing.php","meta":{"_acf_changed":false,"_joinchat":[],"footnotes":""},"class_list":["post-12207","page","type-page","status-publish","hentry"],"acf":[],"yoast_head":"<!-- This site is optimized with the Yoast SEO plugin v24.7 - https:\/\/yoast.com\/wordpress\/plugins\/seo\/ -->\n<title>Pyren\u00e4en mit Wohnmobil - Camping Is\u00e1bena<\/title>\n<meta name=\"description\" content=\"Camping Is\u00e1bena is de perfecte keuze als je met de camper de mooiste landschappen van het gebied wilt ontdekken. Let op de details die we je geven!\" \/>\n<meta name=\"robots\" content=\"index, follow, max-snippet:-1, max-image-preview:large, max-video-preview:-1\" \/>\n<link rel=\"canonical\" href=\"https:\/\/www.isabena.eu\/de\/pyrenaen-mit-wohnmobil\/\" \/>\n<meta property=\"og:locale\" content=\"de_DE\" \/>\n<meta property=\"og:type\" content=\"article\" \/>\n<meta property=\"og:title\" content=\"Pyren\u00e4en mit Wohnmobil - Camping Is\u00e1bena\" \/>\n<meta property=\"og:description\" content=\"Camping Is\u00e1bena is de perfecte keuze als je met de camper de mooiste landschappen van het gebied wilt ontdekken. Let op de details die we je geven!\" \/>\n<meta property=\"og:url\" content=\"https:\/\/www.isabena.eu\/de\/pyrenaen-mit-wohnmobil\/\" \/>\n<meta property=\"og:site_name\" content=\"Camping Is\u00e1bena\" \/>\n<meta property=\"article:publisher\" content=\"https:\/\/www.facebook.com\/Campingbungalparkisabena\" \/>\n<meta property=\"article:modified_time\" content=\"2024-05-29T06:09:38+00:00\" \/>\n<meta name=\"twitter:card\" content=\"summary_large_image\" \/>\n<meta name=\"twitter:site\" content=\"@CampingIsbena\" \/>\n<!-- \/ Yoast SEO plugin. -->","yoast_head_json":{"title":"Pyren\u00e4en mit Wohnmobil - Camping Is\u00e1bena","description":"Camping Is\u00e1bena is de perfecte keuze als je met de camper de mooiste landschappen van het gebied wilt ontdekken. Let op de details die we je geven!","robots":{"index":"index","follow":"follow","max-snippet":"max-snippet:-1","max-image-preview":"max-image-preview:large","max-video-preview":"max-video-preview:-1"},"canonical":"https:\/\/www.isabena.eu\/de\/pyrenaen-mit-wohnmobil\/","og_locale":"de_DE","og_type":"article","og_title":"Pyren\u00e4en mit Wohnmobil - Camping Is\u00e1bena","og_description":"Camping Is\u00e1bena is de perfecte keuze als je met de camper de mooiste landschappen van het gebied wilt ontdekken. Let op de details die we je geven!","og_url":"https:\/\/www.isabena.eu\/de\/pyrenaen-mit-wohnmobil\/","og_site_name":"Camping Is\u00e1bena","article_publisher":"https:\/\/www.facebook.com\/Campingbungalparkisabena","article_modified_time":"2024-05-29T06:09:38+00:00","twitter_card":"summary_large_image","twitter_site":"@CampingIsbena","schema":{"@context":"https:\/\/schema.org","@graph":[{"@type":"WebPage","@id":"https:\/\/www.isabena.eu\/de\/pyrenaen-mit-wohnmobil\/","url":"https:\/\/www.isabena.eu\/de\/pyrenaen-mit-wohnmobil\/","name":"Pyren\u00e4en mit Wohnmobil - Camping Is\u00e1bena","isPartOf":{"@id":"https:\/\/www.isabena.eu\/de\/#website"},"datePublished":"2024-04-10T04:26:53+00:00","dateModified":"2024-05-29T06:09:38+00:00","description":"Camping Is\u00e1bena is de perfecte keuze als je met de camper de mooiste landschappen van het gebied wilt ontdekken. Let op de details die we je geven!","breadcrumb":{"@id":"https:\/\/www.isabena.eu\/de\/pyrenaen-mit-wohnmobil\/#breadcrumb"},"inLanguage":"de","potentialAction":[{"@type":"ReadAction","target":["https:\/\/www.isabena.eu\/de\/pyrenaen-mit-wohnmobil\/"]}]},{"@type":"BreadcrumbList","@id":"https:\/\/www.isabena.eu\/de\/pyrenaen-mit-wohnmobil\/#breadcrumb","itemListElement":[{"@type":"ListItem","position":1,"name":"Home","item":"https:\/\/www.isabena.eu\/de\/"},{"@type":"ListItem","position":2,"name":"Landing Pyren\u00e4en mit Wohnmobil"}]},{"@type":"WebSite","@id":"https:\/\/www.isabena.eu\/de\/#website","url":"https:\/\/www.isabena.eu\/de\/","name":"Camping Is\u00e1bena","description":"Bienvenidos al Camping &amp; Bungalowpark Is\u00e1bena en La Puebla de Roda, en el sur de los Pirineos Centrales. Un camping acogedor con miles de actividades disponibles.","publisher":{"@id":"https:\/\/www.isabena.eu\/de\/#organization"},"alternateName":"Camping Is\u00e1bena","potentialAction":[{"@type":"SearchAction","target":{"@type":"EntryPoint","urlTemplate":"https:\/\/www.isabena.eu\/de\/?s={search_term_string}"},"query-input":{"@type":"PropertyValueSpecification","valueRequired":true,"valueName":"search_term_string"}}],"inLanguage":"de"},{"@type":"Organization","@id":"https:\/\/www.isabena.eu\/de\/#organization","name":"Camping Is\u00e1bena","alternateName":"Camping Is\u00e1bena","url":"https:\/\/www.isabena.eu\/de\/","logo":{"@type":"ImageObject","inLanguage":"de","@id":"https:\/\/www.isabena.eu\/de\/#\/schema\/logo\/image\/","url":"https:\/\/www.isabena.eu\/wp-content\/uploads\/2023\/06\/Logo-Color-cuadrado.png","contentUrl":"https:\/\/www.isabena.eu\/wp-content\/uploads\/2023\/06\/Logo-Color-cuadrado.png","width":314,"height":314,"caption":"Camping Is\u00e1bena"},"image":{"@id":"https:\/\/www.isabena.eu\/de\/#\/schema\/logo\/image\/"},"sameAs":["https:\/\/www.facebook.com\/Campingbungalparkisabena","https:\/\/x.com\/CampingIsbena","https:\/\/www.instagram.com\/camping_bungalowpark_isabena\/","https:\/\/www.youtube.com\/user\/CampingIsabena"]}]}},"_links":{"self":[{"href":"https:\/\/www.isabena.eu\/de\/wp-json\/wp\/v2\/pages\/12207","targetHints":{"allow":["GET"]}}],"collection":[{"href":"https:\/\/www.isabena.eu\/de\/wp-json\/wp\/v2\/pages"}],"about":[{"href":"https:\/\/www.isabena.eu\/de\/wp-json\/wp\/v2\/types\/page"}],"author":[{"embeddable":true,"href":"https:\/\/www.isabena.eu\/de\/wp-json\/wp\/v2\/users\/2"}],"replies":[{"embeddable":true,"href":"https:\/\/www.isabena.eu\/de\/wp-json\/wp\/v2\/comments?post=12207"}],"version-history":[{"count":1,"href":"https:\/\/www.isabena.eu\/de\/wp-json\/wp\/v2\/pages\/12207\/revisions"}],"predecessor-version":[{"id":12209,"href":"https:\/\/www.isabena.eu\/de\/wp-json\/wp\/v2\/pages\/12207\/revisions\/12209"}],"wp:attachment":[{"href":"https:\/\/www.isabena.eu\/de\/wp-json\/wp\/v2\/media?parent=12207"}],"curies":[{"name":"wp","href":"https:\/\/api.w.org\/{rel}","templated":true}]}}