{"id":12203,"date":"2024-04-10T06:26:01","date_gmt":"2024-04-10T04:26:01","guid":{"rendered":"https:\/\/www.isabena.eu\/alojamiento-en-roda-de-isabena\/"},"modified":"2024-05-15T11:11:24","modified_gmt":"2024-05-15T09:11:24","slug":"ferienhaus-bei-roda-de-isabena","status":"publish","type":"page","link":"https:\/\/www.isabena.eu\/de\/ferienhaus-bei-roda-de-isabena\/","title":{"rendered":"Landing Ferienhaus bei Roda de Is\u00e1bena"},"content":{"rendered":"<section class=\"blq-banner-carousel\">\n\t<div class=\"bg with-overlay\">\n\t\t\t\t\t\t\t\t\t\t\t\t\t\t<figure>\n\t\t\t\t\t\t<img decoding=\"async\" src=\"https:\/\/www.isabena.eu\/wp-content\/uploads\/2023\/07\/Foto-valle-scaled.jpg\" alt=\" \"  \/>\n\t\t\t\t\t<\/figure>\n\t\t\t\t\t\t\t\t\t\t<\/div>\n\t\t\t<div class=\"box-content\">\n\t\t<div class=\"container\">\n\t\t\t\t\t\t\t<h1>Ferienhaus bei Roda de Is\u00e1bena<\/h1>\n\t\t\t\t\t\t\t\t\t<div class='content'><p><strong>Ihre perfekte Unterkunft im Herzen der spanischen Pyren\u00e4en<\/strong><\/p>\n<\/div>\n\t\t\t\t\t\t\t\t\t\t\t\t\t<\/div>\n\t<\/div>\n\t<\/section>\n\n\n<section class=\"blq-banner-img-txt   \" >\n\t<div class=\"container\">\n\t\t<div class=\"img gs_reveal gs_reveal_fromRight\">\n\t\t\t\n\t\t\t\t\t\t<img decoding=\"async\" width=\"2560\" height=\"1920\" src=\"https:\/\/www.isabena.eu\/wp-content\/uploads\/2023\/07\/2305.009361-scaled.jpg\" class=\"front\" alt=\"Vista a\u00e9rea del Camping Is\u00e1bena, con su piscina perfecta para disfrutar de vacaciones en verano en el Pirineo aragon\u00e9s. Aerial view of Camping Is\u00e1bena, with its pool, perfect for enjoying a summer vacation in the Aragonese Pyrenees. Vue a\u00e9rienne du Camping Is\u00e1bena, avec sa piscine, parfaite pour profiter de vacances d&#039;\u00e9t\u00e9 dans les Pyr\u00e9n\u00e9es aragonaises. Luftaufnahme des Campingplatzes Is\u00e1bena mit seinem Pool, perfekt f\u00fcr einen Sommerurlaub in den aragonesischen Pyren\u00e4en. Luchtfoto van Camping Is\u00e1bena, met zwembad, ideaal voor een zomervakantie in de Aragonese Pyrenee\u00ebn.\" srcset=\"https:\/\/www.isabena.eu\/wp-content\/uploads\/2023\/07\/2305.009361-scaled.jpg 2560w, https:\/\/www.isabena.eu\/wp-content\/uploads\/2023\/07\/2305.009361-300x225.jpg 300w, https:\/\/www.isabena.eu\/wp-content\/uploads\/2023\/07\/2305.009361-1024x768.jpg 1024w, https:\/\/www.isabena.eu\/wp-content\/uploads\/2023\/07\/2305.009361-768x576.jpg 768w, https:\/\/www.isabena.eu\/wp-content\/uploads\/2023\/07\/2305.009361-1536x1152.jpg 1536w, https:\/\/www.isabena.eu\/wp-content\/uploads\/2023\/07\/2305.009361-2048x1536.jpg 2048w, https:\/\/www.isabena.eu\/wp-content\/uploads\/2023\/07\/2305.009361-1747x1310.jpg 1747w\" sizes=\"(max-width: 2560px) 100vw, 2560px\" \/>\t\t\t\t\t\t\t<img decoding=\"async\" width=\"2560\" height=\"1708\" src=\"https:\/\/www.isabena.eu\/wp-content\/uploads\/2023\/07\/2305.00708-scaled.jpg\" class=\"back\" alt=\"Boek een bungalow op een camping in de Pyrenee\u00ebn, ideaal voor een gezinsvakantie - Camping Is\u00e1bena\" srcset=\"https:\/\/www.isabena.eu\/wp-content\/uploads\/2023\/07\/2305.00708-scaled.jpg 2560w, https:\/\/www.isabena.eu\/wp-content\/uploads\/2023\/07\/2305.00708-300x200.jpg 300w, https:\/\/www.isabena.eu\/wp-content\/uploads\/2023\/07\/2305.00708-1024x683.jpg 1024w, https:\/\/www.isabena.eu\/wp-content\/uploads\/2023\/07\/2305.00708-768x512.jpg 768w, https:\/\/www.isabena.eu\/wp-content\/uploads\/2023\/07\/2305.00708-1536x1025.jpg 1536w, https:\/\/www.isabena.eu\/wp-content\/uploads\/2023\/07\/2305.00708-2048x1366.jpg 2048w, https:\/\/www.isabena.eu\/wp-content\/uploads\/2023\/07\/2305.00708-1964x1310.jpg 1964w\" sizes=\"(max-width: 2560px) 100vw, 2560px\" \/>\t\t\t\t\t<\/div>\n\t\t<div class=\"txt gs_reveal gs_reveal_fromLeft\">\n\t\t\t<div class='bx'>\n\t\t\t\t<h2 class=\"title\">Camping &#038; Bungalowpark Is\u00e1bena<\/h2>\n\t\t\t\t<div class=\"content\"><p>Sind Sie auf der Suche nach einem R\u00fcckzugsort in der Natur, ohne auf den Komfort und die W\u00e4rme einer Unterkunft bei Roda de Is\u00e1bena zu verzichten, die f\u00fcr Familienspa\u00df konzipiert ist? Wir laden Sie ein, einen unvergesslichen Urlaub auf Camping Is\u00e1bena zu verbringen!<\/p>\n<p>Jeder Besucher hat seine eigenen Vorlieben. Deshalb bieten wir Ihnen eine gro\u00dfe Auswahl an Unterkunftsm\u00f6glichkeiten, die Ihnen einen \u00e4u\u00dferst komfortablen Aufenthalt garantieren.<\/p>\n<\/div>\n\t\t\t\t\t\t\t\t\t<div class=\"btn-link\">\n\t\t\t\t\t\t\t\t\t\t\t\t<a href=\"https:\/\/bookingpremium.secureholiday.net\/de\/5221\/search\/product-list?searchType=exact&#038;productType=all&#038;filterStatus=showPeriod\" class=''>Reservante<\/a>\n\t\t\t\t\t<\/div>\n\t\t\t\t\t\t\t<\/div>\n\t\t<\/div>\n\t<\/div>\n<\/section>\n\n\n<div\n\tclass=\"isabena-ordered-columns wp-block-isabena-ordered-columns\">\n\t<div class=\"container\">\n\t\t<div class=\"isabena-ordered-columns__list\">\n\t\t\t\t\t<div class=\"isabena-ordered-columns__item\">\n\t\t\t\t<h2 class=\"isabena-ordered-columns__item__title\">\n\t\t\t\t\t<strong>01.<\/strong>\n\t\t\t\t\tBungalows und Mobilheime\t\t\t\t<\/h2>\n\t\t\t\t<div class=\"isabena-ordered-columns__item__description\">\n\t\t\t\t\tHolzbungalows mit einer Kapazit\u00e4t f\u00fcr bis zu sechs Personen. Mobilheime f\u00fcr vier Abenteurer.\t\t\t\t<\/div>\n\t\t\t<\/div>\n\t\t\t\t\t\t<div class=\"isabena-ordered-columns__item\">\n\t\t\t\t<h2 class=\"isabena-ordered-columns__item__title\">\n\t\t\t\t\t<strong>02.<\/strong>\n\t\t\t\t\tHolzh\u00fctten\t\t\t\t<\/h2>\n\t\t\t\t<div class=\"isabena-ordered-columns__item__description\">\n\t\t\t\t\tLiegt in einer der ruhigsten Gegenden des Campingplatzes und bietet einen spektakul\u00e4ren Blick auf die Berge.\t\t\t\t<\/div>\n\t\t\t<\/div>\n\t\t\t\t\t\t<div class=\"isabena-ordered-columns__item\">\n\t\t\t\t<h2 class=\"isabena-ordered-columns__item__title\">\n\t\t\t\t\t<strong>03.<\/strong>\n\t\t\t\t\tCampingpl\u00e4tze\t\t\t\t<\/h2>\n\t\t\t\t<div class=\"isabena-ordered-columns__item__description\">\n\t\t\t\t\tInsgesamt 85 grasbewachsene Parzellen, die zwischen 80 und 100 Quadratmeter gro\u00df sind und \u00fcber eine elektrische Leistung von 6 Ampere verf\u00fcgen.\t\t\t\t<\/div>\n\t\t\t<\/div>\n\t\t\t\t\t<\/div>\n\t<\/div>\n<\/div>\n\t\n\n<section class=\"blq-banner-img-txt   banner-with-container-image60\" >\n\t<div class=\"container\">\n\t\t<div class=\"img gs_reveal gs_reveal_fromRight\">\n\t\t\t\n\t\t\t\t\t\t<img decoding=\"async\" width=\"1280\" height=\"854\" src=\"https:\/\/www.isabena.eu\/wp-content\/uploads\/2023\/06\/Holzhauschen-Aussenansicht.jpg\" class=\"\" alt=\"\" srcset=\"https:\/\/www.isabena.eu\/wp-content\/uploads\/2023\/06\/Holzhauschen-Aussenansicht.jpg 1280w, https:\/\/www.isabena.eu\/wp-content\/uploads\/2023\/06\/Holzhauschen-Aussenansicht-300x200.jpg 300w, https:\/\/www.isabena.eu\/wp-content\/uploads\/2023\/06\/Holzhauschen-Aussenansicht-1024x683.jpg 1024w, https:\/\/www.isabena.eu\/wp-content\/uploads\/2023\/06\/Holzhauschen-Aussenansicht-768x512.jpg 768w\" sizes=\"(max-width: 1280px) 100vw, 1280px\" \/>\t\t\t\t\t<\/div>\n\t\t<div class=\"txt gs_reveal gs_reveal_fromLeft\">\n\t\t\t<div class='bx'>\n\t\t\t\t<h2 class=\"title\">Eine Unterkunft f\u00fcr jeden Reisestil<\/h2>\n\t\t\t\t<div class=\"content\"><p>Mit einer perfekten Kombination aus Natur, Komfort und Spa\u00df sind wir bereit, Ihren Urlaub zu einem unvergesslichen Erlebnis zu machen.<\/p>\n<\/div>\n\t\t\t\t\t\t\t\t\t<div class=\"btn-link\">\n\t\t\t\t\t\t\t\t\t\t\t\t<a href=\"https:\/\/www.isabena.eu\/de\/unterkunft\/\" class=''>Entdecken Sie Unterk\u00fcnfte<\/a>\n\t\t\t\t\t<\/div>\n\t\t\t\t\t\t\t<\/div>\n\t\t<\/div>\n\t<\/div>\n<\/section>\n\n\n<div\n\tclass=\"isabena-route-slider wp-block-isabena-route-slider\" id=\"isabena-route-slider-69e4961575eee\">\n\t<div class=\"container\">\n\t\t<h2 class=\"isabena-route-slider__title\">Aktivit\u00e4ten zur Unterhaltung f\u00fcr die ganze Familie<\/h2>\n\t\t<h4 class=\"isabena-route-slider__subtitle\">Ein Reiseziel voller Leben<\/h4>\n\n\t\t\t\t<div class=\"isabena-route-slider__route__list\">\n\t\t\t\t\t\t<div class=\"isabena-route-slider__route__item\">\n\t\t\t\t<div class=\"isabena-route-slider__route__media\">\n\t\t\t\t\t<img decoding=\"async\" width=\"680\" height=\"510\" src=\"https:\/\/www.isabena.eu\/wp-content\/uploads\/2023\/04\/P1011355-2.jpg\" class=\"isabena-route-slider__route__image\" alt=\"\" srcset=\"https:\/\/www.isabena.eu\/wp-content\/uploads\/2023\/04\/P1011355-2.jpg 800w, https:\/\/www.isabena.eu\/wp-content\/uploads\/2023\/04\/P1011355-2-300x225.jpg 300w, https:\/\/www.isabena.eu\/wp-content\/uploads\/2023\/04\/P1011355-2-768x576.jpg 768w\" sizes=\"(max-width: 680px) 100vw, 680px\" \/>\t\t\t\t<\/div>\n\t\t\t\t<div class=\"isabena-route-slider__route__content\">\n\t\t\t\t\t<h3 class=\"isabena-route-slider__route__title\">\n\t\t\t\t\t\tFamilienunterhaltung\t\t\t\t\t<\/h3>\n\t\t\t\t\t<div class=\"isabena-route-slider__route__description\">\n\t\t\t\t\t\t<p>Unsere Ferienanlage bei Roda de Is\u00e1bena ist ein Reiseziel voller Leben und Aktivit\u00e4ten, das der ganzen Familie Freude bereiten soll.<\/p>\n<p>Jugendliche k\u00f6nnen in einer anregenden und sicheren Umgebung Spa\u00df haben und lernen, w\u00e4hrend Erwachsene Wanderwege erkunden oder in den n\u00e4chstgelegenen Seen und Fl\u00fcssen Wassersport betreiben.<\/p>\n<p>Und f\u00fcr Motorradfans? Wir bieten spannende Routen, die die einzigartige Landschaft der spanischen Pyren\u00e4en durchqueren.<\/p>\n\t\t\t\t\t<\/div>\n\n\t\t\t\t\t\t\t\t\t<\/div>\n\t\t\t<\/div>\n\t\t\t\t\t\t<div class=\"isabena-route-slider__route__item\">\n\t\t\t\t<div class=\"isabena-route-slider__route__media\">\n\t\t\t\t\t<img decoding=\"async\" width=\"680\" height=\"454\" src=\"https:\/\/www.isabena.eu\/wp-content\/uploads\/2023\/06\/i-ffBRm6v-X3-1024x683.jpg\" class=\"isabena-route-slider__route__image\" alt=\"\" srcset=\"https:\/\/www.isabena.eu\/wp-content\/uploads\/2023\/06\/i-ffBRm6v-X3-1024x683.jpg 1024w, https:\/\/www.isabena.eu\/wp-content\/uploads\/2023\/06\/i-ffBRm6v-X3-300x200.jpg 300w, https:\/\/www.isabena.eu\/wp-content\/uploads\/2023\/06\/i-ffBRm6v-X3-768x512.jpg 768w, https:\/\/www.isabena.eu\/wp-content\/uploads\/2023\/06\/i-ffBRm6v-X3-1536x1024.jpg 1536w, https:\/\/www.isabena.eu\/wp-content\/uploads\/2023\/06\/i-ffBRm6v-X3.jpg 1600w\" sizes=\"(max-width: 680px) 100vw, 680px\" \/>\t\t\t\t<\/div>\n\t\t\t\t<div class=\"isabena-route-slider__route__content\">\n\t\t\t\t\t<h3 class=\"isabena-route-slider__route__title\">\n\t\t\t\t\t\tGastronomie und Entspannung w\u00e4hrend Ihres Aufenthaltes nahe Roda de Is\u00e1bena\t\t\t\t\t<\/h3>\n\t\t\t\t\t<div class=\"isabena-route-slider__route__description\">\n\t\t\t\t\t\t<p>Nach einem Tag voller Erlebnisse erwarten Sie unsere Bar und unser Restaurant, um Ihnen das Beste der regionalen und internationalen K\u00fcche zu bieten.<\/p>\n<p>Dar\u00fcber hinaus k\u00f6nnen Sie w\u00e4hrend Ihrer Unterkunft in Roda de Is\u00e1bena Momente purer Entspannung in unserem Pool oder Spa- und Massagebereich genie\u00dfen.<\/p>\n\t\t\t\t\t<\/div>\n\n\t\t\t\t\t\t\t\t\t<\/div>\n\t\t\t<\/div>\n\t\t\t\t\t\t<div class=\"isabena-route-slider__route__item\">\n\t\t\t\t<div class=\"isabena-route-slider__route__media\">\n\t\t\t\t\t<img decoding=\"async\" width=\"680\" height=\"510\" src=\"https:\/\/www.isabena.eu\/wp-content\/uploads\/2023\/07\/2305.009471-1024x768.jpg\" class=\"isabena-route-slider__route__image\" alt=\"\" srcset=\"https:\/\/www.isabena.eu\/wp-content\/uploads\/2023\/07\/2305.009471-1024x768.jpg 1024w, https:\/\/www.isabena.eu\/wp-content\/uploads\/2023\/07\/2305.009471-300x225.jpg 300w, https:\/\/www.isabena.eu\/wp-content\/uploads\/2023\/07\/2305.009471-768x576.jpg 768w, https:\/\/www.isabena.eu\/wp-content\/uploads\/2023\/07\/2305.009471-1536x1152.jpg 1536w, https:\/\/www.isabena.eu\/wp-content\/uploads\/2023\/07\/2305.009471-2048x1536.jpg 2048w, https:\/\/www.isabena.eu\/wp-content\/uploads\/2023\/07\/2305.009471-1747x1310.jpg 1747w\" sizes=\"(max-width: 680px) 100vw, 680px\" \/>\t\t\t\t<\/div>\n\t\t\t\t<div class=\"isabena-route-slider__route__content\">\n\t\t\t\t\t<h3 class=\"isabena-route-slider__route__title\">\n\t\t\t\t\t\tRoda de Is\u00e1bena: ein Schatz, den es zu entdecken gilt\t\t\t\t\t<\/h3>\n\t\t\t\t\t<div class=\"isabena-route-slider__route__description\">\n\t\t\t\t\t\t<p>Unser Campingplatz ist der ideale Ausgangspunkt, um dieses Juwel der spanischen Pyren\u00e4en zu entdecken. Von der beeindruckenden Kathedrale bis hin zu geschichtstr\u00e4chtigen G\u00e4sschen l\u00e4dt Roda de Is\u00e1bena Sie ein, in die reiche Kultur und Natursch\u00f6nheit einzutauchen.<\/p>\n\t\t\t\t\t<\/div>\n\n\t\t\t\t\t\t\t\t\t<\/div>\n\t\t\t<\/div>\n\t\t\t\t\t<\/div>\n\t\t\t<\/div>\n<\/div>\n<script type=\"text\/javascript\">\n\n\tdocument.addEventListener(\"DOMContentLoaded\", function() {\n\t\t$('#isabena-route-slider-69e4961575eee .isabena-route-slider__route__list').slick({\n\t\t\tinfinite      : true,\n\t\t\tvariableWidth : false,\n\t\t\tslidesToShow  : 2,\n\t\t\tslidesToScroll: 1,\n\t\t\tresponsive :[\n\t\t\t\t{\n\t\t\t\t\tbreakpoint:768,\n\t\t\t\t\tsettings:{\n\t\t\t\t\t\tslidesToShow  : 1,\n\t\t\t\t\t}\n\t\t\t\t}\n\t\t\t]\n\t\t});\n\t});\n<\/script>\n\n\n<section class=\"blq-banner-img-txt banner-inverse banner-verde \" >\n\t<div class=\"container\">\n\t\t<div class=\"img gs_reveal gs_reveal_fromLeft\">\n\t\t\t\n\t\t\t\t\t\t<img decoding=\"async\" width=\"2560\" height=\"1708\" src=\"https:\/\/www.isabena.eu\/wp-content\/uploads\/2023\/07\/2305.01224-scaled.jpg\" class=\"front\" alt=\"\" srcset=\"https:\/\/www.isabena.eu\/wp-content\/uploads\/2023\/07\/2305.01224-scaled.jpg 2560w, https:\/\/www.isabena.eu\/wp-content\/uploads\/2023\/07\/2305.01224-300x200.jpg 300w, https:\/\/www.isabena.eu\/wp-content\/uploads\/2023\/07\/2305.01224-1024x683.jpg 1024w, https:\/\/www.isabena.eu\/wp-content\/uploads\/2023\/07\/2305.01224-768x512.jpg 768w, https:\/\/www.isabena.eu\/wp-content\/uploads\/2023\/07\/2305.01224-1536x1025.jpg 1536w, https:\/\/www.isabena.eu\/wp-content\/uploads\/2023\/07\/2305.01224-2048x1366.jpg 2048w, https:\/\/www.isabena.eu\/wp-content\/uploads\/2023\/07\/2305.01224-1964x1310.jpg 1964w\" sizes=\"(max-width: 2560px) 100vw, 2560px\" \/>\t\t\t\t\t\t\t<img decoding=\"async\" width=\"13967\" height=\"7311\" src=\"https:\/\/www.isabena.eu\/wp-content\/uploads\/2023\/07\/2305.00675-Pano-Editar.jpg\" class=\"back\" alt=\"Descubre qu\u00e9 incluyen los bungalows y caba\u00f1as de madera del Camping Is\u00e1bena en el Pirineo Aragon\u00e9s. \u00a1Naturaleza, confort y aventura te esperan este verano! Discover what&#039;s included in the bungalows and wooden cabins at Camping Is\u00e1bena in the Spanish Pyrenees. Nature, comfort, and adventure await you this summer! D\u00e9couvrez les prestations des bungalows et cabanes en bois du Camping Is\u00e1bena, dans les Pyr\u00e9n\u00e9es espagnoles. Nature, confort et aventure vous attendent cet \u00e9t\u00e9\u00a0! Entdecken Sie, was in den Bungalows und Holzh\u00fctten auf dem Campingplatz Is\u00e1bena in den spanischen Pyren\u00e4en enthalten ist. Natur, Komfort und Abenteuer erwarten Sie diesen Sommer! Ontdek wat er allemaal is inbegrepen in de bungalows en houten hutten op Camping Is\u00e1bena in de Spaanse Pyrenee\u00ebn. Natuur, comfort en avontuur wachten op u deze zomer!\" \/>\t\t\t\t\t<\/div>\n\t\t<div class=\"txt gs_reveal gs_reveal_fromRight\">\n\t\t\t<div class='bx'>\n\t\t\t\t<h2 class=\"title\">Ihre ideale Unterkunft in Roda de Is\u00e1bena<\/h2>\n\t\t\t\t<div class=\"content\"><p>Suchen Sie Abenteuer, Entspannung oder einfach nur sch\u00f6ne Zeit mit Ihren Lieben? Wir sind Ihre ideale Unterkunft in der N\u00e4he von Roda de Is\u00e1bena!<\/p>\n<\/div>\n\t\t\t\t\t\t\t\t\t<div class=\"btn-link\">\n\t\t\t\t\t\t\t\t\t\t\t\t<a href=\"https:\/\/www.isabena.eu\/de\/\" class=''>Mehr Informationen<\/a>\n\t\t\t\t\t<\/div>\n\t\t\t\t\t\t\t<\/div>\n\t\t<\/div>\n\t<\/div>\n<\/section>\n","protected":false},"excerpt":{"rendered":"","protected":false},"author":2,"featured_media":0,"parent":0,"menu_order":0,"comment_status":"closed","ping_status":"closed","template":"tpl-landing.php","meta":{"_acf_changed":false,"_joinchat":[],"footnotes":""},"class_list":["post-12203","page","type-page","status-publish","hentry"],"acf":[],"yoast_head":"<!-- This site is optimized with the Yoast SEO plugin v24.7 - https:\/\/yoast.com\/wordpress\/plugins\/seo\/ -->\n<title>Ferienhaus bei Roda de Is\u00e1bena - Camping Is\u00e1bena<\/title>\n<meta name=\"description\" content=\"Sind Sie auf der Suche nach der W\u00e4rme einer Unterkunft in Roda de Is\u00e1bena, die auf Familienvergn\u00fcgen ausgelegt ist? Erleben Sie einen unvergesslichen Urlaub auf Camping Is\u00e1bena!\" \/>\n<meta name=\"robots\" content=\"index, follow, max-snippet:-1, max-image-preview:large, max-video-preview:-1\" \/>\n<link rel=\"canonical\" href=\"https:\/\/www.isabena.eu\/de\/ferienhaus-bei-roda-de-isabena\/\" \/>\n<meta property=\"og:locale\" content=\"de_DE\" \/>\n<meta property=\"og:type\" content=\"article\" \/>\n<meta property=\"og:title\" content=\"Ferienhaus bei Roda de Is\u00e1bena - Camping Is\u00e1bena\" \/>\n<meta property=\"og:description\" content=\"Sind Sie auf der Suche nach der W\u00e4rme einer Unterkunft in Roda de Is\u00e1bena, die auf Familienvergn\u00fcgen ausgelegt ist? Erleben Sie einen unvergesslichen Urlaub auf Camping Is\u00e1bena!\" \/>\n<meta property=\"og:url\" content=\"https:\/\/www.isabena.eu\/de\/ferienhaus-bei-roda-de-isabena\/\" \/>\n<meta property=\"og:site_name\" content=\"Camping Is\u00e1bena\" \/>\n<meta property=\"article:publisher\" content=\"https:\/\/www.facebook.com\/Campingbungalparkisabena\" \/>\n<meta property=\"article:modified_time\" content=\"2024-05-15T09:11:24+00:00\" \/>\n<meta name=\"twitter:card\" content=\"summary_large_image\" \/>\n<meta name=\"twitter:site\" content=\"@CampingIsbena\" \/>\n<!-- \/ Yoast SEO plugin. -->","yoast_head_json":{"title":"Ferienhaus bei Roda de Is\u00e1bena - Camping Is\u00e1bena","description":"Sind Sie auf der Suche nach der W\u00e4rme einer Unterkunft in Roda de Is\u00e1bena, die auf Familienvergn\u00fcgen ausgelegt ist? Erleben Sie einen unvergesslichen Urlaub auf Camping Is\u00e1bena!","robots":{"index":"index","follow":"follow","max-snippet":"max-snippet:-1","max-image-preview":"max-image-preview:large","max-video-preview":"max-video-preview:-1"},"canonical":"https:\/\/www.isabena.eu\/de\/ferienhaus-bei-roda-de-isabena\/","og_locale":"de_DE","og_type":"article","og_title":"Ferienhaus bei Roda de Is\u00e1bena - Camping Is\u00e1bena","og_description":"Sind Sie auf der Suche nach der W\u00e4rme einer Unterkunft in Roda de Is\u00e1bena, die auf Familienvergn\u00fcgen ausgelegt ist? Erleben Sie einen unvergesslichen Urlaub auf Camping Is\u00e1bena!","og_url":"https:\/\/www.isabena.eu\/de\/ferienhaus-bei-roda-de-isabena\/","og_site_name":"Camping Is\u00e1bena","article_publisher":"https:\/\/www.facebook.com\/Campingbungalparkisabena","article_modified_time":"2024-05-15T09:11:24+00:00","twitter_card":"summary_large_image","twitter_site":"@CampingIsbena","schema":{"@context":"https:\/\/schema.org","@graph":[{"@type":"WebPage","@id":"https:\/\/www.isabena.eu\/de\/ferienhaus-bei-roda-de-isabena\/","url":"https:\/\/www.isabena.eu\/de\/ferienhaus-bei-roda-de-isabena\/","name":"Ferienhaus bei Roda de Is\u00e1bena - Camping Is\u00e1bena","isPartOf":{"@id":"https:\/\/www.isabena.eu\/de\/#website"},"datePublished":"2024-04-10T04:26:01+00:00","dateModified":"2024-05-15T09:11:24+00:00","description":"Sind Sie auf der Suche nach der W\u00e4rme einer Unterkunft in Roda de Is\u00e1bena, die auf Familienvergn\u00fcgen ausgelegt ist? Erleben Sie einen unvergesslichen Urlaub auf Camping Is\u00e1bena!","breadcrumb":{"@id":"https:\/\/www.isabena.eu\/de\/ferienhaus-bei-roda-de-isabena\/#breadcrumb"},"inLanguage":"de","potentialAction":[{"@type":"ReadAction","target":["https:\/\/www.isabena.eu\/de\/ferienhaus-bei-roda-de-isabena\/"]}]},{"@type":"BreadcrumbList","@id":"https:\/\/www.isabena.eu\/de\/ferienhaus-bei-roda-de-isabena\/#breadcrumb","itemListElement":[{"@type":"ListItem","position":1,"name":"Home","item":"https:\/\/www.isabena.eu\/de\/"},{"@type":"ListItem","position":2,"name":"Landing Ferienhaus bei Roda de Is\u00e1bena"}]},{"@type":"WebSite","@id":"https:\/\/www.isabena.eu\/de\/#website","url":"https:\/\/www.isabena.eu\/de\/","name":"Camping Is\u00e1bena","description":"Bienvenidos al Camping &amp; Bungalowpark Is\u00e1bena en La Puebla de Roda, en el sur de los Pirineos Centrales. Un camping acogedor con miles de actividades disponibles.","publisher":{"@id":"https:\/\/www.isabena.eu\/de\/#organization"},"alternateName":"Camping Is\u00e1bena","potentialAction":[{"@type":"SearchAction","target":{"@type":"EntryPoint","urlTemplate":"https:\/\/www.isabena.eu\/de\/?s={search_term_string}"},"query-input":{"@type":"PropertyValueSpecification","valueRequired":true,"valueName":"search_term_string"}}],"inLanguage":"de"},{"@type":"Organization","@id":"https:\/\/www.isabena.eu\/de\/#organization","name":"Camping Is\u00e1bena","alternateName":"Camping Is\u00e1bena","url":"https:\/\/www.isabena.eu\/de\/","logo":{"@type":"ImageObject","inLanguage":"de","@id":"https:\/\/www.isabena.eu\/de\/#\/schema\/logo\/image\/","url":"https:\/\/www.isabena.eu\/wp-content\/uploads\/2023\/06\/Logo-Color-cuadrado.png","contentUrl":"https:\/\/www.isabena.eu\/wp-content\/uploads\/2023\/06\/Logo-Color-cuadrado.png","width":314,"height":314,"caption":"Camping Is\u00e1bena"},"image":{"@id":"https:\/\/www.isabena.eu\/de\/#\/schema\/logo\/image\/"},"sameAs":["https:\/\/www.facebook.com\/Campingbungalparkisabena","https:\/\/x.com\/CampingIsbena","https:\/\/www.instagram.com\/camping_bungalowpark_isabena\/","https:\/\/www.youtube.com\/user\/CampingIsabena"]}]}},"_links":{"self":[{"href":"https:\/\/www.isabena.eu\/de\/wp-json\/wp\/v2\/pages\/12203","targetHints":{"allow":["GET"]}}],"collection":[{"href":"https:\/\/www.isabena.eu\/de\/wp-json\/wp\/v2\/pages"}],"about":[{"href":"https:\/\/www.isabena.eu\/de\/wp-json\/wp\/v2\/types\/page"}],"author":[{"embeddable":true,"href":"https:\/\/www.isabena.eu\/de\/wp-json\/wp\/v2\/users\/2"}],"replies":[{"embeddable":true,"href":"https:\/\/www.isabena.eu\/de\/wp-json\/wp\/v2\/comments?post=12203"}],"version-history":[{"count":1,"href":"https:\/\/www.isabena.eu\/de\/wp-json\/wp\/v2\/pages\/12203\/revisions"}],"predecessor-version":[{"id":12205,"href":"https:\/\/www.isabena.eu\/de\/wp-json\/wp\/v2\/pages\/12203\/revisions\/12205"}],"wp:attachment":[{"href":"https:\/\/www.isabena.eu\/de\/wp-json\/wp\/v2\/media?parent=12203"}],"curies":[{"name":"wp","href":"https:\/\/api.w.org\/{rel}","templated":true}]}}