{"id":12190,"date":"2024-04-10T06:26:25","date_gmt":"2024-04-10T04:26:25","guid":{"rendered":"https:\/\/www.isabena.eu\/alojamiento-rutas-en-moto\/"},"modified":"2024-05-28T15:16:37","modified_gmt":"2024-05-28T13:16:37","slug":"unterkunfte-pyrenaen-mit-motorrad","status":"publish","type":"page","link":"https:\/\/www.isabena.eu\/de\/unterkunfte-pyrenaen-mit-motorrad\/","title":{"rendered":"Landing Unterk\u00fcnfte Pyren\u00e4en mit Motorrad"},"content":{"rendered":"<section class=\"blq-banner-carousel\">\n\t<div class=\"bg with-overlay\">\n\t\t\t\t\t\t\t\t\t\t\t\t\t\t<figure>\n\t\t\t\t\t\t<img decoding=\"async\" src=\"https:\/\/www.isabena.eu\/wp-content\/uploads\/2023\/06\/ruta-motoO.png\" alt=\" \"  \/>\n\t\t\t\t\t<\/figure>\n\t\t\t\t\t\t\t\t\t\t<\/div>\n\t\t\t<div class=\"box-content\">\n\t\t<div class=\"container\">\n\t\t\t\t\t\t\t<h1>Unterk\u00fcnfte Pyren\u00e4en mit Motorrad<\/h1>\n\t\t\t\t\t\t\t\t\t<div class='content'><p><strong>Erkunden Sie die die sch\u00f6nsten Routen der Pyren\u00e4en von unserem Tourenfahrer Hotel aus<\/strong><\/p>\n<\/div>\n\t\t\t\t\t\t\t\t\t\t\t\t\t<\/div>\n\t<\/div>\n\t<\/section>\n\n\n<section class=\"blq-banner-img-txt   \" >\n\t<div class=\"container\">\n\t\t<div class=\"img gs_reveal gs_reveal_fromRight\">\n\t\t\t\n\t\t\t\t\t\t<img decoding=\"async\" width=\"580\" height=\"525\" src=\"https:\/\/www.isabena.eu\/wp-content\/uploads\/2023\/06\/curso-conduccion.svg\" class=\"front\" alt=\"\" \/>\t\t\t\t\t\t\t<img decoding=\"async\" width=\"1073\" height=\"510\" src=\"https:\/\/www.isabena.eu\/wp-content\/uploads\/2023\/06\/im-motor.svg\" class=\"back\" alt=\"\" \/>\t\t\t\t\t<\/div>\n\t\t<div class=\"txt gs_reveal gs_reveal_fromLeft\">\n\t\t\t<div class='bx'>\n\t\t\t\t<h2 class=\"title\">Camping &#038; Bungalowpark Is\u00e1bena<\/h2>\n\t\t\t\t<div class=\"content\"><p>Im Herzen der spanischen Pyren\u00e4en ist der Bungalowpark Is\u00e1bena das Reiseziel schlechthin f\u00fcr Motorradfans und diejenigen, die eine Unterkunft zum Genie\u00dfen w\u00e4hrend ihrer Motorradtouren suchen.<\/p>\n<p>Als stolzes BMW Motorride Testride Hotel bieten wir Ihnen ein einzigartiges Erlebnis, bei dem sich die Leidenschaft f\u00fcr Motorradrouten und die Liebe zur Natur an einem Ort treffen.<\/p>\n<p>Wir haben die perfekte Unterkunft, um Ihre Motorradtour in vollen Z\u00fcgen genie\u00dfen zu k\u00f6nnen.<\/p>\n<\/div>\n\t\t\t\t\t\t\t\t\t<div class=\"btn-link\">\n\t\t\t\t\t\t\t\t\t\t\t\t<a href=\"https:\/\/bookingpremium.secureholiday.net\/de\/5221\/search\/product-list?searchType=exact&#038;productType=all&#038;filterStatus=showPeriod\" class=''>Reservante<\/a>\n\t\t\t\t\t<\/div>\n\t\t\t\t\t\t\t<\/div>\n\t\t<\/div>\n\t<\/div>\n<\/section>\n\n\n<div\n\tclass=\"isabena-ordered-columns wp-block-isabena-ordered-columns\">\n\t<div class=\"container\">\n\t\t<div class=\"isabena-ordered-columns__list\">\n\t\t\t\t\t<div class=\"isabena-ordered-columns__item\">\n\t\t\t\t<h2 class=\"isabena-ordered-columns__item__title\">\n\t\t\t\t\t<strong>01.<\/strong>\n\t\t\t\t\tBungalows und Mobilheime\t\t\t\t<\/h2>\n\t\t\t\t<div class=\"isabena-ordered-columns__item__description\">\n\t\t\t\t\tHolzbungalows mit einer Kapazit\u00e4t f\u00fcr bis zu sechs Personen. Mobilheime f\u00fcr vier Abenteurer.\t\t\t\t<\/div>\n\t\t\t<\/div>\n\t\t\t\t\t\t<div class=\"isabena-ordered-columns__item\">\n\t\t\t\t<h2 class=\"isabena-ordered-columns__item__title\">\n\t\t\t\t\t<strong>02.<\/strong>\n\t\t\t\t\tHolzh\u00fctten\t\t\t\t<\/h2>\n\t\t\t\t<div class=\"isabena-ordered-columns__item__description\">\n\t\t\t\t\tLiegt in einer der ruhigsten Gegenden des Campingplatzes und bietet einen spektakul\u00e4ren Blick auf die Berge.\t\t\t\t<\/div>\n\t\t\t<\/div>\n\t\t\t\t\t\t<div class=\"isabena-ordered-columns__item\">\n\t\t\t\t<h2 class=\"isabena-ordered-columns__item__title\">\n\t\t\t\t\t<strong>03.<\/strong>\n\t\t\t\t\tCampingpl\u00e4tze\t\t\t\t<\/h2>\n\t\t\t\t<div class=\"isabena-ordered-columns__item__description\">\n\t\t\t\t\tInsgesamt 85 grasbewachsene Parzellen, die zwischen 80 und 100 Quadratmeter gro\u00df sind und \u00fcber eine elektrische Leistung von 6 Ampere verf\u00fcgen.\t\t\t\t<\/div>\n\t\t\t<\/div>\n\t\t\t\t\t<\/div>\n\t<\/div>\n<\/div>\n\t\n\n<section class=\"blq-banner-img-txt   banner-with-container-image60\" >\n\t<div class=\"container\">\n\t\t<div class=\"img gs_reveal gs_reveal_fromRight\">\n\t\t\t\n\t\t\t\t\t\t<img decoding=\"async\" width=\"1920\" height=\"901\" src=\"https:\/\/www.isabena.eu\/wp-content\/uploads\/2023\/06\/parallax_motorradtouren.jpg\" class=\"\" alt=\"Foto de una ruta en moto por el Pirineo aragon\u00e9s con muchas rutas con salida desde el Camping Is\u00e1bena Bungalow en los Pirineos. Foto van een motorroute door de Aragonese Pyrenee\u00ebn, waarvan vele vertrekken vanaf de Is\u00e1bena Bungalow Camping in de Pyrenee\u00ebn.Foto einer Motorradroute durch die aragonesischen Pyren\u00e4en mit vielen Routen, die vom Bungalow-Campingplatz Is\u00e1bena in den Pyren\u00e4en ausgehen. Photo of a motorcycle route through the Aragonese Pyrenees with many routes departing from the Is\u00e1bena Bungalow Campsite in the Pyrenees. Photo d&#039;un itin\u00e9raire \u00e0 moto \u00e0 travers les Pyr\u00e9n\u00e9es aragonaises avec de nombreux itin\u00e9raires au d\u00e9part du camping Bungalow Is\u00e1bena dans les Pyr\u00e9n\u00e9es.\" srcset=\"https:\/\/www.isabena.eu\/wp-content\/uploads\/2023\/06\/parallax_motorradtouren.jpg 1920w, https:\/\/www.isabena.eu\/wp-content\/uploads\/2023\/06\/parallax_motorradtouren-300x141.jpg 300w, https:\/\/www.isabena.eu\/wp-content\/uploads\/2023\/06\/parallax_motorradtouren-1024x481.jpg 1024w, https:\/\/www.isabena.eu\/wp-content\/uploads\/2023\/06\/parallax_motorradtouren-768x360.jpg 768w, https:\/\/www.isabena.eu\/wp-content\/uploads\/2023\/06\/parallax_motorradtouren-1536x721.jpg 1536w\" sizes=\"(max-width: 1920px) 100vw, 1920px\" \/>\t\t\t\t\t<\/div>\n\t\t<div class=\"txt gs_reveal gs_reveal_fromLeft\">\n\t\t\t<div class='bx'>\n\t\t\t\t<h2 class=\"title\">Unterkunft f\u00fcr alle Arten von Reisenden<\/h2>\n\t\t\t\t<div class=\"content\"><p>Sie sehen, Sie k\u00f6nnen w\u00e4hlen, je nachdem, ob Sie mehr Privatsph\u00e4re, das Erlebnis des Campings unter den Sternen oder maximalen Komfort bevorzugen.<\/p>\n<\/div>\n\t\t\t\t\t\t\t\t\t<div class=\"btn-link\">\n\t\t\t\t\t\t\t\t\t\t\t\t<a href=\"https:\/\/www.isabena.eu\/de\/unterkunft\/\" class=''>Entdecken Sie Unterk\u00fcnfte<\/a>\n\t\t\t\t\t<\/div>\n\t\t\t\t\t\t\t<\/div>\n\t\t<\/div>\n\t<\/div>\n<\/section>\n\n\n<div\n\tclass=\"isabena-route-slider wp-block-isabena-route-slider\" id=\"isabena-route-slider-69d9308f6815f\">\n\t<div class=\"container\">\n\t\t<h2 class=\"isabena-route-slider__title\">Jenseits von Motorradrouten<\/h2>\n\t\t<h4 class=\"isabena-route-slider__subtitle\">Aktivit\u00e4ten und Unterhaltung<\/h4>\n\n\t\t\t\t<div class=\"isabena-route-slider__route__list\">\n\t\t\t\t\t\t<div class=\"isabena-route-slider__route__item\">\n\t\t\t\t<div class=\"isabena-route-slider__route__media\">\n\t\t\t\t\t<img decoding=\"async\" width=\"580\" height=\"298\" src=\"https:\/\/www.isabena.eu\/wp-content\/uploads\/2023\/06\/im1.png\" class=\"isabena-route-slider__route__image\" alt=\"\" srcset=\"https:\/\/www.isabena.eu\/wp-content\/uploads\/2023\/06\/im1.png 580w, https:\/\/www.isabena.eu\/wp-content\/uploads\/2023\/06\/im1-300x154.png 300w\" sizes=\"(max-width: 580px) 100vw, 580px\" \/>\t\t\t\t<\/div>\n\t\t\t\t<div class=\"isabena-route-slider__route__content\">\n\t\t\t\t\t<h3 class=\"isabena-route-slider__route__title\">\n\t\t\t\t\t\tAktivit\u00e4ten und Unterhaltung in unserer Unterkunft w\u00e4hrend Ihrer Motorradtouren\t\t\t\t\t<\/h3>\n\t\t\t\t\t<div class=\"isabena-route-slider__route__description\">\n\t\t\t\t\t\t<p>\u00dcber die Motorradtouren in den Pyren\u00e4en, hinaus bieten wir Ihnen auf unserer Anlage eine Vielzahl von Aktivit\u00e4ten, die zum Vergn\u00fcgen aller unserer G\u00e4ste gestaltet sind.<\/p>\n<p>Erlebe gef\u00fchrte Endurotouren in Spanien und offroad Trainings von unserem Enduropark Isabena aus.<\/p>\n<p>Als ob das nicht genug w\u00e4re, Wir verf\u00fcgen wir auch \u00fcber einen Spa- und Massagebereich, in dem Sie nach einem Tag voller Abenteuer entspannen und neue Kraft tanken k\u00f6nnen.<\/p>\n\t\t\t\t\t<\/div>\n\n\t\t\t\t\t\t\t\t\t<\/div>\n\t\t\t<\/div>\n\t\t\t\t\t\t<div class=\"isabena-route-slider__route__item\">\n\t\t\t\t<div class=\"isabena-route-slider__route__media\">\n\t\t\t\t\t<img decoding=\"async\" width=\"680\" height=\"272\" src=\"https:\/\/www.isabena.eu\/wp-content\/uploads\/2018\/03\/Motorradtour-Stausee-1200x480-1-1024x410.jpeg\" class=\"isabena-route-slider__route__image\" alt=\"\" srcset=\"https:\/\/www.isabena.eu\/wp-content\/uploads\/2018\/03\/Motorradtour-Stausee-1200x480-1-1024x410.jpeg 1024w, https:\/\/www.isabena.eu\/wp-content\/uploads\/2018\/03\/Motorradtour-Stausee-1200x480-1-300x120.jpeg 300w, https:\/\/www.isabena.eu\/wp-content\/uploads\/2018\/03\/Motorradtour-Stausee-1200x480-1-768x307.jpeg 768w, https:\/\/www.isabena.eu\/wp-content\/uploads\/2018\/03\/Motorradtour-Stausee-1200x480-1.jpeg 1200w\" sizes=\"(max-width: 680px) 100vw, 680px\" \/>\t\t\t\t<\/div>\n\t\t\t\t<div class=\"isabena-route-slider__route__content\">\n\t\t\t\t\t<h3 class=\"isabena-route-slider__route__title\">\n\t\t\t\t\t\tEin Treffpunkt f\u00fcr Motorradfans\t\t\t\t\t<\/h3>\n\t\t\t\t\t<div class=\"isabena-route-slider__route__description\">\n\t\t\t\t\t\t<p>Als BMW Motorride Testride Hotel ist unser Campingplatz die perfekte \u00dcbernachtungsm\u00f6glichkeit w\u00e4hrend Ihrer Motorradtouren.<\/p>\n<p>Dank unserer Erfahrung in der Region bieten wir Ihnen sorgf\u00e4ltig ausgew\u00e4hlte Optionen, die Sie durch einige der beeindruckendsten Landschaften der Region Huesca f\u00fchren und Ihnen auf Schritt und Tritt ein unvergessliches Erlebnis bieten.<\/p>\n\t\t\t\t\t<\/div>\n\n\t\t\t\t\t\t\t\t\t<\/div>\n\t\t\t<\/div>\n\t\t\t\t\t\t<div class=\"isabena-route-slider__route__item\">\n\t\t\t\t<div class=\"isabena-route-slider__route__media\">\n\t\t\t\t\t<img decoding=\"async\" width=\"680\" height=\"507\" src=\"https:\/\/www.isabena.eu\/wp-content\/uploads\/2023\/12\/Gastronomia-Aragon-1024x764.jpg\" class=\"isabena-route-slider__route__image\" alt=\"Comer ruta moto Huesca\" srcset=\"https:\/\/www.isabena.eu\/wp-content\/uploads\/2023\/12\/Gastronomia-Aragon-1024x764.jpg 1024w, https:\/\/www.isabena.eu\/wp-content\/uploads\/2023\/12\/Gastronomia-Aragon-300x224.jpg 300w, https:\/\/www.isabena.eu\/wp-content\/uploads\/2023\/12\/Gastronomia-Aragon-768x573.jpg 768w, https:\/\/www.isabena.eu\/wp-content\/uploads\/2023\/12\/Gastronomia-Aragon-1536x1146.jpg 1536w, https:\/\/www.isabena.eu\/wp-content\/uploads\/2023\/12\/Gastronomia-Aragon.jpg 1600w\" sizes=\"(max-width: 680px) 100vw, 680px\" \/>\t\t\t\t<\/div>\n\t\t\t\t<div class=\"isabena-route-slider__route__content\">\n\t\t\t\t\t<h3 class=\"isabena-route-slider__route__title\">\n\t\t\t\t\t\tGastronomie und Gastfreundschaft ohne Gleichen\t\t\t\t\t<\/h3>\n\t\t\t\t\t<div class=\"isabena-route-slider__route__description\">\n\t\t\t\t\t\t<p>Der perfekte Ort, um Geschichten von unterwegs zu teilen und einzigartige Momente mit anderen Reisenden zu genie\u00dfen? Unsere Bar und unser Restaurant! Wir erwarten Sie, um Sie nach Ihren Motorradtouren mit der besten lokalen und internationalen K\u00fcche in gem\u00fctlicher und famili\u00e4rer Atmosph\u00e4re zu verw\u00f6hnen.<\/p>\n\t\t\t\t\t<\/div>\n\n\t\t\t\t\t\t\t\t\t<\/div>\n\t\t\t<\/div>\n\t\t\t\t\t<\/div>\n\t\t\t<\/div>\n<\/div>\n<script type=\"text\/javascript\">\n\n\tdocument.addEventListener(\"DOMContentLoaded\", function() {\n\t\t$('#isabena-route-slider-69d9308f6815f .isabena-route-slider__route__list').slick({\n\t\t\tinfinite      : true,\n\t\t\tvariableWidth : false,\n\t\t\tslidesToShow  : 2,\n\t\t\tslidesToScroll: 1,\n\t\t\tresponsive :[\n\t\t\t\t{\n\t\t\t\t\tbreakpoint:768,\n\t\t\t\t\tsettings:{\n\t\t\t\t\t\tslidesToShow  : 1,\n\t\t\t\t\t}\n\t\t\t\t}\n\t\t\t]\n\t\t});\n\t});\n<\/script>\n\n\n<section class=\"blq-banner-img-txt banner-inverse banner-verde \" >\n\t<div class=\"container\">\n\t\t<div class=\"img gs_reveal gs_reveal_fromLeft\">\n\t\t\t\n\t\t\t\t\t\t<img decoding=\"async\" width=\"591\" height=\"525\" src=\"https:\/\/www.isabena.eu\/wp-content\/uploads\/2023\/06\/im-mt2.svg\" class=\"front\" alt=\"\" \/>\t\t\t\t\t\t\t<img decoding=\"async\" width=\"593\" height=\"525\" src=\"https:\/\/www.isabena.eu\/wp-content\/uploads\/2023\/06\/im-mt1.svg\" class=\"back\" alt=\"\" \/>\t\t\t\t\t<\/div>\n\t\t<div class=\"txt gs_reveal gs_reveal_fromRight\">\n\t\t\t<div class='bx'>\n\t\t\t\t<h2 class=\"title\">W\u00e4hlen Sie Camping &#038; Bungalowpark Is\u00e1bena als Ihre Unterkunft w\u00e4hrend Ihrer Motorradtouren<\/h2>\n\t\t\t\t<div class=\"content\"><p>Entdecken Sie die Sch\u00f6nheit der spanischen Pyren\u00e4en und leben Sie Ihre Leidenschaft f\u00fcr das Motorradfahren wie nie zuvor von Ihrem Motorrad Hotel in den Pyren\u00e4en, Ihrer Referenzunterkunft auf Ihren Motorradtouren.<\/p>\n<\/div>\n\t\t\t\t\t\t\t\t\t<div class=\"btn-link\">\n\t\t\t\t\t\t\t\t\t\t\t\t<a href=\"https:\/\/www.isabena.eu\/de\/\" class=''>Mehr Informationen<\/a>\n\t\t\t\t\t<\/div>\n\t\t\t\t\t\t\t<\/div>\n\t\t<\/div>\n\t<\/div>\n<\/section>\n","protected":false},"excerpt":{"rendered":"","protected":false},"author":2,"featured_media":0,"parent":0,"menu_order":0,"comment_status":"closed","ping_status":"closed","template":"tpl-landing.php","meta":{"_acf_changed":false,"_joinchat":[],"footnotes":""},"class_list":["post-12190","page","type-page","status-publish","hentry"],"acf":[],"yoast_head":"<!-- This site is optimized with the Yoast SEO plugin v24.7 - https:\/\/yoast.com\/wordpress\/plugins\/seo\/ -->\n<title>Unterk\u00fcnfte Pyren\u00e4en mit Motorrad - Camping Is\u00e1bena<\/title>\n<meta name=\"description\" content=\"Der Bungalowpark Is\u00e1bena ist das Ziel schlechthin f\u00fcr Motorradfans und all jene, die eine Unterkunft suchen, um ihre Touren auf zwei R\u00e4dern zu genie\u00dfen.\" \/>\n<meta name=\"robots\" content=\"index, follow, max-snippet:-1, max-image-preview:large, max-video-preview:-1\" \/>\n<link rel=\"canonical\" href=\"https:\/\/www.isabena.eu\/de\/unterkunfte-pyrenaen-mit-motorrad\/\" \/>\n<meta property=\"og:locale\" content=\"de_DE\" \/>\n<meta property=\"og:type\" content=\"article\" \/>\n<meta property=\"og:title\" content=\"Unterk\u00fcnfte Pyren\u00e4en mit Motorrad - Camping Is\u00e1bena\" \/>\n<meta property=\"og:description\" content=\"Der Bungalowpark Is\u00e1bena ist das Ziel schlechthin f\u00fcr Motorradfans und all jene, die eine Unterkunft suchen, um ihre Touren auf zwei R\u00e4dern zu genie\u00dfen.\" \/>\n<meta property=\"og:url\" content=\"https:\/\/www.isabena.eu\/de\/unterkunfte-pyrenaen-mit-motorrad\/\" \/>\n<meta property=\"og:site_name\" content=\"Camping Is\u00e1bena\" \/>\n<meta property=\"article:publisher\" content=\"https:\/\/www.facebook.com\/Campingbungalparkisabena\" \/>\n<meta property=\"article:modified_time\" content=\"2024-05-28T13:16:37+00:00\" \/>\n<meta name=\"twitter:card\" content=\"summary_large_image\" \/>\n<meta name=\"twitter:site\" content=\"@CampingIsbena\" \/>\n<!-- \/ Yoast SEO plugin. -->","yoast_head_json":{"title":"Unterk\u00fcnfte Pyren\u00e4en mit Motorrad - Camping Is\u00e1bena","description":"Der Bungalowpark Is\u00e1bena ist das Ziel schlechthin f\u00fcr Motorradfans und all jene, die eine Unterkunft suchen, um ihre Touren auf zwei R\u00e4dern zu genie\u00dfen.","robots":{"index":"index","follow":"follow","max-snippet":"max-snippet:-1","max-image-preview":"max-image-preview:large","max-video-preview":"max-video-preview:-1"},"canonical":"https:\/\/www.isabena.eu\/de\/unterkunfte-pyrenaen-mit-motorrad\/","og_locale":"de_DE","og_type":"article","og_title":"Unterk\u00fcnfte Pyren\u00e4en mit Motorrad - Camping Is\u00e1bena","og_description":"Der Bungalowpark Is\u00e1bena ist das Ziel schlechthin f\u00fcr Motorradfans und all jene, die eine Unterkunft suchen, um ihre Touren auf zwei R\u00e4dern zu genie\u00dfen.","og_url":"https:\/\/www.isabena.eu\/de\/unterkunfte-pyrenaen-mit-motorrad\/","og_site_name":"Camping Is\u00e1bena","article_publisher":"https:\/\/www.facebook.com\/Campingbungalparkisabena","article_modified_time":"2024-05-28T13:16:37+00:00","twitter_card":"summary_large_image","twitter_site":"@CampingIsbena","schema":{"@context":"https:\/\/schema.org","@graph":[{"@type":"WebPage","@id":"https:\/\/www.isabena.eu\/de\/unterkunfte-pyrenaen-mit-motorrad\/","url":"https:\/\/www.isabena.eu\/de\/unterkunfte-pyrenaen-mit-motorrad\/","name":"Unterk\u00fcnfte Pyren\u00e4en mit Motorrad - Camping Is\u00e1bena","isPartOf":{"@id":"https:\/\/www.isabena.eu\/de\/#website"},"datePublished":"2024-04-10T04:26:25+00:00","dateModified":"2024-05-28T13:16:37+00:00","description":"Der Bungalowpark Is\u00e1bena ist das Ziel schlechthin f\u00fcr Motorradfans und all jene, die eine Unterkunft suchen, um ihre Touren auf zwei R\u00e4dern zu genie\u00dfen.","breadcrumb":{"@id":"https:\/\/www.isabena.eu\/de\/unterkunfte-pyrenaen-mit-motorrad\/#breadcrumb"},"inLanguage":"de","potentialAction":[{"@type":"ReadAction","target":["https:\/\/www.isabena.eu\/de\/unterkunfte-pyrenaen-mit-motorrad\/"]}]},{"@type":"BreadcrumbList","@id":"https:\/\/www.isabena.eu\/de\/unterkunfte-pyrenaen-mit-motorrad\/#breadcrumb","itemListElement":[{"@type":"ListItem","position":1,"name":"Home","item":"https:\/\/www.isabena.eu\/de\/"},{"@type":"ListItem","position":2,"name":"Landing Unterk\u00fcnfte Pyren\u00e4en mit Motorrad"}]},{"@type":"WebSite","@id":"https:\/\/www.isabena.eu\/de\/#website","url":"https:\/\/www.isabena.eu\/de\/","name":"Camping Is\u00e1bena","description":"Bienvenidos al Camping &amp; Bungalowpark Is\u00e1bena en La Puebla de Roda, en el sur de los Pirineos Centrales. Un camping acogedor con miles de actividades disponibles.","publisher":{"@id":"https:\/\/www.isabena.eu\/de\/#organization"},"alternateName":"Camping Is\u00e1bena","potentialAction":[{"@type":"SearchAction","target":{"@type":"EntryPoint","urlTemplate":"https:\/\/www.isabena.eu\/de\/?s={search_term_string}"},"query-input":{"@type":"PropertyValueSpecification","valueRequired":true,"valueName":"search_term_string"}}],"inLanguage":"de"},{"@type":"Organization","@id":"https:\/\/www.isabena.eu\/de\/#organization","name":"Camping Is\u00e1bena","alternateName":"Camping Is\u00e1bena","url":"https:\/\/www.isabena.eu\/de\/","logo":{"@type":"ImageObject","inLanguage":"de","@id":"https:\/\/www.isabena.eu\/de\/#\/schema\/logo\/image\/","url":"https:\/\/www.isabena.eu\/wp-content\/uploads\/2023\/06\/Logo-Color-cuadrado.png","contentUrl":"https:\/\/www.isabena.eu\/wp-content\/uploads\/2023\/06\/Logo-Color-cuadrado.png","width":314,"height":314,"caption":"Camping Is\u00e1bena"},"image":{"@id":"https:\/\/www.isabena.eu\/de\/#\/schema\/logo\/image\/"},"sameAs":["https:\/\/www.facebook.com\/Campingbungalparkisabena","https:\/\/x.com\/CampingIsbena","https:\/\/www.instagram.com\/camping_bungalowpark_isabena\/","https:\/\/www.youtube.com\/user\/CampingIsabena"]}]}},"_links":{"self":[{"href":"https:\/\/www.isabena.eu\/de\/wp-json\/wp\/v2\/pages\/12190","targetHints":{"allow":["GET"]}}],"collection":[{"href":"https:\/\/www.isabena.eu\/de\/wp-json\/wp\/v2\/pages"}],"about":[{"href":"https:\/\/www.isabena.eu\/de\/wp-json\/wp\/v2\/types\/page"}],"author":[{"embeddable":true,"href":"https:\/\/www.isabena.eu\/de\/wp-json\/wp\/v2\/users\/2"}],"replies":[{"embeddable":true,"href":"https:\/\/www.isabena.eu\/de\/wp-json\/wp\/v2\/comments?post=12190"}],"version-history":[{"count":3,"href":"https:\/\/www.isabena.eu\/de\/wp-json\/wp\/v2\/pages\/12190\/revisions"}],"predecessor-version":[{"id":12220,"href":"https:\/\/www.isabena.eu\/de\/wp-json\/wp\/v2\/pages\/12190\/revisions\/12220"}],"wp:attachment":[{"href":"https:\/\/www.isabena.eu\/de\/wp-json\/wp\/v2\/media?parent=12190"}],"curies":[{"name":"wp","href":"https:\/\/api.w.org\/{rel}","templated":true}]}}