{"id":12184,"date":"2024-04-10T06:25:24","date_gmt":"2024-04-10T04:25:24","guid":{"rendered":"https:\/\/www.isabena.eu\/alojamiento-en-el-pirineo-aragones\/"},"modified":"2024-05-14T15:19:06","modified_gmt":"2024-05-14T13:19:06","slug":"ferienhaus-in-den-pyrenaen","status":"publish","type":"page","link":"https:\/\/www.isabena.eu\/de\/ferienhaus-in-den-pyrenaen\/","title":{"rendered":"Landing Ferienhaus in den Pyren\u00e4en"},"content":{"rendered":"<section class=\"blq-banner-carousel\">\n\t<div class=\"bg with-overlay\">\n\t\t\t\t\t\t\t\t\t\t\t\t\t\t<figure>\n\t\t\t\t\t\t<img decoding=\"async\" src=\"https:\/\/www.isabena.eu\/wp-content\/uploads\/2023\/07\/2305.00699-M.jpg\" alt=\" \"  \/>\n\t\t\t\t\t<\/figure>\n\t\t\t\t\t\t\t\t\t\t<\/div>\n\t\t\t<div class=\"box-content\">\n\t\t<div class=\"container\">\n\t\t\t\t\t\t\t<h1>Ferienhaus in den Pyren\u00e4en<\/h1>\n\t\t\t\t\t\t\t\t\t<div class='content'><p><strong>Willkommen auf dem Campingplatz Is\u00e1bena, der besten Unterkunft in den spanischen Pyren\u00e4en<\/strong><\/p>\n<\/div>\n\t\t\t\t\t\t\t\t\t\t\t\t\t<\/div>\n\t<\/div>\n\t<\/section>\n\n\n<section class=\"blq-banner-img-txt   \" >\n\t<div class=\"container\">\n\t\t<div class=\"img gs_reveal gs_reveal_fromRight\">\n\t\t\t\n\t\t\t\t\t\t<img decoding=\"async\" width=\"1024\" height=\"683\" src=\"https:\/\/www.isabena.eu\/wp-content\/uploads\/2023\/06\/2305.00737-XL.jpg\" class=\"front\" alt=\"\" srcset=\"https:\/\/www.isabena.eu\/wp-content\/uploads\/2023\/06\/2305.00737-XL.jpg 1024w, https:\/\/www.isabena.eu\/wp-content\/uploads\/2023\/06\/2305.00737-XL-300x200.jpg 300w, https:\/\/www.isabena.eu\/wp-content\/uploads\/2023\/06\/2305.00737-XL-768x512.jpg 768w\" sizes=\"(max-width: 1024px) 100vw, 1024px\" \/>\t\t\t\t\t\t\t<img decoding=\"async\" width=\"2560\" height=\"1279\" src=\"https:\/\/www.isabena.eu\/wp-content\/uploads\/2023\/06\/AP1W3549-scaled.jpg\" class=\"back\" alt=\"Bungalows Pirineo Aragon\u00e9s\" srcset=\"https:\/\/www.isabena.eu\/wp-content\/uploads\/2023\/06\/AP1W3549-scaled.jpg 2560w, https:\/\/www.isabena.eu\/wp-content\/uploads\/2023\/06\/AP1W3549-300x150.jpg 300w, https:\/\/www.isabena.eu\/wp-content\/uploads\/2023\/06\/AP1W3549-1024x512.jpg 1024w, https:\/\/www.isabena.eu\/wp-content\/uploads\/2023\/06\/AP1W3549-768x384.jpg 768w, https:\/\/www.isabena.eu\/wp-content\/uploads\/2023\/06\/AP1W3549-1536x768.jpg 1536w, https:\/\/www.isabena.eu\/wp-content\/uploads\/2023\/06\/AP1W3549-2048x1024.jpg 2048w\" sizes=\"(max-width: 2560px) 100vw, 2560px\" \/>\t\t\t\t\t<\/div>\n\t\t<div class=\"txt gs_reveal gs_reveal_fromLeft\">\n\t\t\t<div class='bx'>\n\t\t\t\t<h2 class=\"title\">Camping &#038; Bungalowpark Is\u00e1bena<\/h2>\n\t\t\t\t<div class=\"content\"><p>M\u00f6chten Sie in die Natur eintauchen, ohne auf Komfort und Gastfreundschaft zu verzichten? Auf Camping Is\u00e1bena versprechen wir Ihnen ein einzigartiges Unterkunftserlebnis.<\/p>\n<p>Unser Campingplatz ist das perfekte Reiseziel f\u00fcr Familien, Paare und Gruppen von Freunden, die die nat\u00fcrliche Sch\u00f6nheit Aragoniens erkunden m\u00f6chten. Und ja, auch Ihre pelzigen Freunde sind herzlich willkommen!<\/p>\n<\/div>\n\t\t\t\t\t\t\t\t\t<div class=\"btn-link\">\n\t\t\t\t\t\t\t\t\t\t\t\t<a href=\"https:\/\/bookingpremium.secureholiday.net\/de\/5221\/search\/product-list?searchType=exact&#038;productType=all&#038;filterStatus=showPeriod\" class=''>Reservante<\/a>\n\t\t\t\t\t<\/div>\n\t\t\t\t\t\t\t<\/div>\n\t\t<\/div>\n\t<\/div>\n<\/section>\n\n\n<div\n\tclass=\"isabena-ordered-columns wp-block-isabena-ordered-columns\">\n\t<div class=\"container\">\n\t\t<div class=\"isabena-ordered-columns__list\">\n\t\t\t\t\t<div class=\"isabena-ordered-columns__item\">\n\t\t\t\t<h2 class=\"isabena-ordered-columns__item__title\">\n\t\t\t\t\t<strong>01.<\/strong>\n\t\t\t\t\tBungalows und Mobilheime\t\t\t\t<\/h2>\n\t\t\t\t<div class=\"isabena-ordered-columns__item__description\">\n\t\t\t\t\tHolzbungalows mit einer Kapazit\u00e4t f\u00fcr bis zu sechs Personen. Mobilheime f\u00fcr vier Abenteurer.\t\t\t\t<\/div>\n\t\t\t<\/div>\n\t\t\t\t\t\t<div class=\"isabena-ordered-columns__item\">\n\t\t\t\t<h2 class=\"isabena-ordered-columns__item__title\">\n\t\t\t\t\t<strong>02.<\/strong>\n\t\t\t\t\tHolzh\u00fctten\t\t\t\t<\/h2>\n\t\t\t\t<div class=\"isabena-ordered-columns__item__description\">\n\t\t\t\t\tLiegt in einer der ruhigsten Gegenden des Campingplatzes und bietet einen spektakul\u00e4ren Blick auf die Berge.\t\t\t\t<\/div>\n\t\t\t<\/div>\n\t\t\t\t\t\t<div class=\"isabena-ordered-columns__item\">\n\t\t\t\t<h2 class=\"isabena-ordered-columns__item__title\">\n\t\t\t\t\t<strong>03.<\/strong>\n\t\t\t\t\tCampingpl\u00e4tze\t\t\t\t<\/h2>\n\t\t\t\t<div class=\"isabena-ordered-columns__item__description\">\n\t\t\t\t\tInsgesamt 85 grasbewachsene Parzellen, die zwischen 80 und 100 Quadratmeter gro\u00df sind und \u00fcber eine elektrische Leistung von 6 Ampere verf\u00fcgen.\t\t\t\t<\/div>\n\t\t\t<\/div>\n\t\t\t\t\t<\/div>\n\t<\/div>\n<\/div>\n\t\n\n<section class=\"blq-banner-img-txt   banner-with-container-image60\" >\n\t<div class=\"container\">\n\t\t<div class=\"img gs_reveal gs_reveal_fromRight\">\n\t\t\t\n\t\t\t\t\t\t<img decoding=\"async\" width=\"13967\" height=\"7311\" src=\"https:\/\/www.isabena.eu\/wp-content\/uploads\/2023\/07\/2305.00675-Pano-Editar.jpg\" class=\"\" alt=\"Descubre qu\u00e9 incluyen los bungalows y caba\u00f1as de madera del Camping Is\u00e1bena en el Pirineo Aragon\u00e9s. \u00a1Naturaleza, confort y aventura te esperan este verano! Discover what&#039;s included in the bungalows and wooden cabins at Camping Is\u00e1bena in the Spanish Pyrenees. Nature, comfort, and adventure await you this summer! D\u00e9couvrez les prestations des bungalows et cabanes en bois du Camping Is\u00e1bena, dans les Pyr\u00e9n\u00e9es espagnoles. Nature, confort et aventure vous attendent cet \u00e9t\u00e9\u00a0! Entdecken Sie, was in den Bungalows und Holzh\u00fctten auf dem Campingplatz Is\u00e1bena in den spanischen Pyren\u00e4en enthalten ist. Natur, Komfort und Abenteuer erwarten Sie diesen Sommer! Ontdek wat er allemaal is inbegrepen in de bungalows en houten hutten op Camping Is\u00e1bena in de Spaanse Pyrenee\u00ebn. Natuur, comfort en avontuur wachten op u deze zomer!\" \/>\t\t\t\t\t<\/div>\n\t\t<div class=\"txt gs_reveal gs_reveal_fromLeft\">\n\t\t\t<div class='bx'>\n\t\t\t\t<h2 class=\"title\">Unterk\u00fcnfte in den spanischen Pyren\u00e4en f\u00fcr jeden Geschmack<\/h2>\n\t\t\t\t<div class=\"content\"><p>Wir verstehen, dass jeder Besucher seine eigenen Bed\u00fcrfnisse und Vorlieben hat. Daher bieten wir Ihnen vielf\u00e4ltige Unterkunftsm\u00f6glichkeiten an. Sie alle garantieren maximalen Komfort in einer unvergleichlichen nat\u00fcrlichen Umgebung.<\/p>\n<\/div>\n\t\t\t\t\t\t\t\t\t<div class=\"btn-link\">\n\t\t\t\t\t\t\t\t\t\t\t\t<a href=\"https:\/\/www.isabena.eu\/de\/unterkunft\/\" class=''>Entdecken Sie Unterk\u00fcnfte<\/a>\n\t\t\t\t\t<\/div>\n\t\t\t\t\t\t\t<\/div>\n\t\t<\/div>\n\t<\/div>\n<\/section>\n\n\n<div\n\tclass=\"isabena-route-slider wp-block-isabena-route-slider\" id=\"isabena-route-slider-69e5f8e4a7542\">\n\t<div class=\"container\">\n\t\t<h2 class=\"isabena-route-slider__title\">Eine Welt voller Abenteuer und Spa\u00df<\/h2>\n\t\t<h4 class=\"isabena-route-slider__subtitle\">Aktivit\u00e4ten f\u00fcr alle Familienmitglieder<\/h4>\n\n\t\t\t\t<div class=\"isabena-route-slider__route__list\">\n\t\t\t\t\t\t<div class=\"isabena-route-slider__route__item\">\n\t\t\t\t<div class=\"isabena-route-slider__route__media\">\n\t\t\t\t\t<img decoding=\"async\" width=\"680\" height=\"454\" src=\"https:\/\/www.isabena.eu\/wp-content\/uploads\/2024\/04\/camping-con-ninos-5-1024x683.jpg\" class=\"isabena-route-slider__route__image\" alt=\"camping con ni\u00f1os\" srcset=\"https:\/\/www.isabena.eu\/wp-content\/uploads\/2024\/04\/camping-con-ninos-5-1024x683.jpg 1024w, https:\/\/www.isabena.eu\/wp-content\/uploads\/2024\/04\/camping-con-ninos-5-300x200.jpg 300w, https:\/\/www.isabena.eu\/wp-content\/uploads\/2024\/04\/camping-con-ninos-5-768x512.jpg 768w, https:\/\/www.isabena.eu\/wp-content\/uploads\/2024\/04\/camping-con-ninos-5-1536x1024.jpg 1536w, https:\/\/www.isabena.eu\/wp-content\/uploads\/2024\/04\/camping-con-ninos-5.jpg 1920w\" sizes=\"(max-width: 680px) 100vw, 680px\" \/>\t\t\t\t<\/div>\n\t\t\t\t<div class=\"isabena-route-slider__route__content\">\n\t\t\t\t\t<h3 class=\"isabena-route-slider__route__title\">\n\t\t\t\t\t\tAktivit\u00e4ten, die Ihren Aufenthalt bereichern\t\t\t\t\t<\/h3>\n\t\t\t\t\t<div class=\"isabena-route-slider__route__description\">\n\t\t\t\t\t\t<p>Im Camping Is\u00e1bena haben wir nicht nur auf die Unterkunft geachtet, sondern stellen Ihnen auch eine Reihe von Abenteuer und Spa\u00df zur Verf\u00fcgung. Wir organisieren eine breite Palette von Aktivit\u00e4ten f\u00fcr alle Familienmitglieder.<\/p>\n<p>Die Kleinen k\u00f6nnen in einer sicheren und anregenden Umgebung spielen, lernen und Kontakte kn\u00fcpfen, w\u00e4hrend die Erwachsenen Wanderwege erkunden, die sich durch die spanischen Pyren\u00e4en schl\u00e4ngeln.<\/p>\n<p>F\u00fcr Abenteuerlustige sind auch Wassersportarten wie Kajakfahren eine Option.<\/p>\n<p>Wenn Sie eine Leidenschaft f\u00fcr das Motorradfahren haben, bieten wir Ihnen Motorradtouren an, die Sie zu den beeindruckendsten Landschaften der Region f\u00fchren.<\/p>\n\t\t\t\t\t<\/div>\n\n\t\t\t\t\t\t\t\t\t<\/div>\n\t\t\t<\/div>\n\t\t\t\t\t\t<div class=\"isabena-route-slider__route__item\">\n\t\t\t\t<div class=\"isabena-route-slider__route__media\">\n\t\t\t\t\t<img decoding=\"async\" width=\"680\" height=\"507\" src=\"https:\/\/www.isabena.eu\/wp-content\/uploads\/2023\/12\/Gastronomia-Aragon-1024x764.jpg\" class=\"isabena-route-slider__route__image\" alt=\"Comer ruta moto Huesca\" srcset=\"https:\/\/www.isabena.eu\/wp-content\/uploads\/2023\/12\/Gastronomia-Aragon-1024x764.jpg 1024w, https:\/\/www.isabena.eu\/wp-content\/uploads\/2023\/12\/Gastronomia-Aragon-300x224.jpg 300w, https:\/\/www.isabena.eu\/wp-content\/uploads\/2023\/12\/Gastronomia-Aragon-768x573.jpg 768w, https:\/\/www.isabena.eu\/wp-content\/uploads\/2023\/12\/Gastronomia-Aragon-1536x1146.jpg 1536w, https:\/\/www.isabena.eu\/wp-content\/uploads\/2023\/12\/Gastronomia-Aragon.jpg 1600w\" sizes=\"(max-width: 680px) 100vw, 680px\" \/>\t\t\t\t<\/div>\n\t\t\t\t<div class=\"isabena-route-slider__route__content\">\n\t\t\t\t\t<h3 class=\"isabena-route-slider__route__title\">\n\t\t\t\t\t\tGastronomie und Entspannung w\u00e4hrend Ihrer Unterkunft in den Pyren\u00e4en\t\t\t\t\t<\/h3>\n\t\t\t\t\t<div class=\"isabena-route-slider__route__description\">\n\t\t\t\t\t\t<p>Unsere Bar und unser Restaurant erwarten Sie nach einem Tag voller Emotionen. Wir bieten Ihnen eine Auswahl an regionalen und internationalen Gerichten, die Ihren Gaumen erfreuen werden.<\/p>\n<p>Dar\u00fcber hinaus k\u00f6nnen Sie w\u00e4hrend Ihres Aufenthaltes in unserem Pool oder im Spa- und Massagebereich Momente purer Entspannung genie\u00dfen. Perfekt, um neue Energie zu tanken und sich ein wenig zu verw\u00f6hnen.<\/p>\n\t\t\t\t\t<\/div>\n\n\t\t\t\t\t\t\t\t\t<\/div>\n\t\t\t<\/div>\n\t\t\t\t\t\t<div class=\"isabena-route-slider__route__item\">\n\t\t\t\t<div class=\"isabena-route-slider__route__media\">\n\t\t\t\t\t<img decoding=\"async\" width=\"680\" height=\"452\" src=\"https:\/\/www.isabena.eu\/wp-content\/uploads\/2024\/01\/Bungalows-Pirineo-Aragones-1024x681.jpg\" class=\"isabena-route-slider__route__image\" alt=\"Bungalows Pirineo Aragon\u00e9s\" srcset=\"https:\/\/www.isabena.eu\/wp-content\/uploads\/2024\/01\/Bungalows-Pirineo-Aragones-1024x681.jpg 1024w, https:\/\/www.isabena.eu\/wp-content\/uploads\/2024\/01\/Bungalows-Pirineo-Aragones-300x200.jpg 300w, https:\/\/www.isabena.eu\/wp-content\/uploads\/2024\/01\/Bungalows-Pirineo-Aragones-768x511.jpg 768w, https:\/\/www.isabena.eu\/wp-content\/uploads\/2024\/01\/Bungalows-Pirineo-Aragones-1536x1022.jpg 1536w, https:\/\/www.isabena.eu\/wp-content\/uploads\/2024\/01\/Bungalows-Pirineo-Aragones.jpg 1920w\" sizes=\"(max-width: 680px) 100vw, 680px\" \/>\t\t\t\t<\/div>\n\t\t\t\t<div class=\"isabena-route-slider__route__content\">\n\t\t\t\t\t<h3 class=\"isabena-route-slider__route__title\">\n\t\t\t\t\t\tUrlaub mit Hund\t\t\t\t\t<\/h3>\n\t\t\t\t\t<div class=\"isabena-route-slider__route__description\">\n\t\t\t\t\t\t<p>Wir verstehen, dass Hunde zur Familie geh\u00f6ren und auf Camping Is\u00e1bena herzlich willkommen sind.<\/p>\n<p>Mit Einrichtungen, die auf das Wohlbefinden Ihrer vierbeinigen Begleiter ausgelegt sind, sorgen wir in unserer Ferienanlage in den spanischen Pyren\u00e4en daf\u00fcr, dass Ihr Erlebnis auch f\u00fcr Sie perfekt wird.<\/p>\n\t\t\t\t\t<\/div>\n\n\t\t\t\t\t\t\t\t\t<\/div>\n\t\t\t<\/div>\n\t\t\t\t\t<\/div>\n\t\t\t<\/div>\n<\/div>\n<script type=\"text\/javascript\">\n\n\tdocument.addEventListener(\"DOMContentLoaded\", function() {\n\t\t$('#isabena-route-slider-69e5f8e4a7542 .isabena-route-slider__route__list').slick({\n\t\t\tinfinite      : true,\n\t\t\tvariableWidth : false,\n\t\t\tslidesToShow  : 2,\n\t\t\tslidesToScroll: 1,\n\t\t\tresponsive :[\n\t\t\t\t{\n\t\t\t\t\tbreakpoint:768,\n\t\t\t\t\tsettings:{\n\t\t\t\t\t\tslidesToShow  : 1,\n\t\t\t\t\t}\n\t\t\t\t}\n\t\t\t]\n\t\t});\n\t});\n<\/script>\n\n\n<section class=\"blq-banner-img-txt banner-inverse banner-verde \" >\n\t<div class=\"container\">\n\t\t<div class=\"img gs_reveal gs_reveal_fromLeft\">\n\t\t\t\n\t\t\t\t\t\t<img decoding=\"async\" width=\"2560\" height=\"1707\" src=\"https:\/\/www.isabena.eu\/wp-content\/uploads\/2023\/07\/Foto-valle-scaled.jpg\" class=\"front\" alt=\"Imagen de los picos de los pirineos vistos desde el Camping Is\u00e1bena en los pirineos aragoneses. Afbeelding van de toppen van de Pyrenee\u00ebn, gezien vanaf de camping Is\u00e1bena in de Aragonese Pyrenee\u00ebn. Bild der Gipfel der Pyren\u00e4en vom Campingplatz Is\u00e1bena in den aragonesischen Pyren\u00e4en aus gesehen. Image of the peaks of the Pyrenees seen from the Is\u00e1bena Campsite in the Aragonese Pyrenees. Image des sommets des Pyr\u00e9n\u00e9es vus depuis le camping d&#039;Is\u00e1bena dans les Pyr\u00e9n\u00e9es aragonaises.\" srcset=\"https:\/\/www.isabena.eu\/wp-content\/uploads\/2023\/07\/Foto-valle-scaled.jpg 2560w, https:\/\/www.isabena.eu\/wp-content\/uploads\/2023\/07\/Foto-valle-300x200.jpg 300w, https:\/\/www.isabena.eu\/wp-content\/uploads\/2023\/07\/Foto-valle-1024x683.jpg 1024w, https:\/\/www.isabena.eu\/wp-content\/uploads\/2023\/07\/Foto-valle-768x512.jpg 768w, https:\/\/www.isabena.eu\/wp-content\/uploads\/2023\/07\/Foto-valle-1536x1024.jpg 1536w, https:\/\/www.isabena.eu\/wp-content\/uploads\/2023\/07\/Foto-valle-2048x1365.jpg 2048w, https:\/\/www.isabena.eu\/wp-content\/uploads\/2023\/07\/Foto-valle-1965x1310.jpg 1965w\" sizes=\"(max-width: 2560px) 100vw, 2560px\" \/>\t\t\t\t\t\t\t<img decoding=\"async\" width=\"2560\" height=\"1708\" src=\"https:\/\/www.isabena.eu\/wp-content\/uploads\/2023\/07\/2305.007591-scaled.jpg\" class=\"back\" alt=\"Foto de bungalows acogedores y r\u00fasticos de Camping Is\u00e1bena en el Pirineo aragon\u00e9s. Perfectos para escapadas en familia en plena naturaleza.\" srcset=\"https:\/\/www.isabena.eu\/wp-content\/uploads\/2023\/07\/2305.007591-scaled.jpg 2560w, https:\/\/www.isabena.eu\/wp-content\/uploads\/2023\/07\/2305.007591-300x200.jpg 300w, https:\/\/www.isabena.eu\/wp-content\/uploads\/2023\/07\/2305.007591-1024x683.jpg 1024w, https:\/\/www.isabena.eu\/wp-content\/uploads\/2023\/07\/2305.007591-768x512.jpg 768w, https:\/\/www.isabena.eu\/wp-content\/uploads\/2023\/07\/2305.007591-1536x1025.jpg 1536w, https:\/\/www.isabena.eu\/wp-content\/uploads\/2023\/07\/2305.007591-2048x1366.jpg 2048w, https:\/\/www.isabena.eu\/wp-content\/uploads\/2023\/07\/2305.007591-1964x1310.jpg 1964w\" sizes=\"(max-width: 2560px) 100vw, 2560px\" \/>\t\t\t\t\t<\/div>\n\t\t<div class=\"txt gs_reveal gs_reveal_fromRight\">\n\t\t\t<div class='bx'>\n\t\t\t\t<h2 class=\"title\">W\u00e4hlen Sie Camping Is\u00e1bena f\u00fcr Ihr n\u00e4chstes Abenteuer<\/h2>\n\t\t\t\t<div class=\"content\"><p>Unser Campingplatz ist nicht nur eine Unterkunft in den spanischen Pyren\u00e4en, es ist ein Reiseziel, an dem sich Natur, Komfort und Spa\u00df vereinen, um Ihnen ein unvergleichliches Erlebnis zu bieten.<\/p>\n<p>Kommen Sie und erleben Sie den Zauber der Pyren\u00e4en auf dem Campingplatz Is\u00e1bena, wo jedes Detail auf Ihre Bequemlichkeit und Ihren Komfort ausgelegt ist!<\/p>\n<\/div>\n\t\t\t\t\t\t\t\t\t<div class=\"btn-link\">\n\t\t\t\t\t\t\t\t\t\t\t\t<a href=\"https:\/\/www.isabena.eu\/de\/\" class=''>Mehr Informationen<\/a>\n\t\t\t\t\t<\/div>\n\t\t\t\t\t\t\t<\/div>\n\t\t<\/div>\n\t<\/div>\n<\/section>\n","protected":false},"excerpt":{"rendered":"","protected":false},"author":2,"featured_media":0,"parent":0,"menu_order":0,"comment_status":"closed","ping_status":"closed","template":"tpl-landing.php","meta":{"_acf_changed":false,"_joinchat":[],"footnotes":""},"class_list":["post-12184","page","type-page","status-publish","hentry"],"acf":[],"yoast_head":"<!-- This site is optimized with the Yoast SEO plugin v24.7 - https:\/\/yoast.com\/wordpress\/plugins\/seo\/ -->\n<title>Ferienhaus in den Pyren\u00e4en - Camping Is\u00e1bena<\/title>\n<meta name=\"description\" content=\"M\u00f6chten Sie in die Natur eintauchen, ohne auf Komfort und Gastfreundschaft zu verzichten? Auf Camping Is\u00e1bena versprechen wir Ihnen ein einzigartiges Unterkunftserlebnis.\" \/>\n<meta name=\"robots\" content=\"index, follow, max-snippet:-1, max-image-preview:large, max-video-preview:-1\" \/>\n<link rel=\"canonical\" href=\"https:\/\/www.isabena.eu\/de\/ferienhaus-in-den-pyrenaen\/\" \/>\n<meta property=\"og:locale\" content=\"de_DE\" \/>\n<meta property=\"og:type\" content=\"article\" \/>\n<meta property=\"og:title\" content=\"Ferienhaus in den Pyren\u00e4en - Camping Is\u00e1bena\" \/>\n<meta property=\"og:description\" content=\"M\u00f6chten Sie in die Natur eintauchen, ohne auf Komfort und Gastfreundschaft zu verzichten? Auf Camping Is\u00e1bena versprechen wir Ihnen ein einzigartiges Unterkunftserlebnis.\" \/>\n<meta property=\"og:url\" content=\"https:\/\/www.isabena.eu\/de\/ferienhaus-in-den-pyrenaen\/\" \/>\n<meta property=\"og:site_name\" content=\"Camping Is\u00e1bena\" \/>\n<meta property=\"article:publisher\" content=\"https:\/\/www.facebook.com\/Campingbungalparkisabena\" \/>\n<meta property=\"article:modified_time\" content=\"2024-05-14T13:19:06+00:00\" \/>\n<meta name=\"twitter:card\" content=\"summary_large_image\" \/>\n<meta name=\"twitter:site\" content=\"@CampingIsbena\" \/>\n<!-- \/ Yoast SEO plugin. -->","yoast_head_json":{"title":"Ferienhaus in den Pyren\u00e4en - Camping Is\u00e1bena","description":"M\u00f6chten Sie in die Natur eintauchen, ohne auf Komfort und Gastfreundschaft zu verzichten? Auf Camping Is\u00e1bena versprechen wir Ihnen ein einzigartiges Unterkunftserlebnis.","robots":{"index":"index","follow":"follow","max-snippet":"max-snippet:-1","max-image-preview":"max-image-preview:large","max-video-preview":"max-video-preview:-1"},"canonical":"https:\/\/www.isabena.eu\/de\/ferienhaus-in-den-pyrenaen\/","og_locale":"de_DE","og_type":"article","og_title":"Ferienhaus in den Pyren\u00e4en - Camping Is\u00e1bena","og_description":"M\u00f6chten Sie in die Natur eintauchen, ohne auf Komfort und Gastfreundschaft zu verzichten? Auf Camping Is\u00e1bena versprechen wir Ihnen ein einzigartiges Unterkunftserlebnis.","og_url":"https:\/\/www.isabena.eu\/de\/ferienhaus-in-den-pyrenaen\/","og_site_name":"Camping Is\u00e1bena","article_publisher":"https:\/\/www.facebook.com\/Campingbungalparkisabena","article_modified_time":"2024-05-14T13:19:06+00:00","twitter_card":"summary_large_image","twitter_site":"@CampingIsbena","schema":{"@context":"https:\/\/schema.org","@graph":[{"@type":"WebPage","@id":"https:\/\/www.isabena.eu\/de\/ferienhaus-in-den-pyrenaen\/","url":"https:\/\/www.isabena.eu\/de\/ferienhaus-in-den-pyrenaen\/","name":"Ferienhaus in den Pyren\u00e4en - Camping Is\u00e1bena","isPartOf":{"@id":"https:\/\/www.isabena.eu\/de\/#website"},"datePublished":"2024-04-10T04:25:24+00:00","dateModified":"2024-05-14T13:19:06+00:00","description":"M\u00f6chten Sie in die Natur eintauchen, ohne auf Komfort und Gastfreundschaft zu verzichten? Auf Camping Is\u00e1bena versprechen wir Ihnen ein einzigartiges Unterkunftserlebnis.","breadcrumb":{"@id":"https:\/\/www.isabena.eu\/de\/ferienhaus-in-den-pyrenaen\/#breadcrumb"},"inLanguage":"de","potentialAction":[{"@type":"ReadAction","target":["https:\/\/www.isabena.eu\/de\/ferienhaus-in-den-pyrenaen\/"]}]},{"@type":"BreadcrumbList","@id":"https:\/\/www.isabena.eu\/de\/ferienhaus-in-den-pyrenaen\/#breadcrumb","itemListElement":[{"@type":"ListItem","position":1,"name":"Home","item":"https:\/\/www.isabena.eu\/de\/"},{"@type":"ListItem","position":2,"name":"Landing Ferienhaus in den Pyren\u00e4en"}]},{"@type":"WebSite","@id":"https:\/\/www.isabena.eu\/de\/#website","url":"https:\/\/www.isabena.eu\/de\/","name":"Camping Is\u00e1bena","description":"Bienvenidos al Camping &amp; Bungalowpark Is\u00e1bena en La Puebla de Roda, en el sur de los Pirineos Centrales. Un camping acogedor con miles de actividades disponibles.","publisher":{"@id":"https:\/\/www.isabena.eu\/de\/#organization"},"alternateName":"Camping Is\u00e1bena","potentialAction":[{"@type":"SearchAction","target":{"@type":"EntryPoint","urlTemplate":"https:\/\/www.isabena.eu\/de\/?s={search_term_string}"},"query-input":{"@type":"PropertyValueSpecification","valueRequired":true,"valueName":"search_term_string"}}],"inLanguage":"de"},{"@type":"Organization","@id":"https:\/\/www.isabena.eu\/de\/#organization","name":"Camping Is\u00e1bena","alternateName":"Camping Is\u00e1bena","url":"https:\/\/www.isabena.eu\/de\/","logo":{"@type":"ImageObject","inLanguage":"de","@id":"https:\/\/www.isabena.eu\/de\/#\/schema\/logo\/image\/","url":"https:\/\/www.isabena.eu\/wp-content\/uploads\/2023\/06\/Logo-Color-cuadrado.png","contentUrl":"https:\/\/www.isabena.eu\/wp-content\/uploads\/2023\/06\/Logo-Color-cuadrado.png","width":314,"height":314,"caption":"Camping Is\u00e1bena"},"image":{"@id":"https:\/\/www.isabena.eu\/de\/#\/schema\/logo\/image\/"},"sameAs":["https:\/\/www.facebook.com\/Campingbungalparkisabena","https:\/\/x.com\/CampingIsbena","https:\/\/www.instagram.com\/camping_bungalowpark_isabena\/","https:\/\/www.youtube.com\/user\/CampingIsabena"]}]}},"_links":{"self":[{"href":"https:\/\/www.isabena.eu\/de\/wp-json\/wp\/v2\/pages\/12184","targetHints":{"allow":["GET"]}}],"collection":[{"href":"https:\/\/www.isabena.eu\/de\/wp-json\/wp\/v2\/pages"}],"about":[{"href":"https:\/\/www.isabena.eu\/de\/wp-json\/wp\/v2\/types\/page"}],"author":[{"embeddable":true,"href":"https:\/\/www.isabena.eu\/de\/wp-json\/wp\/v2\/users\/2"}],"replies":[{"embeddable":true,"href":"https:\/\/www.isabena.eu\/de\/wp-json\/wp\/v2\/comments?post=12184"}],"version-history":[{"count":1,"href":"https:\/\/www.isabena.eu\/de\/wp-json\/wp\/v2\/pages\/12184\/revisions"}],"predecessor-version":[{"id":12186,"href":"https:\/\/www.isabena.eu\/de\/wp-json\/wp\/v2\/pages\/12184\/revisions\/12186"}],"wp:attachment":[{"href":"https:\/\/www.isabena.eu\/de\/wp-json\/wp\/v2\/media?parent=12184"}],"curies":[{"name":"wp","href":"https:\/\/api.w.org\/{rel}","templated":true}]}}