{"id":12181,"date":"2024-04-09T15:25:39","date_gmt":"2024-04-09T13:25:39","guid":{"rendered":"https:\/\/www.isabena.eu\/camping-en-aragon\/"},"modified":"2024-05-28T15:04:22","modified_gmt":"2024-05-28T13:04:22","slug":"camping-urlaub-pyrenaen","status":"publish","type":"page","link":"https:\/\/www.isabena.eu\/de\/camping-urlaub-pyrenaen\/","title":{"rendered":"Landing Camping Urlaub Pyren\u00e4en"},"content":{"rendered":"<section class=\"blq-banner-carousel\">\n\t<div class=\"bg with-overlay\">\n\t\t\t\t\t\t\t\t\t\t\t\t\t\t<figure>\n\t\t\t\t\t\t<img decoding=\"async\" src=\"https:\/\/www.isabena.eu\/wp-content\/uploads\/2023\/07\/2305.009361-scaled.jpg\" alt=\" \"  \/>\n\t\t\t\t\t<\/figure>\n\t\t\t\t\t\t\t\t\t\t<\/div>\n\t\t\t<div class=\"box-content\">\n\t\t<div class=\"container\">\n\t\t\t\t\t\t\t<h1>Camping Urlaub Pyren\u00e4en<\/h1>\n\t\t\t\t\t\t\t\t\t<div class='content'><p><strong>Ihr ideales Reiseziel im Herzen von Aragon<\/strong><\/p>\n<\/div>\n\t\t\t\t\t\t\t\t\t\t\t\t\t<\/div>\n\t<\/div>\n\t<\/section>\n\n\n<section class=\"blq-banner-img-txt   \" >\n\t<div class=\"container\">\n\t\t<div class=\"img gs_reveal gs_reveal_fromRight\">\n\t\t\t\n\t\t\t\t\t\t<img decoding=\"async\" width=\"1280\" height=\"854\" src=\"https:\/\/www.isabena.eu\/wp-content\/uploads\/2023\/06\/Holzhauschen-Sofa.jpg\" class=\"front\" alt=\"\" srcset=\"https:\/\/www.isabena.eu\/wp-content\/uploads\/2023\/06\/Holzhauschen-Sofa.jpg 1280w, https:\/\/www.isabena.eu\/wp-content\/uploads\/2023\/06\/Holzhauschen-Sofa-300x200.jpg 300w, https:\/\/www.isabena.eu\/wp-content\/uploads\/2023\/06\/Holzhauschen-Sofa-1024x683.jpg 1024w, https:\/\/www.isabena.eu\/wp-content\/uploads\/2023\/06\/Holzhauschen-Sofa-768x512.jpg 768w\" sizes=\"(max-width: 1280px) 100vw, 1280px\" \/>\t\t\t\t\t\t\t<img decoding=\"async\" width=\"2560\" height=\"1708\" src=\"https:\/\/www.isabena.eu\/wp-content\/uploads\/2023\/07\/2305.007591-scaled.jpg\" class=\"back\" alt=\"Foto de bungalows acogedores y r\u00fasticos de Camping Is\u00e1bena en el Pirineo aragon\u00e9s. Perfectos para escapadas en familia en plena naturaleza.\" srcset=\"https:\/\/www.isabena.eu\/wp-content\/uploads\/2023\/07\/2305.007591-scaled.jpg 2560w, https:\/\/www.isabena.eu\/wp-content\/uploads\/2023\/07\/2305.007591-300x200.jpg 300w, https:\/\/www.isabena.eu\/wp-content\/uploads\/2023\/07\/2305.007591-1024x683.jpg 1024w, https:\/\/www.isabena.eu\/wp-content\/uploads\/2023\/07\/2305.007591-768x512.jpg 768w, https:\/\/www.isabena.eu\/wp-content\/uploads\/2023\/07\/2305.007591-1536x1025.jpg 1536w, https:\/\/www.isabena.eu\/wp-content\/uploads\/2023\/07\/2305.007591-2048x1366.jpg 2048w, https:\/\/www.isabena.eu\/wp-content\/uploads\/2023\/07\/2305.007591-1964x1310.jpg 1964w\" sizes=\"(max-width: 2560px) 100vw, 2560px\" \/>\t\t\t\t\t<\/div>\n\t\t<div class=\"txt gs_reveal gs_reveal_fromLeft\">\n\t\t\t<div class='bx'>\n\t\t\t\t<h2 class=\"title\">Camping &#038; Bungalowpark Is\u00e1bena<\/h2>\n\t\t\t\t<div class=\"content\"><p>Umgeben von der unvergleichlichen Sch\u00f6nheit der Pyren\u00e4en liegt Camping Is\u00e1bena, ein Ort, an dem Natur, Abenteuer und Komfort verschmelzen, um Ihnen ein einzigartiges Erlebnis zu bieten.<\/p>\n<p>Ideal f\u00fcr Familien, Gruppen von Freunden und Paare, die dem Alltag entfliehen m\u00f6chten, ist unser Campingplatz in Arag\u00f3n auch ein Paradies f\u00fcr Haustiere.<\/p>\n<p>Wir bieten Ihnen verschiedene Unterkunftsm\u00f6glichkeiten, die auf Ihre Bed\u00fcrfnisse zugeschnitten sind und maximalen Komfort w\u00e4hrend Ihres Aufenthalts gew\u00e4hrleisten.<\/p>\n<\/div>\n\t\t\t\t\t\t\t\t\t<div class=\"btn-link\">\n\t\t\t\t\t\t\t\t\t\t\t\t<a href=\"https:\/\/bookingpremium.secureholiday.net\/de\/5221\/search\/product-list?searchType=exact&#038;productType=all&#038;filterStatus=showPeriod\" class=''>Reservante<\/a>\n\t\t\t\t\t<\/div>\n\t\t\t\t\t\t\t<\/div>\n\t\t<\/div>\n\t<\/div>\n<\/section>\n\n\n<div\n\tclass=\"isabena-ordered-columns wp-block-isabena-ordered-columns\">\n\t<div class=\"container\">\n\t\t<div class=\"isabena-ordered-columns__list\">\n\t\t\t\t\t<div class=\"isabena-ordered-columns__item\">\n\t\t\t\t<h2 class=\"isabena-ordered-columns__item__title\">\n\t\t\t\t\t<strong>01.<\/strong>\n\t\t\t\t\tBungalows und Mobilheime\t\t\t\t<\/h2>\n\t\t\t\t<div class=\"isabena-ordered-columns__item__description\">\n\t\t\t\t\tHolzbungalows mit einer Kapazit\u00e4t f\u00fcr bis zu sechs Personen. Mobilheime f\u00fcr vier Abenteurer.\t\t\t\t<\/div>\n\t\t\t<\/div>\n\t\t\t\t\t\t<div class=\"isabena-ordered-columns__item\">\n\t\t\t\t<h2 class=\"isabena-ordered-columns__item__title\">\n\t\t\t\t\t<strong>02.<\/strong>\n\t\t\t\t\tHolzh\u00fctten\t\t\t\t<\/h2>\n\t\t\t\t<div class=\"isabena-ordered-columns__item__description\">\n\t\t\t\t\tLiegt in einer der ruhigsten Gegenden des Campingplatzes und bietet einen spektakul\u00e4ren Blick auf die Berge.\t\t\t\t<\/div>\n\t\t\t<\/div>\n\t\t\t\t\t\t<div class=\"isabena-ordered-columns__item\">\n\t\t\t\t<h2 class=\"isabena-ordered-columns__item__title\">\n\t\t\t\t\t<strong>03.<\/strong>\n\t\t\t\t\tCampingpl\u00e4tze\t\t\t\t<\/h2>\n\t\t\t\t<div class=\"isabena-ordered-columns__item__description\">\n\t\t\t\t\tInsgesamt 85 grasbewachsene Parzellen, die zwischen 80 und 100 Quadratmeter gro\u00df sind und \u00fcber eine elektrische Leistung von 6 Ampere verf\u00fcgen.\t\t\t\t<\/div>\n\t\t\t<\/div>\n\t\t\t\t\t<\/div>\n\t<\/div>\n<\/div>\n\t\n\n<section class=\"blq-banner-img-txt   banner-with-container-image60\" >\n\t<div class=\"container\">\n\t\t<div class=\"img gs_reveal gs_reveal_fromRight\">\n\t\t\t\n\t\t\t\t\t\t<img decoding=\"async\" width=\"13967\" height=\"7311\" src=\"https:\/\/www.isabena.eu\/wp-content\/uploads\/2023\/07\/2305.00675-Pano-Editar.jpg\" class=\"\" alt=\"Descubre qu\u00e9 incluyen los bungalows y caba\u00f1as de madera del Camping Is\u00e1bena en el Pirineo Aragon\u00e9s. \u00a1Naturaleza, confort y aventura te esperan este verano! Discover what&#039;s included in the bungalows and wooden cabins at Camping Is\u00e1bena in the Spanish Pyrenees. Nature, comfort, and adventure await you this summer! D\u00e9couvrez les prestations des bungalows et cabanes en bois du Camping Is\u00e1bena, dans les Pyr\u00e9n\u00e9es espagnoles. Nature, confort et aventure vous attendent cet \u00e9t\u00e9\u00a0! Entdecken Sie, was in den Bungalows und Holzh\u00fctten auf dem Campingplatz Is\u00e1bena in den spanischen Pyren\u00e4en enthalten ist. Natur, Komfort und Abenteuer erwarten Sie diesen Sommer! Ontdek wat er allemaal is inbegrepen in de bungalows en houten hutten op Camping Is\u00e1bena in de Spaanse Pyrenee\u00ebn. Natuur, comfort en avontuur wachten op u deze zomer!\" \/>\t\t\t\t\t<\/div>\n\t\t<div class=\"txt gs_reveal gs_reveal_fromLeft\">\n\t\t\t<div class='bx'>\n\t\t\t\t<h2 class=\"title\">Erleben Sie das Camping-Erlebnis in Aragonien: Unterk\u00fcnfte f\u00fcr alle<\/h2>\n\t\t\t\t<div class=\"content\"><p>Ohne Zweifel k\u00f6nnen Sie die Ruhe und Sch\u00f6nheit der nat\u00fcrlichen Umgebung genie\u00dfen und jeden Morgen mit atemberaubenden Ausblicken und frischer Bergluft aufwachen.<\/p>\n<\/div>\n\t\t\t\t\t\t\t\t\t<div class=\"btn-link\">\n\t\t\t\t\t\t\t\t\t\t\t\t<a href=\"https:\/\/www.isabena.eu\/de\/unterkunft\/\" class=''>Entdecken Sie Unterk\u00fcnfte<\/a>\n\t\t\t\t\t<\/div>\n\t\t\t\t\t\t\t<\/div>\n\t\t<\/div>\n\t<\/div>\n<\/section>\n\n\n<div\n\tclass=\"isabena-route-slider wp-block-isabena-route-slider\" id=\"isabena-route-slider-69d93376d9de3\">\n\t<div class=\"container\">\n\t\t<h2 class=\"isabena-route-slider__title\">Entdecken Sie unseren Campingplatz in Arag\u00f3n<\/h2>\n\t\t<h4 class=\"isabena-route-slider__subtitle\">Nehmen Sie neue Abenteuer auf<\/h4>\n\n\t\t\t\t<div class=\"isabena-route-slider__route__list\">\n\t\t\t\t\t\t<div class=\"isabena-route-slider__route__item\">\n\t\t\t\t<div class=\"isabena-route-slider__route__media\">\n\t\t\t\t\t<img decoding=\"async\" width=\"680\" height=\"510\" src=\"https:\/\/www.isabena.eu\/wp-content\/uploads\/2022\/01\/IMG_0383.jpg\" class=\"isabena-route-slider__route__image\" alt=\"rafting\" srcset=\"https:\/\/www.isabena.eu\/wp-content\/uploads\/2022\/01\/IMG_0383.jpg 1000w, https:\/\/www.isabena.eu\/wp-content\/uploads\/2022\/01\/IMG_0383-300x225.jpg 300w, https:\/\/www.isabena.eu\/wp-content\/uploads\/2022\/01\/IMG_0383-768x576.jpg 768w\" sizes=\"(max-width: 680px) 100vw, 680px\" \/>\t\t\t\t<\/div>\n\t\t\t\t<div class=\"isabena-route-slider__route__content\">\n\t\t\t\t\t<h3 class=\"isabena-route-slider__route__title\">\n\t\t\t\t\t\tSpa\u00df und Lernen\t\t\t\t\t<\/h3>\n\t\t\t\t\t<div class=\"isabena-route-slider__route__description\">\n\t\t\t\t\t\t<p>Da wir an die Unterhaltung und Entwicklung der Kleinen denken, bieten wir Ihnen auf unserem Campingplatz in den Pyren\u00e4en ein abwechslungsreiches Programm an Aktivit\u00e4ten, wie z. B. Bastelworkshops, die Kreativit\u00e4t, Geselligkeit und vor allem Spa\u00df, f\u00f6rdern sollen.<\/p>\n<p>W\u00e4hrend sie Spa\u00df haben und lernen, k\u00f6nnen die Erwachsenen ihre wohlverdiente Pause einlegen oder sich auf den Weg machen, um alles zu erkunden, was der Campingplatz und seine Umgebung zu bieten haben.<\/p>\n\t\t\t\t\t<\/div>\n\n\t\t\t\t\t\t\t\t\t<\/div>\n\t\t\t<\/div>\n\t\t\t\t\t\t<div class=\"isabena-route-slider__route__item\">\n\t\t\t\t<div class=\"isabena-route-slider__route__media\">\n\t\t\t\t\t<img decoding=\"async\" width=\"680\" height=\"454\" src=\"https:\/\/www.isabena.eu\/wp-content\/uploads\/2023\/06\/2305.00627-1024x683.jpg\" class=\"isabena-route-slider__route__image\" alt=\"\" srcset=\"https:\/\/www.isabena.eu\/wp-content\/uploads\/2023\/06\/2305.00627-1024x683.jpg 1024w, https:\/\/www.isabena.eu\/wp-content\/uploads\/2023\/06\/2305.00627-300x200.jpg 300w, https:\/\/www.isabena.eu\/wp-content\/uploads\/2023\/06\/2305.00627-768x512.jpg 768w, https:\/\/www.isabena.eu\/wp-content\/uploads\/2023\/06\/2305.00627-1536x1025.jpg 1536w, https:\/\/www.isabena.eu\/wp-content\/uploads\/2023\/06\/2305.00627-2048x1366.jpg 2048w, https:\/\/www.isabena.eu\/wp-content\/uploads\/2023\/06\/2305.00627-1964x1310.jpg 1964w\" sizes=\"(max-width: 680px) 100vw, 680px\" \/>\t\t\t\t<\/div>\n\t\t\t\t<div class=\"isabena-route-slider__route__content\">\n\t\t\t\t\t<h3 class=\"isabena-route-slider__route__title\">\n\t\t\t\t\t\tAromen und Sensationen im Herzen Aragons\t\t\t\t\t<\/h3>\n\t\t\t\t\t<div class=\"isabena-route-slider__route__description\">\n\t\t\t\t\t\t<p>Unsere Bar und unser Restaurant laden Sie ein, das Beste der regionalen und internationalen K\u00fcche in gem\u00fctlicher und famili\u00e4rer Atmosph\u00e4re zu probieren.<\/p>\n<p>Nach einem Tag voller Abenteuer &#8230; Was gibt es Sch\u00f6neres, als in unserem Pool zu entspannen oder sich im Spa- und Massagebereich zu erholen? Wir haben an Dienstleistungen gedacht, die Ihnen w\u00e4hrend Ihres Urlaubs auf unserem Campingplatz in Arag\u00f3n Momente purer Entspannung und Wohlbefinden bescheren.<\/p>\n\t\t\t\t\t<\/div>\n\n\t\t\t\t\t\t\t\t\t<\/div>\n\t\t\t<\/div>\n\t\t\t\t\t\t<div class=\"isabena-route-slider__route__item\">\n\t\t\t\t<div class=\"isabena-route-slider__route__media\">\n\t\t\t\t\t<img decoding=\"async\" width=\"591\" height=\"526\" src=\"https:\/\/www.isabena.eu\/wp-content\/uploads\/2023\/06\/wakeboarding.svg\" class=\"isabena-route-slider__route__image\" alt=\"\" \/>\t\t\t\t<\/div>\n\t\t\t\t<div class=\"isabena-route-slider__route__content\">\n\t\t\t\t\t<h3 class=\"isabena-route-slider__route__title\">\n\t\t\t\t\t\tWander-, Wassersport- und Motorradtouren\t\t\t\t\t<\/h3>\n\t\t\t\t\t<div class=\"isabena-route-slider__route__description\">\n\t\t\t\t\t\t<p>Wenn Sie Natur- und Abenteuerliebhaber sind , ist unser Campingplatz der ideale Ausgangspunkt, um die beeindruckende Umgebung und die Sehensw\u00fcrdigkeiten der Pyren\u00e4en zu erkunden.<\/p>\n<p>Auf Wanderrouten entdecken Sie traumhafte Landschaften, w\u00e4hrend Wassersport- und Motorradtouren f\u00fcr Abenteuer und Spa\u00df sorgen.<\/p>\n\t\t\t\t\t<\/div>\n\n\t\t\t\t\t\t\t\t\t<\/div>\n\t\t\t<\/div>\n\t\t\t\t\t<\/div>\n\t\t\t<\/div>\n<\/div>\n<script type=\"text\/javascript\">\n\n\tdocument.addEventListener(\"DOMContentLoaded\", function() {\n\t\t$('#isabena-route-slider-69d93376d9de3 .isabena-route-slider__route__list').slick({\n\t\t\tinfinite      : true,\n\t\t\tvariableWidth : false,\n\t\t\tslidesToShow  : 2,\n\t\t\tslidesToScroll: 1,\n\t\t\tresponsive :[\n\t\t\t\t{\n\t\t\t\t\tbreakpoint:768,\n\t\t\t\t\tsettings:{\n\t\t\t\t\t\tslidesToShow  : 1,\n\t\t\t\t\t}\n\t\t\t\t}\n\t\t\t]\n\t\t});\n\t});\n<\/script>\n\n\n<section class=\"blq-banner-img-txt banner-inverse banner-verde \" >\n\t<div class=\"container\">\n\t\t<div class=\"img gs_reveal gs_reveal_fromLeft\">\n\t\t\t\n\t\t\t\t\t\t<img decoding=\"async\" width=\"2560\" height=\"1708\" src=\"https:\/\/www.isabena.eu\/wp-content\/uploads\/2023\/07\/2305.01224-scaled.jpg\" class=\"front\" alt=\"\" srcset=\"https:\/\/www.isabena.eu\/wp-content\/uploads\/2023\/07\/2305.01224-scaled.jpg 2560w, https:\/\/www.isabena.eu\/wp-content\/uploads\/2023\/07\/2305.01224-300x200.jpg 300w, https:\/\/www.isabena.eu\/wp-content\/uploads\/2023\/07\/2305.01224-1024x683.jpg 1024w, https:\/\/www.isabena.eu\/wp-content\/uploads\/2023\/07\/2305.01224-768x512.jpg 768w, https:\/\/www.isabena.eu\/wp-content\/uploads\/2023\/07\/2305.01224-1536x1025.jpg 1536w, https:\/\/www.isabena.eu\/wp-content\/uploads\/2023\/07\/2305.01224-2048x1366.jpg 2048w, https:\/\/www.isabena.eu\/wp-content\/uploads\/2023\/07\/2305.01224-1964x1310.jpg 1964w\" sizes=\"(max-width: 2560px) 100vw, 2560px\" \/>\t\t\t\t\t\t\t<img decoding=\"async\" width=\"600\" height=\"400\" src=\"https:\/\/www.isabena.eu\/wp-content\/uploads\/2023\/07\/2305.00634-M.jpg\" class=\"back\" alt=\"Rutas senderismo ni\u00f1os\" srcset=\"https:\/\/www.isabena.eu\/wp-content\/uploads\/2023\/07\/2305.00634-M.jpg 600w, https:\/\/www.isabena.eu\/wp-content\/uploads\/2023\/07\/2305.00634-M-300x200.jpg 300w\" sizes=\"(max-width: 600px) 100vw, 600px\" \/>\t\t\t\t\t<\/div>\n\t\t<div class=\"txt gs_reveal gs_reveal_fromRight\">\n\t\t\t<div class='bx'>\n\t\t\t\t<h2 class=\"title\">Unser Campingplatz in Spanien, Ihre perfekte Wahl<\/h2>\n\t\t\t\t<div class=\"content\"><p>Egal, ob Sie einen ruhigen Kurzurlaub in Kontakt mit der Natur, einen Urlaub voller Aktivit\u00e4ten oder einfach nur einen gem\u00fctlichen Ort suchen, an dem auch Ihr Hund willkommen ist, unser Campingplatz in den Pyren\u00e4en bietet alles, was Sie f\u00fcr einen perfekten Urlaub ben\u00f6tigen.<\/p>\n<\/div>\n\t\t\t\t\t\t\t\t\t<div class=\"btn-link\">\n\t\t\t\t\t\t\t\t\t\t\t\t<a href=\"https:\/\/www.isabena.eu\/de\/\" class=''>Mehr Informationen<\/a>\n\t\t\t\t\t<\/div>\n\t\t\t\t\t\t\t<\/div>\n\t\t<\/div>\n\t<\/div>\n<\/section>\n","protected":false},"excerpt":{"rendered":"","protected":false},"author":2,"featured_media":0,"parent":0,"menu_order":0,"comment_status":"closed","ping_status":"closed","template":"tpl-landing.php","meta":{"_acf_changed":false,"_joinchat":[],"footnotes":""},"class_list":["post-12181","page","type-page","status-publish","hentry"],"acf":[],"yoast_head":"<!-- This site is optimized with the Yoast SEO plugin v24.7 - https:\/\/yoast.com\/wordpress\/plugins\/seo\/ -->\n<title>Camping Urlaub Pyren\u00e4en - Camping Is\u00e1bena<\/title>\n<meta name=\"description\" content=\"Der Campingplatz Is\u00e1bena ist ein Ort, an dem sich Abenteuer und Komfort vereinen, um Ihnen ein einzigartiges Erlebnis zu bieten. Achtung!\" \/>\n<meta name=\"robots\" content=\"index, follow, max-snippet:-1, max-image-preview:large, max-video-preview:-1\" \/>\n<link rel=\"canonical\" href=\"https:\/\/www.isabena.eu\/de\/camping-urlaub-pyrenaen\/\" \/>\n<meta property=\"og:locale\" content=\"de_DE\" \/>\n<meta property=\"og:type\" content=\"article\" \/>\n<meta property=\"og:title\" content=\"Camping Urlaub Pyren\u00e4en - Camping Is\u00e1bena\" \/>\n<meta property=\"og:description\" content=\"Der Campingplatz Is\u00e1bena ist ein Ort, an dem sich Abenteuer und Komfort vereinen, um Ihnen ein einzigartiges Erlebnis zu bieten. Achtung!\" \/>\n<meta property=\"og:url\" content=\"https:\/\/www.isabena.eu\/de\/camping-urlaub-pyrenaen\/\" \/>\n<meta property=\"og:site_name\" content=\"Camping Is\u00e1bena\" \/>\n<meta property=\"article:publisher\" content=\"https:\/\/www.facebook.com\/Campingbungalparkisabena\" \/>\n<meta property=\"article:modified_time\" content=\"2024-05-28T13:04:22+00:00\" \/>\n<meta name=\"twitter:card\" content=\"summary_large_image\" \/>\n<meta name=\"twitter:site\" content=\"@CampingIsbena\" \/>\n<!-- \/ Yoast SEO plugin. -->","yoast_head_json":{"title":"Camping Urlaub Pyren\u00e4en - Camping Is\u00e1bena","description":"Der Campingplatz Is\u00e1bena ist ein Ort, an dem sich Abenteuer und Komfort vereinen, um Ihnen ein einzigartiges Erlebnis zu bieten. Achtung!","robots":{"index":"index","follow":"follow","max-snippet":"max-snippet:-1","max-image-preview":"max-image-preview:large","max-video-preview":"max-video-preview:-1"},"canonical":"https:\/\/www.isabena.eu\/de\/camping-urlaub-pyrenaen\/","og_locale":"de_DE","og_type":"article","og_title":"Camping Urlaub Pyren\u00e4en - Camping Is\u00e1bena","og_description":"Der Campingplatz Is\u00e1bena ist ein Ort, an dem sich Abenteuer und Komfort vereinen, um Ihnen ein einzigartiges Erlebnis zu bieten. Achtung!","og_url":"https:\/\/www.isabena.eu\/de\/camping-urlaub-pyrenaen\/","og_site_name":"Camping Is\u00e1bena","article_publisher":"https:\/\/www.facebook.com\/Campingbungalparkisabena","article_modified_time":"2024-05-28T13:04:22+00:00","twitter_card":"summary_large_image","twitter_site":"@CampingIsbena","schema":{"@context":"https:\/\/schema.org","@graph":[{"@type":"WebPage","@id":"https:\/\/www.isabena.eu\/de\/camping-urlaub-pyrenaen\/","url":"https:\/\/www.isabena.eu\/de\/camping-urlaub-pyrenaen\/","name":"Camping Urlaub Pyren\u00e4en - Camping Is\u00e1bena","isPartOf":{"@id":"https:\/\/www.isabena.eu\/de\/#website"},"datePublished":"2024-04-09T13:25:39+00:00","dateModified":"2024-05-28T13:04:22+00:00","description":"Der Campingplatz Is\u00e1bena ist ein Ort, an dem sich Abenteuer und Komfort vereinen, um Ihnen ein einzigartiges Erlebnis zu bieten. Achtung!","breadcrumb":{"@id":"https:\/\/www.isabena.eu\/de\/camping-urlaub-pyrenaen\/#breadcrumb"},"inLanguage":"de","potentialAction":[{"@type":"ReadAction","target":["https:\/\/www.isabena.eu\/de\/camping-urlaub-pyrenaen\/"]}]},{"@type":"BreadcrumbList","@id":"https:\/\/www.isabena.eu\/de\/camping-urlaub-pyrenaen\/#breadcrumb","itemListElement":[{"@type":"ListItem","position":1,"name":"Home","item":"https:\/\/www.isabena.eu\/de\/"},{"@type":"ListItem","position":2,"name":"Landing Camping Urlaub Pyren\u00e4en"}]},{"@type":"WebSite","@id":"https:\/\/www.isabena.eu\/de\/#website","url":"https:\/\/www.isabena.eu\/de\/","name":"Camping Is\u00e1bena","description":"Bienvenidos al Camping &amp; Bungalowpark Is\u00e1bena en La Puebla de Roda, en el sur de los Pirineos Centrales. Un camping acogedor con miles de actividades disponibles.","publisher":{"@id":"https:\/\/www.isabena.eu\/de\/#organization"},"alternateName":"Camping Is\u00e1bena","potentialAction":[{"@type":"SearchAction","target":{"@type":"EntryPoint","urlTemplate":"https:\/\/www.isabena.eu\/de\/?s={search_term_string}"},"query-input":{"@type":"PropertyValueSpecification","valueRequired":true,"valueName":"search_term_string"}}],"inLanguage":"de"},{"@type":"Organization","@id":"https:\/\/www.isabena.eu\/de\/#organization","name":"Camping Is\u00e1bena","alternateName":"Camping Is\u00e1bena","url":"https:\/\/www.isabena.eu\/de\/","logo":{"@type":"ImageObject","inLanguage":"de","@id":"https:\/\/www.isabena.eu\/de\/#\/schema\/logo\/image\/","url":"https:\/\/www.isabena.eu\/wp-content\/uploads\/2023\/06\/Logo-Color-cuadrado.png","contentUrl":"https:\/\/www.isabena.eu\/wp-content\/uploads\/2023\/06\/Logo-Color-cuadrado.png","width":314,"height":314,"caption":"Camping Is\u00e1bena"},"image":{"@id":"https:\/\/www.isabena.eu\/de\/#\/schema\/logo\/image\/"},"sameAs":["https:\/\/www.facebook.com\/Campingbungalparkisabena","https:\/\/x.com\/CampingIsbena","https:\/\/www.instagram.com\/camping_bungalowpark_isabena\/","https:\/\/www.youtube.com\/user\/CampingIsabena"]}]}},"_links":{"self":[{"href":"https:\/\/www.isabena.eu\/de\/wp-json\/wp\/v2\/pages\/12181","targetHints":{"allow":["GET"]}}],"collection":[{"href":"https:\/\/www.isabena.eu\/de\/wp-json\/wp\/v2\/pages"}],"about":[{"href":"https:\/\/www.isabena.eu\/de\/wp-json\/wp\/v2\/types\/page"}],"author":[{"embeddable":true,"href":"https:\/\/www.isabena.eu\/de\/wp-json\/wp\/v2\/users\/2"}],"replies":[{"embeddable":true,"href":"https:\/\/www.isabena.eu\/de\/wp-json\/wp\/v2\/comments?post=12181"}],"version-history":[{"count":1,"href":"https:\/\/www.isabena.eu\/de\/wp-json\/wp\/v2\/pages\/12181\/revisions"}],"predecessor-version":[{"id":12183,"href":"https:\/\/www.isabena.eu\/de\/wp-json\/wp\/v2\/pages\/12181\/revisions\/12183"}],"wp:attachment":[{"href":"https:\/\/www.isabena.eu\/de\/wp-json\/wp\/v2\/media?parent=12181"}],"curies":[{"name":"wp","href":"https:\/\/api.w.org\/{rel}","templated":true}]}}