{"id":12160,"date":"2024-04-09T14:42:37","date_gmt":"2024-04-09T12:42:37","guid":{"rendered":"https:\/\/www.isabena.eu\/camping-rutas-en-moto\/"},"modified":"2024-05-29T08:31:41","modified_gmt":"2024-05-29T06:31:41","slug":"camping-motorradtouren","status":"publish","type":"page","link":"https:\/\/www.isabena.eu\/de\/camping-motorradtouren\/","title":{"rendered":"Landing camping-motorradtouren"},"content":{"rendered":"<section class=\"blq-banner-carousel\">\n\t<div class=\"bg with-overlay\">\n\t\t\t\t\t\t\t\t\t\t\t\t\t\t<figure>\n\t\t\t\t\t\t<img decoding=\"async\" src=\"https:\/\/www.isabena.eu\/wp-content\/uploads\/2018\/10\/Enduropark-Slide03-1200x480-1.jpg\" alt=\" \"  \/>\n\t\t\t\t\t<\/figure>\n\t\t\t\t\t\t\t\t\t\t<\/div>\n\t\t\t<div class=\"box-content\">\n\t\t<div class=\"container\">\n\t\t\t\t\t\t\t<h1>Camping-motorradtouren<\/h1>\n\t\t\t\t\t\t\t\t\t<div class='content'><p><strong>Erkunden Sie die sch\u00f6nsten Routen durch die Pyren\u00e4en auf zwei R\u00e4dern<\/strong><\/p>\n<\/div>\n\t\t\t\t\t\t\t\t\t\t\t\t\t<\/div>\n\t<\/div>\n\t<\/section>\n\n\n<section class=\"blq-banner-img-txt   \" >\n\t<div class=\"container\">\n\t\t<div class=\"img gs_reveal gs_reveal_fromRight\">\n\t\t\t\n\t\t\t\t\t\t<img decoding=\"async\" width=\"580\" height=\"525\" src=\"https:\/\/www.isabena.eu\/wp-content\/uploads\/2023\/06\/im-mt4.png\" class=\"front\" alt=\"\" srcset=\"https:\/\/www.isabena.eu\/wp-content\/uploads\/2023\/06\/im-mt4.png 580w, https:\/\/www.isabena.eu\/wp-content\/uploads\/2023\/06\/im-mt4-300x272.png 300w\" sizes=\"(max-width: 580px) 100vw, 580px\" \/>\t\t\t\t\t\t\t<img decoding=\"async\" width=\"2560\" height=\"1708\" src=\"https:\/\/www.isabena.eu\/wp-content\/uploads\/2023\/07\/2305.007591-scaled.jpg\" class=\"back\" alt=\"Foto de bungalows acogedores y r\u00fasticos de Camping Is\u00e1bena en el Pirineo aragon\u00e9s. Perfectos para escapadas en familia en plena naturaleza.\" srcset=\"https:\/\/www.isabena.eu\/wp-content\/uploads\/2023\/07\/2305.007591-scaled.jpg 2560w, https:\/\/www.isabena.eu\/wp-content\/uploads\/2023\/07\/2305.007591-300x200.jpg 300w, https:\/\/www.isabena.eu\/wp-content\/uploads\/2023\/07\/2305.007591-1024x683.jpg 1024w, https:\/\/www.isabena.eu\/wp-content\/uploads\/2023\/07\/2305.007591-768x512.jpg 768w, https:\/\/www.isabena.eu\/wp-content\/uploads\/2023\/07\/2305.007591-1536x1025.jpg 1536w, https:\/\/www.isabena.eu\/wp-content\/uploads\/2023\/07\/2305.007591-2048x1366.jpg 2048w, https:\/\/www.isabena.eu\/wp-content\/uploads\/2023\/07\/2305.007591-1964x1310.jpg 1964w\" sizes=\"(max-width: 2560px) 100vw, 2560px\" \/>\t\t\t\t\t<\/div>\n\t\t<div class=\"txt gs_reveal gs_reveal_fromLeft\">\n\t\t\t<div class='bx'>\n\t\t\t\t<h2 class=\"title\">Camping &#038; Bungalowpark Is\u00e1bena<\/h2>\n\t\t\t\t<div class=\"content\"><p>Im Herzen der Provinz Huesca, umgeben von der nat\u00fcrlichen Pracht der spanischen Pyren\u00e4en, finden Sie Camping &amp; Bungalowpark Is\u00e1bena, ein unvergleichliches Ziel f\u00fcr Natur- und Abenteuerliebhaber und insbesondere f\u00fcr diejenigen, die sich f\u00fcr Motorradtouren begeistern.<\/p>\n<p>Ganz gleich, ob Sie Privatsph\u00e4re, das authentische Campingerlebnis unter den Sternen oder Komfort bevorzugen, wir bieten eine gro\u00dfe Auswahl an Unterkunftsm\u00f6glichkeiten f\u00fcr jeden Bedarf.<\/p>\n<\/div>\n\t\t\t\t\t\t\t\t\t<div class=\"btn-link\">\n\t\t\t\t\t\t\t\t\t\t\t\t<a href=\"https:\/\/bookingpremium.secureholiday.net\/de\/5221\/search\/product-list?searchType=exact&#038;productType=all&#038;filterStatus=showPeriod\" class=''>Reservante<\/a>\n\t\t\t\t\t<\/div>\n\t\t\t\t\t\t\t<\/div>\n\t\t<\/div>\n\t<\/div>\n<\/section>\n\n\n<div\n\tclass=\"isabena-ordered-columns wp-block-isabena-ordered-columns\">\n\t<div class=\"container\">\n\t\t<div class=\"isabena-ordered-columns__list\">\n\t\t\t\t\t<div class=\"isabena-ordered-columns__item\">\n\t\t\t\t<h2 class=\"isabena-ordered-columns__item__title\">\n\t\t\t\t\t<strong>01.<\/strong>\n\t\t\t\t\tBungalows und Mobilheime\t\t\t\t<\/h2>\n\t\t\t\t<div class=\"isabena-ordered-columns__item__description\">\n\t\t\t\t\tHolzbungalows mit einer Kapazit\u00e4t f\u00fcr bis zu sechs Personen. Mobilheime f\u00fcr vier Abenteurer.\t\t\t\t<\/div>\n\t\t\t<\/div>\n\t\t\t\t\t\t<div class=\"isabena-ordered-columns__item\">\n\t\t\t\t<h2 class=\"isabena-ordered-columns__item__title\">\n\t\t\t\t\t<strong>02.<\/strong>\n\t\t\t\t\tHolzh\u00fctten\t\t\t\t<\/h2>\n\t\t\t\t<div class=\"isabena-ordered-columns__item__description\">\n\t\t\t\t\tLiegt in einer der ruhigsten Gegenden des Campingplatzes und bietet einen spektakul\u00e4ren Blick auf die Berge.\t\t\t\t<\/div>\n\t\t\t<\/div>\n\t\t\t\t\t\t<div class=\"isabena-ordered-columns__item\">\n\t\t\t\t<h2 class=\"isabena-ordered-columns__item__title\">\n\t\t\t\t\t<strong>03.<\/strong>\n\t\t\t\t\tCampingpl\u00e4tze\t\t\t\t<\/h2>\n\t\t\t\t<div class=\"isabena-ordered-columns__item__description\">\n\t\t\t\t\tInsgesamt 85 grasbewachsene Parzellen, die zwischen 80 und 100 Quadratmeter gro\u00df sind und \u00fcber eine elektrische Leistung von 6 Ampere verf\u00fcgen.\t\t\t\t<\/div>\n\t\t\t<\/div>\n\t\t\t\t\t<\/div>\n\t<\/div>\n<\/div>\n\t\n\n<section class=\"blq-banner-img-txt   banner-with-container-image60\" >\n\t<div class=\"container\">\n\t\t<div class=\"img gs_reveal gs_reveal_fromRight\">\n\t\t\t\n\t\t\t\t\t\t<img decoding=\"async\" width=\"1920\" height=\"901\" src=\"https:\/\/www.isabena.eu\/wp-content\/uploads\/2023\/06\/parallax_motorradtouren.jpg\" class=\"\" alt=\"Foto de una ruta en moto por el Pirineo aragon\u00e9s con muchas rutas con salida desde el Camping Is\u00e1bena Bungalow en los Pirineos. Foto van een motorroute door de Aragonese Pyrenee\u00ebn, waarvan vele vertrekken vanaf de Is\u00e1bena Bungalow Camping in de Pyrenee\u00ebn.Foto einer Motorradroute durch die aragonesischen Pyren\u00e4en mit vielen Routen, die vom Bungalow-Campingplatz Is\u00e1bena in den Pyren\u00e4en ausgehen. Photo of a motorcycle route through the Aragonese Pyrenees with many routes departing from the Is\u00e1bena Bungalow Campsite in the Pyrenees. Photo d&#039;un itin\u00e9raire \u00e0 moto \u00e0 travers les Pyr\u00e9n\u00e9es aragonaises avec de nombreux itin\u00e9raires au d\u00e9part du camping Bungalow Is\u00e1bena dans les Pyr\u00e9n\u00e9es.\" srcset=\"https:\/\/www.isabena.eu\/wp-content\/uploads\/2023\/06\/parallax_motorradtouren.jpg 1920w, https:\/\/www.isabena.eu\/wp-content\/uploads\/2023\/06\/parallax_motorradtouren-300x141.jpg 300w, https:\/\/www.isabena.eu\/wp-content\/uploads\/2023\/06\/parallax_motorradtouren-1024x481.jpg 1024w, https:\/\/www.isabena.eu\/wp-content\/uploads\/2023\/06\/parallax_motorradtouren-768x360.jpg 768w, https:\/\/www.isabena.eu\/wp-content\/uploads\/2023\/06\/parallax_motorradtouren-1536x721.jpg 1536w\" sizes=\"(max-width: 1920px) 100vw, 1920px\" \/>\t\t\t\t\t<\/div>\n\t\t<div class=\"txt gs_reveal gs_reveal_fromLeft\">\n\t\t\t<div class='bx'>\n\t\t\t\t<h2 class=\"title\">Unterk\u00fcnfte, die Komfort und Natur vereinen<\/h2>\n\t\t\t\t<div class=\"content\"><p>Wie auch immer Sie sich entscheiden, auf unserem Campingplatz bieten wir Ihnen ein einzigartiges Erlebnis der Naturverbundenheit auf Ihren Motorradtouren, ohne auf Komfort zu verzichten.<\/p>\n<\/div>\n\t\t\t\t\t\t\t\t\t<div class=\"btn-link\">\n\t\t\t\t\t\t\t\t\t\t\t\t<a href=\"https:\/\/www.isabena.eu\/de\/unterkunft\/\" class=''>Entdecken Sie Unterk\u00fcnfte<\/a>\n\t\t\t\t\t<\/div>\n\t\t\t\t\t\t\t<\/div>\n\t\t<\/div>\n\t<\/div>\n<\/section>\n\n\n<div\n\tclass=\"isabena-route-slider wp-block-isabena-route-slider\" id=\"isabena-route-slider-69e5f94fae7ec\">\n\t<div class=\"container\">\n\t\t<h2 class=\"isabena-route-slider__title\">Camping Is\u00e1bena<\/h2>\n\t\t<h4 class=\"isabena-route-slider__subtitle\">Eine wahre Wohlf\u00fchloase<\/h4>\n\n\t\t\t\t<div class=\"isabena-route-slider__route__list\">\n\t\t\t\t\t\t<div class=\"isabena-route-slider__route__item\">\n\t\t\t\t<div class=\"isabena-route-slider__route__media\">\n\t\t\t\t\t<img decoding=\"async\" width=\"680\" height=\"272\" src=\"https:\/\/www.isabena.eu\/wp-content\/uploads\/2023\/06\/BMW-Motorrad-Days-1200x480-1-1024x410.jpg\" class=\"isabena-route-slider__route__image\" alt=\"Camping Huesca\" srcset=\"https:\/\/www.isabena.eu\/wp-content\/uploads\/2023\/06\/BMW-Motorrad-Days-1200x480-1-1024x410.jpg 1024w, https:\/\/www.isabena.eu\/wp-content\/uploads\/2023\/06\/BMW-Motorrad-Days-1200x480-1-300x120.jpg 300w, https:\/\/www.isabena.eu\/wp-content\/uploads\/2023\/06\/BMW-Motorrad-Days-1200x480-1-768x307.jpg 768w, https:\/\/www.isabena.eu\/wp-content\/uploads\/2023\/06\/BMW-Motorrad-Days-1200x480-1.jpg 1200w\" sizes=\"(max-width: 680px) 100vw, 680px\" \/>\t\t\t\t<\/div>\n\t\t\t\t<div class=\"isabena-route-slider__route__content\">\n\t\t\t\t\t<h3 class=\"isabena-route-slider__route__title\">\n\t\t\t\t\t\tWir sind das BMW Motorride Testride Hotel\t\t\t\t\t<\/h3>\n\t\t\t\t\t<div class=\"isabena-route-slider__route__description\">\n\t\t\t\t\t\t<p>Als einziges BMW Motorride Testride Hotel in der Region bieten wir Ihnen die M\u00f6glichkeit, Ihre Leidenschaft in vollen Z\u00fcgen auszuleben. Entdecken Sie unsere Auswahl an Motorradtouren, die Sie durch beeindruckende Landschaften, charmante St\u00e4dte und Traumstra\u00dfen f\u00fchren.<\/p>\n<p>Nutzen Sie unser Angebot der gef\u00fchrten Motorradtouren auch mit eigenem Motorrad oder buchen Sie ein Offroad Training in unserem Enduropark.<\/p>\n<p>Egal, ob Sie auf der Suche nach dem Nervenkitzel oder einem ruhigen Ausflug sind, unsere BMW Motorr\u00e4der sind bereit, Sie auf ein Abenteuer mitzunehmen.<\/p>\n\t\t\t\t\t<\/div>\n\n\t\t\t\t\t\t\t\t\t<\/div>\n\t\t\t<\/div>\n\t\t\t\t\t\t<div class=\"isabena-route-slider__route__item\">\n\t\t\t\t<div class=\"isabena-route-slider__route__media\">\n\t\t\t\t\t<img decoding=\"async\" width=\"680\" height=\"327\" src=\"https:\/\/www.isabena.eu\/wp-content\/uploads\/2023\/06\/banner-bienestar-1024x493.png\" class=\"isabena-route-slider__route__image\" alt=\"\" srcset=\"https:\/\/www.isabena.eu\/wp-content\/uploads\/2023\/06\/banner-bienestar-1024x493.png 1024w, https:\/\/www.isabena.eu\/wp-content\/uploads\/2023\/06\/banner-bienestar-300x145.png 300w, https:\/\/www.isabena.eu\/wp-content\/uploads\/2023\/06\/banner-bienestar-768x370.png 768w, https:\/\/www.isabena.eu\/wp-content\/uploads\/2023\/06\/banner-bienestar-1536x740.png 1536w, https:\/\/www.isabena.eu\/wp-content\/uploads\/2023\/06\/banner-bienestar.png 1733w\" sizes=\"(max-width: 680px) 100vw, 680px\" \/>\t\t\t\t<\/div>\n\t\t\t\t<div class=\"isabena-route-slider__route__content\">\n\t\t\t\t\t<h3 class=\"isabena-route-slider__route__title\">\n\t\t\t\t\t\tGastronomie, Entspannung und Unterhaltung: alles an einem Ort\t\t\t\t\t<\/h3>\n\t\t\t\t\t<div class=\"isabena-route-slider__route__description\">\n\t\t\t\t\t\t<p>Entspannen Sie sich nach einem Tag mit Motorradoffroadtouren rund um unserem Bungalowpark in unserer Bar und unserem Restaurant, wo Sie k\u00f6stliche regionale und internationale Spezialit\u00e4ten genie\u00dfen k\u00f6nnen.<\/p>\n<p>Tauchen Sie ein in unseren Pool, tanken Sie neue Energie im Spa-Bereich oder lassen Sie sich bei einer entspannenden Massage verw\u00f6hnen. Camping &amp; Bungalows Is\u00e1bena ist eine wahre Oase des Wohlbefindens.<\/p>\n\t\t\t\t\t<\/div>\n\n\t\t\t\t\t\t\t\t\t<\/div>\n\t\t\t<\/div>\n\t\t\t\t\t\t<div class=\"isabena-route-slider__route__item\">\n\t\t\t\t<div class=\"isabena-route-slider__route__media\">\n\t\t\t\t\t<img decoding=\"async\" width=\"680\" height=\"507\" src=\"https:\/\/www.isabena.eu\/wp-content\/uploads\/2023\/12\/Gastronomia-Aragon-1024x764.jpg\" class=\"isabena-route-slider__route__image\" alt=\"Comer ruta moto Huesca\" srcset=\"https:\/\/www.isabena.eu\/wp-content\/uploads\/2023\/12\/Gastronomia-Aragon-1024x764.jpg 1024w, https:\/\/www.isabena.eu\/wp-content\/uploads\/2023\/12\/Gastronomia-Aragon-300x224.jpg 300w, https:\/\/www.isabena.eu\/wp-content\/uploads\/2023\/12\/Gastronomia-Aragon-768x573.jpg 768w, https:\/\/www.isabena.eu\/wp-content\/uploads\/2023\/12\/Gastronomia-Aragon-1536x1146.jpg 1536w, https:\/\/www.isabena.eu\/wp-content\/uploads\/2023\/12\/Gastronomia-Aragon.jpg 1600w\" sizes=\"(max-width: 680px) 100vw, 680px\" \/>\t\t\t\t<\/div>\n\t\t\t\t<div class=\"isabena-route-slider__route__content\">\n\t\t\t\t\t<h3 class=\"isabena-route-slider__route__title\">\n\t\t\t\t\t\tAktivit\u00e4ten f\u00fcr alle\t\t\t\t\t<\/h3>\n\t\t\t\t\t<div class=\"isabena-route-slider__route__description\">\n\t\t\t\t\t\t<p>\u00dcber die sch\u00f6nsten Routen durch die Pyren\u00e4en hinaus, bieten wir auf unserem Campingplatz eine breite Palette an Aktivit\u00e4ten an, um alle unsere Besucher zufrieden zu stellen.<\/p>\n<p>Begeben Sie sich auf Wanderwege, die Ihnen die verborgene Sch\u00f6nheit des Is\u00e1bena-Tals zeigen, tauchen Sie ein in die aufregenden Wassersportarten oder genie\u00dfen Sie die Ruhe der Natur, die uns umgibt.<\/p>\n\t\t\t\t\t<\/div>\n\n\t\t\t\t\t\t\t\t\t<\/div>\n\t\t\t<\/div>\n\t\t\t\t\t<\/div>\n\t\t\t<\/div>\n<\/div>\n<script type=\"text\/javascript\">\n\n\tdocument.addEventListener(\"DOMContentLoaded\", function() {\n\t\t$('#isabena-route-slider-69e5f94fae7ec .isabena-route-slider__route__list').slick({\n\t\t\tinfinite      : true,\n\t\t\tvariableWidth : false,\n\t\t\tslidesToShow  : 2,\n\t\t\tslidesToScroll: 1,\n\t\t\tresponsive :[\n\t\t\t\t{\n\t\t\t\t\tbreakpoint:768,\n\t\t\t\t\tsettings:{\n\t\t\t\t\t\tslidesToShow  : 1,\n\t\t\t\t\t}\n\t\t\t\t}\n\t\t\t]\n\t\t});\n\t});\n<\/script>\n\n\n<section class=\"blq-banner-img-txt banner-inverse banner-verde \" >\n\t<div class=\"container\">\n\t\t<div class=\"img gs_reveal gs_reveal_fromLeft\">\n\t\t\t\n\t\t\t\t\t\t<img decoding=\"async\" width=\"2560\" height=\"1920\" src=\"https:\/\/www.isabena.eu\/wp-content\/uploads\/2023\/05\/DJI_0273-2-scaled.jpg\" class=\"front\" alt=\"Trans Euro Trail\" srcset=\"https:\/\/www.isabena.eu\/wp-content\/uploads\/2023\/05\/DJI_0273-2-scaled.jpg 2560w, https:\/\/www.isabena.eu\/wp-content\/uploads\/2023\/05\/DJI_0273-2-300x225.jpg 300w, https:\/\/www.isabena.eu\/wp-content\/uploads\/2023\/05\/DJI_0273-2-1024x768.jpg 1024w, https:\/\/www.isabena.eu\/wp-content\/uploads\/2023\/05\/DJI_0273-2-768x576.jpg 768w, https:\/\/www.isabena.eu\/wp-content\/uploads\/2023\/05\/DJI_0273-2-1536x1152.jpg 1536w, https:\/\/www.isabena.eu\/wp-content\/uploads\/2023\/05\/DJI_0273-2-2048x1536.jpg 2048w, https:\/\/www.isabena.eu\/wp-content\/uploads\/2023\/05\/DJI_0273-2-1747x1310.jpg 1747w\" sizes=\"(max-width: 2560px) 100vw, 2560px\" \/>\t\t\t\t\t\t\t<img decoding=\"async\" width=\"2560\" height=\"1920\" src=\"https:\/\/www.isabena.eu\/wp-content\/uploads\/2023\/04\/camping-motero-scaled.jpg\" class=\"back\" alt=\"\" srcset=\"https:\/\/www.isabena.eu\/wp-content\/uploads\/2023\/04\/camping-motero-scaled.jpg 2560w, https:\/\/www.isabena.eu\/wp-content\/uploads\/2023\/04\/camping-motero-300x225.jpg 300w, https:\/\/www.isabena.eu\/wp-content\/uploads\/2023\/04\/camping-motero-1024x768.jpg 1024w, https:\/\/www.isabena.eu\/wp-content\/uploads\/2023\/04\/camping-motero-768x576.jpg 768w, https:\/\/www.isabena.eu\/wp-content\/uploads\/2023\/04\/camping-motero-1536x1152.jpg 1536w, https:\/\/www.isabena.eu\/wp-content\/uploads\/2023\/04\/camping-motero-2048x1536.jpg 2048w, https:\/\/www.isabena.eu\/wp-content\/uploads\/2023\/04\/camping-motero-1747x1310.jpg 1747w\" sizes=\"(max-width: 2560px) 100vw, 2560px\" \/>\t\t\t\t\t<\/div>\n\t\t<div class=\"txt gs_reveal gs_reveal_fromRight\">\n\t\t\t<div class='bx'>\n\t\t\t\t<h2 class=\"title\">Auf Camping Is\u00e1bena ist jeder Tag ein neues Abenteuer<\/h2>\n\t\t\t\t<div class=\"content\"><p>Ob Sie Motorradtouren, offroad training oder endurotouren mit dem Motorrad planen, den Kontakt mit der Natur oder einfach nur einen Ort zum Entspannen und Erholen suchen, unser Campingplatz in den spanischen Pyren\u00e4en ist Ihr ideales Reiseziel.<\/p>\n<p>Hier trifft Abenteuer auf Ruhe und die Leidenschaft f\u00fcrs Motorradfahren sp\u00fcrt man auf Schritt und Tritt.<\/p>\n<\/div>\n\t\t\t\t\t\t\t\t\t<div class=\"btn-link\">\n\t\t\t\t\t\t\t\t\t\t\t\t<a href=\"https:\/\/www.isabena.eu\/de\/\" class=''>Mehr Informationen<\/a>\n\t\t\t\t\t<\/div>\n\t\t\t\t\t\t\t<\/div>\n\t\t<\/div>\n\t<\/div>\n<\/section>\n","protected":false},"excerpt":{"rendered":"","protected":false},"author":2,"featured_media":0,"parent":0,"menu_order":0,"comment_status":"closed","ping_status":"closed","template":"tpl-landing.php","meta":{"_acf_changed":false,"_joinchat":[],"footnotes":""},"class_list":["post-12160","page","type-page","status-publish","hentry"],"acf":[],"yoast_head":"<!-- This site is optimized with the Yoast SEO plugin v24.7 - https:\/\/yoast.com\/wordpress\/plugins\/seo\/ -->\n<title>Camping-Motorradtouren - Camping Is\u00e1bena<\/title>\n<meta name=\"description\" content=\"Im Herzen der Provinz Huesca, umgeben von der nat\u00fcrlichen Pracht der spanischen Pyren\u00e4en, liegt der unvergleichliche Camping- und Bungalowpark Is\u00e1bena.\" \/>\n<meta name=\"robots\" content=\"index, follow, max-snippet:-1, max-image-preview:large, max-video-preview:-1\" \/>\n<link rel=\"canonical\" href=\"https:\/\/www.isabena.eu\/de\/camping-motorradtouren\/\" \/>\n<meta property=\"og:locale\" content=\"de_DE\" \/>\n<meta property=\"og:type\" content=\"article\" \/>\n<meta property=\"og:title\" content=\"Camping-Motorradtouren - Camping Is\u00e1bena\" \/>\n<meta property=\"og:description\" content=\"Im Herzen der Provinz Huesca, umgeben von der nat\u00fcrlichen Pracht der spanischen Pyren\u00e4en, liegt der unvergleichliche Camping- und Bungalowpark Is\u00e1bena.\" \/>\n<meta property=\"og:url\" content=\"https:\/\/www.isabena.eu\/de\/camping-motorradtouren\/\" \/>\n<meta property=\"og:site_name\" content=\"Camping Is\u00e1bena\" \/>\n<meta property=\"article:publisher\" content=\"https:\/\/www.facebook.com\/Campingbungalparkisabena\" \/>\n<meta property=\"article:modified_time\" content=\"2024-05-29T06:31:41+00:00\" \/>\n<meta name=\"twitter:card\" content=\"summary_large_image\" \/>\n<meta name=\"twitter:site\" content=\"@CampingIsbena\" \/>\n<!-- \/ Yoast SEO plugin. -->","yoast_head_json":{"title":"Camping-Motorradtouren - Camping Is\u00e1bena","description":"Im Herzen der Provinz Huesca, umgeben von der nat\u00fcrlichen Pracht der spanischen Pyren\u00e4en, liegt der unvergleichliche Camping- und Bungalowpark Is\u00e1bena.","robots":{"index":"index","follow":"follow","max-snippet":"max-snippet:-1","max-image-preview":"max-image-preview:large","max-video-preview":"max-video-preview:-1"},"canonical":"https:\/\/www.isabena.eu\/de\/camping-motorradtouren\/","og_locale":"de_DE","og_type":"article","og_title":"Camping-Motorradtouren - Camping Is\u00e1bena","og_description":"Im Herzen der Provinz Huesca, umgeben von der nat\u00fcrlichen Pracht der spanischen Pyren\u00e4en, liegt der unvergleichliche Camping- und Bungalowpark Is\u00e1bena.","og_url":"https:\/\/www.isabena.eu\/de\/camping-motorradtouren\/","og_site_name":"Camping Is\u00e1bena","article_publisher":"https:\/\/www.facebook.com\/Campingbungalparkisabena","article_modified_time":"2024-05-29T06:31:41+00:00","twitter_card":"summary_large_image","twitter_site":"@CampingIsbena","schema":{"@context":"https:\/\/schema.org","@graph":[{"@type":"WebPage","@id":"https:\/\/www.isabena.eu\/de\/camping-motorradtouren\/","url":"https:\/\/www.isabena.eu\/de\/camping-motorradtouren\/","name":"Camping-Motorradtouren - Camping Is\u00e1bena","isPartOf":{"@id":"https:\/\/www.isabena.eu\/de\/#website"},"datePublished":"2024-04-09T12:42:37+00:00","dateModified":"2024-05-29T06:31:41+00:00","description":"Im Herzen der Provinz Huesca, umgeben von der nat\u00fcrlichen Pracht der spanischen Pyren\u00e4en, liegt der unvergleichliche Camping- und Bungalowpark Is\u00e1bena.","breadcrumb":{"@id":"https:\/\/www.isabena.eu\/de\/camping-motorradtouren\/#breadcrumb"},"inLanguage":"de","potentialAction":[{"@type":"ReadAction","target":["https:\/\/www.isabena.eu\/de\/camping-motorradtouren\/"]}]},{"@type":"BreadcrumbList","@id":"https:\/\/www.isabena.eu\/de\/camping-motorradtouren\/#breadcrumb","itemListElement":[{"@type":"ListItem","position":1,"name":"Home","item":"https:\/\/www.isabena.eu\/de\/"},{"@type":"ListItem","position":2,"name":"Landing camping-motorradtouren"}]},{"@type":"WebSite","@id":"https:\/\/www.isabena.eu\/de\/#website","url":"https:\/\/www.isabena.eu\/de\/","name":"Camping Is\u00e1bena","description":"Bienvenidos al Camping &amp; Bungalowpark Is\u00e1bena en La Puebla de Roda, en el sur de los Pirineos Centrales. Un camping acogedor con miles de actividades disponibles.","publisher":{"@id":"https:\/\/www.isabena.eu\/de\/#organization"},"alternateName":"Camping Is\u00e1bena","potentialAction":[{"@type":"SearchAction","target":{"@type":"EntryPoint","urlTemplate":"https:\/\/www.isabena.eu\/de\/?s={search_term_string}"},"query-input":{"@type":"PropertyValueSpecification","valueRequired":true,"valueName":"search_term_string"}}],"inLanguage":"de"},{"@type":"Organization","@id":"https:\/\/www.isabena.eu\/de\/#organization","name":"Camping Is\u00e1bena","alternateName":"Camping Is\u00e1bena","url":"https:\/\/www.isabena.eu\/de\/","logo":{"@type":"ImageObject","inLanguage":"de","@id":"https:\/\/www.isabena.eu\/de\/#\/schema\/logo\/image\/","url":"https:\/\/www.isabena.eu\/wp-content\/uploads\/2023\/06\/Logo-Color-cuadrado.png","contentUrl":"https:\/\/www.isabena.eu\/wp-content\/uploads\/2023\/06\/Logo-Color-cuadrado.png","width":314,"height":314,"caption":"Camping Is\u00e1bena"},"image":{"@id":"https:\/\/www.isabena.eu\/de\/#\/schema\/logo\/image\/"},"sameAs":["https:\/\/www.facebook.com\/Campingbungalparkisabena","https:\/\/x.com\/CampingIsbena","https:\/\/www.instagram.com\/camping_bungalowpark_isabena\/","https:\/\/www.youtube.com\/user\/CampingIsabena"]}]}},"_links":{"self":[{"href":"https:\/\/www.isabena.eu\/de\/wp-json\/wp\/v2\/pages\/12160","targetHints":{"allow":["GET"]}}],"collection":[{"href":"https:\/\/www.isabena.eu\/de\/wp-json\/wp\/v2\/pages"}],"about":[{"href":"https:\/\/www.isabena.eu\/de\/wp-json\/wp\/v2\/types\/page"}],"author":[{"embeddable":true,"href":"https:\/\/www.isabena.eu\/de\/wp-json\/wp\/v2\/users\/2"}],"replies":[{"embeddable":true,"href":"https:\/\/www.isabena.eu\/de\/wp-json\/wp\/v2\/comments?post=12160"}],"version-history":[{"count":2,"href":"https:\/\/www.isabena.eu\/de\/wp-json\/wp\/v2\/pages\/12160\/revisions"}],"predecessor-version":[{"id":12164,"href":"https:\/\/www.isabena.eu\/de\/wp-json\/wp\/v2\/pages\/12160\/revisions\/12164"}],"wp:attachment":[{"href":"https:\/\/www.isabena.eu\/de\/wp-json\/wp\/v2\/media?parent=12160"}],"curies":[{"name":"wp","href":"https:\/\/api.w.org\/{rel}","templated":true}]}}