{"id":12157,"date":"2024-04-09T14:34:18","date_gmt":"2024-04-09T12:34:18","guid":{"rendered":"https:\/\/www.isabena.eu\/camping-en-huesca\/"},"modified":"2024-05-29T08:21:32","modified_gmt":"2024-05-29T06:21:32","slug":"camping-pyrenaen","status":"publish","type":"page","link":"https:\/\/www.isabena.eu\/de\/camping-pyrenaen\/","title":{"rendered":"Landing camping Pyren\u00e4en"},"content":{"rendered":"<section class=\"blq-banner-carousel\">\n\t<div class=\"bg with-overlay\">\n\t\t\t\t\t\t\t\t\t\t\t\t\t\t<figure>\n\t\t\t\t\t\t<img decoding=\"async\" src=\"https:\/\/www.isabena.eu\/wp-content\/uploads\/2023\/07\/2305.00708-scaled.jpg\" alt=\" \"  \/>\n\t\t\t\t\t<\/figure>\n\t\t\t\t\t\t\t\t\t\t<\/div>\n\t\t\t<div class=\"box-content\">\n\t\t<div class=\"container\">\n\t\t\t\t\t\t\t<h1>Camping Pyren\u00e4en<\/h1>\n\t\t\t\t\t\t\t\t\t<div class='content'><p><strong>Entdecken Sie den nat\u00fcrlichen Charme unseres Campingplatzes im Norden Spaniens<\/strong><\/p>\n<\/div>\n\t\t\t\t\t\t\t\t\t\t\t\t\t<\/div>\n\t<\/div>\n\t<\/section>\n\n\n\n<figure class=\"wp-block-image\"><img decoding=\"async\" src=\"https:\/\/www.isabena.eu\/wp-content\/uploads\/2024\/01\/Imprescindible-camping-scaled.jpg\" alt=\"Imprescindible camping\"\/><\/figure>\n\n\n<section class=\"blq-banner-img-txt   \" >\n\t<div class=\"container\">\n\t\t<div class=\"img gs_reveal gs_reveal_fromRight\">\n\t\t\t\n\t\t\t\t\t\t<img decoding=\"async\" width=\"2560\" height=\"1920\" src=\"https:\/\/www.isabena.eu\/wp-content\/uploads\/2024\/01\/Imprescindible-camping-scaled.jpg\" class=\"front\" alt=\"Imprescindible camping\" srcset=\"https:\/\/www.isabena.eu\/wp-content\/uploads\/2024\/01\/Imprescindible-camping-scaled.jpg 2560w, https:\/\/www.isabena.eu\/wp-content\/uploads\/2024\/01\/Imprescindible-camping-300x225.jpg 300w, https:\/\/www.isabena.eu\/wp-content\/uploads\/2024\/01\/Imprescindible-camping-1024x768.jpg 1024w, https:\/\/www.isabena.eu\/wp-content\/uploads\/2024\/01\/Imprescindible-camping-768x576.jpg 768w, https:\/\/www.isabena.eu\/wp-content\/uploads\/2024\/01\/Imprescindible-camping-1536x1152.jpg 1536w, https:\/\/www.isabena.eu\/wp-content\/uploads\/2024\/01\/Imprescindible-camping-2048x1536.jpg 2048w, https:\/\/www.isabena.eu\/wp-content\/uploads\/2024\/01\/Imprescindible-camping-1747x1310.jpg 1747w\" sizes=\"(max-width: 2560px) 100vw, 2560px\" \/>\t\t\t\t\t\t\t<img decoding=\"async\" width=\"2560\" height=\"1708\" src=\"https:\/\/www.isabena.eu\/wp-content\/uploads\/2023\/07\/2305.007591-scaled.jpg\" class=\"back\" alt=\"Foto de bungalows acogedores y r\u00fasticos de Camping Is\u00e1bena en el Pirineo aragon\u00e9s. Perfectos para escapadas en familia en plena naturaleza.\" srcset=\"https:\/\/www.isabena.eu\/wp-content\/uploads\/2023\/07\/2305.007591-scaled.jpg 2560w, https:\/\/www.isabena.eu\/wp-content\/uploads\/2023\/07\/2305.007591-300x200.jpg 300w, https:\/\/www.isabena.eu\/wp-content\/uploads\/2023\/07\/2305.007591-1024x683.jpg 1024w, https:\/\/www.isabena.eu\/wp-content\/uploads\/2023\/07\/2305.007591-768x512.jpg 768w, https:\/\/www.isabena.eu\/wp-content\/uploads\/2023\/07\/2305.007591-1536x1025.jpg 1536w, https:\/\/www.isabena.eu\/wp-content\/uploads\/2023\/07\/2305.007591-2048x1366.jpg 2048w, https:\/\/www.isabena.eu\/wp-content\/uploads\/2023\/07\/2305.007591-1964x1310.jpg 1964w\" sizes=\"(max-width: 2560px) 100vw, 2560px\" \/>\t\t\t\t\t<\/div>\n\t\t<div class=\"txt gs_reveal gs_reveal_fromLeft\">\n\t\t\t<div class='bx'>\n\t\t\t\t<h2 class=\"title\">Camping &#038; Bungalowpark Is\u00e1bena<\/h2>\n\t\t\t\t<div class=\"content\"><p>Suchen Sie nach einem Ausflug in die Natur, ohne auf den Komfort und das Vergn\u00fcgen kleiner und gro\u00dfer Erlebnisse zu verzichten? Unser Campingplatz in der Provinz Huesca ist das perfekte Reiseziel!<\/p>\n<p>Er liegt im Is\u00e1bena-Tal und ist eine Oase der Ruhe, die nicht nur einen Zufluchtsort inmitten der majest\u00e4tischen Landschaften der spanischen Pyren\u00e4en verspricht, sondern auch ein Tor zu unvergesslichen Abenteuern und Momenten der Entspannung.<\/p>\n<p>Auf Bungalowpark Is\u00e1bena verstehen wir, dass jeder Besucher seine Vorlieben hat. Deshalb bieten wir Ihnen eine gro\u00dfe Auswahl an Unterkunftsm\u00f6glichkeiten, die allen Bed\u00fcrfnissen gerecht werden.<\/p>\n<\/div>\n\t\t\t\t\t\t\t\t\t<div class=\"btn-link\">\n\t\t\t\t\t\t\t\t\t\t\t\t<a href=\"https:\/\/bookingpremium.secureholiday.net\/de\/5221\/search\/product-list?searchType=exact&#038;productType=all&#038;filterStatus=showPeriod\" class=''>Reservante<\/a>\n\t\t\t\t\t<\/div>\n\t\t\t\t\t\t\t<\/div>\n\t\t<\/div>\n\t<\/div>\n<\/section>\n\n\n<div\n\tclass=\"isabena-ordered-columns wp-block-isabena-ordered-columns\">\n\t<div class=\"container\">\n\t\t<div class=\"isabena-ordered-columns__list\">\n\t\t\t\t\t<div class=\"isabena-ordered-columns__item\">\n\t\t\t\t<h2 class=\"isabena-ordered-columns__item__title\">\n\t\t\t\t\t<strong>01.<\/strong>\n\t\t\t\t\tBungalows und Mobilheime\t\t\t\t<\/h2>\n\t\t\t\t<div class=\"isabena-ordered-columns__item__description\">\n\t\t\t\t\tHolzbungalows mit einer Kapazit\u00e4t f\u00fcr bis zu sechs Personen. Mobilheime f\u00fcr vier Abenteurer.\t\t\t\t<\/div>\n\t\t\t<\/div>\n\t\t\t\t\t\t<div class=\"isabena-ordered-columns__item\">\n\t\t\t\t<h2 class=\"isabena-ordered-columns__item__title\">\n\t\t\t\t\t<strong>02.<\/strong>\n\t\t\t\t\tHolzh\u00fctten\t\t\t\t<\/h2>\n\t\t\t\t<div class=\"isabena-ordered-columns__item__description\">\n\t\t\t\t\tLiegt in einer der ruhigsten Gegenden des Campingplatzes und bietet einen spektakul\u00e4ren Blick auf die Berge.\t\t\t\t<\/div>\n\t\t\t<\/div>\n\t\t\t\t\t\t<div class=\"isabena-ordered-columns__item\">\n\t\t\t\t<h2 class=\"isabena-ordered-columns__item__title\">\n\t\t\t\t\t<strong>03.<\/strong>\n\t\t\t\t\tCampingpl\u00e4tze\t\t\t\t<\/h2>\n\t\t\t\t<div class=\"isabena-ordered-columns__item__description\">\n\t\t\t\t\tInsgesamt 85 grasbewachsene Parzellen, die zwischen 80 und 100 Quadratmeter gro\u00df sind und \u00fcber eine elektrische Leistung von 6 Ampere verf\u00fcgen.\t\t\t\t<\/div>\n\t\t\t<\/div>\n\t\t\t\t\t<\/div>\n\t<\/div>\n<\/div>\n\t\n\n<section class=\"blq-banner-img-txt   banner-with-container-image60\" >\n\t<div class=\"container\">\n\t\t<div class=\"img gs_reveal gs_reveal_fromRight\">\n\t\t\t\n\t\t\t\t\t\t<img decoding=\"async\" width=\"13967\" height=\"7311\" src=\"https:\/\/www.isabena.eu\/wp-content\/uploads\/2023\/07\/2305.00675-Pano-Editar.jpg\" class=\"\" alt=\"Descubre qu\u00e9 incluyen los bungalows y caba\u00f1as de madera del Camping Is\u00e1bena en el Pirineo Aragon\u00e9s. \u00a1Naturaleza, confort y aventura te esperan este verano! Discover what&#039;s included in the bungalows and wooden cabins at Camping Is\u00e1bena in the Spanish Pyrenees. Nature, comfort, and adventure await you this summer! D\u00e9couvrez les prestations des bungalows et cabanes en bois du Camping Is\u00e1bena, dans les Pyr\u00e9n\u00e9es espagnoles. Nature, confort et aventure vous attendent cet \u00e9t\u00e9\u00a0! Entdecken Sie, was in den Bungalows und Holzh\u00fctten auf dem Campingplatz Is\u00e1bena in den spanischen Pyren\u00e4en enthalten ist. Natur, Komfort und Abenteuer erwarten Sie diesen Sommer! Ontdek wat er allemaal is inbegrepen in de bungalows en houten hutten op Camping Is\u00e1bena in de Spaanse Pyrenee\u00ebn. Natuur, comfort en avontuur wachten op u deze zomer!\" \/>\t\t\t\t\t<\/div>\n\t\t<div class=\"txt gs_reveal gs_reveal_fromLeft\">\n\t\t\t<div class='bx'>\n\t\t\t\t<h2 class=\"title\">Unterk\u00fcnfte f\u00fcr jeden Geschmack und Bedarf<\/h2>\n\t\t\t\t<div class=\"content\"><p>Nat\u00fcrlich ist jeder Bereich so gestaltet, dass er Ihnen maximalen Komfort bietet, w\u00e4hrend Sie in die nat\u00fcrliche Sch\u00f6nheit unseres Campingplatzes in den Pyren\u00e4en eintauchen.<\/p>\n<\/div>\n\t\t\t\t\t\t\t\t\t<div class=\"btn-link\">\n\t\t\t\t\t\t\t\t\t\t\t\t<a href=\"https:\/\/www.isabena.eu\/de\/unterkunft\/\" class=''>Entdecken Sie Unterk\u00fcnfte<\/a>\n\t\t\t\t\t<\/div>\n\t\t\t\t\t\t\t<\/div>\n\t\t<\/div>\n\t<\/div>\n<\/section>\n\n\n<div\n\tclass=\"isabena-route-slider wp-block-isabena-route-slider\" id=\"isabena-route-slider-69d91ded139f5\">\n\t<div class=\"container\">\n\t\t<h2 class=\"isabena-route-slider__title\">Unser Campingplatz in Huesca<\/h2>\n\t\t<h4 class=\"isabena-route-slider__subtitle\">Endlose Abenteuer<\/h4>\n\n\t\t\t\t<div class=\"isabena-route-slider__route__list\">\n\t\t\t\t\t\t<div class=\"isabena-route-slider__route__item\">\n\t\t\t\t<div class=\"isabena-route-slider__route__media\">\n\t\t\t\t\t<img decoding=\"async\" width=\"680\" height=\"454\" src=\"https:\/\/www.isabena.eu\/wp-content\/uploads\/2023\/06\/2305.00627-1024x683.jpg\" class=\"isabena-route-slider__route__image\" alt=\"\" srcset=\"https:\/\/www.isabena.eu\/wp-content\/uploads\/2023\/06\/2305.00627-1024x683.jpg 1024w, https:\/\/www.isabena.eu\/wp-content\/uploads\/2023\/06\/2305.00627-300x200.jpg 300w, https:\/\/www.isabena.eu\/wp-content\/uploads\/2023\/06\/2305.00627-768x512.jpg 768w, https:\/\/www.isabena.eu\/wp-content\/uploads\/2023\/06\/2305.00627-1536x1025.jpg 1536w, https:\/\/www.isabena.eu\/wp-content\/uploads\/2023\/06\/2305.00627-2048x1366.jpg 2048w, https:\/\/www.isabena.eu\/wp-content\/uploads\/2023\/06\/2305.00627-1964x1310.jpg 1964w\" sizes=\"(max-width: 680px) 100vw, 680px\" \/>\t\t\t\t<\/div>\n\t\t\t\t<div class=\"isabena-route-slider__route__content\">\n\t\t\t\t\t<h3 class=\"isabena-route-slider__route__title\">\n\t\t\t\t\t\tGastronomie und Entspannung f\u00fcr die Sinne\t\t\t\t\t<\/h3>\n\t\t\t\t\t<div class=\"isabena-route-slider__route__description\">\n\t\t\t\t\t\t<p>Nach einem Tag voller Abenteuer erwarten Sie unsere Bar und unser Restaurant, um Ihren Gaumen in einer warmen und einladenden Atmosph\u00e4re mit lokalen und internationalen Spezialit\u00e4ten zu verw\u00f6hnen.<\/p>\n<p>Wenn Sie hingegen einen Moment der Ruhe und Abgeschiedenheit suchen, sind unser Pool, unser Spa-Bereich und unser Massageservice der ideale Ort, um K\u00f6rper und Geist zu regenerieren.<\/p>\n\t\t\t\t\t<\/div>\n\n\t\t\t\t\t\t\t\t\t<\/div>\n\t\t\t<\/div>\n\t\t\t\t\t\t<div class=\"isabena-route-slider__route__item\">\n\t\t\t\t<div class=\"isabena-route-slider__route__media\">\n\t\t\t\t\t<img decoding=\"async\" width=\"580\" height=\"298\" src=\"https:\/\/www.isabena.eu\/wp-content\/uploads\/2023\/06\/im1.png\" class=\"isabena-route-slider__route__image\" alt=\"\" srcset=\"https:\/\/www.isabena.eu\/wp-content\/uploads\/2023\/06\/im1.png 580w, https:\/\/www.isabena.eu\/wp-content\/uploads\/2023\/06\/im1-300x154.png 300w\" sizes=\"(max-width: 580px) 100vw, 580px\" \/>\t\t\t\t<\/div>\n\t\t\t\t<div class=\"isabena-route-slider__route__content\">\n\t\t\t\t\t<h3 class=\"isabena-route-slider__route__title\">\n\t\t\t\t\t\tVom Wandern in den Bergen und T\u00e4lern der Pyren\u00e4en bis zu Wassersport\t\t\t\t\t<\/h3>\n\t\t\t\t\t<div class=\"isabena-route-slider__route__description\">\n\t\t\t\t\t\t<p>Haben Sie einen Abenteuergeist? Unser Campingplatz in den Spanien Pyren\u00e4en ist der Ausgangspunkt f\u00fcr unendlich viele Aktivit\u00e4ten!<\/p>\n<p>Auf den Wanderwegen entdecken Sie traumhafte Landschaften, w\u00e4hrend die Wassersportm\u00f6glichkeiten in der N\u00e4he Nervenkitzel und Spa\u00df versprechen. Wenn Sie lieber auf zwei R\u00e4dern unterwegs sind, bieten die Motorradtouren durch die spanischen Pyren\u00e4en ein unvergleichliches Erlebnis mit Ausblicken, die Sie faszinieren werden.<\/p>\n\t\t\t\t\t<\/div>\n\n\t\t\t\t\t\t\t\t\t<\/div>\n\t\t\t<\/div>\n\t\t\t\t\t<\/div>\n\t\t\t<\/div>\n<\/div>\n<script type=\"text\/javascript\">\n\n\tdocument.addEventListener(\"DOMContentLoaded\", function() {\n\t\t$('#isabena-route-slider-69d91ded139f5 .isabena-route-slider__route__list').slick({\n\t\t\tinfinite      : true,\n\t\t\tvariableWidth : false,\n\t\t\tslidesToShow  : 2,\n\t\t\tslidesToScroll: 1,\n\t\t\tresponsive :[\n\t\t\t\t{\n\t\t\t\t\tbreakpoint:768,\n\t\t\t\t\tsettings:{\n\t\t\t\t\t\tslidesToShow  : 1,\n\t\t\t\t\t}\n\t\t\t\t}\n\t\t\t]\n\t\t});\n\t});\n<\/script>\n\n\n<section class=\"blq-banner-img-txt banner-inverse banner-verde \" >\n\t<div class=\"container\">\n\t\t<div class=\"img gs_reveal gs_reveal_fromLeft\">\n\t\t\t\n\t\t\t\t\t\t<img decoding=\"async\" width=\"2560\" height=\"1920\" src=\"https:\/\/www.isabena.eu\/wp-content\/uploads\/2023\/07\/2305.009471-scaled.jpg\" class=\"front\" alt=\"\" srcset=\"https:\/\/www.isabena.eu\/wp-content\/uploads\/2023\/07\/2305.009471-scaled.jpg 2560w, https:\/\/www.isabena.eu\/wp-content\/uploads\/2023\/07\/2305.009471-300x225.jpg 300w, https:\/\/www.isabena.eu\/wp-content\/uploads\/2023\/07\/2305.009471-1024x768.jpg 1024w, https:\/\/www.isabena.eu\/wp-content\/uploads\/2023\/07\/2305.009471-768x576.jpg 768w, https:\/\/www.isabena.eu\/wp-content\/uploads\/2023\/07\/2305.009471-1536x1152.jpg 1536w, https:\/\/www.isabena.eu\/wp-content\/uploads\/2023\/07\/2305.009471-2048x1536.jpg 2048w, https:\/\/www.isabena.eu\/wp-content\/uploads\/2023\/07\/2305.009471-1747x1310.jpg 1747w\" sizes=\"(max-width: 2560px) 100vw, 2560px\" \/>\t\t\t\t\t\t\t<img decoding=\"async\" width=\"2560\" height=\"1707\" src=\"https:\/\/www.isabena.eu\/wp-content\/uploads\/2023\/07\/Foto-valle-scaled.jpg\" class=\"back\" alt=\"Camping Is\u00e1bena extranjero\" srcset=\"https:\/\/www.isabena.eu\/wp-content\/uploads\/2023\/07\/Foto-valle-scaled.jpg 2560w, https:\/\/www.isabena.eu\/wp-content\/uploads\/2023\/07\/Foto-valle-300x200.jpg 300w, https:\/\/www.isabena.eu\/wp-content\/uploads\/2023\/07\/Foto-valle-1024x683.jpg 1024w, https:\/\/www.isabena.eu\/wp-content\/uploads\/2023\/07\/Foto-valle-768x512.jpg 768w, https:\/\/www.isabena.eu\/wp-content\/uploads\/2023\/07\/Foto-valle-1536x1024.jpg 1536w, https:\/\/www.isabena.eu\/wp-content\/uploads\/2023\/07\/Foto-valle-2048x1365.jpg 2048w, https:\/\/www.isabena.eu\/wp-content\/uploads\/2023\/07\/Foto-valle-1965x1310.jpg 1965w\" sizes=\"(max-width: 2560px) 100vw, 2560px\" \/>\t\t\t\t\t<\/div>\n\t\t<div class=\"txt gs_reveal gs_reveal_fromRight\">\n\t\t\t<div class='bx'>\n\t\t\t\t<h2 class=\"title\">Erleben Sie ein unvergessliches Erlebnis<\/h2>\n\t\t\t\t<div class=\"content\"><p><strong>Unser Camping in Spanien Pyren\u00e4en: wo jeder Aufenthalt zu einer Geschichte wird<\/strong><\/p>\n<p>Mit einer perfekten Verbindung von Natur, Komfort, Abenteuer und Entspannung ist Camping Is\u00e1bena nicht nur ein Ort zum \u00dcbernachten, sondern ein gelebtes und sp\u00fcrbares Erlebnis.<\/p>\n<p>Egal, ob Sie auf der Suche nach einem Abenteuer, einem romanischen R\u00fcckzugsort oder einem Familienausflug sind, auf unserem Campingplatz in den spanischen Pyren\u00e4en finden Sie den idealen Ort, um unvergessliche Erinnerungen zu schaffen.<\/p>\n<\/div>\n\t\t\t\t\t\t\t\t\t<div class=\"btn-link\">\n\t\t\t\t\t\t\t\t\t\t\t\t<a href=\"https:\/\/www.isabena.eu\/de\/\" class=''>Mehr Informationen<\/a>\n\t\t\t\t\t<\/div>\n\t\t\t\t\t\t\t<\/div>\n\t\t<\/div>\n\t<\/div>\n<\/section>\n","protected":false},"excerpt":{"rendered":"","protected":false},"author":2,"featured_media":0,"parent":0,"menu_order":0,"comment_status":"closed","ping_status":"closed","template":"tpl-landing.php","meta":{"_acf_changed":false,"_joinchat":[],"footnotes":""},"class_list":["post-12157","page","type-page","status-publish","hentry"],"acf":[],"yoast_head":"<!-- This site is optimized with the Yoast SEO plugin v24.7 - https:\/\/yoast.com\/wordpress\/plugins\/seo\/ -->\n<title>Camping Pyren\u00e4en - Camping Is\u00e1bena<\/title>\n<meta name=\"description\" content=\"Der Campingplatz Is\u00e1bena ist eine Oase der Ruhe. Ein unvergleichliches Refugium inmitten der majest\u00e4tischen Landschaften der spanischen Pyren\u00e4en.\" \/>\n<meta name=\"robots\" content=\"index, follow, max-snippet:-1, max-image-preview:large, max-video-preview:-1\" \/>\n<link rel=\"canonical\" href=\"https:\/\/www.isabena.eu\/de\/camping-pyrenaen\/\" \/>\n<meta property=\"og:locale\" content=\"de_DE\" \/>\n<meta property=\"og:type\" content=\"article\" \/>\n<meta property=\"og:title\" content=\"Camping Pyren\u00e4en - Camping Is\u00e1bena\" \/>\n<meta property=\"og:description\" content=\"Der Campingplatz Is\u00e1bena ist eine Oase der Ruhe. Ein unvergleichliches Refugium inmitten der majest\u00e4tischen Landschaften der spanischen Pyren\u00e4en.\" \/>\n<meta property=\"og:url\" content=\"https:\/\/www.isabena.eu\/de\/camping-pyrenaen\/\" \/>\n<meta property=\"og:site_name\" content=\"Camping Is\u00e1bena\" \/>\n<meta property=\"article:publisher\" content=\"https:\/\/www.facebook.com\/Campingbungalparkisabena\" \/>\n<meta property=\"article:modified_time\" content=\"2024-05-29T06:21:32+00:00\" \/>\n<meta property=\"og:image\" content=\"https:\/\/www.isabena.eu\/wp-content\/uploads\/2024\/01\/Imprescindible-camping-scaled.jpg\" \/>\n<meta name=\"twitter:card\" content=\"summary_large_image\" \/>\n<meta name=\"twitter:site\" content=\"@CampingIsbena\" \/>\n<meta name=\"twitter:label1\" content=\"Gesch\u00e4tzte Lesezeit\" \/>\n\t<meta name=\"twitter:data1\" content=\"1\u00a0Minute\" \/>\n<!-- \/ Yoast SEO plugin. -->","yoast_head_json":{"title":"Camping Pyren\u00e4en - Camping Is\u00e1bena","description":"Der Campingplatz Is\u00e1bena ist eine Oase der Ruhe. Ein unvergleichliches Refugium inmitten der majest\u00e4tischen Landschaften der spanischen Pyren\u00e4en.","robots":{"index":"index","follow":"follow","max-snippet":"max-snippet:-1","max-image-preview":"max-image-preview:large","max-video-preview":"max-video-preview:-1"},"canonical":"https:\/\/www.isabena.eu\/de\/camping-pyrenaen\/","og_locale":"de_DE","og_type":"article","og_title":"Camping Pyren\u00e4en - Camping Is\u00e1bena","og_description":"Der Campingplatz Is\u00e1bena ist eine Oase der Ruhe. Ein unvergleichliches Refugium inmitten der majest\u00e4tischen Landschaften der spanischen Pyren\u00e4en.","og_url":"https:\/\/www.isabena.eu\/de\/camping-pyrenaen\/","og_site_name":"Camping Is\u00e1bena","article_publisher":"https:\/\/www.facebook.com\/Campingbungalparkisabena","article_modified_time":"2024-05-29T06:21:32+00:00","og_image":[{"url":"https:\/\/www.isabena.eu\/wp-content\/uploads\/2024\/01\/Imprescindible-camping-scaled.jpg","type":"","width":"","height":""}],"twitter_card":"summary_large_image","twitter_site":"@CampingIsbena","twitter_misc":{"Gesch\u00e4tzte Lesezeit":"1\u00a0Minute"},"schema":{"@context":"https:\/\/schema.org","@graph":[{"@type":"WebPage","@id":"https:\/\/www.isabena.eu\/de\/camping-pyrenaen\/","url":"https:\/\/www.isabena.eu\/de\/camping-pyrenaen\/","name":"Camping Pyren\u00e4en - Camping Is\u00e1bena","isPartOf":{"@id":"https:\/\/www.isabena.eu\/de\/#website"},"primaryImageOfPage":{"@id":"https:\/\/www.isabena.eu\/de\/camping-pyrenaen\/#primaryimage"},"image":{"@id":"https:\/\/www.isabena.eu\/de\/camping-pyrenaen\/#primaryimage"},"thumbnailUrl":"https:\/\/www.isabena.eu\/wp-content\/uploads\/2024\/01\/Imprescindible-camping-scaled.jpg","datePublished":"2024-04-09T12:34:18+00:00","dateModified":"2024-05-29T06:21:32+00:00","description":"Der Campingplatz Is\u00e1bena ist eine Oase der Ruhe. Ein unvergleichliches Refugium inmitten der majest\u00e4tischen Landschaften der spanischen Pyren\u00e4en.","breadcrumb":{"@id":"https:\/\/www.isabena.eu\/de\/camping-pyrenaen\/#breadcrumb"},"inLanguage":"de","potentialAction":[{"@type":"ReadAction","target":["https:\/\/www.isabena.eu\/de\/camping-pyrenaen\/"]}]},{"@type":"ImageObject","inLanguage":"de","@id":"https:\/\/www.isabena.eu\/de\/camping-pyrenaen\/#primaryimage","url":"https:\/\/www.isabena.eu\/wp-content\/uploads\/2024\/01\/Imprescindible-camping-scaled.jpg","contentUrl":"https:\/\/www.isabena.eu\/wp-content\/uploads\/2024\/01\/Imprescindible-camping-scaled.jpg"},{"@type":"BreadcrumbList","@id":"https:\/\/www.isabena.eu\/de\/camping-pyrenaen\/#breadcrumb","itemListElement":[{"@type":"ListItem","position":1,"name":"Home","item":"https:\/\/www.isabena.eu\/de\/"},{"@type":"ListItem","position":2,"name":"Landing camping Pyren\u00e4en"}]},{"@type":"WebSite","@id":"https:\/\/www.isabena.eu\/de\/#website","url":"https:\/\/www.isabena.eu\/de\/","name":"Camping Is\u00e1bena","description":"Bienvenidos al Camping &amp; Bungalowpark Is\u00e1bena en La Puebla de Roda, en el sur de los Pirineos Centrales. Un camping acogedor con miles de actividades disponibles.","publisher":{"@id":"https:\/\/www.isabena.eu\/de\/#organization"},"alternateName":"Camping Is\u00e1bena","potentialAction":[{"@type":"SearchAction","target":{"@type":"EntryPoint","urlTemplate":"https:\/\/www.isabena.eu\/de\/?s={search_term_string}"},"query-input":{"@type":"PropertyValueSpecification","valueRequired":true,"valueName":"search_term_string"}}],"inLanguage":"de"},{"@type":"Organization","@id":"https:\/\/www.isabena.eu\/de\/#organization","name":"Camping Is\u00e1bena","alternateName":"Camping Is\u00e1bena","url":"https:\/\/www.isabena.eu\/de\/","logo":{"@type":"ImageObject","inLanguage":"de","@id":"https:\/\/www.isabena.eu\/de\/#\/schema\/logo\/image\/","url":"https:\/\/www.isabena.eu\/wp-content\/uploads\/2023\/06\/Logo-Color-cuadrado.png","contentUrl":"https:\/\/www.isabena.eu\/wp-content\/uploads\/2023\/06\/Logo-Color-cuadrado.png","width":314,"height":314,"caption":"Camping Is\u00e1bena"},"image":{"@id":"https:\/\/www.isabena.eu\/de\/#\/schema\/logo\/image\/"},"sameAs":["https:\/\/www.facebook.com\/Campingbungalparkisabena","https:\/\/x.com\/CampingIsbena","https:\/\/www.instagram.com\/camping_bungalowpark_isabena\/","https:\/\/www.youtube.com\/user\/CampingIsabena"]}]}},"_links":{"self":[{"href":"https:\/\/www.isabena.eu\/de\/wp-json\/wp\/v2\/pages\/12157","targetHints":{"allow":["GET"]}}],"collection":[{"href":"https:\/\/www.isabena.eu\/de\/wp-json\/wp\/v2\/pages"}],"about":[{"href":"https:\/\/www.isabena.eu\/de\/wp-json\/wp\/v2\/types\/page"}],"author":[{"embeddable":true,"href":"https:\/\/www.isabena.eu\/de\/wp-json\/wp\/v2\/users\/2"}],"replies":[{"embeddable":true,"href":"https:\/\/www.isabena.eu\/de\/wp-json\/wp\/v2\/comments?post=12157"}],"version-history":[{"count":1,"href":"https:\/\/www.isabena.eu\/de\/wp-json\/wp\/v2\/pages\/12157\/revisions"}],"predecessor-version":[{"id":12159,"href":"https:\/\/www.isabena.eu\/de\/wp-json\/wp\/v2\/pages\/12157\/revisions\/12159"}],"wp:attachment":[{"href":"https:\/\/www.isabena.eu\/de\/wp-json\/wp\/v2\/media?parent=12157"}],"curies":[{"name":"wp","href":"https:\/\/api.w.org\/{rel}","templated":true}]}}